{"id":10273,"date":"2022-08-05T16:18:39","date_gmt":"2022-08-05T13:18:39","guid":{"rendered":"https:\/\/aura-istanbul.com\/?page_id=10273"},"modified":"2025-09-23T20:39:33","modified_gmt":"2025-09-23T17:39:33","slug":"aura-alumni-aslihan-yilmazer","status":"publish","type":"page","link":"https:\/\/aura-istanbul.com\/index.php\/aura-alumni-aslihan-yilmazer\/","title":{"rendered":"AURA Alumni: Asl\u0131han Y\u0131lmazer"},"content":{"rendered":"<div class=\"wpb-content-wrapper\"><p>[vc_section][vc_row][vc_column width=&#8221;1\/6&#8243;][vc_single_image image=&#8221;10274&#8243; img_size=&#8221;large&#8221; alignment=&#8221;center&#8221;][vc_empty_space][vc_column_text]<strong>Asl\u0131han Y\u0131lmazer<\/strong>[\/vc_column_text][vc_empty_space height=&#8221;16px&#8221;][vc_column_text]Mimar<br \/>\nYa\u015far \u00dcniversitesi<\/p>\n<p>Bahar 2022<br \/>\nDan\u0131\u015fman: Arman Akdo\u011fan &#8211; \u00d6mer Devrim Aksoyak[\/vc_column_text][vc_empty_space][\/vc_column][vc_column width=&#8221;2\/3&#8243;][vc_column_text]<\/p>\n<p style=\"text-align: left;\"><strong>\u0130stanbul End\u00fcstri Miras\u0131 ve Kas\u0131mpa\u015fa Un Fabrikas\u0131 \u00d6rne\u011f<\/strong>i<\/p>\n<p>[\/vc_column_text][vc_column_text]\u0130stanbul kentinin gelecek tahayy\u00fcl\u00fcn\u00fc de\u011fi\u015fen mekanlar \u00fczerinden ara\u015ft\u0131rarak ba\u015flanan bu \u00e7al\u0131\u015fma, kent i\u00e7erisinde bu anlamda belki de en b\u00fcy\u00fck potansiyeli ta\u015f\u0131yan end\u00fcstri miras\u0131 yap\u0131lara y\u00f6nelerek \u015fekillenmeye ba\u015flam\u0131\u015ft\u0131r. Tarihi katmanlar\u0131, farkl\u0131 dokular\u0131 ile d\u00f6rt bir yan\u0131 bezenmi\u015f \u0130stanbul i\u00e7in y\u00fcz\u00fcm\u00fcz\u00fc gelece\u011fe d\u00f6nerken \u015f\u00fcphesiz \u00f6nce yap\u0131lmas\u0131 gereken \u015fehrin tarihine, bize b\u0131rakt\u0131\u011f\u0131 miraslara bakmak ve anlamlar\u0131n\u0131 kente katmakt\u0131r.<\/p>\n<p>Bu ba\u011flamda yap\u0131lan ara\u015ft\u0131rmalarda \u0130stanbul\u2019da bulunan end\u00fcstri miras\u0131 yap\u0131lar\u0131n envanteri \u00e7\u0131kar\u0131lm\u0131\u015f ve her biri incelenmi\u015ftir. Aralar\u0131ndan konumu, \u00f6zellikleri ve \u00f6nemlisi de hala harabe halinde bulunmas\u0131 g\u00f6z \u00f6n\u00fcnde bulundurularak Kas\u0131mpa\u015fa Un Fabrikas\u0131 \u00e7al\u0131\u015fma alan\u0131 olarak se\u00e7ilmi\u015ftir.<\/p>\n<p>T\u00fcrkiye\u2019de end\u00fcstri miras\u0131 yap\u0131lara y\u00f6nelik envanter, ara\u015ft\u0131rma ve fark\u0131ndal\u0131k \u00e7al\u0131\u015fmalar\u0131n\u0131n yetersizli\u011fi sebebi ile yurtd\u0131\u015f\u0131 \u00f6rnekler ve kurulu\u015flar incelenerek d\u00fcnya koruma g\u00fcndeminde tart\u0131\u015f\u0131lan ve \u00f6nerilen noktalara bak\u0131lm\u0131\u015f ve yap\u0131 bu konular \u0131\u015f\u0131\u011f\u0131nda incelenmi\u015ftir.<\/p>\n<p>Yeniden i\u015flevlendirilen end\u00fcstri miras\u0131 yap\u0131lar\u0131n \u00e7o\u011funlu\u011funun m\u00fcze olarak kullan\u0131lmas\u0131, hem uygun g\u00f6r\u00fclen hem de \u00e7ok\u00e7a tart\u0131\u015f\u0131lan bir konu oldu\u011fundan yap\u0131n\u0131n yeniden i\u015flevlendirilmesi konusu geleneksel m\u00fczecilik yerine, de\u011fi\u015fen m\u00fczecilik kavram\u0131 \u00fczerine ara\u015ft\u0131rmalar yap\u0131larak, gelece\u011fin m\u00fczeleri konusu alt\u0131nda ele al\u0131nm\u0131\u015ft\u0131r.[\/vc_column_text][vc_empty_space][vc_gallery interval=&#8221;10&#8243; images=&#8221;10295,10296,10297,10298,10299&#8243; img_size=&#8221;full&#8221;][\/vc_column][vc_column width=&#8221;1\/6&#8243;][vc_single_image image=&#8221;10300&#8243; img_size=&#8221;full&#8221; alignment=&#8221;center&#8221; style=&#8221;vc_box_border&#8221; onclick=&#8221;custom_link&#8221; img_link_target=&#8221;_blank&#8221;][vc_empty_space height=&#8221;16px&#8221;][vc_row_inner][vc_column_inner][vc_column_text][\/vc_column_text][\/vc_column_inner][\/vc_row_inner][vc_row_inner][vc_column_inner width=&#8221;2\/3&#8243;][\/vc_column_inner][vc_column_inner width=&#8221;1\/3&#8243;][\/vc_column_inner][\/vc_row_inner][\/vc_column][\/vc_row][\/vc_section]<\/p>\n<\/div>","protected":false},"excerpt":{"rendered":"<p>[vc_section][vc_row][vc_column width=&#8221;1\/6&#8243;][vc_single_image image=&#8221;10274&#8243; img_size=&#8221;large&#8221; alignment=&#8221;center&#8221;][vc_empty_space][vc_column_text]Asl\u0131han Y\u0131lmazer[\/vc_column_text][vc_empty_space height=&#8221;16px&#8221;][vc_column_text]Mimar Ya\u015far \u00dcniversitesi Bahar 2022 Dan\u0131\u015fman: Arman Akdo\u011fan &#8211; \u00d6mer Devrim Aksoyak[\/vc_column_text][vc_empty_space][\/vc_column][vc_column width=&#8221;2\/3&#8243;][vc_column_text] \u0130stanbul End\u00fcstri Miras\u0131 ve Kas\u0131mpa\u015fa Un Fabrikas\u0131 \u00d6rne\u011fi [\/vc_column_text][vc_column_text]\u0130stanbul kentinin gelecek [&hellip;]<\/p>\n","protected":false},"author":7,"featured_media":0,"parent":0,"menu_order":0,"comment_status":"closed","ping_status":"closed","template":"","meta":{"_acf_changed":false,"_seopress_robots_primary_cat":"","_seopress_titles_title":"Asl\u0131han Y\u0131lmazer: \u0130stanbul End\u00fcstri Miras\u0131 ve Kas\u0131mpa\u015fa Un Fabrikas\u0131 \u00d6rne\u011f | %%sitetitle%%","_seopress_titles_desc":"\u0130stanbul\u2019da bulunan end\u00fcstri miras\u0131 yap\u0131lar\u0131n envanteri \u00e7\u0131kar\u0131lm\u0131\u015f ve her biri incelenmi\u015ftir. Aralar\u0131ndan konumu, \u00f6zellikleri ve \u00f6nemlisi de hala harabe halinde bulunmas\u0131 g\u00f6z \u00f6n\u00fcnde bulundurularak Kas\u0131mpa\u015fa Un Fabrikas\u0131 \u00e7al\u0131\u015fma alan\u0131 olarak se\u00e7ilmi\u015ftir.","_seopress_robots_index":"","_price":"","_stock":"","_tribe_ticket_header":"","_tribe_default_ticket_provider":"","_tribe_ticket_capacity":"0","_ticket_start_date":"","_ticket_end_date":"","_tribe_ticket_show_description":"","_tribe_ticket_show_not_going":false,"_tribe_ticket_use_global_stock":"","_tribe_ticket_global_stock_level":"","_global_stock_mode":"","_global_stock_cap":"","_tribe_rsvp_for_event":"","_tribe_ticket_going_count":"","_tribe_ticket_not_going_count":"","_tribe_tickets_list":"[]","_tribe_ticket_has_attendee_info_fields":false,"_EventAllDay":false,"_EventTimezone":"","_EventStartDate":"","_EventEndDate":"","_EventStartDateUTC":"","_EventEndDateUTC":"","_EventShowMap":false,"_EventShowMapLink":false,"_EventURL":"","_EventCost":"","_EventCostDescription":"","_EventCurrencySymbol":"","_EventCurrencyCode":"","_EventCurrencyPosition":"","_EventDateTimeSeparator":"","_EventTimeRangeSeparator":"","_EventOrganizerID":[],"_EventVenueID":[],"_OrganizerEmail":"","_OrganizerPhone":"","_OrganizerWebsite":"","_VenueAddress":"","_VenueCity":"","_VenueCountry":"","_VenueProvince":"","_VenueState":"","_VenueZip":"","_VenuePhone":"","_VenueURL":"","_VenueStateProvince":"","_VenueLat":"","_VenueLng":"","_VenueShowMap":false,"_VenueShowMapLink":false,"footnotes":"","_tec_slr_enabled":"","_tec_slr_layout":""},"class_list":["post-10273","page","type-page","status-publish","hentry"],"acf":[],"ticketed":false,"_links":{"self":[{"href":"https:\/\/aura-istanbul.com\/index.php\/wp-json\/wp\/v2\/pages\/10273","targetHints":{"allow":["GET"]}}],"collection":[{"href":"https:\/\/aura-istanbul.com\/index.php\/wp-json\/wp\/v2\/pages"}],"about":[{"href":"https:\/\/aura-istanbul.com\/index.php\/wp-json\/wp\/v2\/types\/page"}],"author":[{"embeddable":true,"href":"https:\/\/aura-istanbul.com\/index.php\/wp-json\/wp\/v2\/users\/7"}],"replies":[{"embeddable":true,"href":"https:\/\/aura-istanbul.com\/index.php\/wp-json\/wp\/v2\/comments?post=10273"}],"version-history":[{"count":2,"href":"https:\/\/aura-istanbul.com\/index.php\/wp-json\/wp\/v2\/pages\/10273\/revisions"}],"predecessor-version":[{"id":15158,"href":"https:\/\/aura-istanbul.com\/index.php\/wp-json\/wp\/v2\/pages\/10273\/revisions\/15158"}],"wp:attachment":[{"href":"https:\/\/aura-istanbul.com\/index.php\/wp-json\/wp\/v2\/media?parent=10273"}],"curies":[{"name":"wp","href":"https:\/\/api.w.org\/{rel}","templated":true}]}}