{"id":10309,"date":"2022-08-05T16:38:42","date_gmt":"2022-08-05T13:38:42","guid":{"rendered":"https:\/\/aura-istanbul.com\/?page_id=10309"},"modified":"2025-09-23T20:39:04","modified_gmt":"2025-09-23T17:39:04","slug":"aura-alumni-berra-nur-bay","status":"publish","type":"page","link":"https:\/\/aura-istanbul.com\/index.php\/aura-alumni-berra-nur-bay\/","title":{"rendered":"AURA Alumni: Berra Nur Bay"},"content":{"rendered":"<div class=\"wpb-content-wrapper\"><p>[vc_section][vc_row][vc_column width=&#8221;1\/6&#8243;][vc_single_image image=&#8221;10276&#8243; img_size=&#8221;large&#8221; alignment=&#8221;center&#8221;][vc_empty_space][vc_column_text]<strong>Berra Nur Bay<\/strong>[\/vc_column_text][vc_empty_space height=&#8221;16px&#8221;][vc_column_text]Mimar<br \/>\nMEF \u00dcniversitesi<\/p>\n<p>Bahar 2022<br \/>\nDan\u0131\u015fman: Arman Akdo\u011fan &#8211; \u00d6mer Devrim Aksoyak[\/vc_column_text][vc_empty_space][\/vc_column][vc_column width=&#8221;2\/3&#8243;][vc_column_text]<\/p>\n<p style=\"text-align: left;\"><strong>21.Y\u00fczy\u0131l \u0130stanbul&#8217;un Kentsel Metabolizmas\u0131 bir[kentsel d\u00f6n\u00fc\u015f\u00fcm]ak\u0131\u015f senaryosu<\/strong><\/p>\n<p>[\/vc_column_text][vc_column_text]Kentin kendisi ve ya\u015fam d\u00f6ng\u00fcs\u00fc \u2018metabolizma\u2019 kavram\u0131 ile \u00f6rt\u00fc\u015ft\u00fcr\u00fclm\u00fc\u015ft\u00fcr. Kentsel metabolizma sisteminin sa\u011fl\u0131kl\u0131 ve s\u00fcrekli olmas\u0131 i\u00e7in do\u011frusal ak\u0131\u015flardan de\u011fil, d\u00f6ng\u00fcsel ak\u0131\u015flar tercih edilmelidir. \u0130stanbul gibi mega kentlerin var olan kentsel metabolizmalar\u0131nda olu\u015facak sorunlar, \u015fehirleri bir krize s\u00fcr\u00fckleyebilir. Bu y\u00fczden, mega kentlerde var olacak d\u00f6ng\u00fcsel metabolik sistemler, bir\u00e7ok kente de \u00f6rnek olmal\u0131d\u0131r.<\/p>\n<p>\u00c7al\u0131\u015fman\u0131n amac\u0131 do\u011frultusunda; \u0130stanbul, Maltepe il\u00e7esindeki bir mahallede \u2018kentsel d\u00f6n\u00fc\u015f\u00fcm\u2019 proje alan\u0131 se\u00e7ilmi\u015ftir. Proje alan\u0131nda ger\u00e7ekle\u015ftirilecek yeni konut projesinin \u015fehrin do\u011fal kaynaklar\u0131na ve fiziki \u00e7evresine zarar vermeden, hareket ve enerji ak\u0131\u015f\u0131n\u0131 verimini artt\u0131rarak, ve s\u00fcrd\u00fcr\u00fclebilir malzemeler tercih edilerek d\u00f6ng\u00fcsel bir ekosistem \u00f6nerisi geli\u015ftirilmi\u015ftir.[\/vc_column_text][vc_empty_space][vc_gallery interval=&#8221;10&#8243; images=&#8221;10310,10311,10312,10313,10314&#8243; img_size=&#8221;full&#8221;][vc_empty_space][\/vc_column][vc_column width=&#8221;1\/6&#8243;][vc_single_image image=&#8221;10315&#8243; img_size=&#8221;full&#8221; alignment=&#8221;center&#8221; style=&#8221;vc_box_border&#8221; onclick=&#8221;custom_link&#8221; img_link_target=&#8221;_blank&#8221;][vc_empty_space height=&#8221;16px&#8221;][vc_row_inner][vc_column_inner][vc_column_text][\/vc_column_text][\/vc_column_inner][\/vc_row_inner][vc_row_inner][vc_column_inner width=&#8221;2\/3&#8243;][\/vc_column_inner][vc_column_inner width=&#8221;1\/3&#8243;][\/vc_column_inner][\/vc_row_inner][\/vc_column][\/vc_row][\/vc_section]<\/p>\n<\/div>","protected":false},"excerpt":{"rendered":"<p>[vc_section][vc_row][vc_column width=&#8221;1\/6&#8243;][vc_single_image image=&#8221;10276&#8243; img_size=&#8221;large&#8221; alignment=&#8221;center&#8221;][vc_empty_space][vc_column_text]Berra Nur Bay[\/vc_column_text][vc_empty_space height=&#8221;16px&#8221;][vc_column_text]Mimar MEF \u00dcniversitesi Bahar 2022 Dan\u0131\u015fman: Arman Akdo\u011fan &#8211; \u00d6mer Devrim Aksoyak[\/vc_column_text][vc_empty_space][\/vc_column][vc_column width=&#8221;2\/3&#8243;][vc_column_text] 21.Y\u00fczy\u0131l \u0130stanbul&#8217;un Kentsel Metabolizmas\u0131 bir[kentsel d\u00f6n\u00fc\u015f\u00fcm]ak\u0131\u015f senaryosu [\/vc_column_text][vc_column_text]Kentin kendisi ve [&hellip;]<\/p>\n","protected":false},"author":7,"featured_media":0,"parent":0,"menu_order":0,"comment_status":"closed","ping_status":"closed","template":"","meta":{"_acf_changed":false,"_seopress_robots_primary_cat":"","_seopress_titles_title":"Berra Nur Bay: 21.Y\u00fczy\u0131l \u0130stanbul'un Kentsel Metabolizmas\u0131 bir[kentsel d\u00f6n\u00fc\u015f\u00fcm]ak\u0131\u015f senaryosu | %%sitetitle%%","_seopress_titles_desc":"\u00c7al\u0131\u015fman\u0131n amac\u0131 do\u011frultusunda; \u0130stanbul, Maltepe il\u00e7esindeki bir mahallede \u2018kentsel d\u00f6n\u00fc\u015f\u00fcm\u2019 proje alan\u0131 se\u00e7ilmi\u015ftir. Proje alan\u0131nda ger\u00e7ekle\u015ftirilecek yeni konut projesinin \u015fehrin do\u011fal kaynaklar\u0131na ve fiziki \u00e7evresine zarar vermeden, hareket ve enerji ak\u0131\u015f\u0131n\u0131 verimini artt\u0131rarak, ve s\u00fcrd\u00fcr\u00fclebilir malzemeler tercih edilerek d\u00f6ng\u00fcsel bir ekosistem \u00f6nerisi geli\u015ftirilmi\u015ftir.","_seopress_robots_index":"","_price":"","_stock":"","_tribe_ticket_header":"","_tribe_default_ticket_provider":"","_tribe_ticket_capacity":"0","_ticket_start_date":"","_ticket_end_date":"","_tribe_ticket_show_description":"","_tribe_ticket_show_not_going":false,"_tribe_ticket_use_global_stock":"","_tribe_ticket_global_stock_level":"","_global_stock_mode":"","_global_stock_cap":"","_tribe_rsvp_for_event":"","_tribe_ticket_going_count":"","_tribe_ticket_not_going_count":"","_tribe_tickets_list":"[]","_tribe_ticket_has_attendee_info_fields":false,"_EventAllDay":false,"_EventTimezone":"","_EventStartDate":"","_EventEndDate":"","_EventStartDateUTC":"","_EventEndDateUTC":"","_EventShowMap":false,"_EventShowMapLink":false,"_EventURL":"","_EventCost":"","_EventCostDescription":"","_EventCurrencySymbol":"","_EventCurrencyCode":"","_EventCurrencyPosition":"","_EventDateTimeSeparator":"","_EventTimeRangeSeparator":"","_EventOrganizerID":[],"_EventVenueID":[],"_OrganizerEmail":"","_OrganizerPhone":"","_OrganizerWebsite":"","_VenueAddress":"","_VenueCity":"","_VenueCountry":"","_VenueProvince":"","_VenueState":"","_VenueZip":"","_VenuePhone":"","_VenueURL":"","_VenueStateProvince":"","_VenueLat":"","_VenueLng":"","_VenueShowMap":false,"_VenueShowMapLink":false,"footnotes":"","_tec_slr_enabled":"","_tec_slr_layout":""},"class_list":["post-10309","page","type-page","status-publish","hentry"],"acf":[],"ticketed":false,"_links":{"self":[{"href":"https:\/\/aura-istanbul.com\/index.php\/wp-json\/wp\/v2\/pages\/10309","targetHints":{"allow":["GET"]}}],"collection":[{"href":"https:\/\/aura-istanbul.com\/index.php\/wp-json\/wp\/v2\/pages"}],"about":[{"href":"https:\/\/aura-istanbul.com\/index.php\/wp-json\/wp\/v2\/types\/page"}],"author":[{"embeddable":true,"href":"https:\/\/aura-istanbul.com\/index.php\/wp-json\/wp\/v2\/users\/7"}],"replies":[{"embeddable":true,"href":"https:\/\/aura-istanbul.com\/index.php\/wp-json\/wp\/v2\/comments?post=10309"}],"version-history":[{"count":3,"href":"https:\/\/aura-istanbul.com\/index.php\/wp-json\/wp\/v2\/pages\/10309\/revisions"}],"predecessor-version":[{"id":15156,"href":"https:\/\/aura-istanbul.com\/index.php\/wp-json\/wp\/v2\/pages\/10309\/revisions\/15156"}],"wp:attachment":[{"href":"https:\/\/aura-istanbul.com\/index.php\/wp-json\/wp\/v2\/media?parent=10309"}],"curies":[{"name":"wp","href":"https:\/\/api.w.org\/{rel}","templated":true}]}}