{"id":10317,"date":"2022-08-05T16:46:37","date_gmt":"2022-08-05T13:46:37","guid":{"rendered":"https:\/\/aura-istanbul.com\/?page_id=10317"},"modified":"2025-09-23T20:38:51","modified_gmt":"2025-09-23T17:38:51","slug":"aura-alumni-burak-avcioglu","status":"publish","type":"page","link":"https:\/\/aura-istanbul.com\/index.php\/aura-alumni-burak-avcioglu\/","title":{"rendered":"AURA Alumni: Burak Avc\u0131o\u011flu"},"content":{"rendered":"<div class=\"wpb-content-wrapper\"><p>[vc_section][vc_row][vc_column width=&#8221;1\/6&#8243;][vc_single_image image=&#8221;10277&#8243; img_size=&#8221;large&#8221; alignment=&#8221;center&#8221;][vc_empty_space][vc_column_text]<strong>Burak Avc\u0131o\u011flu<\/strong>[\/vc_column_text][vc_empty_space height=&#8221;16px&#8221;][vc_column_text]Mimar<br \/>\nDokuz Eyl\u00fcl \u00dcniversitesi<\/p>\n<p>Bahar 2022<br \/>\nDan\u0131\u015fman: Arman Akdo\u011fan &#8211; \u00d6mer Devrim Aksoyak[\/vc_column_text][vc_empty_space][\/vc_column][vc_column width=&#8221;2\/3&#8243;][vc_column_text]<\/p>\n<p style=\"text-align: left;\"><strong>Mekanda Zamans\u0131zl\u0131\u011f\u0131n Adaptive Re-use Kavram\u0131 \u00dczerinden \u0130zmir Dara\u011fa\u00e7 B\u00f6lgesinde Ele Al\u0131nmas\u0131<\/strong><\/p>\n<p>[\/vc_column_text][vc_column_text]<\/p>\n<p class=\"AnaMetinTRA4\"><span lang=\"EN-US\">\u0130zmir Liman arkas\u0131 b\u00f6lgesi sahip oldu\u011fu eski end\u00fcstri yap\u0131lar\u0131 dokusuyla \u0130zmir\u2019in belle\u011finde \u00e7ok \u00f6nemli bir yere sahiptir ancak bu \u00f6nem g\u00fcn\u00fcm\u00fczde sadece ge\u00e7mi\u015fte s\u0131n\u0131rl\u0131 kalmakta ve b\u00f6lge i\u015flevini yitirmi\u015f bir \u00e7ok nitelikli yap\u0131yla hayalet rol\u00fc \u00fcstlenmektedir. Alan kentlinin en yo\u011fun kulland\u0131\u011f\u0131 kamusal alanlara, yollara, sokaklara s\u0131rt\u0131n\u0131 dayamaktad\u0131r ancak alan\u0131n kentli ile etkile\u015fimi olduk\u00e7a s\u0131n\u0131rl\u0131d\u0131r. B\u00f6lgedeki yap\u0131lar\u0131n i\u015flevleri zamana yenik d\u00fc\u015fm\u00fc\u015ft\u00fcr ancak str\u00fckt\u00fcrleri ve ruhlar\u0131 hala korunmaktad\u0131r.<\/span><\/p>\n<p class=\"AnaMetinTRA4\"><span lang=\"EN-US\">\u00c7al\u0131\u015fman\u0131n amac\u0131 b\u00f6lgede 21. y\u00fczy\u0131lda yeniden i\u015flevlendirilmeye ba\u015flanan yap\u0131lar\u0131n yan\u0131nda at\u0131l kalanlara, b\u00f6lgenin geneline totaliter bir yakla\u015f\u0131mla bak\u0131larak yeni i\u015flevler \u00f6nermek ve b\u00f6lgeyi kente yeniden kazand\u0131rmakt\u0131r. <\/span><\/p>\n<p class=\"AnaMetinTRA4\"><span lang=\"EN-US\">\u00a0<\/span><\/p>\n<p>[\/vc_column_text][vc_empty_space][vc_gallery interval=&#8221;10&#8243; images=&#8221;10318,10322,10321,10320,10319&#8243; img_size=&#8221;full&#8221;][vc_empty_space][\/vc_column][vc_column width=&#8221;1\/6&#8243;][vc_single_image image=&#8221;10323&#8243; img_size=&#8221;full&#8221; alignment=&#8221;center&#8221; style=&#8221;vc_box_border&#8221; onclick=&#8221;custom_link&#8221; img_link_target=&#8221;_blank&#8221;][vc_empty_space height=&#8221;16px&#8221;][vc_row_inner][vc_column_inner][vc_column_text][\/vc_column_text][\/vc_column_inner][\/vc_row_inner][vc_row_inner][vc_column_inner width=&#8221;2\/3&#8243;][\/vc_column_inner][vc_column_inner width=&#8221;1\/3&#8243;][\/vc_column_inner][\/vc_row_inner][\/vc_column][\/vc_row][\/vc_section]<\/p>\n<\/div>","protected":false},"excerpt":{"rendered":"<p>[vc_section][vc_row][vc_column width=&#8221;1\/6&#8243;][vc_single_image image=&#8221;10277&#8243; img_size=&#8221;large&#8221; alignment=&#8221;center&#8221;][vc_empty_space][vc_column_text]Burak Avc\u0131o\u011flu[\/vc_column_text][vc_empty_space height=&#8221;16px&#8221;][vc_column_text]Mimar Dokuz Eyl\u00fcl \u00dcniversitesi Bahar 2022 Dan\u0131\u015fman: Arman Akdo\u011fan &#8211; \u00d6mer Devrim Aksoyak[\/vc_column_text][vc_empty_space][\/vc_column][vc_column width=&#8221;2\/3&#8243;][vc_column_text] Mekanda Zamans\u0131zl\u0131\u011f\u0131n Adaptive Re-use Kavram\u0131 \u00dczerinden \u0130zmir Dara\u011fa\u00e7 B\u00f6lgesinde Ele [&hellip;]<\/p>\n","protected":false},"author":7,"featured_media":0,"parent":0,"menu_order":0,"comment_status":"closed","ping_status":"closed","template":"","meta":{"_acf_changed":false,"_seopress_robots_primary_cat":"","_seopress_titles_title":"Burak Avc\u0131o\u011flu: Mekanda Zamans\u0131zl\u0131\u011f\u0131n Adaptive Re-use Kavram\u0131 \u00dczerinden \u0130zmir Dara\u011fa\u00e7 B\u00f6lgesinde Ele Al\u0131nmas\u0131 | %%sitetitle%%","_seopress_titles_desc":"\u00c7al\u0131\u015fman\u0131n amac\u0131 b\u00f6lgede 21. y\u00fczy\u0131lda yeniden i\u015flevlendirilmeye ba\u015flanan yap\u0131lar\u0131n yan\u0131nda at\u0131l kalanlara, b\u00f6lgenin geneline totaliter bir yakla\u015f\u0131mla bak\u0131larak yeni i\u015flevler \u00f6nermek ve b\u00f6lgeyi kente yeniden kazand\u0131rmakt\u0131r.","_seopress_robots_index":"","_price":"","_stock":"","_tribe_ticket_header":"","_tribe_default_ticket_provider":"","_tribe_ticket_capacity":"0","_ticket_start_date":"","_ticket_end_date":"","_tribe_ticket_show_description":"","_tribe_ticket_show_not_going":false,"_tribe_ticket_use_global_stock":"","_tribe_ticket_global_stock_level":"","_global_stock_mode":"","_global_stock_cap":"","_tribe_rsvp_for_event":"","_tribe_ticket_going_count":"","_tribe_ticket_not_going_count":"","_tribe_tickets_list":"[]","_tribe_ticket_has_attendee_info_fields":false,"_EventAllDay":false,"_EventTimezone":"","_EventStartDate":"","_EventEndDate":"","_EventStartDateUTC":"","_EventEndDateUTC":"","_EventShowMap":false,"_EventShowMapLink":false,"_EventURL":"","_EventCost":"","_EventCostDescription":"","_EventCurrencySymbol":"","_EventCurrencyCode":"","_EventCurrencyPosition":"","_EventDateTimeSeparator":"","_EventTimeRangeSeparator":"","_EventOrganizerID":[],"_EventVenueID":[],"_OrganizerEmail":"","_OrganizerPhone":"","_OrganizerWebsite":"","_VenueAddress":"","_VenueCity":"","_VenueCountry":"","_VenueProvince":"","_VenueState":"","_VenueZip":"","_VenuePhone":"","_VenueURL":"","_VenueStateProvince":"","_VenueLat":"","_VenueLng":"","_VenueShowMap":false,"_VenueShowMapLink":false,"footnotes":"","_tec_slr_enabled":"","_tec_slr_layout":""},"class_list":["post-10317","page","type-page","status-publish","hentry"],"acf":[],"ticketed":false,"_links":{"self":[{"href":"https:\/\/aura-istanbul.com\/index.php\/wp-json\/wp\/v2\/pages\/10317","targetHints":{"allow":["GET"]}}],"collection":[{"href":"https:\/\/aura-istanbul.com\/index.php\/wp-json\/wp\/v2\/pages"}],"about":[{"href":"https:\/\/aura-istanbul.com\/index.php\/wp-json\/wp\/v2\/types\/page"}],"author":[{"embeddable":true,"href":"https:\/\/aura-istanbul.com\/index.php\/wp-json\/wp\/v2\/users\/7"}],"replies":[{"embeddable":true,"href":"https:\/\/aura-istanbul.com\/index.php\/wp-json\/wp\/v2\/comments?post=10317"}],"version-history":[{"count":2,"href":"https:\/\/aura-istanbul.com\/index.php\/wp-json\/wp\/v2\/pages\/10317\/revisions"}],"predecessor-version":[{"id":15155,"href":"https:\/\/aura-istanbul.com\/index.php\/wp-json\/wp\/v2\/pages\/10317\/revisions\/15155"}],"wp:attachment":[{"href":"https:\/\/aura-istanbul.com\/index.php\/wp-json\/wp\/v2\/media?parent=10317"}],"curies":[{"name":"wp","href":"https:\/\/api.w.org\/{rel}","templated":true}]}}