{"id":10343,"date":"2022-08-05T17:56:34","date_gmt":"2022-08-05T14:56:34","guid":{"rendered":"https:\/\/aura-istanbul.com\/?page_id=10343"},"modified":"2025-09-23T20:38:04","modified_gmt":"2025-09-23T17:38:04","slug":"aura-alumni-furkan-berke-cilesizoglu","status":"publish","type":"page","link":"https:\/\/aura-istanbul.com\/index.php\/aura-alumni-furkan-berke-cilesizoglu\/","title":{"rendered":"AURA Alumni: Furkan Berke \u00c7ilesizo\u011flu"},"content":{"rendered":"<div class=\"wpb-content-wrapper\"><p>[vc_section][vc_row][vc_column width=&#8221;1\/6&#8243;][vc_single_image image=&#8221;10280&#8243; img_size=&#8221;large&#8221; alignment=&#8221;center&#8221;][vc_empty_space][vc_column_text]<strong>Furkan Berke \u00c7ilesizo\u011flu<\/strong>[\/vc_column_text][vc_empty_space height=&#8221;16px&#8221;][vc_column_text]Mimar<br \/>\nMimar Sinan G\u00fczel Sanatlar \u00dcniversitesi<\/p>\n<p>Bahar 2022<br \/>\nDan\u0131\u015fman: Arman Akdo\u011fan &#8211; \u00d6mer Devrim Aksoyak[\/vc_column_text][vc_empty_space][\/vc_column][vc_column width=&#8221;2\/3&#8243;][vc_column_text]<\/p>\n<p style=\"text-align: left;\"><strong>Postmodernist<\/strong><\/p>\n<p>[\/vc_column_text][vc_column_text]Toplumumuzu \u00fczerine kurdu\u011fumuz ger\u00e7ekler ger\u00e7ek de\u011filse? Bu \u00e7al\u0131\u015fman\u0131n amac\u0131, ger\u00e7eklerin ger\u00e7ek olmad\u0131\u011f\u0131n\u0131 kan\u0131tlamak de\u011fildir. Ama\u00e7, ger\u00e7eklerin ne oldu\u011funu ve s\u0131n\u0131rlar\u0131n\u0131 sorgulamakt\u0131r. Ger\u00e7ekler, dil arac\u0131l\u0131\u011f\u0131yla yap\u0131lm\u0131\u015f sosyal anla\u015fmalard\u0131r. Kavramlar d\u00fcnyay\u0131 anlamland\u0131rmak ad\u0131na insanlar taraf\u0131ndan yarat\u0131lm\u0131\u015flard\u0131r. D\u00fcnyay\u0131 alg\u0131lamam\u0131z \u00f6znel deneyimlerimize dayand\u0131\u011f\u0131 i\u00e7in nesnel ger\u00e7ekler yoktur. Modern toplum g\u00fc\u00e7 sahipleri taraf\u0131ndan \u015fekil verilen ve kontrol edilen ger\u00e7ek, hakikat ve do\u011fru gibi soyut kavramlar \u00fczerine kuruludur. Tarihten ba\u011f\u0131ms\u0131z hi\u00e7bir \u015fey yoktur, her kavram beraberinde \u015fiddet, adaletsizlik ve ayr\u0131mc\u0131l\u0131kla gelir. Ele\u015ftirel kuram, her \u015feyin yozla\u015ft\u0131\u011f\u0131n\u0131, ele\u015ftirilmesi gerekti\u011fini ve bunlar\u0131n yap\u0131bozuma u\u011frat\u0131labilmesi i\u00e7in g\u00fc\u00e7 yap\u0131lar\u0131n\u0131n ortaya \u00e7\u0131kar\u0131lmas\u0131 gerekti\u011fini kabul eder.<\/p>\n<p>Postmodernist, postmodernist bir \u00e7al\u0131\u015fma i\u00e7in paradoksal bir isimdir, \u00e7\u00fcnk\u00fc tan\u0131ml\u0131 tek bir hareket yoktur. Postmodernizm tekille\u015fen hareketlere kar\u015f\u0131 \u015f\u00fcpheciliktir. Nesnel ve mutlak ger\u00e7eklerin yoklu\u011fu ile desteklenen \u00e7e\u015fitli ve farkl\u0131 tav\u0131rlar\u0131n \u00e7o\u011fullu\u011fudur.<\/p>\n<p>Bu \u00e7al\u0131\u015fma, postmodernitede kentsel \u00e7evreyi, \u00f6gelerini, g\u00fc\u00e7 ili\u015fkilerini, anlamlar\u0131 ve de\u011ferleri anlamak ad\u0131na postmodern tarzda yap\u0131lm\u0131\u015ft\u0131r. \u00d6geler, aralar\u0131nda hiyerar\u015finin olmad\u0131\u011f\u0131 rizomatik bir d\u00fczlemde haritalanm\u0131\u015ft\u0131r. Merkezi olmayan, \u00e7ok merkezli ve par\u00e7al\u0131 bir bak\u0131\u015f a\u00e7\u0131s\u0131yla incelenmi\u015flerdir. Anlam anda mevcut de\u011fildir, kelime \u00e7iftleri aras\u0131nda diferansiyel ve gecikmeli olarak meydana gelirler. Daha sonra eleman \u00e7iftleri incelenir ve yap\u0131bozumuna u\u011frat\u0131l\u0131rlar.[\/vc_column_text][vc_empty_space][vc_gallery interval=&#8221;10&#8243; images=&#8221;10594,10595,10597,10598,10599,10596&#8243; img_size=&#8221;full&#8221;][vc_empty_space][\/vc_column][vc_column width=&#8221;1\/6&#8243;][vc_single_image image=&#8221;10349&#8243; img_size=&#8221;full&#8221; alignment=&#8221;center&#8221; style=&#8221;vc_box_border&#8221; onclick=&#8221;custom_link&#8221; img_link_target=&#8221;_blank&#8221;][vc_empty_space height=&#8221;16px&#8221;][vc_row_inner][vc_column_inner][vc_column_text][\/vc_column_text][\/vc_column_inner][\/vc_row_inner][vc_row_inner][vc_column_inner width=&#8221;2\/3&#8243;][\/vc_column_inner][vc_column_inner width=&#8221;1\/3&#8243;][\/vc_column_inner][\/vc_row_inner][\/vc_column][\/vc_row][\/vc_section]<\/p>\n<\/div>","protected":false},"excerpt":{"rendered":"<p>[vc_section][vc_row][vc_column width=&#8221;1\/6&#8243;][vc_single_image image=&#8221;10280&#8243; img_size=&#8221;large&#8221; alignment=&#8221;center&#8221;][vc_empty_space][vc_column_text]Furkan Berke \u00c7ilesizo\u011flu[\/vc_column_text][vc_empty_space height=&#8221;16px&#8221;][vc_column_text]Mimar Mimar Sinan G\u00fczel Sanatlar \u00dcniversitesi Bahar 2022 Dan\u0131\u015fman: Arman Akdo\u011fan &#8211; \u00d6mer Devrim Aksoyak[\/vc_column_text][vc_empty_space][\/vc_column][vc_column width=&#8221;2\/3&#8243;][vc_column_text] Postmodernist [\/vc_column_text][vc_column_text]Toplumumuzu \u00fczerine kurdu\u011fumuz ger\u00e7ekler ger\u00e7ek de\u011filse? [&hellip;]<\/p>\n","protected":false},"author":7,"featured_media":0,"parent":0,"menu_order":0,"comment_status":"closed","ping_status":"closed","template":"","meta":{"_acf_changed":false,"_seopress_robots_primary_cat":"","_seopress_titles_title":"Furkan Berke \u00c7ilesizo\u011flu: Postmodernist | %%sitetitle%%","_seopress_titles_desc":"Bu \u00e7al\u0131\u015fma, postmodernitede kentsel \u00e7evreyi, \u00f6gelerini, g\u00fc\u00e7 ili\u015fkilerini, anlamlar\u0131 ve de\u011ferleri anlamak ad\u0131na postmodern tarzda yap\u0131lm\u0131\u015ft\u0131r. \u00d6geler, aralar\u0131nda hiyerar\u015finin olmad\u0131\u011f\u0131 rizomatik bir d\u00fczlemde haritalanm\u0131\u015ft\u0131r.","_seopress_robots_index":"","_price":"","_stock":"","_tribe_ticket_header":"","_tribe_default_ticket_provider":"","_tribe_ticket_capacity":"0","_ticket_start_date":"","_ticket_end_date":"","_tribe_ticket_show_description":"","_tribe_ticket_show_not_going":false,"_tribe_ticket_use_global_stock":"","_tribe_ticket_global_stock_level":"","_global_stock_mode":"","_global_stock_cap":"","_tribe_rsvp_for_event":"","_tribe_ticket_going_count":"","_tribe_ticket_not_going_count":"","_tribe_tickets_list":"[]","_tribe_ticket_has_attendee_info_fields":false,"_EventAllDay":false,"_EventTimezone":"","_EventStartDate":"","_EventEndDate":"","_EventStartDateUTC":"","_EventEndDateUTC":"","_EventShowMap":false,"_EventShowMapLink":false,"_EventURL":"","_EventCost":"","_EventCostDescription":"","_EventCurrencySymbol":"","_EventCurrencyCode":"","_EventCurrencyPosition":"","_EventDateTimeSeparator":"","_EventTimeRangeSeparator":"","_EventOrganizerID":[],"_EventVenueID":[],"_OrganizerEmail":"","_OrganizerPhone":"","_OrganizerWebsite":"","_VenueAddress":"","_VenueCity":"","_VenueCountry":"","_VenueProvince":"","_VenueState":"","_VenueZip":"","_VenuePhone":"","_VenueURL":"","_VenueStateProvince":"","_VenueLat":"","_VenueLng":"","_VenueShowMap":false,"_VenueShowMapLink":false,"footnotes":"","_tec_slr_enabled":"","_tec_slr_layout":""},"class_list":["post-10343","page","type-page","status-publish","hentry"],"acf":[],"ticketed":false,"_links":{"self":[{"href":"https:\/\/aura-istanbul.com\/index.php\/wp-json\/wp\/v2\/pages\/10343","targetHints":{"allow":["GET"]}}],"collection":[{"href":"https:\/\/aura-istanbul.com\/index.php\/wp-json\/wp\/v2\/pages"}],"about":[{"href":"https:\/\/aura-istanbul.com\/index.php\/wp-json\/wp\/v2\/types\/page"}],"author":[{"embeddable":true,"href":"https:\/\/aura-istanbul.com\/index.php\/wp-json\/wp\/v2\/users\/7"}],"replies":[{"embeddable":true,"href":"https:\/\/aura-istanbul.com\/index.php\/wp-json\/wp\/v2\/comments?post=10343"}],"version-history":[{"count":5,"href":"https:\/\/aura-istanbul.com\/index.php\/wp-json\/wp\/v2\/pages\/10343\/revisions"}],"predecessor-version":[{"id":15152,"href":"https:\/\/aura-istanbul.com\/index.php\/wp-json\/wp\/v2\/pages\/10343\/revisions\/15152"}],"wp:attachment":[{"href":"https:\/\/aura-istanbul.com\/index.php\/wp-json\/wp\/v2\/media?parent=10343"}],"curies":[{"name":"wp","href":"https:\/\/api.w.org\/{rel}","templated":true}]}}