{"id":10357,"date":"2022-08-08T10:18:11","date_gmt":"2022-08-08T07:18:11","guid":{"rendered":"https:\/\/aura-istanbul.com\/?page_id=10357"},"modified":"2025-09-23T20:37:49","modified_gmt":"2025-09-23T17:37:49","slug":"aura-alumni-gulce-erincik","status":"publish","type":"page","link":"https:\/\/aura-istanbul.com\/index.php\/aura-alumni-gulce-erincik\/","title":{"rendered":"AURA Alumni: G\u00fclce Erincik"},"content":{"rendered":"<div class=\"wpb-content-wrapper\"><p>[vc_section][vc_row][vc_column width=&#8221;1\/6&#8243;][vc_single_image image=&#8221;10281&#8243; img_size=&#8221;large&#8221; alignment=&#8221;center&#8221;][vc_empty_space][vc_column_text]<strong>G\u00fclce Erincik<\/strong>[\/vc_column_text][vc_empty_space height=&#8221;16px&#8221;][vc_column_text]Mimar<br \/>\nMimar Sinan G\u00fczel Sanatlar \u00dcniversitesi<\/p>\n<p>Bahar 2022<br \/>\nDan\u0131\u015fman: Arman Akdo\u011fan &#8211; \u00d6mer Devrim Aksoyak[\/vc_column_text][vc_empty_space][\/vc_column][vc_column width=&#8221;2\/3&#8243;][vc_column_text]<\/p>\n<p style=\"text-align: left;\"><strong>\u0130stanbul K\u0131rsal Yerle\u015fimleri Mevcut Durumu ve Bir Geli\u015fim Y\u00f6ntem \u00d6nerisi<\/strong><\/p>\n<p>[\/vc_column_text][vc_column_text]\u0130stanbul \u00e7o\u011funlukla yap\u0131la\u015fm\u0131s alanlar\u0131, tarihi, k\u00fclt\u00fcr-sanat faaliyetleri ile tan\u0131d\u0131\u011f\u0131m\u0131z bir \u015fehir. Fakat \u0130stanbul\u2019un yap\u0131la\u015fm\u0131\u015f alan\u0131n\u0131n y\u00fcz \u00f6l\u00e7\u00fcm\u00fcnden daha da fazla bir k\u0131rsal alan\u0131 bulunmaktad\u0131r. \u00d6nemli do\u011fa alanlar\u0131n\u0131, sulak alanlar\u0131, ku\u015f g\u00f6\u00e7 yollar\u0131n\u0131, bir\u00e7ok bitki ve hayvan t\u00fcr\u00fcn\u00fc bar\u0131nd\u0131ran bu k\u0131rsallar ayn\u0131 zamanda k\u0131rsal yerle\u015fimlere \u00f6zg\u00fc sosyo-ekonomik faaliyetler i\u00e7in alan sa\u011flamaktad\u0131r. \u0130stanbul\u2019un k\u0131rsallar\u0131, insan d\u0131\u015f\u0131 canl\u0131 t\u00fcrleri i\u00e7in \u00f6nemli oldu\u011fu kadar kent merkezinin s\u00fcrd\u00fcr\u00fclebilir varl\u0131\u011f\u0131 i\u00e7in de \u00f6nemli olan bir aland\u0131r.<\/p>\n<p>\u00c7al\u0131\u015fmam, \u0130stanbul k\u0131rsallar\u0131n\u0131n mevcut durumunu, k\u0131rsala g\u00fcncel ve uluslararas\u0131 yakla\u015f\u0131mlar\u0131, g\u00fcncel ve s\u00fcrd\u00fcr\u00fclebilir mimari tasar\u0131m yakla\u015f\u0131mlar\u0131n\u0131 inceler. \u0130stanbul\u2019un k\u0131rsal\u0131 i\u00e7in insan d\u0131\u015f\u0131 kullan\u0131c\u0131lar\u0131 ve sosyo-ekonomik faaliyetleri de i\u00e7eren bir profil olu\u015fturur. Daha sonra k\u00f6ylerden evrilmi\u015f olan \u0130stanbul k\u0131rsal mahallelerinin geli\u015fimi i\u00e7in, yerel olanaklar\u0131 ve t\u00fcm \u00f6n ara\u015ft\u0131rmalar\u0131 de\u011ferlendirerek bir tasar\u0131m s\u00fcreci ve parsel \u00f6l\u00e7e\u011finde bir kullan\u0131m \u00f6nerisi sunar. Bu tasar\u0131m s\u00fcreci \u00f6nerisi ve kullan\u0131m \u00f6nerisinin, halihaz\u0131rda yap\u0131la\u015fm\u0131\u015f olan alanlar i\u00e7in, yerel olanaklar\u0131 daha s\u00fcrd\u00fcr\u00fclebilir \u015fekilde de\u011ferlendiren alternatif bir yap\u0131la\u015fma y\u00f6ntemi sa\u011flamas\u0131 ama\u00e7lanm\u0131\u015ft\u0131r. Bu alternatif yap\u0131la\u015fma y\u00f6ntemi ile kenti \u00e7eperlerinden besleyen sosyo-ekonomik faaliyetlerin de korunmas\u0131 beklenmektedir.<\/p>\n<p><a href=\"#_ftnref1\" name=\"_ftn1\"><\/a>[\/vc_column_text][vc_empty_space][vc_gallery interval=&#8221;10&#8243; images=&#8221;10358,10360,10362,10361,10359&#8243; img_size=&#8221;full&#8221;][vc_empty_space][\/vc_column][vc_column width=&#8221;1\/6&#8243;][vc_single_image image=&#8221;10363&#8243; img_size=&#8221;full&#8221; alignment=&#8221;center&#8221; style=&#8221;vc_box_border&#8221; onclick=&#8221;custom_link&#8221; img_link_target=&#8221;_blank&#8221;][vc_empty_space height=&#8221;16px&#8221;][vc_row_inner][vc_column_inner][vc_column_text][\/vc_column_text][\/vc_column_inner][\/vc_row_inner][vc_row_inner][vc_column_inner width=&#8221;2\/3&#8243;][\/vc_column_inner][vc_column_inner width=&#8221;1\/3&#8243;][\/vc_column_inner][\/vc_row_inner][\/vc_column][\/vc_row][\/vc_section]<\/p>\n<\/div>","protected":false},"excerpt":{"rendered":"<p>[vc_section][vc_row][vc_column width=&#8221;1\/6&#8243;][vc_single_image image=&#8221;10281&#8243; img_size=&#8221;large&#8221; alignment=&#8221;center&#8221;][vc_empty_space][vc_column_text]G\u00fclce Erincik[\/vc_column_text][vc_empty_space height=&#8221;16px&#8221;][vc_column_text]Mimar Mimar Sinan G\u00fczel Sanatlar \u00dcniversitesi Bahar 2022 Dan\u0131\u015fman: Arman Akdo\u011fan &#8211; \u00d6mer Devrim Aksoyak[\/vc_column_text][vc_empty_space][\/vc_column][vc_column width=&#8221;2\/3&#8243;][vc_column_text] \u0130stanbul K\u0131rsal Yerle\u015fimleri Mevcut Durumu ve Bir Geli\u015fim [&hellip;]<\/p>\n","protected":false},"author":7,"featured_media":0,"parent":0,"menu_order":0,"comment_status":"closed","ping_status":"closed","template":"","meta":{"_acf_changed":false,"_seopress_robots_primary_cat":"","_seopress_titles_title":"G\u00fclce Erincik: \u0130stanbul K\u0131rsal Yerle\u015fimleri Mevcut Durumu ve Bir Geli\u015fim Y\u00f6ntem \u00d6nerisi | %%sitetitle%%","_seopress_titles_desc":"\u00c7al\u0131\u015fmam, \u0130stanbul k\u0131rsallar\u0131n\u0131n mevcut durumunu, k\u0131rsala g\u00fcncel ve uluslararas\u0131 yakla\u015f\u0131mlar\u0131, g\u00fcncel ve s\u00fcrd\u00fcr\u00fclebilir mimari tasar\u0131m yakla\u015f\u0131mlar\u0131n\u0131 inceler. \u0130stanbul\u2019un k\u0131rsal\u0131 i\u00e7in insan d\u0131\u015f\u0131 kullan\u0131c\u0131lar\u0131 ve sosyo-ekonomik faaliyetleri de i\u00e7eren bir profil olu\u015fturur.","_seopress_robots_index":"","_price":"","_stock":"","_tribe_ticket_header":"","_tribe_default_ticket_provider":"","_tribe_ticket_capacity":"0","_ticket_start_date":"","_ticket_end_date":"","_tribe_ticket_show_description":"","_tribe_ticket_show_not_going":false,"_tribe_ticket_use_global_stock":"","_tribe_ticket_global_stock_level":"","_global_stock_mode":"","_global_stock_cap":"","_tribe_rsvp_for_event":"","_tribe_ticket_going_count":"","_tribe_ticket_not_going_count":"","_tribe_tickets_list":"[]","_tribe_ticket_has_attendee_info_fields":false,"_EventAllDay":false,"_EventTimezone":"","_EventStartDate":"","_EventEndDate":"","_EventStartDateUTC":"","_EventEndDateUTC":"","_EventShowMap":false,"_EventShowMapLink":false,"_EventURL":"","_EventCost":"","_EventCostDescription":"","_EventCurrencySymbol":"","_EventCurrencyCode":"","_EventCurrencyPosition":"","_EventDateTimeSeparator":"","_EventTimeRangeSeparator":"","_EventOrganizerID":[],"_EventVenueID":[],"_OrganizerEmail":"","_OrganizerPhone":"","_OrganizerWebsite":"","_VenueAddress":"","_VenueCity":"","_VenueCountry":"","_VenueProvince":"","_VenueState":"","_VenueZip":"","_VenuePhone":"","_VenueURL":"","_VenueStateProvince":"","_VenueLat":"","_VenueLng":"","_VenueShowMap":false,"_VenueShowMapLink":false,"footnotes":"","_tec_slr_enabled":"","_tec_slr_layout":""},"class_list":["post-10357","page","type-page","status-publish","hentry"],"acf":[],"ticketed":false,"_links":{"self":[{"href":"https:\/\/aura-istanbul.com\/index.php\/wp-json\/wp\/v2\/pages\/10357","targetHints":{"allow":["GET"]}}],"collection":[{"href":"https:\/\/aura-istanbul.com\/index.php\/wp-json\/wp\/v2\/pages"}],"about":[{"href":"https:\/\/aura-istanbul.com\/index.php\/wp-json\/wp\/v2\/types\/page"}],"author":[{"embeddable":true,"href":"https:\/\/aura-istanbul.com\/index.php\/wp-json\/wp\/v2\/users\/7"}],"replies":[{"embeddable":true,"href":"https:\/\/aura-istanbul.com\/index.php\/wp-json\/wp\/v2\/comments?post=10357"}],"version-history":[{"count":2,"href":"https:\/\/aura-istanbul.com\/index.php\/wp-json\/wp\/v2\/pages\/10357\/revisions"}],"predecessor-version":[{"id":15151,"href":"https:\/\/aura-istanbul.com\/index.php\/wp-json\/wp\/v2\/pages\/10357\/revisions\/15151"}],"wp:attachment":[{"href":"https:\/\/aura-istanbul.com\/index.php\/wp-json\/wp\/v2\/media?parent=10357"}],"curies":[{"name":"wp","href":"https:\/\/api.w.org\/{rel}","templated":true}]}}