{"id":10365,"date":"2022-08-08T10:44:07","date_gmt":"2022-08-08T07:44:07","guid":{"rendered":"https:\/\/aura-istanbul.com\/?page_id=10365"},"modified":"2025-09-23T20:37:32","modified_gmt":"2025-09-23T17:37:32","slug":"aura-alumni-hilal-bozkurt","status":"publish","type":"page","link":"https:\/\/aura-istanbul.com\/index.php\/aura-alumni-hilal-bozkurt\/","title":{"rendered":"AURA Alumni: Hilal Bozkurt"},"content":{"rendered":"<div class=\"wpb-content-wrapper\"><p>[vc_section][vc_row][vc_column width=&#8221;1\/6&#8243;][vc_single_image image=&#8221;10282&#8243; img_size=&#8221;large&#8221; alignment=&#8221;center&#8221;][vc_empty_space][vc_column_text]<strong>Hilal Bozkurt<\/strong>[\/vc_column_text][vc_empty_space height=&#8221;16px&#8221;][vc_column_text]Mimar<br \/>\n\u0130stanbul Teknik \u00dcniversitesi<\/p>\n<p>Bahar 2022<br \/>\nDan\u0131\u015fman: Arman Akdo\u011fan &#8211; \u00d6mer Devrim Aksoyak[\/vc_column_text][vc_empty_space][\/vc_column][vc_column width=&#8221;2\/3&#8243;][vc_column_text]<\/p>\n<p style=\"text-align: left;\"><strong>Ba\u015fka T\u00fcrl\u00fc Bir Harita: Be\u015fikta\u015f&#8217;\u0131n \u0130nsan-Sonras\u0131 Beden-Mekan Haritalamalar\u0131<\/strong><\/p>\n<p>[\/vc_column_text][vc_column_text]Antroposen d\u00f6nemini ve onun kentler u\u0308zerindeki ekolojik, bedensel, mekansal etkilerini du\u0308\u015fu\u0308nmek insan kavram\u0131yla ba\u015flar. \u0130nsan, Antropos. Rosi Braidotti, &#8220;\u0130nsan Sonras\u0131&#8221; kitab\u0131nda, &#8220;Kendimizi tu\u0308r olarak ne zaman ay\u0131rd\u0131k? Ben insan m\u0131y\u0131m? Siyahlar, Yahudiler, e\u015fcinseller, translar insan m\u0131yd\u0131? \u0130nsan ne zamandan beri herkesi kapsayan bir kavram haline geldi?&#8221; diye soruyor. \u0130nsan-sonras\u0131 \u00e7al\u0131\u015fmalar\u0131 ile hem bat\u0131 merkezci beyaz erkek \u00fczerinden tan\u0131mlanan insan kavram\u0131 tart\u0131\u015fmaya a\u00e7\u0131l\u0131yor hem de insanlar\u0131n yaln\u0131zca di\u011fer tu\u0308rlerle etkile\u015fimli ili\u015fkiler i\u00e7inde \u2018\u2019var olabilece\u011fi\u2019\u2019 konusunda yeni bir fark\u0131ndal\u0131k geli\u015fiyor. Bu \u2018\u2019var olma\u2019\u2019 mekanlar\u0131 olarak kentler, \u00f6znesi insan-sonras\u0131 oldu\u011funda bize nas\u0131l kartografyalar sunuyor?<\/p>\n<p>Ba\u015fka T\u00fcrl\u00fc Bir Harita, Be\u015fikta\u015f\u2019\u0131 ba\u011flam olarak al\u0131r. Kent \u00f6zneleri olarak \u2018\u2019insan\u2019\u2019 kavram\u0131n\u0131 yap\u0131 bozumuna u\u011frat\u0131r, \u00f6zne ve \u2018\u2019\u015fey\u2019\u2019 aras\u0131ndaki ili\u015fkiselli\u011fin pe\u015fine d\u00fc\u015fer. Bedeni \u00f6zne ve nesne aras\u0131nda kabul eder ve bedenler \u00fczerinde kodlanm\u0131\u015f kartezyen mant\u0131\u011f\u0131n dualistik yap\u0131s\u0131na dair bir ele\u015ftiri sunar.<\/p>\n<p>\u00dcretilen haritalamalar, kentin, bedenin ve \u015feylerin bir temsili olamaz ancak temsilin \u00f6tesine ge\u00e7meyi dener. Bu haritalama denemeleri, kentin i\u015fleyi\u015fini ve bedene dair kodlanm\u0131\u015f g\u00fc\u00e7 ili\u015fkilerini anlama ve bunu ele\u015ftiriye a\u00e7ma i\u00e7in bir s\u00fcre\u00e7tir. Bu sebeple, \u00fcretilen haritalamalar, sonu\u00e7 \u00fcr\u00fcn olmaktan uzakt\u0131r, didaktik olmaktan ka\u00e7\u0131n\u0131r, yeni sorular\u0131n pe\u015fine d\u00fc\u015fer ve bu sorular\u0131 \u2018\u2019\u00e7o\u011falt\u0131r\u2019\u2019.[\/vc_column_text][vc_empty_space][vc_single_image image=&#8221;10470&#8243; img_size=&#8221;full&#8221;][vc_empty_space][vc_gallery interval=&#8221;10&#8243; images=&#8221;10368,10372,10369,10370,10371&#8243; img_size=&#8221;full&#8221;][vc_empty_space][\/vc_column][vc_column width=&#8221;1\/6&#8243;][vc_single_image image=&#8221;10367&#8243; img_size=&#8221;full&#8221; alignment=&#8221;center&#8221; style=&#8221;vc_box_border&#8221; onclick=&#8221;custom_link&#8221; img_link_target=&#8221;_blank&#8221;][vc_empty_space height=&#8221;16px&#8221;][vc_row_inner][vc_column_inner][vc_column_text][\/vc_column_text][\/vc_column_inner][\/vc_row_inner][vc_row_inner][vc_column_inner width=&#8221;1\/2&#8243;][vc_column_text]<a href=\"https:\/\/gcdnb.pbrd.co\/images\/Xo6pwODMbR2y.gif?o=1\">Ba\u015fka T\u00fcrl\u00fc Bir Harita:<\/a>[\/vc_column_text][\/vc_column_inner][vc_column_inner width=&#8221;1\/2&#8243;][vc_single_image image=&#8221;10366&#8243;][\/vc_column_inner][\/vc_row_inner][\/vc_column][\/vc_row][\/vc_section]<\/p>\n<\/div>","protected":false},"excerpt":{"rendered":"<p>[vc_section][vc_row][vc_column width=&#8221;1\/6&#8243;][vc_single_image image=&#8221;10282&#8243; img_size=&#8221;large&#8221; alignment=&#8221;center&#8221;][vc_empty_space][vc_column_text]Hilal Bozkurt[\/vc_column_text][vc_empty_space height=&#8221;16px&#8221;][vc_column_text]Mimar \u0130stanbul Teknik \u00dcniversitesi Bahar 2022 Dan\u0131\u015fman: Arman Akdo\u011fan &#8211; \u00d6mer Devrim Aksoyak[\/vc_column_text][vc_empty_space][\/vc_column][vc_column width=&#8221;2\/3&#8243;][vc_column_text] Ba\u015fka T\u00fcrl\u00fc Bir Harita: Be\u015fikta\u015f&#8217;\u0131n \u0130nsan-Sonras\u0131 Beden-Mekan Haritalamalar\u0131 [\/vc_column_text][vc_column_text]Antroposen d\u00f6nemini [&hellip;]<\/p>\n","protected":false},"author":7,"featured_media":0,"parent":0,"menu_order":0,"comment_status":"closed","ping_status":"closed","template":"","meta":{"_acf_changed":false,"_seopress_robots_primary_cat":"","_seopress_titles_title":"Hilal Bozkurt: Ba\u015fka T\u00fcrl\u00fc Bir Harita: Be\u015fikta\u015f'\u0131n \u0130nsan-Sonras\u0131 Beden-Mekan Haritalamalar\u0131 | %%sitetitle%%","_seopress_titles_desc":"Ba\u015fka T\u00fcrl\u00fc Bir Harita, Be\u015fikta\u015f\u2019\u0131 ba\u011flam olarak al\u0131r. Kent \u00f6zneleri olarak \u2018\u2019insan\u2019\u2019 kavram\u0131n\u0131 yap\u0131 bozumuna u\u011frat\u0131r, \u00f6zne ve \u2018\u2019\u015fey\u2019\u2019 aras\u0131ndaki ili\u015fkiselli\u011fin pe\u015fine d\u00fc\u015fer. Bedeni \u00f6zne ve nesne aras\u0131nda kabul eder ve bedenler \u00fczerinde kodlanm\u0131\u015f kartezyen mant\u0131\u011f\u0131n dualistik yap\u0131s\u0131na dair bir ele\u015ftiri sunar.","_seopress_robots_index":"","_price":"","_stock":"","_tribe_ticket_header":"","_tribe_default_ticket_provider":"","_tribe_ticket_capacity":"0","_ticket_start_date":"","_ticket_end_date":"","_tribe_ticket_show_description":"","_tribe_ticket_show_not_going":false,"_tribe_ticket_use_global_stock":"","_tribe_ticket_global_stock_level":"","_global_stock_mode":"","_global_stock_cap":"","_tribe_rsvp_for_event":"","_tribe_ticket_going_count":"","_tribe_ticket_not_going_count":"","_tribe_tickets_list":"[]","_tribe_ticket_has_attendee_info_fields":false,"_EventAllDay":false,"_EventTimezone":"","_EventStartDate":"","_EventEndDate":"","_EventStartDateUTC":"","_EventEndDateUTC":"","_EventShowMap":false,"_EventShowMapLink":false,"_EventURL":"","_EventCost":"","_EventCostDescription":"","_EventCurrencySymbol":"","_EventCurrencyCode":"","_EventCurrencyPosition":"","_EventDateTimeSeparator":"","_EventTimeRangeSeparator":"","_EventOrganizerID":[],"_EventVenueID":[],"_OrganizerEmail":"","_OrganizerPhone":"","_OrganizerWebsite":"","_VenueAddress":"","_VenueCity":"","_VenueCountry":"","_VenueProvince":"","_VenueState":"","_VenueZip":"","_VenuePhone":"","_VenueURL":"","_VenueStateProvince":"","_VenueLat":"","_VenueLng":"","_VenueShowMap":false,"_VenueShowMapLink":false,"footnotes":"","_tec_slr_enabled":"","_tec_slr_layout":""},"class_list":["post-10365","page","type-page","status-publish","hentry"],"acf":[],"ticketed":false,"_links":{"self":[{"href":"https:\/\/aura-istanbul.com\/index.php\/wp-json\/wp\/v2\/pages\/10365","targetHints":{"allow":["GET"]}}],"collection":[{"href":"https:\/\/aura-istanbul.com\/index.php\/wp-json\/wp\/v2\/pages"}],"about":[{"href":"https:\/\/aura-istanbul.com\/index.php\/wp-json\/wp\/v2\/types\/page"}],"author":[{"embeddable":true,"href":"https:\/\/aura-istanbul.com\/index.php\/wp-json\/wp\/v2\/users\/7"}],"replies":[{"embeddable":true,"href":"https:\/\/aura-istanbul.com\/index.php\/wp-json\/wp\/v2\/comments?post=10365"}],"version-history":[{"count":6,"href":"https:\/\/aura-istanbul.com\/index.php\/wp-json\/wp\/v2\/pages\/10365\/revisions"}],"predecessor-version":[{"id":15150,"href":"https:\/\/aura-istanbul.com\/index.php\/wp-json\/wp\/v2\/pages\/10365\/revisions\/15150"}],"wp:attachment":[{"href":"https:\/\/aura-istanbul.com\/index.php\/wp-json\/wp\/v2\/media?parent=10365"}],"curies":[{"name":"wp","href":"https:\/\/api.w.org\/{rel}","templated":true}]}}