{"id":10403,"date":"2022-08-08T12:00:45","date_gmt":"2022-08-08T09:00:45","guid":{"rendered":"https:\/\/aura-istanbul.com\/?page_id=10403"},"modified":"2025-09-23T20:40:29","modified_gmt":"2025-09-23T17:40:29","slug":"aura-alumni-semra-pakdemirli","status":"publish","type":"page","link":"https:\/\/aura-istanbul.com\/index.php\/aura-alumni-semra-pakdemirli\/","title":{"rendered":"AURA Alumni: Semra Pakdemirli"},"content":{"rendered":"<div class=\"wpb-content-wrapper\"><p>[vc_section][vc_row][vc_column width=&#8221;1\/6&#8243;][vc_single_image image=&#8221;10285&#8243; img_size=&#8221;large&#8221; alignment=&#8221;center&#8221;][vc_empty_space][vc_column_text]<strong>Semra Pakdemirli<\/strong>[\/vc_column_text][vc_empty_space height=&#8221;16px&#8221;][vc_column_text]Mimar<br \/>\n\u0130stanbul Teknik \u00dcniversitesi<\/p>\n<p>Bahar 2022<br \/>\nDan\u0131\u015fman: Arman Akdo\u011fan &#8211; \u00d6mer Devrim Aksoyak[\/vc_column_text][vc_empty_space][\/vc_column][vc_column width=&#8221;2\/3&#8243;][vc_column_text]<\/p>\n<p style=\"text-align: left;\"><strong>StillCities: Gelece\u011fin Sars\u0131nt\u0131l\u0131 Co\u011frafyalar\u0131nda Bir Ekosistem Tasavvuru<\/strong><\/p>\n<p>[\/vc_column_text][vc_column_text]Ge\u00e7mi\u015fi ara\u015ft\u0131r\u0131rken her mimar, ge\u00e7mi\u015fin radikal kararlarla idealize edilmi\u015f bir versiyonunun gelecekteki halinin hayalini kurar (Coleman, 2007). Pek \u00e7ok f\u00fct\u00fcrist, gelecek senaryosunun en \u201cm\u00fcmk\u00fcn\u201d olan\u0131 \u00f6ng\u00f6rmesi gerekti\u011fini d\u00fc\u015f\u00fcn\u00fcyor. Marien\u2019e g\u00f6re, bug\u00fcn her \u201colas\u0131\u201d gelecek senaryosu gelece\u011fin belirsizli\u011fi nedeniyle kabul g\u00f6rebiliyor olsa da ama\u00e7, etik kayg\u0131lar nedeniyle daha \u201ctercih edilen\u201d senaryolar yaratmak olmal\u0131d\u0131r (2002). Ani kentsel de\u011fi\u015fiklikler (Hackworth) her zaman meydana geldi\u011finden ve bunlar\u0131 \u00f6nceden tahmin etmek neredeyse imkans\u0131z oldu\u011fundan, kentsel soylula\u015ft\u0131rma (2018) veya do\u011fal afetler gibi baz\u0131 ani de\u011fi\u015fiklikler ancak o gelecek yak\u0131n oldu\u011funda bize g\u00f6r\u00fcn\u00fcr oluyorlar.<\/p>\n<p>Artan afet oranlar\u0131n\u0131 inceleyerek yola \u00e7\u0131kan bu \u00e7al\u0131\u015fmada, gelece\u011fin istikrars\u0131z dalgal\u0131 co\u011frafyalar\u0131na ve deprem senaryolar\u0131na odaklan\u0131ld\u0131. Karars\u0131z topografyalar \u00fczerinde dura\u011fan ve istikrarl\u0131 eko-kentler in\u015fa etmemize izin verebilecek mevcut ve mevcut olmayan teknolojiler nelerdir? \u0130nsanlar\u0131n sars\u0131nt\u0131lardan etkilenmemesi ve hatta hissetmemesi m\u00fcmk\u00fcn m\u00fc? 1000 ki\u015filik bir eko-kentin gereksinimleri neler olabilir?[\/vc_column_text][vc_empty_space][vc_gallery interval=&#8221;10&#8243; images=&#8221;10404,10405,10406,10407,10408&#8243; img_size=&#8221;full&#8221;][vc_empty_space][\/vc_column][vc_column width=&#8221;1\/6&#8243;][vc_single_image image=&#8221;10409&#8243; img_size=&#8221;full&#8221; alignment=&#8221;center&#8221; style=&#8221;vc_box_border&#8221; onclick=&#8221;custom_link&#8221; img_link_target=&#8221;_blank&#8221;][vc_empty_space height=&#8221;16px&#8221;][vc_row_inner][vc_column_inner][vc_column_text][\/vc_column_text][\/vc_column_inner][\/vc_row_inner][vc_row_inner][vc_column_inner width=&#8221;2\/3&#8243;][\/vc_column_inner][vc_column_inner width=&#8221;1\/3&#8243;][\/vc_column_inner][\/vc_row_inner][\/vc_column][\/vc_row][\/vc_section]<\/p>\n<\/div>","protected":false},"excerpt":{"rendered":"<p>[vc_section][vc_row][vc_column width=&#8221;1\/6&#8243;][vc_single_image image=&#8221;10285&#8243; img_size=&#8221;large&#8221; alignment=&#8221;center&#8221;][vc_empty_space][vc_column_text]Semra Pakdemirli[\/vc_column_text][vc_empty_space height=&#8221;16px&#8221;][vc_column_text]Mimar \u0130stanbul Teknik \u00dcniversitesi Bahar 2022 Dan\u0131\u015fman: Arman Akdo\u011fan &#8211; \u00d6mer Devrim Aksoyak[\/vc_column_text][vc_empty_space][\/vc_column][vc_column width=&#8221;2\/3&#8243;][vc_column_text] StillCities: Gelece\u011fin Sars\u0131nt\u0131l\u0131 Co\u011frafyalar\u0131nda Bir Ekosistem Tasavvuru [\/vc_column_text][vc_column_text]Ge\u00e7mi\u015fi ara\u015ft\u0131r\u0131rken her [&hellip;]<\/p>\n","protected":false},"author":7,"featured_media":0,"parent":0,"menu_order":0,"comment_status":"closed","ping_status":"closed","template":"","meta":{"_acf_changed":false,"_seopress_robots_primary_cat":"","_seopress_titles_title":"Semra Pakdemirli: StillCities: Gelece\u011fin Sars\u0131nt\u0131l\u0131 Co\u011frafyalar\u0131nda Bir Ekosistem Tasavvuru | %%sitetitle%%","_seopress_titles_desc":"Artan afet oranlar\u0131n\u0131 inceleyerek yola \u00e7\u0131kan bu \u00e7al\u0131\u015fmada, gelece\u011fin istikrars\u0131z dalgal\u0131 co\u011frafyalar\u0131na ve deprem senaryolar\u0131na odaklan\u0131ld\u0131. Karars\u0131z topografyalar \u00fczerinde dura\u011fan ve istikrarl\u0131 eko-kentler in\u015fa etmemize izin verebilecek mevcut ve mevcut olmayan teknolojiler nelerdir?","_seopress_robots_index":"","_price":"","_stock":"","_tribe_ticket_header":"","_tribe_default_ticket_provider":"","_tribe_ticket_capacity":"0","_ticket_start_date":"","_ticket_end_date":"","_tribe_ticket_show_description":"","_tribe_ticket_show_not_going":false,"_tribe_ticket_use_global_stock":"","_tribe_ticket_global_stock_level":"","_global_stock_mode":"","_global_stock_cap":"","_tribe_rsvp_for_event":"","_tribe_ticket_going_count":"","_tribe_ticket_not_going_count":"","_tribe_tickets_list":"[]","_tribe_ticket_has_attendee_info_fields":false,"_EventAllDay":false,"_EventTimezone":"","_EventStartDate":"","_EventEndDate":"","_EventStartDateUTC":"","_EventEndDateUTC":"","_EventShowMap":false,"_EventShowMapLink":false,"_EventURL":"","_EventCost":"","_EventCostDescription":"","_EventCurrencySymbol":"","_EventCurrencyCode":"","_EventCurrencyPosition":"","_EventDateTimeSeparator":"","_EventTimeRangeSeparator":"","_EventOrganizerID":[],"_EventVenueID":[],"_OrganizerEmail":"","_OrganizerPhone":"","_OrganizerWebsite":"","_VenueAddress":"","_VenueCity":"","_VenueCountry":"","_VenueProvince":"","_VenueState":"","_VenueZip":"","_VenuePhone":"","_VenueURL":"","_VenueStateProvince":"","_VenueLat":"","_VenueLng":"","_VenueShowMap":false,"_VenueShowMapLink":false,"footnotes":"","_tec_slr_enabled":"","_tec_slr_layout":""},"class_list":["post-10403","page","type-page","status-publish","hentry"],"acf":[],"ticketed":false,"_links":{"self":[{"href":"https:\/\/aura-istanbul.com\/index.php\/wp-json\/wp\/v2\/pages\/10403","targetHints":{"allow":["GET"]}}],"collection":[{"href":"https:\/\/aura-istanbul.com\/index.php\/wp-json\/wp\/v2\/pages"}],"about":[{"href":"https:\/\/aura-istanbul.com\/index.php\/wp-json\/wp\/v2\/types\/page"}],"author":[{"embeddable":true,"href":"https:\/\/aura-istanbul.com\/index.php\/wp-json\/wp\/v2\/users\/7"}],"replies":[{"embeddable":true,"href":"https:\/\/aura-istanbul.com\/index.php\/wp-json\/wp\/v2\/comments?post=10403"}],"version-history":[{"count":2,"href":"https:\/\/aura-istanbul.com\/index.php\/wp-json\/wp\/v2\/pages\/10403\/revisions"}],"predecessor-version":[{"id":15160,"href":"https:\/\/aura-istanbul.com\/index.php\/wp-json\/wp\/v2\/pages\/10403\/revisions\/15160"}],"wp:attachment":[{"href":"https:\/\/aura-istanbul.com\/index.php\/wp-json\/wp\/v2\/media?parent=10403"}],"curies":[{"name":"wp","href":"https:\/\/api.w.org\/{rel}","templated":true}]}}