{"id":10419,"date":"2022-08-08T12:44:46","date_gmt":"2022-08-08T09:44:46","guid":{"rendered":"https:\/\/aura-istanbul.com\/?page_id=10419"},"modified":"2025-09-23T20:36:00","modified_gmt":"2025-09-23T17:36:00","slug":"aura-alumni-yasemen-cemre-gurbuz","status":"publish","type":"page","link":"https:\/\/aura-istanbul.com\/index.php\/aura-alumni-yasemen-cemre-gurbuz\/","title":{"rendered":"AURA Alumni: Yasemen Cemre G\u00fcrb\u00fcz"},"content":{"rendered":"<div class=\"wpb-content-wrapper\"><p>[vc_section][vc_row][vc_column width=&#8221;1\/6&#8243;][vc_single_image image=&#8221;10287&#8243; img_size=&#8221;large&#8221; alignment=&#8221;center&#8221;][vc_empty_space][vc_column_text]<strong>Yasemen Cemre G\u00fcrb\u00fcz<\/strong>[\/vc_column_text][vc_empty_space height=&#8221;16px&#8221;][vc_column_text]Mimar &#8211; \u015eehir Planc\u0131s\u0131<br \/>\nMimar Sinan G\u00fczel Sanatlar \u00dcniversitesi<\/p>\n<p>Bahar 2022<br \/>\nDan\u0131\u015fman: Arman Akdo\u011fan &#8211; \u00d6mer Devrim Aksoyak[\/vc_column_text][vc_empty_space][\/vc_column][vc_column width=&#8221;2\/3&#8243;][vc_column_text]<\/p>\n<p style=\"text-align: left;\"><strong>\u00c7e\u015fmeler, Tepeler, G\u00f6lgeler<\/strong><\/p>\n<p>[\/vc_column_text][vc_column_text]\u0130stanbul, ge\u00e7mi\u015ften bug\u00fcne, mimarlar ve \u015fehir planc\u0131lar\u0131 ba\u015fta olmak \u00fczere, pek \u00e7ok akt\u00f6r\u00fcn yeniden tasarlama, onarma, in\u015fa etme ve y\u0131kma pratiklerine ev sahipli\u011fi yapm\u0131\u015ft\u0131r. \u00d6zellikle 1950\u2019li y\u0131llardan itibaren ya\u015fanan plans\u0131z ve kar odakl\u0131 kentsel geli\u015fim bu s\u00fcreci daha da h\u0131zland\u0131rm\u0131\u015ft\u0131r. G\u00fcn\u00fcm\u00fczde ise bir yandan ge\u00e7mi\u015fte yap\u0131lan hatalar\u0131 tekrarlayan h\u0131zl\u0131 in\u015fa s\u00fcreci devam ederken bir yandan da alternatif tasar\u0131m y\u00f6ntemleri \u00fczerine \u00e7al\u0131\u015fmalar yap\u0131lmaktad\u0131r.<\/p>\n<p>\u00c7e\u015fmeler, Tepeler ve G\u00f6lgeler kitap\u00e7\u0131\u011f\u0131, mevcut mekansal tasar\u0131m s\u00fcre\u00e7lerinin durmaks\u0131z\u0131n ve h\u0131zla ilerleyi\u015fine kar\u015f\u0131, y\u00fcr\u00fcyen, melankolik ve \u015fiirsel bir tasar\u0131mc\u0131 modeli \u00f6nermektedir. Binkert\u2019e g\u00f6re melankoli, durmak ve ilerlemek aras\u0131nda bir arabulucu olarak ya\u015fam\u0131 korur (Binkert, 1999). Ge\u00e7ip gidenin, yok olan\u0131n k\u0131sacas\u0131 \u00f6l\u00fcm\u00fcn yas\u0131n\u0131 tutmak, yarat\u0131c\u0131 s\u00fcre\u00e7lerin elzem bir par\u00e7as\u0131d\u0131r. Bu s\u00fcre\u00e7 ya\u015fanmadan yola h\u0131zla devam etmek durumu, tasar\u0131mlar\u0131 birbirine benzer ve k\u0131s\u0131r bir yap\u0131da hapsedecektir. Bu fikirden hareketle \u00fcretilen kitap\u00e7\u0131k, \u0130stanbul\u2019un vadilerinden tepelerine, tepelerinden vadilerine \u00e7e\u015fme bulma umuduyla y\u00fcr\u00fcm\u00fc\u015f gen\u00e7 bir tasar\u0131mc\u0131n\u0131n h\u00fcz\u00fcnl\u00fc anlat\u0131s\u0131n\u0131 i\u00e7erir.[\/vc_column_text][vc_empty_space][vc_gallery interval=&#8221;10&#8243; images=&#8221;10420,10421,10422,10423,10424&#8243; img_size=&#8221;full&#8221;][vc_empty_space][\/vc_column][vc_column width=&#8221;1\/6&#8243;][vc_single_image image=&#8221;10425&#8243; img_size=&#8221;full&#8221; alignment=&#8221;center&#8221; style=&#8221;vc_box_border&#8221; onclick=&#8221;custom_link&#8221; img_link_target=&#8221;_blank&#8221;][vc_empty_space height=&#8221;16px&#8221;][vc_row_inner][vc_column_inner][vc_column_text][\/vc_column_text][\/vc_column_inner][\/vc_row_inner][vc_row_inner][vc_column_inner width=&#8221;2\/3&#8243;][\/vc_column_inner][vc_column_inner width=&#8221;1\/3&#8243;][\/vc_column_inner][\/vc_row_inner][\/vc_column][\/vc_row][\/vc_section]<\/p>\n<\/div>","protected":false},"excerpt":{"rendered":"<p>[vc_section][vc_row][vc_column width=&#8221;1\/6&#8243;][vc_single_image image=&#8221;10287&#8243; img_size=&#8221;large&#8221; alignment=&#8221;center&#8221;][vc_empty_space][vc_column_text]Yasemen Cemre G\u00fcrb\u00fcz[\/vc_column_text][vc_empty_space height=&#8221;16px&#8221;][vc_column_text]Mimar &#8211; \u015eehir Planc\u0131s\u0131 Mimar Sinan G\u00fczel Sanatlar \u00dcniversitesi Bahar 2022 Dan\u0131\u015fman: Arman Akdo\u011fan &#8211; \u00d6mer Devrim Aksoyak[\/vc_column_text][vc_empty_space][\/vc_column][vc_column width=&#8221;2\/3&#8243;][vc_column_text] \u00c7e\u015fmeler, Tepeler, G\u00f6lgeler [\/vc_column_text][vc_column_text]\u0130stanbul, [&hellip;]<\/p>\n","protected":false},"author":7,"featured_media":0,"parent":0,"menu_order":0,"comment_status":"closed","ping_status":"closed","template":"","meta":{"_acf_changed":false,"_seopress_robots_primary_cat":"","_seopress_titles_title":"Yasemen Cemre G\u00fcrb\u00fcz: \u00c7e\u015fmeler, Tepeler, G\u00f6lgeler | %%sitetitle%%","_seopress_titles_desc":"\u00c7e\u015fmeler, Tepeler ve G\u00f6lgeler kitap\u00e7\u0131\u011f\u0131, mevcut mekansal tasar\u0131m s\u00fcre\u00e7lerinin durmaks\u0131z\u0131n ve h\u0131zla ilerleyi\u015fine kar\u015f\u0131, y\u00fcr\u00fcyen, melankolik ve \u015fiirsel bir tasar\u0131mc\u0131 modeli \u00f6nermektedir.","_seopress_robots_index":"","_price":"","_stock":"","_tribe_ticket_header":"","_tribe_default_ticket_provider":"","_tribe_ticket_capacity":"0","_ticket_start_date":"","_ticket_end_date":"","_tribe_ticket_show_description":"","_tribe_ticket_show_not_going":false,"_tribe_ticket_use_global_stock":"","_tribe_ticket_global_stock_level":"","_global_stock_mode":"","_global_stock_cap":"","_tribe_rsvp_for_event":"","_tribe_ticket_going_count":"","_tribe_ticket_not_going_count":"","_tribe_tickets_list":"[]","_tribe_ticket_has_attendee_info_fields":false,"_EventAllDay":false,"_EventTimezone":"","_EventStartDate":"","_EventEndDate":"","_EventStartDateUTC":"","_EventEndDateUTC":"","_EventShowMap":false,"_EventShowMapLink":false,"_EventURL":"","_EventCost":"","_EventCostDescription":"","_EventCurrencySymbol":"","_EventCurrencyCode":"","_EventCurrencyPosition":"","_EventDateTimeSeparator":"","_EventTimeRangeSeparator":"","_EventOrganizerID":[],"_EventVenueID":[],"_OrganizerEmail":"","_OrganizerPhone":"","_OrganizerWebsite":"","_VenueAddress":"","_VenueCity":"","_VenueCountry":"","_VenueProvince":"","_VenueState":"","_VenueZip":"","_VenuePhone":"","_VenueURL":"","_VenueStateProvince":"","_VenueLat":"","_VenueLng":"","_VenueShowMap":false,"_VenueShowMapLink":false,"footnotes":"","_tec_slr_enabled":"","_tec_slr_layout":""},"class_list":["post-10419","page","type-page","status-publish","hentry"],"acf":[],"ticketed":false,"_links":{"self":[{"href":"https:\/\/aura-istanbul.com\/index.php\/wp-json\/wp\/v2\/pages\/10419","targetHints":{"allow":["GET"]}}],"collection":[{"href":"https:\/\/aura-istanbul.com\/index.php\/wp-json\/wp\/v2\/pages"}],"about":[{"href":"https:\/\/aura-istanbul.com\/index.php\/wp-json\/wp\/v2\/types\/page"}],"author":[{"embeddable":true,"href":"https:\/\/aura-istanbul.com\/index.php\/wp-json\/wp\/v2\/users\/7"}],"replies":[{"embeddable":true,"href":"https:\/\/aura-istanbul.com\/index.php\/wp-json\/wp\/v2\/comments?post=10419"}],"version-history":[{"count":2,"href":"https:\/\/aura-istanbul.com\/index.php\/wp-json\/wp\/v2\/pages\/10419\/revisions"}],"predecessor-version":[{"id":15144,"href":"https:\/\/aura-istanbul.com\/index.php\/wp-json\/wp\/v2\/pages\/10419\/revisions\/15144"}],"wp:attachment":[{"href":"https:\/\/aura-istanbul.com\/index.php\/wp-json\/wp\/v2\/media?parent=10419"}],"curies":[{"name":"wp","href":"https:\/\/api.w.org\/{rel}","templated":true}]}}