{"id":10836,"date":"2023-02-21T11:30:31","date_gmt":"2023-02-21T08:30:31","guid":{"rendered":"https:\/\/aura-istanbul.com\/?page_id=10836"},"modified":"2025-09-23T20:50:58","modified_gmt":"2025-09-23T17:50:58","slug":"aura-alumni-abduljalil-baba-abdullahi","status":"publish","type":"page","link":"https:\/\/aura-istanbul.com\/index.php\/aura-alumni-abduljalil-baba-abdullahi\/","title":{"rendered":"AURA Alumni: Abduljalil Baba Abdullahi"},"content":{"rendered":"<div class=\"wpb-content-wrapper\"><p>[vc_section][vc_row][vc_column width=&#8221;1\/6&#8243;][vc_single_image image=&#8221;10838&#8243; img_size=&#8221;large&#8221; alignment=&#8221;center&#8221;][vc_empty_space][vc_column_text]<strong>Abduljalil Baba Abdullahi<\/strong>[\/vc_column_text][vc_empty_space height=&#8221;16px&#8221;][vc_column_text]Mimar<br \/>\nY\u0131ld\u0131z Teknik \u00dcniversitesi<\/p>\n<p>G\u00fcz 2022<br \/>\nDan\u0131\u015fman: Ersen G\u00fcrsel &#8211; Ay\u015feg\u00fcl Kuru\u00e7[\/vc_column_text][vc_empty_space][\/vc_column][vc_column width=&#8221;2\/3&#8243;][vc_column_text]<\/p>\n<p style=\"text-align: left;\"><strong>Lagos, Ajeromi \u0130felodun, Ajegunle\u2019de Mimari ve Kentsel \u00c7\u00f6z\u00fcmler<\/strong><\/p>\n<p>[\/vc_column_text][vc_column_text]Projenin konusu, Lagos Eyaleti&#8217;nin Badagry b\u00f6lgesindeki be\u015f idari b\u00f6l\u00fcmden biri olan Ajeromi \u0130felodun Yerel Y\u00f6netim B\u00f6lgesi&#8217;ndeki Ajegunle adl\u0131 bir mahallede kentsel \u00e7\u00f6z\u00fcmlerin planlanmas\u0131d\u0131r. AURA \u0130stanbul G\u00fcz 2022 d\u00f6neminde y\u00fcr\u00fct\u00fclen ara\u015ft\u0131rma tabanl\u0131 tasar\u0131m st\u00fcdyosu kapsam\u0131nda haz\u0131rlanm\u0131\u015ft\u0131r.<\/p>\n<p>Lagos Eyaleti\u2019nde, metropol n\u00fcfusunun yakla\u015f\u0131k \u00fc\u00e7te ikisi gecekondu yerle\u015fimlerinde ya\u015f\u0131yor. Bu b\u00f6lgelerde kanalizasyonun ya\u011fmur suyu ile birle\u015fti\u011fi ve do\u011frudan kanalizasyona kar\u0131\u015ft\u0131\u011f\u0131 kanallar yer al\u0131yor. &#8220;Esenlik i\u00e7in Mimarl\u0131k&#8221; temas\u0131 kapsam\u0131nda kentin; do\u011fal, sosyal, tarihi ve k\u00fclt\u00fcrel de\u011ferlerini g\u00f6z ard\u0131 etmeden k\u00fc\u00e7\u00fck ve b\u00fcy\u00fck \u00f6l\u00e7ekte kamusal kentsel mekanlar i\u00e7in \u00e7\u00f6z\u00fcmler geli\u015ftirilmesi hedeflendi. Kentsel ve b\u00f6lgesel ba\u011flamda toplumsal sorunlar hakk\u0131nda fark\u0131ndal\u0131k yaratmak ama\u00e7land\u0131. Ara\u015ft\u0131rma projesinin temel amac\u0131; g\u00fcn\u00fcm\u00fcz\u00fcn kentsel mekan\u0131n\u0131, sosyal ve k\u00fclt\u00fcrel tasar\u0131m mekanlar\u0131n\u0131n, e\u011fitim olanaklar\u0131yla sosyal \u00e7evreyi nas\u0131l geli\u015ftirdi\u011fini ve kentin kimli\u011fini canland\u0131rd\u0131\u011f\u0131n\u0131 tart\u0131\u015fmakt\u0131r. Bu birincil amaca ek olarak, tarihsel doku ve kimli\u011fin irdelenmesi ile \u00e7a\u011fda\u015f kent ya\u015fam\u0131 ba\u011flam\u0131nda yeniden yorumlanmas\u0131 ama\u00e7lanmaktad\u0131r. Kentsel ba\u011flamdan mekansal \u00f6l\u00e7e\u011fe kadar geni\u015f bir perspektifi i\u00e7erir ve b\u00fct\u00fcnc\u00fcl bir tasar\u0131m yakla\u015f\u0131m\u0131n\u0131n ortaya \u00e7\u0131kar\u0131lmas\u0131 elzem kabul edilir. Proje alan\u0131n\u0131n b\u00f6lgesel, kentsel ve k\u0131rsal topografik verilerinin ara\u015ft\u0131r\u0131lmas\u0131 ile ba\u015fland\u0131. Lagos Eyaleti Makoko Mahallesi\u2019nde yer alan y\u00fczer okul ve benzer proje \u00f6rnekleri ara\u015ft\u0131r\u0131ld\u0131. Ard\u0131ndan analiz \u00e7al\u0131\u015fmalar\u0131 yap\u0131larak b\u00f6lgede ihtiya\u00e7 duyulan fonksiyonlar saptand\u0131. Son a\u015famada ise b\u00f6yle ile ilgili \u00e7\u00f6z\u00fcm \u00f6nerileri \u00fcretildi.[\/vc_column_text][vc_empty_space][vc_gallery interval=&#8221;10&#8243; images=&#8221;10867,10868,10869,10870&#8243; img_size=&#8221;full&#8221;][vc_empty_space][\/vc_column][vc_column width=&#8221;1\/6&#8243;][vc_single_image image=&#8221;10866&#8243; img_size=&#8221;full&#8221; alignment=&#8221;center&#8221; style=&#8221;vc_box_border&#8221; onclick=&#8221;custom_link&#8221; img_link_target=&#8221;_blank&#8221;][vc_empty_space height=&#8221;16px&#8221;][vc_row_inner][vc_column_inner][vc_column_text][\/vc_column_text][\/vc_column_inner][\/vc_row_inner][vc_row_inner][vc_column_inner width=&#8221;2\/3&#8243;][\/vc_column_inner][vc_column_inner width=&#8221;1\/3&#8243;][\/vc_column_inner][\/vc_row_inner][\/vc_column][\/vc_row][\/vc_section]<\/p>\n<\/div>","protected":false},"excerpt":{"rendered":"<p>[vc_section][vc_row][vc_column width=&#8221;1\/6&#8243;][vc_single_image image=&#8221;10838&#8243; img_size=&#8221;large&#8221; alignment=&#8221;center&#8221;][vc_empty_space][vc_column_text]Abduljalil Baba Abdullahi[\/vc_column_text][vc_empty_space height=&#8221;16px&#8221;][vc_column_text]Mimar Y\u0131ld\u0131z Teknik \u00dcniversitesi G\u00fcz 2022 Dan\u0131\u015fman: Ersen G\u00fcrsel &#8211; Ay\u015feg\u00fcl Kuru\u00e7[\/vc_column_text][vc_empty_space][\/vc_column][vc_column width=&#8221;2\/3&#8243;][vc_column_text] Lagos, Ajeromi \u0130felodun, Ajegunle\u2019de Mimari ve Kentsel \u00c7\u00f6z\u00fcmler [\/vc_column_text][vc_column_text]Projenin konusu, [&hellip;]<\/p>\n","protected":false},"author":7,"featured_media":0,"parent":0,"menu_order":0,"comment_status":"closed","ping_status":"closed","template":"","meta":{"_acf_changed":false,"_seopress_robots_primary_cat":"","_seopress_titles_title":"Abduljalil Baba Abdullahi: Lagos, Ajeromi \u0130felodun, Ajegunle\u2019de Mimari ve Kentsel \u00c7\u00f6z\u00fcmler | %%sitetitle%%","_seopress_titles_desc":"Projenin konusu, Lagos Eyaleti'nin Badagry b\u00f6lgesindeki be\u015f idari b\u00f6l\u00fcmden biri olan Ajeromi \u0130felodun Yerel Y\u00f6netim B\u00f6lgesi'ndeki Ajegunle adl\u0131 bir mahallede kentsel \u00e7\u00f6z\u00fcmlerin planlanmas\u0131d\u0131r.","_seopress_robots_index":"","_price":"","_stock":"","_tribe_ticket_header":"","_tribe_default_ticket_provider":"","_tribe_ticket_capacity":"0","_ticket_start_date":"","_ticket_end_date":"","_tribe_ticket_show_description":"","_tribe_ticket_show_not_going":false,"_tribe_ticket_use_global_stock":"","_tribe_ticket_global_stock_level":"","_global_stock_mode":"","_global_stock_cap":"","_tribe_rsvp_for_event":"","_tribe_ticket_going_count":"","_tribe_ticket_not_going_count":"","_tribe_tickets_list":"[]","_tribe_ticket_has_attendee_info_fields":false,"_EventAllDay":false,"_EventTimezone":"","_EventStartDate":"","_EventEndDate":"","_EventStartDateUTC":"","_EventEndDateUTC":"","_EventShowMap":false,"_EventShowMapLink":false,"_EventURL":"","_EventCost":"","_EventCostDescription":"","_EventCurrencySymbol":"","_EventCurrencyCode":"","_EventCurrencyPosition":"","_EventDateTimeSeparator":"","_EventTimeRangeSeparator":"","_EventOrganizerID":[],"_EventVenueID":[],"_OrganizerEmail":"","_OrganizerPhone":"","_OrganizerWebsite":"","_VenueAddress":"","_VenueCity":"","_VenueCountry":"","_VenueProvince":"","_VenueState":"","_VenueZip":"","_VenuePhone":"","_VenueURL":"","_VenueStateProvince":"","_VenueLat":"","_VenueLng":"","_VenueShowMap":false,"_VenueShowMapLink":false,"footnotes":"","_tec_slr_enabled":"","_tec_slr_layout":""},"class_list":["post-10836","page","type-page","status-publish","hentry"],"acf":[],"ticketed":false,"_links":{"self":[{"href":"https:\/\/aura-istanbul.com\/index.php\/wp-json\/wp\/v2\/pages\/10836","targetHints":{"allow":["GET"]}}],"collection":[{"href":"https:\/\/aura-istanbul.com\/index.php\/wp-json\/wp\/v2\/pages"}],"about":[{"href":"https:\/\/aura-istanbul.com\/index.php\/wp-json\/wp\/v2\/types\/page"}],"author":[{"embeddable":true,"href":"https:\/\/aura-istanbul.com\/index.php\/wp-json\/wp\/v2\/users\/7"}],"replies":[{"embeddable":true,"href":"https:\/\/aura-istanbul.com\/index.php\/wp-json\/wp\/v2\/comments?post=10836"}],"version-history":[{"count":3,"href":"https:\/\/aura-istanbul.com\/index.php\/wp-json\/wp\/v2\/pages\/10836\/revisions"}],"predecessor-version":[{"id":15194,"href":"https:\/\/aura-istanbul.com\/index.php\/wp-json\/wp\/v2\/pages\/10836\/revisions\/15194"}],"wp:attachment":[{"href":"https:\/\/aura-istanbul.com\/index.php\/wp-json\/wp\/v2\/media?parent=10836"}],"curies":[{"name":"wp","href":"https:\/\/api.w.org\/{rel}","templated":true}]}}