{"id":10872,"date":"2023-02-21T13:09:13","date_gmt":"2023-02-21T10:09:13","guid":{"rendered":"https:\/\/aura-istanbul.com\/?page_id=10872"},"modified":"2025-09-23T20:50:47","modified_gmt":"2025-09-23T17:50:47","slug":"aura-alumni-ayse-feyza-karakoc","status":"publish","type":"page","link":"https:\/\/aura-istanbul.com\/index.php\/aura-alumni-ayse-feyza-karakoc\/","title":{"rendered":"AURA Alumni: Ay\u015fe Feyza Karako\u00e7"},"content":{"rendered":"<div class=\"wpb-content-wrapper\"><p>[vc_section][vc_row][vc_column width=&#8221;1\/6&#8243;][vc_single_image image=&#8221;10839&#8243; img_size=&#8221;large&#8221; alignment=&#8221;center&#8221;][vc_empty_space][vc_column_text]<strong>Ay\u015fe Feyza Karako\u00e7<\/strong>[\/vc_column_text][vc_empty_space height=&#8221;16px&#8221;][vc_column_text]Mimar<br \/>\n\u0130stanbul Ticaret \u00dcniversitesi<br \/>\nGebze Teknik \u00dcniversitesi<\/p>\n<p>G\u00fcz 2022<br \/>\nDan\u0131\u015fman: Ersen G\u00fcrsel &#8211; Ay\u015feg\u00fcl Kuru\u00e7[\/vc_column_text][vc_empty_space][\/vc_column][vc_column width=&#8221;2\/3&#8243;][vc_column_text]<\/p>\n<p style=\"text-align: left;\"><strong>Haydarpa\u015fa &#8211; Gebze Banliy\u00f6 Hatt\u0131n\u0131n Kentsel Haf\u0131zadaki Yeri ve Eski \u0130stasyon Binalar\u0131: G\u00f6ztepe \u0130stasyonu<\/strong><\/p>\n<p>[\/vc_column_text][vc_column_text]Tarih boyunca Gebze\u2019den Haydarpa\u015fa\u2019ya uzanan bu banliy\u00f6 hatt\u0131 \u0130stanbul\u2019un en \u00f6nemli demir a\u011flar\u0131n\u0131n ba\u015f\u0131nda yer alm\u0131\u015ft\u0131r. Toplumsal ya\u015fant\u0131n\u0131n de\u011fi\u015fiminde \u00f6nemli bir fakt\u00f6r olan demiryollar\u0131 binalar\u0131 ise s\u00fcre\u00e7 i\u00e7inde kolektif belle\u011fin\u00a0 in\u015fa mek\u00e2nlar\u0131 haline gelmi\u015ftir. Haydarpa\u015fa-Gebze Banliy\u00f6 Hatt\u0131n\u0131n mimarl\u0131k i\u00e7in esenlik temas\u0131 alt\u0131nda ele al\u0131nmas\u0131n\u0131n nedeni, hatt\u0131n d\u00f6n\u00fc\u015f\u00fcm\u00fc s\u0131ras\u0131nda at\u0131l durumda kalan eski istasyon binalar\u0131n\u0131n ve s\u00fcrecin fiziki y\u0131k\u0131m\u0131n\u0131n d\u0131\u015f\u0131nda kentin haf\u0131zas\u0131n\u0131n yok edilmeye \u00e7al\u0131\u015f\u0131lmas\u0131d\u0131r. Haydarpa\u015fa-Gebze Banliy\u00f6 hatt\u0131n\u0131n 2013 y\u0131l\u0131nda kullan\u0131ma kapat\u0131lmas\u0131yla ba\u015flayan hatt\u0131n de\u011fi\u015fimi, eski istasyon binalar\u0131n\u0131 at\u0131l durumda b\u0131rakm\u0131\u015ft\u0131r. G\u00fcn\u00fcm\u00fczde tescillenen K\u0131z\u0131ltoprak, Feneryolu, G\u00f6ztepe, Erenk\u00f6y, Suadiye, Bostanc\u0131, Maltepe ve Kartal\u2019daki istasyon binalar\u0131 bulu\u015fmalar\u0131n, ayr\u0131lmalar\u0131n, kavu\u015fmalar\u0131n k\u0131saca kentin ve kentlinin haf\u0131za mekanlar\u0131d\u0131r. Bu do\u011frultuda \u00e7al\u0131\u015fma, her g\u00fcn binlerce insan\u0131 ta\u015f\u0131yan ve kentin farkl\u0131 konumlar\u0131n\u0131 birbirine ba\u011flayan banliy\u00f6 hatt\u0131n\u0131n ve istasyon binalar\u0131n\u0131n de\u011fi\u015fimini kentsel haf\u0131za \u00fczerinden okuyarak bir fark\u0131ndal\u0131k olu\u015fturulmas\u0131 hedefi ile ortaya \u00e7\u0131km\u0131\u015ft\u0131r.<\/p>\n<p>\u00c7al\u0131\u015fma kapsam\u0131nda, banliy\u00f6 hatt\u0131n\u0131n tarihsel s\u00fcre\u00e7teki de\u011fi\u015fiminden ve kentsel haf\u0131zada edindi\u011fi anlamdan ba\u015flayarak hatt\u0131n de\u011fi\u015fim s\u00fcreci ve potansiyellerine de\u011finilmektedir. \u00c7al\u0131\u015fma Haydarpa\u015fa-Gebze banliy\u00f6 hatt\u0131n\u0131n Kad\u0131k\u00f6y il\u00e7esindeki istasyon binalar\u0131 ve \u00e7evre ili\u015fkisi ile s\u0131n\u0131rl\u0131 tutulmu\u015ftur. Kad\u0131k\u00f6y il\u00e7esindeki at\u0131l durumda kalan istasyon binalar\u0131n\u0131n kente kazand\u0131r\u0131lma durumunu, Eski G\u00f6ztepe \u0130stasyonu \u00fczerinden ele alarak di\u011fer istasyonlar \u00f6zelinde potansiyel model \u00f6nerisi olu\u015fturulmas\u0131 ama\u00e7lanm\u0131\u015ft\u0131r.[\/vc_column_text][vc_empty_space][vc_gallery interval=&#8221;10&#8243; images=&#8221;10873,10874,10875,10876,10877&#8243; img_size=&#8221;full&#8221;][vc_empty_space][\/vc_column][vc_column width=&#8221;1\/6&#8243;][vc_single_image image=&#8221;10856&#8243; img_size=&#8221;full&#8221; alignment=&#8221;center&#8221; style=&#8221;vc_box_border&#8221; onclick=&#8221;custom_link&#8221; img_link_target=&#8221;_blank&#8221;][vc_empty_space height=&#8221;16px&#8221;][vc_row_inner][vc_column_inner][vc_column_text][\/vc_column_text][\/vc_column_inner][\/vc_row_inner][vc_row_inner][vc_column_inner width=&#8221;2\/3&#8243;][\/vc_column_inner][vc_column_inner width=&#8221;1\/3&#8243;][\/vc_column_inner][\/vc_row_inner][\/vc_column][\/vc_row][\/vc_section]<\/p>\n<\/div>","protected":false},"excerpt":{"rendered":"<p>[vc_section][vc_row][vc_column width=&#8221;1\/6&#8243;][vc_single_image image=&#8221;10839&#8243; img_size=&#8221;large&#8221; alignment=&#8221;center&#8221;][vc_empty_space][vc_column_text]Ay\u015fe Feyza Karako\u00e7[\/vc_column_text][vc_empty_space height=&#8221;16px&#8221;][vc_column_text]Mimar \u0130stanbul Ticaret \u00dcniversitesi Gebze Teknik \u00dcniversitesi G\u00fcz 2022 Dan\u0131\u015fman: Ersen G\u00fcrsel &#8211; Ay\u015feg\u00fcl Kuru\u00e7[\/vc_column_text][vc_empty_space][\/vc_column][vc_column width=&#8221;2\/3&#8243;][vc_column_text] Haydarpa\u015fa &#8211; Gebze Banliy\u00f6 Hatt\u0131n\u0131n Kentsel Haf\u0131zadaki [&hellip;]<\/p>\n","protected":false},"author":7,"featured_media":0,"parent":0,"menu_order":0,"comment_status":"closed","ping_status":"closed","template":"","meta":{"_acf_changed":false,"_seopress_robots_primary_cat":"","_seopress_titles_title":"Ay\u015fe Feyza Karako\u00e7: Haydarpa\u015fa - Gebze Banliy\u00f6 Hatt\u0131n\u0131n Kentsel Haf\u0131zadaki Yeri ve Eski \u0130stasyon Binalar\u0131: G\u00f6ztepe \u0130stasyonu | %%sitetitle%%","_seopress_titles_desc":"\u00c7al\u0131\u015fma kapsam\u0131nda, banliy\u00f6 hatt\u0131n\u0131n tarihsel s\u00fcre\u00e7teki de\u011fi\u015fiminden ve kentsel haf\u0131zada edindi\u011fi anlamdan ba\u015flayarak hatt\u0131n de\u011fi\u015fim s\u00fcreci ve potansiyellerine de\u011finilmektedir.","_seopress_robots_index":"","_price":"","_stock":"","_tribe_ticket_header":"","_tribe_default_ticket_provider":"","_tribe_ticket_capacity":"0","_ticket_start_date":"","_ticket_end_date":"","_tribe_ticket_show_description":"","_tribe_ticket_show_not_going":false,"_tribe_ticket_use_global_stock":"","_tribe_ticket_global_stock_level":"","_global_stock_mode":"","_global_stock_cap":"","_tribe_rsvp_for_event":"","_tribe_ticket_going_count":"","_tribe_ticket_not_going_count":"","_tribe_tickets_list":"[]","_tribe_ticket_has_attendee_info_fields":false,"_EventAllDay":false,"_EventTimezone":"","_EventStartDate":"","_EventEndDate":"","_EventStartDateUTC":"","_EventEndDateUTC":"","_EventShowMap":false,"_EventShowMapLink":false,"_EventURL":"","_EventCost":"","_EventCostDescription":"","_EventCurrencySymbol":"","_EventCurrencyCode":"","_EventCurrencyPosition":"","_EventDateTimeSeparator":"","_EventTimeRangeSeparator":"","_EventOrganizerID":[],"_EventVenueID":[],"_OrganizerEmail":"","_OrganizerPhone":"","_OrganizerWebsite":"","_VenueAddress":"","_VenueCity":"","_VenueCountry":"","_VenueProvince":"","_VenueState":"","_VenueZip":"","_VenuePhone":"","_VenueURL":"","_VenueStateProvince":"","_VenueLat":"","_VenueLng":"","_VenueShowMap":false,"_VenueShowMapLink":false,"footnotes":"","_tec_slr_enabled":"","_tec_slr_layout":""},"class_list":["post-10872","page","type-page","status-publish","hentry"],"acf":[],"ticketed":false,"_links":{"self":[{"href":"https:\/\/aura-istanbul.com\/index.php\/wp-json\/wp\/v2\/pages\/10872","targetHints":{"allow":["GET"]}}],"collection":[{"href":"https:\/\/aura-istanbul.com\/index.php\/wp-json\/wp\/v2\/pages"}],"about":[{"href":"https:\/\/aura-istanbul.com\/index.php\/wp-json\/wp\/v2\/types\/page"}],"author":[{"embeddable":true,"href":"https:\/\/aura-istanbul.com\/index.php\/wp-json\/wp\/v2\/users\/7"}],"replies":[{"embeddable":true,"href":"https:\/\/aura-istanbul.com\/index.php\/wp-json\/wp\/v2\/comments?post=10872"}],"version-history":[{"count":3,"href":"https:\/\/aura-istanbul.com\/index.php\/wp-json\/wp\/v2\/pages\/10872\/revisions"}],"predecessor-version":[{"id":15193,"href":"https:\/\/aura-istanbul.com\/index.php\/wp-json\/wp\/v2\/pages\/10872\/revisions\/15193"}],"wp:attachment":[{"href":"https:\/\/aura-istanbul.com\/index.php\/wp-json\/wp\/v2\/media?parent=10872"}],"curies":[{"name":"wp","href":"https:\/\/api.w.org\/{rel}","templated":true}]}}