{"id":10887,"date":"2023-02-21T13:24:43","date_gmt":"2023-02-21T10:24:43","guid":{"rendered":"https:\/\/aura-istanbul.com\/?page_id=10887"},"modified":"2025-09-23T20:50:34","modified_gmt":"2025-09-23T17:50:34","slug":"aura-alumni-berkay-can","status":"publish","type":"page","link":"https:\/\/aura-istanbul.com\/index.php\/aura-alumni-berkay-can\/","title":{"rendered":"AURA Alumni: Berkay Can"},"content":{"rendered":"<div class=\"wpb-content-wrapper\"><p>[vc_section][vc_row][vc_column width=&#8221;1\/6&#8243;][vc_single_image image=&#8221;10841&#8243; img_size=&#8221;large&#8221; alignment=&#8221;center&#8221;][vc_empty_space][vc_column_text]<strong>Berkay Can<\/strong>[\/vc_column_text][vc_empty_space height=&#8221;16px&#8221;][vc_column_text]Mimar<br \/>\n\u0130stanbul Bilgi \u00dcniversitesi<\/p>\n<p>G\u00fcz 2022<br \/>\nDan\u0131\u015fman: Ersen G\u00fcrsel &#8211; Ay\u015feg\u00fcl Kuru\u00e7[\/vc_column_text][vc_empty_space][\/vc_column][vc_column width=&#8221;2\/3&#8243;][vc_column_text]<strong>Hipodromdan Divanyolu\u2019na Kentsel Okumalar<\/strong>[\/vc_column_text][vc_column_text]Hipodrom. Belki de \u0130stanbul\u2019un en ikonik kent \u00f6gelerinden birisi. Bu ara\u015ft\u0131rma s\u00fcresince kentin hem tarihsel hem de k\u00fclt\u00fcrel \u00f6nem ta\u015f\u0131yan akslar\u0131ndan birinin kentin \u00e7ok de\u011ferli alanlar\u0131ndan biriyle kurdu\u011fu ili\u015fki g\u00f6z \u00f6n\u00fcnde bulundurulmu\u015f ve kendine yak\u0131\u015f\u0131r bir \u015fekilde bir biti\u015f veya ba\u015flang\u0131\u00e7 noktas\u0131 olu\u015fturmaya \u00e7al\u0131\u015f\u0131lm\u0131\u015ft\u0131r.<\/p>\n<p>G\u00fcn\u00fcm\u00fczde Sultanahmet Meydan\u0131\u2019n\u0131n bir par\u00e7as\u0131 olarak \u00e7al\u0131\u015fsa dahi asl\u0131nda kendi i\u00e7erisinde bir\u00e7ok potansiyel ve dinami\u011fe sahip bir yer. Hipodrom \u2018un bir par\u00e7as\u0131 oldu\u011fu Sultanahmet Meydan\u0131\u2019na bak\u0131lacak olursa ise ayn\u0131 Hipodrom \u00f6rne\u011finde oldu\u011fu gibi birden fazla b\u00f6lge veya alan taraf\u0131ndan olu\u015fturulmu\u015f bir meydan oldu\u011fu g\u00f6r\u00fclecektir.<\/p>\n<p>Sultanahmet Meydan\u0131\u2019n\u0131n Hipodrom\u2019dan sonra en belirleyici alanlar\u0131ndan biri ise meydan\u0131n Divanyolu ile kurdu\u011fu ili\u015fkisinin fiziksel hale b\u00fcr\u00fcnd\u00fc\u011f\u00fc yer olan Antiohos Saray b\u00f6lgesidir, (g\u00fcn\u00fcm\u00fczde Mehmet Akif Ersoy park\u0131) bu b\u00f6lge Sultanahmet Meydan\u0131\u2019n\u0131n Divanyolu ve dolay\u0131s\u0131yla da \u0130stanbul\u2019un tarihinde yer etmi\u015f olan \u00c7emberlita\u015f ve Beyaz\u0131t meydanlar\u0131na bir ba\u011flant\u0131 noktas\u0131 olu\u015fturmaktad\u0131r.<\/p>\n<p>Bu \u00e7al\u0131\u015fmada Hipodrom \u2019un sonundaki nokta olan Sfendon olarak bilinen k\u0131ymetli alan\u0131, d\u00fcnyada belki de t\u00fcr\u00fcn\u00fcn tek \u00f6rne\u011fi olan bir yap\u0131n\u0131n Sultanahmet Meydan\u0131, Divanyolu ve hatta b\u00fct\u00fcn \u0130stanbul\u2019la potansiyel olarak kurabilece\u011fi ili\u015fkiyi ele al\u0131nm\u0131\u015ft\u0131r.[\/vc_column_text][vc_empty_space][vc_gallery interval=&#8221;10&#8243; images=&#8221;10891,10889,10893,10890,10892,10894&#8243; img_size=&#8221;full&#8221;][vc_empty_space][\/vc_column][vc_column width=&#8221;1\/6&#8243;][vc_single_image image=&#8221;10858&#8243; img_size=&#8221;full&#8221; alignment=&#8221;center&#8221; style=&#8221;vc_box_border&#8221; onclick=&#8221;custom_link&#8221; img_link_target=&#8221;_blank&#8221;][vc_empty_space height=&#8221;16px&#8221;][vc_row_inner][vc_column_inner][vc_column_text][\/vc_column_text][\/vc_column_inner][\/vc_row_inner][vc_row_inner][vc_column_inner width=&#8221;2\/3&#8243;][\/vc_column_inner][vc_column_inner width=&#8221;1\/3&#8243;][\/vc_column_inner][\/vc_row_inner][\/vc_column][\/vc_row][\/vc_section]<\/p>\n<\/div>","protected":false},"excerpt":{"rendered":"<p>[vc_section][vc_row][vc_column width=&#8221;1\/6&#8243;][vc_single_image image=&#8221;10841&#8243; img_size=&#8221;large&#8221; alignment=&#8221;center&#8221;][vc_empty_space][vc_column_text]Berkay Can[\/vc_column_text][vc_empty_space height=&#8221;16px&#8221;][vc_column_text]Mimar \u0130stanbul Bilgi \u00dcniversitesi G\u00fcz 2022 Dan\u0131\u015fman: Ersen G\u00fcrsel &#8211; Ay\u015feg\u00fcl Kuru\u00e7[\/vc_column_text][vc_empty_space][\/vc_column][vc_column width=&#8221;2\/3&#8243;][vc_column_text]Hipodromdan Divanyolu\u2019na Kentsel Okumalar[\/vc_column_text][vc_column_text]Hipodrom. Belki de \u0130stanbul\u2019un en ikonik kent \u00f6gelerinden birisi. [&hellip;]<\/p>\n","protected":false},"author":7,"featured_media":0,"parent":0,"menu_order":0,"comment_status":"closed","ping_status":"closed","template":"","meta":{"_acf_changed":false,"_seopress_robots_primary_cat":"","_seopress_titles_title":"Berkay Can: Hipodromdan Divanyolu\u2019na Kentsel Okumalar | %%sitetitle%%","_seopress_titles_desc":"Bu \u00e7al\u0131\u015fmada Hipodrom\u2019un sonundaki nokta olan Sfendon olarak bilinen k\u0131ymetli alan\u0131, d\u00fcnyada belki de t\u00fcr\u00fcn\u00fcn tek \u00f6rne\u011fi olan bir yap\u0131n\u0131n Sultanahmet Meydan\u0131, Divanyolu ve hatta b\u00fct\u00fcn \u0130stanbul\u2019la potansiyel olarak kurabilece\u011fi ili\u015fkiyi ele al\u0131nm\u0131\u015ft\u0131r.","_seopress_robots_index":"","_price":"","_stock":"","_tribe_ticket_header":"","_tribe_default_ticket_provider":"","_tribe_ticket_capacity":"0","_ticket_start_date":"","_ticket_end_date":"","_tribe_ticket_show_description":"","_tribe_ticket_show_not_going":false,"_tribe_ticket_use_global_stock":"","_tribe_ticket_global_stock_level":"","_global_stock_mode":"","_global_stock_cap":"","_tribe_rsvp_for_event":"","_tribe_ticket_going_count":"","_tribe_ticket_not_going_count":"","_tribe_tickets_list":"[]","_tribe_ticket_has_attendee_info_fields":false,"_EventAllDay":false,"_EventTimezone":"","_EventStartDate":"","_EventEndDate":"","_EventStartDateUTC":"","_EventEndDateUTC":"","_EventShowMap":false,"_EventShowMapLink":false,"_EventURL":"","_EventCost":"","_EventCostDescription":"","_EventCurrencySymbol":"","_EventCurrencyCode":"","_EventCurrencyPosition":"","_EventDateTimeSeparator":"","_EventTimeRangeSeparator":"","_EventOrganizerID":[],"_EventVenueID":[],"_OrganizerEmail":"","_OrganizerPhone":"","_OrganizerWebsite":"","_VenueAddress":"","_VenueCity":"","_VenueCountry":"","_VenueProvince":"","_VenueState":"","_VenueZip":"","_VenuePhone":"","_VenueURL":"","_VenueStateProvince":"","_VenueLat":"","_VenueLng":"","_VenueShowMap":false,"_VenueShowMapLink":false,"footnotes":"","_tec_slr_enabled":"","_tec_slr_layout":""},"class_list":["post-10887","page","type-page","status-publish","hentry"],"acf":[],"ticketed":false,"_links":{"self":[{"href":"https:\/\/aura-istanbul.com\/index.php\/wp-json\/wp\/v2\/pages\/10887","targetHints":{"allow":["GET"]}}],"collection":[{"href":"https:\/\/aura-istanbul.com\/index.php\/wp-json\/wp\/v2\/pages"}],"about":[{"href":"https:\/\/aura-istanbul.com\/index.php\/wp-json\/wp\/v2\/types\/page"}],"author":[{"embeddable":true,"href":"https:\/\/aura-istanbul.com\/index.php\/wp-json\/wp\/v2\/users\/7"}],"replies":[{"embeddable":true,"href":"https:\/\/aura-istanbul.com\/index.php\/wp-json\/wp\/v2\/comments?post=10887"}],"version-history":[{"count":2,"href":"https:\/\/aura-istanbul.com\/index.php\/wp-json\/wp\/v2\/pages\/10887\/revisions"}],"predecessor-version":[{"id":15192,"href":"https:\/\/aura-istanbul.com\/index.php\/wp-json\/wp\/v2\/pages\/10887\/revisions\/15192"}],"wp:attachment":[{"href":"https:\/\/aura-istanbul.com\/index.php\/wp-json\/wp\/v2\/media?parent=10887"}],"curies":[{"name":"wp","href":"https:\/\/api.w.org\/{rel}","templated":true}]}}