{"id":10896,"date":"2023-02-21T13:29:17","date_gmt":"2023-02-21T10:29:17","guid":{"rendered":"https:\/\/aura-istanbul.com\/?page_id=10896"},"modified":"2025-09-23T20:50:23","modified_gmt":"2025-09-23T17:50:23","slug":"aura-alumni-beyzanur-ozteker","status":"publish","type":"page","link":"https:\/\/aura-istanbul.com\/index.php\/aura-alumni-beyzanur-ozteker\/","title":{"rendered":"AURA Alumni: Beyzanur \u00d6zteker"},"content":{"rendered":"<div class=\"wpb-content-wrapper\"><p>[vc_section][vc_row][vc_column width=&#8221;1\/6&#8243;][vc_single_image image=&#8221;10842&#8243; img_size=&#8221;large&#8221; alignment=&#8221;center&#8221;][vc_empty_space][vc_column_text]<strong>Beyzanur \u00d6zteker<\/strong>[\/vc_column_text][vc_empty_space height=&#8221;16px&#8221;][vc_column_text]Mimar<br \/>\nMaltepe \u00dcniversitesi<\/p>\n<p>G\u00fcz 2022<br \/>\nDan\u0131\u015fman: Ersen G\u00fcrsel &#8211; Ay\u015feg\u00fcl Kuru\u00e7[\/vc_column_text][vc_empty_space][\/vc_column][vc_column width=&#8221;2\/3&#8243;][vc_column_text]<strong>Moda\u2019da Mahalle Kavram\u0131n\u0131n Zemin Kotlar\u0131 \u00dczerinden \u0130ncelenmesi<\/strong>[\/vc_column_text][vc_column_text]G\u00fcn\u00fcm\u00fczde ya\u015fam \u015fekilleri bir\u00e7ok sebeple farkl\u0131la\u015fmaya ba\u015flad\u0131. N\u00fcfusun, b\u00fcy\u00fck \u00f6l\u00e7ekli kentlere yerle\u015fimin, i\u015f olanaklar\u0131, e\u011fitim ko\u015fullar\u0131 gibi sebeplerle artmas\u0131, \u015fehirde ya\u015fam \u015fekillerini etkilemeye ba\u015flad\u0131. D\u0131\u015farda ge\u00e7irilen vaktin azalmas\u0131, \u00e7o\u011fu insan\u0131n evden i\u015fe, i\u015ften eve gidip geldi\u011fi bir rutinde sokaklarla olan ba\u011flant\u0131s\u0131n\u0131n azalmas\u0131, s\u0131k\u0131\u015f\u0131k binalarda ya\u015fam dolay\u0131s\u0131yla mahalle k\u00fclt\u00fcr\u00fcn\u00fcn yava\u015f\u00e7a izini kaybettirmesi s\u00f6z konusudur.<\/p>\n<p>Belli ba\u015fl\u0131 sokaklar daha \u00e7ok tercih edilirken baz\u0131lar\u0131n\u0131n ise g\u00f6r\u00fcn\u00fcrl\u00fc\u011f\u00fcn\u00fcn azalmas\u0131, sokaklar\u0131n kendi i\u00e7inde kutupla\u015fmas\u0131na yol a\u00e7maktad\u0131r. Bu uzakla\u015fmalar \u00f6ncesinde mahalle kavram\u0131 ve s\u0131cakl\u0131\u011f\u0131 \u00fczerine odaklan\u0131lm\u0131\u015ft\u0131r. Mahalle kavram\u0131, sokak ili\u015fkileri bak\u0131m\u0131ndan \u00e7evresinde bulunan mekanlarla, kom\u015fular\u0131yla ve oradan ge\u00e7enlerle kurulan ba\u011flar\u0131n d\u0131\u015favurumudur. Sokaklar\u0131n, sadece ge\u00e7ip gidilen yerler de\u011fil, bulundu\u011fu semti tan\u0131mlamas\u0131, insanlar\u0131 birbirleriyle bulu\u015fturma potansiyelleri, ya\u015fayanlar\u0131n mahalle k\u00fclt\u00fcr\u00fcne katk\u0131lar\u0131 mahallenin karakterini olu\u015fturan etmenlerdendir. Bu \u00e7al\u0131\u015fma mekan\u0131n i\u00e7inden d\u0131\u015far\u0131ya d\u00fc\u015f\u00fcncesiyle, sokak potansiyellerini yeniden d\u00fc\u015f\u00fcnmek amac\u0131yla yolculu\u011funa ba\u015flayan bir proje s\u00fcreci olarak tan\u0131mlanabilir.<\/p>\n<p>Bu noktada, mahalle, sokak ya\u015fant\u0131s\u0131 gibi kavramlar\u0131 ve k\u00fclt\u00fcr\u00fc kendi i\u00e7inde ya\u015fatmaya devam eden, yo\u011funluk i\u00e7inde kendi kimli\u011fini halen korumaya \u00e7al\u0131\u015fan nadir semtlerden biri olan Moda semti \u00f6zelinde zemin kotlar\u0131 \u00fczerinden mahalle kavram\u0131na yeniden bak\u0131\u015f ele al\u0131nm\u0131\u015ft\u0131r.[\/vc_column_text][vc_empty_space][vc_gallery interval=&#8221;10&#8243; images=&#8221;10897,10902,10899,10900,10901&#8243; img_size=&#8221;full&#8221;][vc_empty_space][\/vc_column][vc_column width=&#8221;1\/6&#8243;][vc_single_image image=&#8221;10859&#8243; img_size=&#8221;full&#8221; alignment=&#8221;center&#8221; style=&#8221;vc_box_border&#8221; onclick=&#8221;custom_link&#8221; img_link_target=&#8221;_blank&#8221;][vc_empty_space height=&#8221;16px&#8221;][vc_row_inner][vc_column_inner][vc_column_text][\/vc_column_text][\/vc_column_inner][\/vc_row_inner][vc_row_inner][vc_column_inner width=&#8221;2\/3&#8243;][\/vc_column_inner][vc_column_inner width=&#8221;1\/3&#8243;][\/vc_column_inner][\/vc_row_inner][\/vc_column][\/vc_row][\/vc_section]<\/p>\n<\/div>","protected":false},"excerpt":{"rendered":"<p>[vc_section][vc_row][vc_column width=&#8221;1\/6&#8243;][vc_single_image image=&#8221;10842&#8243; img_size=&#8221;large&#8221; alignment=&#8221;center&#8221;][vc_empty_space][vc_column_text]Beyzanur \u00d6zteker[\/vc_column_text][vc_empty_space height=&#8221;16px&#8221;][vc_column_text]Mimar Maltepe \u00dcniversitesi G\u00fcz 2022 Dan\u0131\u015fman: Ersen G\u00fcrsel &#8211; Ay\u015feg\u00fcl Kuru\u00e7[\/vc_column_text][vc_empty_space][\/vc_column][vc_column width=&#8221;2\/3&#8243;][vc_column_text]Moda\u2019da Mahalle Kavram\u0131n\u0131n Zemin Kotlar\u0131 \u00dczerinden \u0130ncelenmesi[\/vc_column_text][vc_column_text]G\u00fcn\u00fcm\u00fczde ya\u015fam \u015fekilleri bir\u00e7ok sebeple farkl\u0131la\u015fmaya ba\u015flad\u0131. [&hellip;]<\/p>\n","protected":false},"author":7,"featured_media":0,"parent":0,"menu_order":0,"comment_status":"closed","ping_status":"closed","template":"","meta":{"_acf_changed":false,"_seopress_robots_primary_cat":"","_seopress_titles_title":"Beyzanur \u00d6zteker: Moda\u2019da Mahalle Kavram\u0131n\u0131n Zemin Kotlar\u0131 \u00dczerinden \u0130ncelenmesi | %%sitetitle%%","_seopress_titles_desc":"Bu \u00e7al\u0131\u015fmada Moda semti \u00f6zelinde zemin kotlar\u0131 \u00fczerinden mahalle kavram\u0131na yeniden bak\u0131\u015f ele al\u0131nm\u0131\u015ft\u0131r.","_seopress_robots_index":"","_price":"","_stock":"","_tribe_ticket_header":"","_tribe_default_ticket_provider":"","_tribe_ticket_capacity":"0","_ticket_start_date":"","_ticket_end_date":"","_tribe_ticket_show_description":"","_tribe_ticket_show_not_going":false,"_tribe_ticket_use_global_stock":"","_tribe_ticket_global_stock_level":"","_global_stock_mode":"","_global_stock_cap":"","_tribe_rsvp_for_event":"","_tribe_ticket_going_count":"","_tribe_ticket_not_going_count":"","_tribe_tickets_list":"[]","_tribe_ticket_has_attendee_info_fields":false,"_EventAllDay":false,"_EventTimezone":"","_EventStartDate":"","_EventEndDate":"","_EventStartDateUTC":"","_EventEndDateUTC":"","_EventShowMap":false,"_EventShowMapLink":false,"_EventURL":"","_EventCost":"","_EventCostDescription":"","_EventCurrencySymbol":"","_EventCurrencyCode":"","_EventCurrencyPosition":"","_EventDateTimeSeparator":"","_EventTimeRangeSeparator":"","_EventOrganizerID":[],"_EventVenueID":[],"_OrganizerEmail":"","_OrganizerPhone":"","_OrganizerWebsite":"","_VenueAddress":"","_VenueCity":"","_VenueCountry":"","_VenueProvince":"","_VenueState":"","_VenueZip":"","_VenuePhone":"","_VenueURL":"","_VenueStateProvince":"","_VenueLat":"","_VenueLng":"","_VenueShowMap":false,"_VenueShowMapLink":false,"footnotes":"","_tec_slr_enabled":"","_tec_slr_layout":""},"class_list":["post-10896","page","type-page","status-publish","hentry"],"acf":[],"ticketed":false,"_links":{"self":[{"href":"https:\/\/aura-istanbul.com\/index.php\/wp-json\/wp\/v2\/pages\/10896","targetHints":{"allow":["GET"]}}],"collection":[{"href":"https:\/\/aura-istanbul.com\/index.php\/wp-json\/wp\/v2\/pages"}],"about":[{"href":"https:\/\/aura-istanbul.com\/index.php\/wp-json\/wp\/v2\/types\/page"}],"author":[{"embeddable":true,"href":"https:\/\/aura-istanbul.com\/index.php\/wp-json\/wp\/v2\/users\/7"}],"replies":[{"embeddable":true,"href":"https:\/\/aura-istanbul.com\/index.php\/wp-json\/wp\/v2\/comments?post=10896"}],"version-history":[{"count":2,"href":"https:\/\/aura-istanbul.com\/index.php\/wp-json\/wp\/v2\/pages\/10896\/revisions"}],"predecessor-version":[{"id":15191,"href":"https:\/\/aura-istanbul.com\/index.php\/wp-json\/wp\/v2\/pages\/10896\/revisions\/15191"}],"wp:attachment":[{"href":"https:\/\/aura-istanbul.com\/index.php\/wp-json\/wp\/v2\/media?parent=10896"}],"curies":[{"name":"wp","href":"https:\/\/api.w.org\/{rel}","templated":true}]}}