{"id":10912,"date":"2023-02-21T14:00:57","date_gmt":"2023-02-21T11:00:57","guid":{"rendered":"https:\/\/aura-istanbul.com\/?page_id=10912"},"modified":"2025-09-23T20:49:48","modified_gmt":"2025-09-23T17:49:48","slug":"aura-alumni-can-kayaaslan","status":"publish","type":"page","link":"https:\/\/aura-istanbul.com\/index.php\/aura-alumni-can-kayaaslan\/","title":{"rendered":"AURA Alumni: Can Kayaaslan"},"content":{"rendered":"<div class=\"wpb-content-wrapper\"><p>[vc_section][vc_row][vc_column width=&#8221;1\/6&#8243;][vc_single_image image=&#8221;10844&#8243; img_size=&#8221;large&#8221; alignment=&#8221;center&#8221;][vc_empty_space][vc_column_text]<strong>Can Kayaaslan<\/strong>[\/vc_column_text][vc_empty_space height=&#8221;16px&#8221;][vc_column_text]Mimar<br \/>\nTED \u00dcniversitesi<\/p>\n<p>G\u00fcz 2022<br \/>\nDan\u0131\u015fman: Ersen G\u00fcrsel &#8211; Ay\u015feg\u00fcl Kuru\u00e7[\/vc_column_text][vc_empty_space][\/vc_column][vc_column width=&#8221;2\/3&#8243;][vc_column_text]<strong>\u0130htiya\u00e7s\u0131z Mekana Zemin Haz\u0131rlamak: Tophane-i Amire<\/strong>[\/vc_column_text][vc_column_text]G\u00fcnl\u00fck ya\u015fant\u0131m\u0131zda bulundu\u011fumuz pek az mekan ve yapt\u0131\u011f\u0131m\u0131z pek az \u015fey ihtiya\u00e7lardan ar\u0131nm\u0131\u015f durumda. Devaml\u0131 olarak kar\u015f\u0131lamam\u0131z gereken fiziksel, sosyal, maddi ve manevi ihtiya\u00e7lar\u0131m\u0131z var. Fark\u0131nda olmasak da \u00e7al\u0131\u015ft\u0131\u011f\u0131m\u0131z i\u015fler ve yapt\u0131\u011f\u0131m\u0131z \u00fcretimler de \u00f6nce ba\u015fka insanlar\u0131n ihtiya\u00e7lar\u0131n\u0131 kar\u015f\u0131lamak (hizmet sunmak), ard\u0131ndan kazand\u0131\u011f\u0131m\u0131z ile kendi ihtiya\u00e7lar\u0131m\u0131z\u0131 kar\u015f\u0131lamam\u0131za dayan\u0131yor. Zorunlu olarak t\u00fcketti\u011fimiz ve t\u00fcketmek i\u00e7in \u00fcretti\u011fimiz, tamamen ihtiya\u00e7 kavram\u0131n\u0131n y\u00f6netti\u011fi bir d\u00f6ng\u00fc mevcut. Ancak bu d\u00f6ng\u00fcn\u00fcn \u00f6tesinde Antik Yunanl\u0131lar\u0131n \u201cPraksis\u201d olarak adland\u0131rd\u0131\u011f\u0131 bir olas\u0131l\u0131k daha var. Fakat bu mimarl\u0131\u011f\u0131n \u00f6tesinde sosyolojik bir problemdir. Sadece mimarl\u0131kla \u00e7\u00f6z\u00fclmesi m\u00fcmk\u00fcn de\u011fildir. Mimarl\u0131\u011f\u0131n g\u00f6revi bu sorun i\u00e7in \u00e7\u00f6z\u00fcm\u00fcn harekete ge\u00e7ebilece\u011fi zemin haz\u0131rlamakt\u0131r. \u00c7\u00fcnk\u00fc praksis i\u00e7in gereksinimleri kar\u015f\u0131lamayan kamusal mekanlarla dolu bir \u015fehirde praksisin kendisini beklemek m\u00fcmk\u00fcn de\u011fildir.<\/p>\n<p>Proje bunu ger\u00e7ekle\u015ftirmek i\u00e7in Tophane&#8217;yi konu al\u0131r. Galataport ard\u0131ndan Tophane&#8217;de art\u0131k a\u00e7\u0131k mekanlar dahi &#8220;ihtiya\u00e7s\u0131z&#8221; de\u011fil, \u00e7\u00fcnk\u00fc Galataport b\u00f6lgeye gelen her bireyi m\u00fc\u015fteri olarak de\u011ferlendirip t\u00fcketim odakl\u0131 kurgulanm\u0131\u015f bir yap\u0131da. Ancak sahada bulunan Tophane-i Amire, Sanatkarlar Park\u0131, park\u0131n yan\u0131ndaki Hamam ve Sur Kal\u0131nt\u0131lar\u0131 hen\u00fcz b\u00f6lgedeki t\u00fcketim d\u00f6ng\u00fcs\u00fcne kurban olmam\u0131\u015f a\u00e7\u0131k alanlar. Bu an\u0131tsal alanlar\u0131n kendi i\u00e7inde dola\u015f\u0131m problemleri olsa dahi semte kazand\u0131rabilecekleri b\u00fcy\u00fck bir kamusal alan potansiyelleri var. Proje bu \u00fc\u00e7 alanda tasar\u0131m \u00f6nerileri geli\u015ftiriyor, bu b\u00f6lgelerin birlikte \u00e7al\u0131\u015fmas\u0131yla an\u0131tsal mekanlar i\u00e7inde dola\u015f\u0131m rotalar\u0131 ve &#8220;praksis&#8221; mekanlar\u0131 sunmay\u0131 ama\u00e7l\u0131yor.[\/vc_column_text][vc_empty_space][vc_gallery interval=&#8221;10&#8243; images=&#8221;10913,10914,10915,10916,10917&#8243; img_size=&#8221;full&#8221;][vc_empty_space][\/vc_column][vc_column width=&#8221;1\/6&#8243;][vc_single_image image=&#8221;10861&#8243; img_size=&#8221;full&#8221; alignment=&#8221;center&#8221; style=&#8221;vc_box_border&#8221; onclick=&#8221;custom_link&#8221; img_link_target=&#8221;_blank&#8221;][vc_empty_space height=&#8221;16px&#8221;][vc_row_inner][vc_column_inner][vc_column_text][\/vc_column_text][\/vc_column_inner][\/vc_row_inner][vc_row_inner][vc_column_inner width=&#8221;2\/3&#8243;][\/vc_column_inner][vc_column_inner width=&#8221;1\/3&#8243;][\/vc_column_inner][\/vc_row_inner][\/vc_column][\/vc_row][\/vc_section]<\/p>\n<\/div>","protected":false},"excerpt":{"rendered":"<p>[vc_section][vc_row][vc_column width=&#8221;1\/6&#8243;][vc_single_image image=&#8221;10844&#8243; img_size=&#8221;large&#8221; alignment=&#8221;center&#8221;][vc_empty_space][vc_column_text]Can Kayaaslan[\/vc_column_text][vc_empty_space height=&#8221;16px&#8221;][vc_column_text]Mimar TED \u00dcniversitesi G\u00fcz 2022 Dan\u0131\u015fman: Ersen G\u00fcrsel &#8211; Ay\u015feg\u00fcl Kuru\u00e7[\/vc_column_text][vc_empty_space][\/vc_column][vc_column width=&#8221;2\/3&#8243;][vc_column_text]\u0130htiya\u00e7s\u0131z Mekana Zemin Haz\u0131rlamak: Tophane-i Amire[\/vc_column_text][vc_column_text]G\u00fcnl\u00fck ya\u015fant\u0131m\u0131zda bulundu\u011fumuz pek az mekan ve yapt\u0131\u011f\u0131m\u0131z [&hellip;]<\/p>\n","protected":false},"author":7,"featured_media":0,"parent":0,"menu_order":0,"comment_status":"closed","ping_status":"closed","template":"","meta":{"_acf_changed":false,"_seopress_robots_primary_cat":"","_seopress_titles_title":"Can Kayaaslan: \u0130htiya\u00e7s\u0131z Mekana Zemin Haz\u0131rlamak: Tophane-i Amire | %%sitetitle%%","_seopress_titles_desc":"Proje Tophane-i Amire'de tasar\u0131m \u00f6nerileri geli\u015ftirerek an\u0131tsal mekanlar i\u00e7inde dola\u015f\u0131m rotalar\u0131 ve \"praksis\" mekanlar\u0131 sunmay\u0131 ama\u00e7l\u0131yor.","_seopress_robots_index":"","_price":"","_stock":"","_tribe_ticket_header":"","_tribe_default_ticket_provider":"","_tribe_ticket_capacity":"0","_ticket_start_date":"","_ticket_end_date":"","_tribe_ticket_show_description":"","_tribe_ticket_show_not_going":false,"_tribe_ticket_use_global_stock":"","_tribe_ticket_global_stock_level":"","_global_stock_mode":"","_global_stock_cap":"","_tribe_rsvp_for_event":"","_tribe_ticket_going_count":"","_tribe_ticket_not_going_count":"","_tribe_tickets_list":"[]","_tribe_ticket_has_attendee_info_fields":false,"_EventAllDay":false,"_EventTimezone":"","_EventStartDate":"","_EventEndDate":"","_EventStartDateUTC":"","_EventEndDateUTC":"","_EventShowMap":false,"_EventShowMapLink":false,"_EventURL":"","_EventCost":"","_EventCostDescription":"","_EventCurrencySymbol":"","_EventCurrencyCode":"","_EventCurrencyPosition":"","_EventDateTimeSeparator":"","_EventTimeRangeSeparator":"","_EventOrganizerID":[],"_EventVenueID":[],"_OrganizerEmail":"","_OrganizerPhone":"","_OrganizerWebsite":"","_VenueAddress":"","_VenueCity":"","_VenueCountry":"","_VenueProvince":"","_VenueState":"","_VenueZip":"","_VenuePhone":"","_VenueURL":"","_VenueStateProvince":"","_VenueLat":"","_VenueLng":"","_VenueShowMap":false,"_VenueShowMapLink":false,"footnotes":"","_tec_slr_enabled":"","_tec_slr_layout":""},"class_list":["post-10912","page","type-page","status-publish","hentry"],"acf":[],"ticketed":false,"_links":{"self":[{"href":"https:\/\/aura-istanbul.com\/index.php\/wp-json\/wp\/v2\/pages\/10912","targetHints":{"allow":["GET"]}}],"collection":[{"href":"https:\/\/aura-istanbul.com\/index.php\/wp-json\/wp\/v2\/pages"}],"about":[{"href":"https:\/\/aura-istanbul.com\/index.php\/wp-json\/wp\/v2\/types\/page"}],"author":[{"embeddable":true,"href":"https:\/\/aura-istanbul.com\/index.php\/wp-json\/wp\/v2\/users\/7"}],"replies":[{"embeddable":true,"href":"https:\/\/aura-istanbul.com\/index.php\/wp-json\/wp\/v2\/comments?post=10912"}],"version-history":[{"count":4,"href":"https:\/\/aura-istanbul.com\/index.php\/wp-json\/wp\/v2\/pages\/10912\/revisions"}],"predecessor-version":[{"id":15189,"href":"https:\/\/aura-istanbul.com\/index.php\/wp-json\/wp\/v2\/pages\/10912\/revisions\/15189"}],"wp:attachment":[{"href":"https:\/\/aura-istanbul.com\/index.php\/wp-json\/wp\/v2\/media?parent=10912"}],"curies":[{"name":"wp","href":"https:\/\/api.w.org\/{rel}","templated":true}]}}