{"id":10921,"date":"2023-02-21T14:37:42","date_gmt":"2023-02-21T11:37:42","guid":{"rendered":"https:\/\/aura-istanbul.com\/?page_id=10921"},"modified":"2025-09-23T20:49:34","modified_gmt":"2025-09-23T17:49:34","slug":"aura-alumni-dilara-gulen","status":"publish","type":"page","link":"https:\/\/aura-istanbul.com\/index.php\/aura-alumni-dilara-gulen\/","title":{"rendered":"AURA Alumni: Dilara G\u00fclen"},"content":{"rendered":"<div class=\"wpb-content-wrapper\"><p>[vc_section][vc_row][vc_column width=&#8221;1\/6&#8243;][vc_single_image image=&#8221;10845&#8243; img_size=&#8221;large&#8221; alignment=&#8221;center&#8221;][vc_empty_space][vc_column_text]<strong>Dilara G\u00fclen<\/strong>[\/vc_column_text][vc_empty_space height=&#8221;16px&#8221;][vc_column_text]Mimar<br \/>\nBah\u00e7e\u015fehir \u00dcniversitesi<\/p>\n<p>G\u00fcz 2022<br \/>\nDan\u0131\u015fman: Ersen G\u00fcrsel &#8211; Ay\u015feg\u00fcl Kuru\u00e7[\/vc_column_text][vc_empty_space][\/vc_column][vc_column width=&#8221;2\/3&#8243;][vc_column_text]<\/p>\n<div class=\"wpb_text_column wpb_content_element \">\n<div class=\"wpb_wrapper\">\n<p><strong>Hali\u00e7 K\u0131y\u0131 \u015eeridinde De\u011fi\u015fmeyen Doku: Per\u015fembe Pazar\u0131<\/strong><\/p>\n<\/div>\n<\/div>\n<p>[\/vc_column_text][vc_column_text]\u0130stanbul\u2019un merkezinde bulunan Hali\u00e7, do\u011fal liman \u00f6zelli\u011fine sahip olmas\u0131 nedeniyle ilk yerle\u015fimlerden beri tercih edilen ve \u0130stanbul\u2019un geli\u015fimine katk\u0131 sa\u011flayan bir b\u00f6lge olmu\u015ftur. Hali\u00e7 k\u0131y\u0131lar\u0131 ge\u00e7mi\u015fte mesire yeri olarak kullan\u0131larak \u0130stanbul halk\u0131n\u0131n ye\u015fil alan ve esenlik ihtiyac\u0131n\u0131n kar\u015f\u0131land\u0131\u011f\u0131 ve su ile ili\u015fkisinin aktif oldu\u011fu bir yer olarak da kar\u015f\u0131m\u0131za \u00e7\u0131kmaktad\u0131r. Ancak kontrols\u00fcz n\u00fcfus art\u0131\u015f\u0131 ve sanayile\u015fme gibi nedenlerden dolay\u0131 \u0130stanbul yeniden yap\u0131lanma s\u00fcrecine girmi\u015f ve k\u0131y\u0131 b\u00f6lgelerinde de\u011fi\u015fim s\u00fcreci ba\u015flam\u0131\u015ft\u0131r. Hali\u00e7 k\u0131y\u0131 dokusu da d\u00f6n\u00fc\u015f\u00fcme girmi\u015f, tahrip edilmi\u015f ve mesire yeri olma \u00f6zelli\u011fini zamanla kaybetmi\u015ftir.<\/p>\n<p>Hali\u00e7 k\u0131y\u0131s\u0131ndaki doku de\u011fi\u015fimi tarihsel s\u00fcre\u00e7te incelendi\u011finde Per\u015fembe Pazar\u0131 alan\u0131ndaki ticaret dokusunun eski zamanlardan beri sabit kald\u0131\u011f\u0131 tespit edilmi\u015ftir. Konum, ula\u015f\u0131labilirlik ve bellek bak\u0131m\u0131ndan \u0130stanbul i\u00e7in \u00f6nemli bir konuma sahip olan Per\u015fembe Pazar\u0131 alan\u0131n\u0131n g\u00fcn\u00fcm\u00fczde bir\u00e7ok bariyer aras\u0131nda kald\u0131\u011f\u0131 ve potansiyelinin elveri\u015fli \u015fekilde kullan\u0131lamad\u0131\u011f\u0131 g\u00f6zlemlenmi\u015ftir. Bu \u00e7al\u0131\u015fmada Per\u015fembe Pazar\u0131 b\u00f6lgesi incelenmi\u015f, analiz edilmi\u015f ve b\u00f6lgenin eski canl\u0131l\u0131\u011f\u0131n\u0131 geri kazanmas\u0131 ve esenli\u011fe kavu\u015fturulmas\u0131 ad\u0131na \u00f6neriler sunulmu\u015ftur. Y\u00f6ntem olarak alan\u0131n \u00f6nemini ve g\u00fcn\u00fcm\u00fczdeki durumunu ortaya koymak i\u00e7in mek\u00e2nsal analizler, ki\u015fisel g\u00f6zlemler ve b\u00f6lgenin s\u00fcrekli ve ge\u00e7ici kullan\u0131c\u0131lar\u0131 ile g\u00f6r\u00fc\u015fmeler yap\u0131lm\u0131\u015ft\u0131r. Yap\u0131lan bu analizler sonucunda alandaki engeller belirlenmi\u015f ve alan\u0131n potansiyellerine y\u00f6nelik \u00e7\u00f6z\u00fcm \u00f6nerileri geli\u015ftirilmi\u015ftir.[\/vc_column_text][vc_empty_space][vc_gallery interval=&#8221;10&#8243; images=&#8221;10922,10923,10924,10925,10926&#8243; img_size=&#8221;full&#8221;][vc_empty_space][\/vc_column][vc_column width=&#8221;1\/6&#8243;][vc_single_image image=&#8221;10862&#8243; img_size=&#8221;full&#8221; alignment=&#8221;center&#8221; style=&#8221;vc_box_border&#8221; onclick=&#8221;custom_link&#8221; img_link_target=&#8221;_blank&#8221;][vc_empty_space height=&#8221;16px&#8221;][vc_row_inner][vc_column_inner][vc_column_text][\/vc_column_text][\/vc_column_inner][\/vc_row_inner][vc_row_inner][vc_column_inner width=&#8221;2\/3&#8243;][\/vc_column_inner][vc_column_inner width=&#8221;1\/3&#8243;][\/vc_column_inner][\/vc_row_inner][\/vc_column][\/vc_row][\/vc_section]<\/p>\n<\/div>","protected":false},"excerpt":{"rendered":"<p>[vc_section][vc_row][vc_column width=&#8221;1\/6&#8243;][vc_single_image image=&#8221;10845&#8243; img_size=&#8221;large&#8221; alignment=&#8221;center&#8221;][vc_empty_space][vc_column_text]Dilara G\u00fclen[\/vc_column_text][vc_empty_space height=&#8221;16px&#8221;][vc_column_text]Mimar Bah\u00e7e\u015fehir \u00dcniversitesi G\u00fcz 2022 Dan\u0131\u015fman: Ersen G\u00fcrsel &#8211; Ay\u015feg\u00fcl Kuru\u00e7[\/vc_column_text][vc_empty_space][\/vc_column][vc_column width=&#8221;2\/3&#8243;][vc_column_text] Hali\u00e7 K\u0131y\u0131 \u015eeridinde De\u011fi\u015fmeyen Doku: Per\u015fembe Pazar\u0131 [\/vc_column_text][vc_column_text]\u0130stanbul\u2019un merkezinde bulunan Hali\u00e7, do\u011fal [&hellip;]<\/p>\n","protected":false},"author":7,"featured_media":0,"parent":0,"menu_order":0,"comment_status":"closed","ping_status":"closed","template":"","meta":{"_acf_changed":false,"_seopress_robots_primary_cat":"","_seopress_titles_title":"Dilara G\u00fclen: Hali\u00e7 K\u0131y\u0131 \u015eeridinde De\u011fi\u015fmeyen Doku: Per\u015fembe Pazar\u0131 | %%sitetitle%%","_seopress_titles_desc":"Bu \u00e7al\u0131\u015fmada Per\u015fembe Pazar\u0131 b\u00f6lgesi incelenmi\u015f, analiz edilmi\u015f ve b\u00f6lgenin eski canl\u0131l\u0131\u011f\u0131n\u0131 geri kazanmas\u0131 ve esenli\u011fe kavu\u015fturulmas\u0131 ad\u0131na \u00f6neriler sunulmu\u015ftur.","_seopress_robots_index":"","_price":"","_stock":"","_tribe_ticket_header":"","_tribe_default_ticket_provider":"","_tribe_ticket_capacity":"0","_ticket_start_date":"","_ticket_end_date":"","_tribe_ticket_show_description":"","_tribe_ticket_show_not_going":false,"_tribe_ticket_use_global_stock":"","_tribe_ticket_global_stock_level":"","_global_stock_mode":"","_global_stock_cap":"","_tribe_rsvp_for_event":"","_tribe_ticket_going_count":"","_tribe_ticket_not_going_count":"","_tribe_tickets_list":"[]","_tribe_ticket_has_attendee_info_fields":false,"_EventAllDay":false,"_EventTimezone":"","_EventStartDate":"","_EventEndDate":"","_EventStartDateUTC":"","_EventEndDateUTC":"","_EventShowMap":false,"_EventShowMapLink":false,"_EventURL":"","_EventCost":"","_EventCostDescription":"","_EventCurrencySymbol":"","_EventCurrencyCode":"","_EventCurrencyPosition":"","_EventDateTimeSeparator":"","_EventTimeRangeSeparator":"","_EventOrganizerID":[],"_EventVenueID":[],"_OrganizerEmail":"","_OrganizerPhone":"","_OrganizerWebsite":"","_VenueAddress":"","_VenueCity":"","_VenueCountry":"","_VenueProvince":"","_VenueState":"","_VenueZip":"","_VenuePhone":"","_VenueURL":"","_VenueStateProvince":"","_VenueLat":"","_VenueLng":"","_VenueShowMap":false,"_VenueShowMapLink":false,"footnotes":"","_tec_slr_enabled":"","_tec_slr_layout":""},"class_list":["post-10921","page","type-page","status-publish","hentry"],"acf":[],"ticketed":false,"_links":{"self":[{"href":"https:\/\/aura-istanbul.com\/index.php\/wp-json\/wp\/v2\/pages\/10921","targetHints":{"allow":["GET"]}}],"collection":[{"href":"https:\/\/aura-istanbul.com\/index.php\/wp-json\/wp\/v2\/pages"}],"about":[{"href":"https:\/\/aura-istanbul.com\/index.php\/wp-json\/wp\/v2\/types\/page"}],"author":[{"embeddable":true,"href":"https:\/\/aura-istanbul.com\/index.php\/wp-json\/wp\/v2\/users\/7"}],"replies":[{"embeddable":true,"href":"https:\/\/aura-istanbul.com\/index.php\/wp-json\/wp\/v2\/comments?post=10921"}],"version-history":[{"count":2,"href":"https:\/\/aura-istanbul.com\/index.php\/wp-json\/wp\/v2\/pages\/10921\/revisions"}],"predecessor-version":[{"id":15188,"href":"https:\/\/aura-istanbul.com\/index.php\/wp-json\/wp\/v2\/pages\/10921\/revisions\/15188"}],"wp:attachment":[{"href":"https:\/\/aura-istanbul.com\/index.php\/wp-json\/wp\/v2\/media?parent=10921"}],"curies":[{"name":"wp","href":"https:\/\/api.w.org\/{rel}","templated":true}]}}