{"id":10928,"date":"2023-02-21T14:48:01","date_gmt":"2023-02-21T11:48:01","guid":{"rendered":"https:\/\/aura-istanbul.com\/?page_id=10928"},"modified":"2025-09-23T20:49:23","modified_gmt":"2025-09-23T17:49:23","slug":"aura-alumni-gizem-ozmen","status":"publish","type":"page","link":"https:\/\/aura-istanbul.com\/index.php\/aura-alumni-gizem-ozmen\/","title":{"rendered":"AURA Alumni: Gizem \u00d6zmen"},"content":{"rendered":"<div class=\"wpb-content-wrapper\"><p>[vc_section][vc_row][vc_column width=&#8221;1\/6&#8243;][vc_single_image image=&#8221;10846&#8243; img_size=&#8221;large&#8221; alignment=&#8221;center&#8221;][vc_empty_space][vc_column_text]<strong>Gizem \u00d6zmen<\/strong>[\/vc_column_text][vc_empty_space height=&#8221;16px&#8221;][vc_column_text]Mimar<br \/>\nTrakya \u00dcniversitesi<\/p>\n<p>G\u00fcz 2022<br \/>\nDan\u0131\u015fman: Ersen G\u00fcrsel &#8211; Ay\u015feg\u00fcl Kuru\u00e7[\/vc_column_text][vc_empty_space][\/vc_column][vc_column width=&#8221;2\/3&#8243;][vc_column_text]<\/p>\n<div class=\"wpb_text_column wpb_content_element \">\n<div class=\"wpb_wrapper\">\n<p><strong>Balat\u2019\u0131n \u0130yile\u015fme S\u00fcrecinde Bo\u015fluklar\u0131n De\u011ferlendirilmesi<\/strong><\/p>\n<\/div>\n<\/div>\n<p>[\/vc_column_text][vc_column_text]Bir toplulu\u011fun ortaya \u00e7\u0131k\u0131\u015f\u0131 ve varl\u0131\u011f\u0131n\u0131 s\u00fcrd\u00fcrebilmesi, ka\u00e7\u0131n\u0131lmaz olarak mek\u00e2nsal bir meseledir. \u00c7\u00fcnk\u00fc bir grup insan\u0131n alelade bir kalabal\u0131k olman\u0131n \u00f6tesine ge\u00e7ip kolektif eylemlilikleri yoluyla kendini kurabilmesi, tan\u0131m gere\u011fi bir yer- kalabal\u0131k olu\u015fturulmas\u0131n\u0131n \u00f6tesinde kolektif bir bilin\u00e7 olu\u015fumu yer-kurma s\u00fcrecini i\u00e7erir. <a href=\"#_ftn1\" name=\"_ftnref1\"><sup>[1]<\/sup><\/a><\/p>\n<p>Bu d\u00fc\u015f\u00fcnce toplumla mek\u00e2n aras\u0131nda yads\u0131namaz bir ba\u011f oldu\u011funu ortaya koyar. Mekanlar\u0131n \u00fczerinde hayata ge\u00e7irilen her karar, do\u011frudan toplumu \u015fekillendirmeye, etkilemeye y\u00f6neliktir. Kararlar\u0131n do\u011fru kurgulanmas\u0131, toplumun ihtiya\u00e7lar\u0131na cevap verebilmesi, bahsi ge\u00e7en olu\u015fumun varl\u0131\u011f\u0131n s\u00fcrd\u00fcr\u00fclebilmesi i\u00e7in gereklidir. Tasarlanm\u0131\u015f mekanlar\u0131n bireylerin ihtiya\u00e7lar\u0131na cevap vermemesi, alan\u0131n sahip oldu\u011fu potansiyelin kay\u0131p olmas\u0131na ve dolayl\u0131 olarak toplum \u00fcyelerinin mek\u00e2na \u00f6zg\u00fc ihtimallerin kaybolmas\u0131na neden olur. Tasarlanm\u0131\u015f kamusal mek\u00e2n \u00fczerinde ger\u00e7ekle\u015fen kar\u015f\u0131la\u015fmalar kom\u00fcnite duygusu in\u015fa eder, toplum esenli\u011fi ise kar\u015f\u0131la\u015fan farkl\u0131l\u0131klar\u0131n birli\u011fi ve uyumu yoluyla sa\u011flanabilir. Yap\u0131lan \u00e7al\u0131\u015fma Balat\u2019\u0131 incelemek ve fark edilen problemlere \u00e7\u00f6z\u00fcm \u00f6nerileri ortaya koymak \u00fczerinedir. Y\u00f6ntem olarak mek\u00e2nsal kullan\u0131m analizleri, alanda yap\u0131lan ki\u015fisel g\u00f6zlemler ve kentsel \u00e7evrenin \u00f6zellikleri \u00fczerinden \u00e7al\u0131\u015fmalar yap\u0131lm\u0131\u015ft\u0131r. Veriler de\u011ferlendirilerek mevcut durum ortaya konmu\u015f, kentsel bo\u015fluklar tespit edilmi\u015f ve bo\u015fluklar\u0131n \u00f6zelliklerine g\u00f6re \u00e7\u00f6z\u00fcm \u00f6nerileri geli\u015ftirilmi\u015ftir.<\/p>\n<p><a href=\"#_ftnref1\" name=\"_ftn1\"><sup>[1]<\/sup><\/a> 1.Nicholas Blomley, \u201c\u00c7itleme, Ortak Kullan\u0131m Hakk\u0131 ve Yoksulun M\u00fclkiyeti\u201d Herkesin Herkes \u0130\u00e7in: M\u00fc\u015fterekler \u00dczerine Ele\u015ftirel Bir Antoloji i\u00e7inde [Haz: Fikret Adaman, Bengi Akbulut ve Umut Kocag\u00f6z] Metis Yay., 2017, s. 209-233.<\/p>\n<p>[\/vc_column_text][vc_empty_space][vc_gallery interval=&#8221;10&#8243; images=&#8221;10930,10932,10931,10933,10929&#8243; img_size=&#8221;full&#8221;][vc_empty_space][\/vc_column][vc_column width=&#8221;1\/6&#8243;][vc_single_image image=&#8221;10863&#8243; img_size=&#8221;full&#8221; alignment=&#8221;center&#8221; style=&#8221;vc_box_border&#8221; onclick=&#8221;custom_link&#8221; img_link_target=&#8221;_blank&#8221;][vc_empty_space height=&#8221;16px&#8221;][vc_row_inner][vc_column_inner][vc_column_text][\/vc_column_text][\/vc_column_inner][\/vc_row_inner][vc_row_inner][vc_column_inner width=&#8221;2\/3&#8243;][\/vc_column_inner][vc_column_inner width=&#8221;1\/3&#8243;][\/vc_column_inner][\/vc_row_inner][\/vc_column][\/vc_row][\/vc_section]<\/p>\n<\/div>","protected":false},"excerpt":{"rendered":"<p>[vc_section][vc_row][vc_column width=&#8221;1\/6&#8243;][vc_single_image image=&#8221;10846&#8243; img_size=&#8221;large&#8221; alignment=&#8221;center&#8221;][vc_empty_space][vc_column_text]Gizem \u00d6zmen[\/vc_column_text][vc_empty_space height=&#8221;16px&#8221;][vc_column_text]Mimar Trakya \u00dcniversitesi G\u00fcz 2022 Dan\u0131\u015fman: Ersen G\u00fcrsel &#8211; Ay\u015feg\u00fcl Kuru\u00e7[\/vc_column_text][vc_empty_space][\/vc_column][vc_column width=&#8221;2\/3&#8243;][vc_column_text] Balat\u2019\u0131n \u0130yile\u015fme S\u00fcrecinde Bo\u015fluklar\u0131n De\u011ferlendirilmesi [\/vc_column_text][vc_column_text]Bir toplulu\u011fun ortaya \u00e7\u0131k\u0131\u015f\u0131 ve varl\u0131\u011f\u0131n\u0131 s\u00fcrd\u00fcrebilmesi, [&hellip;]<\/p>\n","protected":false},"author":7,"featured_media":0,"parent":0,"menu_order":0,"comment_status":"closed","ping_status":"closed","template":"","meta":{"_acf_changed":false,"_seopress_robots_primary_cat":"","_seopress_titles_title":"Gizem \u00d6zmen: Balat\u2019\u0131n \u0130yile\u015fme S\u00fcrecinde Bo\u015fluklar\u0131n De\u011ferlendirilmesi | %%sitetitle%%","_seopress_titles_desc":"Yap\u0131lan \u00e7al\u0131\u015fma Balat\u2019\u0131 incelemek ve fark edilen problemlere \u00e7\u00f6z\u00fcm \u00f6nerileri ortaya koymak \u00fczerinedir. Veriler de\u011ferlendirilerek kentsel bo\u015fluklar tespit edilmi\u015f ve bo\u015fluklar\u0131n \u00f6zelliklerine g\u00f6re \u00e7\u00f6z\u00fcm \u00f6nerileri geli\u015ftirilmi\u015ftir.","_seopress_robots_index":"","_price":"","_stock":"","_tribe_ticket_header":"","_tribe_default_ticket_provider":"","_tribe_ticket_capacity":"0","_ticket_start_date":"","_ticket_end_date":"","_tribe_ticket_show_description":"","_tribe_ticket_show_not_going":false,"_tribe_ticket_use_global_stock":"","_tribe_ticket_global_stock_level":"","_global_stock_mode":"","_global_stock_cap":"","_tribe_rsvp_for_event":"","_tribe_ticket_going_count":"","_tribe_ticket_not_going_count":"","_tribe_tickets_list":"[]","_tribe_ticket_has_attendee_info_fields":false,"_EventAllDay":false,"_EventTimezone":"","_EventStartDate":"","_EventEndDate":"","_EventStartDateUTC":"","_EventEndDateUTC":"","_EventShowMap":false,"_EventShowMapLink":false,"_EventURL":"","_EventCost":"","_EventCostDescription":"","_EventCurrencySymbol":"","_EventCurrencyCode":"","_EventCurrencyPosition":"","_EventDateTimeSeparator":"","_EventTimeRangeSeparator":"","_EventOrganizerID":[],"_EventVenueID":[],"_OrganizerEmail":"","_OrganizerPhone":"","_OrganizerWebsite":"","_VenueAddress":"","_VenueCity":"","_VenueCountry":"","_VenueProvince":"","_VenueState":"","_VenueZip":"","_VenuePhone":"","_VenueURL":"","_VenueStateProvince":"","_VenueLat":"","_VenueLng":"","_VenueShowMap":false,"_VenueShowMapLink":false,"footnotes":"","_tec_slr_enabled":"","_tec_slr_layout":""},"class_list":["post-10928","page","type-page","status-publish","hentry"],"acf":[],"ticketed":false,"_links":{"self":[{"href":"https:\/\/aura-istanbul.com\/index.php\/wp-json\/wp\/v2\/pages\/10928","targetHints":{"allow":["GET"]}}],"collection":[{"href":"https:\/\/aura-istanbul.com\/index.php\/wp-json\/wp\/v2\/pages"}],"about":[{"href":"https:\/\/aura-istanbul.com\/index.php\/wp-json\/wp\/v2\/types\/page"}],"author":[{"embeddable":true,"href":"https:\/\/aura-istanbul.com\/index.php\/wp-json\/wp\/v2\/users\/7"}],"replies":[{"embeddable":true,"href":"https:\/\/aura-istanbul.com\/index.php\/wp-json\/wp\/v2\/comments?post=10928"}],"version-history":[{"count":2,"href":"https:\/\/aura-istanbul.com\/index.php\/wp-json\/wp\/v2\/pages\/10928\/revisions"}],"predecessor-version":[{"id":15187,"href":"https:\/\/aura-istanbul.com\/index.php\/wp-json\/wp\/v2\/pages\/10928\/revisions\/15187"}],"wp:attachment":[{"href":"https:\/\/aura-istanbul.com\/index.php\/wp-json\/wp\/v2\/media?parent=10928"}],"curies":[{"name":"wp","href":"https:\/\/api.w.org\/{rel}","templated":true}]}}