{"id":10935,"date":"2023-02-21T15:09:43","date_gmt":"2023-02-21T12:09:43","guid":{"rendered":"https:\/\/aura-istanbul.com\/?page_id=10935"},"modified":"2025-09-23T20:49:11","modified_gmt":"2025-09-23T17:49:11","slug":"aura-alumni-gulcicek-karaman","status":"publish","type":"page","link":"https:\/\/aura-istanbul.com\/index.php\/aura-alumni-gulcicek-karaman\/","title":{"rendered":"AURA Alumni: G\u00fcl\u00e7i\u00e7ek Karaman"},"content":{"rendered":"<div class=\"wpb-content-wrapper\"><p>[vc_section][vc_row][vc_column width=&#8221;1\/6&#8243;][vc_single_image image=&#8221;10847&#8243; img_size=&#8221;large&#8221; alignment=&#8221;center&#8221;][vc_empty_space][vc_column_text]<strong>G\u00fcl\u00e7i\u00e7ek Karaman<\/strong>[\/vc_column_text][vc_empty_space height=&#8221;16px&#8221;][vc_column_text]Mimar<br \/>\n\u0130stanbul Teknik \u00dcniversitesi<\/p>\n<p>G\u00fcz 2022<br \/>\nDan\u0131\u015fman: Ersen G\u00fcrsel &#8211; Ay\u015feg\u00fcl Kuru\u00e7[\/vc_column_text][vc_empty_space][\/vc_column][vc_column width=&#8221;2\/3&#8243;][vc_column_text]<\/p>\n<div class=\"wpb_text_column wpb_content_element \">\n<div class=\"wpb_wrapper\">\n<p><strong>Olas\u0131l\u0131klar Evreninde Hali\u00e7 D\u00fc\u015fleri<\/strong><\/p>\n<\/div>\n<\/div>\n<p>[\/vc_column_text][vc_column_text]Bir deney arac\u0131 olarak mimari \u00e7izim, bellek, an ve d\u00fc\u015f aras\u0131nda ba\u011flant\u0131 kurabilir; olas\u0131l\u0131klar evreninde var olan\u0131n alternatifini ve alternatifin varl\u0131\u011f\u0131n\u0131 sorgulayabilir.<\/p>\n<p>\u00dcst \u00fcste bindirilmi\u015f ger\u00e7ekliklerin ve kurgular\u0131n \u00f6rt\u00fc\u015ft\u00fc\u011f\u00fc kentsel ba\u011flam\u0131 karma\u015f\u0131kl\u0131\u011f\u0131 i\u00e7inde anlamak, projenin \u00f6l\u00e7ekleraras\u0131 ve zamanlararas\u0131 geli\u015ftirdi\u011fi \u00e7ok katmanl\u0131 okumalar ve anlat\u0131lar i\u00e7in test alan\u0131 olarak, hali\u00e7 k\u0131y\u0131 ve \u00e7evresinin farkl\u0131 manzaralar\u0131 \u00e7al\u0131\u015fma \u00f6rnekleri olarak ele al\u0131nm\u0131\u015ft\u0131r. \u0130stanbul\u2019un yap\u0131sal co\u011frafyas\u0131nda k\u00fclt\u00fcrel, sosyal ve fiziki anlamda \u00e7ok \u00f6nemli bir olu\u015fum olan Hali\u00e7, ilk \u00e7a\u011flardan ba\u015flayan, Roma D\u00f6nemi ve Bizans D\u00f6nemi ile geli\u015fen, Osmanl\u0131\u2019dan g\u00fcn\u00fcm\u00fcze kadar ula\u015fan uzun bir ge\u00e7mi\u015fe sahip, an\u0131tsal yap\u0131lar\u0131 ve geleneksel dokusu ile \u00f6nemli bir tarihi merkezdir. Jeolojik yap\u0131s\u0131 ve co\u011frafi konumu sebebiyle tarih boyunca de\u011ferli bir kentsel yerle\u015fim yeri olmu\u015ftur.<\/p>\n<p>Bu ba\u011flamda Hali\u00e7\u2019te yaln\u0131zca an ya\u015fanmaz, Hali\u00e7\u2019in biriktirdi\u011fi an\u0131lar hem imgesinin olu\u015fum hikayesini anlat\u0131r, hem de gelece\u011fiyle ba\u011flant\u0131 kurar. Bu d\u00f6nemin temas\u0131 olan \u2018esenlik\u2019, olas\u0131l\u0131k ve alternatif kavramlar\u0131 \u00fczerinden de\u011ferlendirilmi\u015ftir. \u00c7izimlerin her biri, \u00e7a\u011fda\u015f mimari temsilin tipik \u00f6zelli\u011fi olan basit indirgemecili\u011fe direnen bir bilgi ve olas\u0131l\u0131klar evrenidir. Yerle\u015fmeyen ve s\u00fcrekli geli\u015fen bir mimarinin, fikirlerin mimarisinin belki de hi\u00e7 tamamlanmayacak g\u00f6rsel, zaman-mekansal bir yolculu\u011fudur. Bu yolculukta kurulan hayaller, ufuk a\u00e7mak, d\u00fc\u015f\u00fcnd\u00fcrmek ve sorgulatmak ister. Bir yandan zihindeki fikirlerin karma\u015f\u0131k d\u00fcnyas\u0131n\u0131 ortaya \u00e7\u0131kar\u0131rken, \u00f6te yandan mimarl\u0131\u011f\u0131n (mekansall\u0131\u011f\u0131n) ili\u015fkiselli\u011fini; mimari \u00e7izim kavram\u0131n\u0131, amac\u0131n\u0131 ve potansiyelini tart\u0131\u015f\u0131r. Her \u00e7izimin bir hikayesi, her hikayenin belle\u011fi, an\u0131 ve d\u00fc\u015f\u00fc vard\u0131r.[\/vc_column_text][vc_empty_space][vc_gallery interval=&#8221;10&#8243; images=&#8221;10936,10937,10941,10938,10939&#8243; img_size=&#8221;full&#8221;][vc_empty_space][\/vc_column][vc_column width=&#8221;1\/6&#8243;][vc_single_image image=&#8221;10864&#8243; img_size=&#8221;full&#8221; alignment=&#8221;center&#8221; style=&#8221;vc_box_border&#8221; onclick=&#8221;custom_link&#8221; img_link_target=&#8221;_blank&#8221;][vc_empty_space height=&#8221;16px&#8221;][vc_row_inner][vc_column_inner][vc_column_text][\/vc_column_text][\/vc_column_inner][\/vc_row_inner][vc_row_inner][vc_column_inner width=&#8221;2\/3&#8243;][\/vc_column_inner][vc_column_inner width=&#8221;1\/3&#8243;][\/vc_column_inner][\/vc_row_inner][\/vc_column][\/vc_row][\/vc_section]<\/p>\n<\/div>","protected":false},"excerpt":{"rendered":"<p>[vc_section][vc_row][vc_column width=&#8221;1\/6&#8243;][vc_single_image image=&#8221;10847&#8243; img_size=&#8221;large&#8221; alignment=&#8221;center&#8221;][vc_empty_space][vc_column_text]G\u00fcl\u00e7i\u00e7ek Karaman[\/vc_column_text][vc_empty_space height=&#8221;16px&#8221;][vc_column_text]Mimar \u0130stanbul Teknik \u00dcniversitesi G\u00fcz 2022 Dan\u0131\u015fman: Ersen G\u00fcrsel &#8211; Ay\u015feg\u00fcl Kuru\u00e7[\/vc_column_text][vc_empty_space][\/vc_column][vc_column width=&#8221;2\/3&#8243;][vc_column_text] Olas\u0131l\u0131klar Evreninde Hali\u00e7 D\u00fc\u015fleri [\/vc_column_text][vc_column_text]Bir deney arac\u0131 olarak mimari \u00e7izim, bellek, [&hellip;]<\/p>\n","protected":false},"author":7,"featured_media":0,"parent":0,"menu_order":0,"comment_status":"closed","ping_status":"closed","template":"","meta":{"_acf_changed":false,"_seopress_robots_primary_cat":"","_seopress_titles_title":"G\u00fcl\u00e7i\u00e7ek Karaman: Olas\u0131l\u0131klar Evreninde Hali\u00e7 D\u00fc\u015fleri | %%sitetitle%%","_seopress_titles_desc":"Bu yolculukta kurulan hayaller, ufuk a\u00e7mak, d\u00fc\u015f\u00fcnd\u00fcrmek ve sorgulatmak ister. Bir yandan zihindeki fikirlerin karma\u015f\u0131k d\u00fcnyas\u0131n\u0131 ortaya \u00e7\u0131kar\u0131rken, \u00f6te yandan mimarl\u0131\u011f\u0131n (mekansall\u0131\u011f\u0131n) ili\u015fkiselli\u011fini; mimari \u00e7izim kavram\u0131n\u0131, amac\u0131n\u0131 ve potansiyelini tart\u0131\u015f\u0131r.","_seopress_robots_index":"","_price":"","_stock":"","_tribe_ticket_header":"","_tribe_default_ticket_provider":"","_tribe_ticket_capacity":"0","_ticket_start_date":"","_ticket_end_date":"","_tribe_ticket_show_description":"","_tribe_ticket_show_not_going":false,"_tribe_ticket_use_global_stock":"","_tribe_ticket_global_stock_level":"","_global_stock_mode":"","_global_stock_cap":"","_tribe_rsvp_for_event":"","_tribe_ticket_going_count":"","_tribe_ticket_not_going_count":"","_tribe_tickets_list":"[]","_tribe_ticket_has_attendee_info_fields":false,"_EventAllDay":false,"_EventTimezone":"","_EventStartDate":"","_EventEndDate":"","_EventStartDateUTC":"","_EventEndDateUTC":"","_EventShowMap":false,"_EventShowMapLink":false,"_EventURL":"","_EventCost":"","_EventCostDescription":"","_EventCurrencySymbol":"","_EventCurrencyCode":"","_EventCurrencyPosition":"","_EventDateTimeSeparator":"","_EventTimeRangeSeparator":"","_EventOrganizerID":[],"_EventVenueID":[],"_OrganizerEmail":"","_OrganizerPhone":"","_OrganizerWebsite":"","_VenueAddress":"","_VenueCity":"","_VenueCountry":"","_VenueProvince":"","_VenueState":"","_VenueZip":"","_VenuePhone":"","_VenueURL":"","_VenueStateProvince":"","_VenueLat":"","_VenueLng":"","_VenueShowMap":false,"_VenueShowMapLink":false,"footnotes":"","_tec_slr_enabled":"","_tec_slr_layout":""},"class_list":["post-10935","page","type-page","status-publish","hentry"],"acf":[],"ticketed":false,"_links":{"self":[{"href":"https:\/\/aura-istanbul.com\/index.php\/wp-json\/wp\/v2\/pages\/10935","targetHints":{"allow":["GET"]}}],"collection":[{"href":"https:\/\/aura-istanbul.com\/index.php\/wp-json\/wp\/v2\/pages"}],"about":[{"href":"https:\/\/aura-istanbul.com\/index.php\/wp-json\/wp\/v2\/types\/page"}],"author":[{"embeddable":true,"href":"https:\/\/aura-istanbul.com\/index.php\/wp-json\/wp\/v2\/users\/7"}],"replies":[{"embeddable":true,"href":"https:\/\/aura-istanbul.com\/index.php\/wp-json\/wp\/v2\/comments?post=10935"}],"version-history":[{"count":3,"href":"https:\/\/aura-istanbul.com\/index.php\/wp-json\/wp\/v2\/pages\/10935\/revisions"}],"predecessor-version":[{"id":15186,"href":"https:\/\/aura-istanbul.com\/index.php\/wp-json\/wp\/v2\/pages\/10935\/revisions\/15186"}],"wp:attachment":[{"href":"https:\/\/aura-istanbul.com\/index.php\/wp-json\/wp\/v2\/media?parent=10935"}],"curies":[{"name":"wp","href":"https:\/\/api.w.org\/{rel}","templated":true}]}}