{"id":10952,"date":"2023-02-21T16:39:54","date_gmt":"2023-02-21T13:39:54","guid":{"rendered":"https:\/\/aura-istanbul.com\/?page_id=10952"},"modified":"2025-09-23T20:48:58","modified_gmt":"2025-09-23T17:48:58","slug":"aura-alumni-isilay-turkum","status":"publish","type":"page","link":"https:\/\/aura-istanbul.com\/index.php\/aura-alumni-isilay-turkum\/","title":{"rendered":"AURA Alumni: I\u015f\u0131lay T\u00fcrk\u00fcm"},"content":{"rendered":"<div class=\"wpb-content-wrapper\"><p>[vc_section][vc_row][vc_column width=&#8221;1\/6&#8243;][vc_single_image image=&#8221;10849&#8243; img_size=&#8221;large&#8221; alignment=&#8221;center&#8221;][vc_empty_space][vc_column_text]<strong>I\u015f\u0131lay T\u00fcrk\u00fcm<\/strong>[\/vc_column_text][vc_empty_space height=&#8221;16px&#8221;][vc_column_text]Mimar<br \/>\nFMV I\u015f\u0131k \u00dcniversitesi<\/p>\n<p>G\u00fcz 2022<br \/>\nDan\u0131\u015fman: Ersen G\u00fcrsel &#8211; Ay\u015feg\u00fcl Kuru\u00e7[\/vc_column_text][vc_empty_space][\/vc_column][vc_column width=&#8221;2\/3&#8243;][vc_column_text]<\/p>\n<div class=\"wpb_text_column wpb_content_element \">\n<div class=\"wpb_wrapper\">\n<p><strong>Arkeolojik \u00c7al\u0131\u015fma Alanlar\u0131na Y\u00f6nelik Mobil Tasar\u0131m \u00d6nerisi<\/strong><\/p>\n<\/div>\n<\/div>\n<p>[\/vc_column_text][vc_column_text]Ge\u00e7mi\u015fin ya\u015fam alanlar\u0131 ve mimari elemanlar\u0131, bug\u00fcn\u00fcn \u00f6ren yeri ve kaz\u0131 alanlar\u0131 olan arkeolojik sit alanlar\u0131 ve k\u00fclt\u00fcrel miraslar\u0131m\u0131z, ki\u015fisel ve mesleki olarak ilgimi \u00e7ekmektedir. \u0130lgim ve merak\u0131m do\u011frultusunda bu alanlara y\u00f6nelik haz\u0131rlanan \u00e7evre d\u00fczenlemeleri, koruma kanun ve uygulamalar\u0131 \u00fczerine \u00fclkemizdeki g\u00fcncel i\u015fleyi\u015fi inceledikten sonra saha tecr\u00fcbesi edinmek amac\u0131yla y\u00fcr\u00fct\u00fclen kaz\u0131lar\u0131 gezmeye ve kaz\u0131larda \u00e7al\u0131\u015fmaya ba\u015flad\u0131m. AURA \u0130stanbul G\u00fcz 2022 Ara\u015ft\u0131rma Tabanl\u0131 Tasar\u0131m St\u00fcdyosu\u2019nda bu alanlar\u0131n mevcut durumlar\u0131na ve potansiyellerine y\u00f6nelik neler yap\u0131labilece\u011finin saptand\u0131\u011f\u0131 ve belgelendi\u011fi bir proje altl\u0131\u011f\u0131 olu\u015fturmak istedim. Bu proje kapsam\u0131nda ikisi kent i\u00e7inde, \u00fc\u00e7\u00fc k\u0131rsalda olmak \u00fczere toplam be\u015f kaz\u0131 alan\u0131 inceledim. Yetkili \u00e7al\u0131\u015fan konu\u015fmalar\u0131, literat\u00fcr taramalar\u0131 ve okumalarla alanlar\u0131n mevcut durumunu ve alanlara y\u00f6nelik yakla\u015f\u0131m, y\u00f6nerge ve projeleri anlayarak gelecekteki \u00e7al\u0131\u015fma alanlar\u0131nda esenli\u011fi sa\u011flamak amac\u0131yla bir sistem ve tasar\u0131m \u00f6nerisi geli\u015ftirmeye \u00e7al\u0131\u015ft\u0131m.<\/p>\n<p>Arkeolojik \u00e7al\u0131\u015fma alanlar\u0131na y\u00f6nelik tasar\u0131m \u00f6nerisi, \u00e7al\u0131\u015fanlar\u0131n konaklama ve \u00e7al\u0131\u015fma imkanlar\u0131n\u0131 iyile\u015ftirmek ve alandan \u00e7\u0131kar\u0131lan k\u00fclt\u00fcr miraslar\u0131n\u0131n g\u00fcvenli \u015fekilde muhafaza edilerek i\u015flenmesini sa\u011flamak amac\u0131yla geli\u015ftirilmektedir. \u00dclkenin \u00e7e\u015fitli yerlerindeki kaz\u0131 alanlar\u0131n\u0131n ihtiya\u00e7lar\u0131na hizmet edebilmesi i\u00e7in ta\u015f\u0131nabilirli\u011fi, uyarlanabilirli\u011fi ve eklemlenebilirli\u011fi \u00f6n plana \u00e7\u0131kan tasar\u0131m \u00f6nerisinin, kaz\u0131 sahalar\u0131ndaki birimlerin estetik de\u011ferine de katk\u0131 sa\u011flamas\u0131 d\u00fc\u015f\u00fcn\u00fclmektedir.[\/vc_column_text][vc_empty_space][vc_gallery interval=&#8221;10&#8243; images=&#8221;10954,10955,10956,10957,10958&#8243; img_size=&#8221;full&#8221;][vc_empty_space][\/vc_column][vc_column width=&#8221;1\/6&#8243;][vc_single_image image=&#8221;10953&#8243; img_size=&#8221;full&#8221; alignment=&#8221;center&#8221; style=&#8221;vc_box_border&#8221; onclick=&#8221;custom_link&#8221; img_link_target=&#8221;_blank&#8221;][vc_empty_space height=&#8221;16px&#8221;][vc_row_inner][vc_column_inner][vc_column_text][\/vc_column_text][\/vc_column_inner][\/vc_row_inner][vc_row_inner][vc_column_inner width=&#8221;2\/3&#8243;][\/vc_column_inner][vc_column_inner width=&#8221;1\/3&#8243;][\/vc_column_inner][\/vc_row_inner][\/vc_column][\/vc_row][\/vc_section]<\/p>\n<\/div>","protected":false},"excerpt":{"rendered":"<p>[vc_section][vc_row][vc_column width=&#8221;1\/6&#8243;][vc_single_image image=&#8221;10849&#8243; img_size=&#8221;large&#8221; alignment=&#8221;center&#8221;][vc_empty_space][vc_column_text]I\u015f\u0131lay T\u00fcrk\u00fcm[\/vc_column_text][vc_empty_space height=&#8221;16px&#8221;][vc_column_text]Mimar FMV I\u015f\u0131k \u00dcniversitesi G\u00fcz 2022 Dan\u0131\u015fman: Ersen G\u00fcrsel &#8211; Ay\u015feg\u00fcl Kuru\u00e7[\/vc_column_text][vc_empty_space][\/vc_column][vc_column width=&#8221;2\/3&#8243;][vc_column_text] Arkeolojik \u00c7al\u0131\u015fma Alanlar\u0131na Y\u00f6nelik Mobil Tasar\u0131m \u00d6nerisi [\/vc_column_text][vc_column_text]Ge\u00e7mi\u015fin ya\u015fam alanlar\u0131 ve [&hellip;]<\/p>\n","protected":false},"author":7,"featured_media":0,"parent":0,"menu_order":0,"comment_status":"closed","ping_status":"closed","template":"","meta":{"_acf_changed":false,"_seopress_robots_primary_cat":"","_seopress_titles_title":"I\u015f\u0131lay T\u00fcrk\u00fcm: Arkeolojik \u00c7al\u0131\u015fma Alanlar\u0131na Y\u00f6nelik Mobil Tasar\u0131m \u00d6nerisi | %%sitetitle%%","_seopress_titles_desc":"Bu projede ikisi kent i\u00e7inde, \u00fc\u00e7\u00fc k\u0131rsalda olmak \u00fczere toplam be\u015f kaz\u0131 alan\u0131 incelenip gelecekteki \u00e7al\u0131\u015fma alanlar\u0131nda esenli\u011fi sa\u011flamak amac\u0131yla bir sistem ve tasar\u0131m \u00f6nerisi geli\u015ftirilmi\u015ftir.","_seopress_robots_index":"","_price":"","_stock":"","_tribe_ticket_header":"","_tribe_default_ticket_provider":"","_tribe_ticket_capacity":"0","_ticket_start_date":"","_ticket_end_date":"","_tribe_ticket_show_description":"","_tribe_ticket_show_not_going":false,"_tribe_ticket_use_global_stock":"","_tribe_ticket_global_stock_level":"","_global_stock_mode":"","_global_stock_cap":"","_tribe_rsvp_for_event":"","_tribe_ticket_going_count":"","_tribe_ticket_not_going_count":"","_tribe_tickets_list":"[]","_tribe_ticket_has_attendee_info_fields":false,"_EventAllDay":false,"_EventTimezone":"","_EventStartDate":"","_EventEndDate":"","_EventStartDateUTC":"","_EventEndDateUTC":"","_EventShowMap":false,"_EventShowMapLink":false,"_EventURL":"","_EventCost":"","_EventCostDescription":"","_EventCurrencySymbol":"","_EventCurrencyCode":"","_EventCurrencyPosition":"","_EventDateTimeSeparator":"","_EventTimeRangeSeparator":"","_EventOrganizerID":[],"_EventVenueID":[],"_OrganizerEmail":"","_OrganizerPhone":"","_OrganizerWebsite":"","_VenueAddress":"","_VenueCity":"","_VenueCountry":"","_VenueProvince":"","_VenueState":"","_VenueZip":"","_VenuePhone":"","_VenueURL":"","_VenueStateProvince":"","_VenueLat":"","_VenueLng":"","_VenueShowMap":false,"_VenueShowMapLink":false,"footnotes":"","_tec_slr_enabled":"","_tec_slr_layout":""},"class_list":["post-10952","page","type-page","status-publish","hentry"],"acf":[],"ticketed":false,"_links":{"self":[{"href":"https:\/\/aura-istanbul.com\/index.php\/wp-json\/wp\/v2\/pages\/10952","targetHints":{"allow":["GET"]}}],"collection":[{"href":"https:\/\/aura-istanbul.com\/index.php\/wp-json\/wp\/v2\/pages"}],"about":[{"href":"https:\/\/aura-istanbul.com\/index.php\/wp-json\/wp\/v2\/types\/page"}],"author":[{"embeddable":true,"href":"https:\/\/aura-istanbul.com\/index.php\/wp-json\/wp\/v2\/users\/7"}],"replies":[{"embeddable":true,"href":"https:\/\/aura-istanbul.com\/index.php\/wp-json\/wp\/v2\/comments?post=10952"}],"version-history":[{"count":2,"href":"https:\/\/aura-istanbul.com\/index.php\/wp-json\/wp\/v2\/pages\/10952\/revisions"}],"predecessor-version":[{"id":15185,"href":"https:\/\/aura-istanbul.com\/index.php\/wp-json\/wp\/v2\/pages\/10952\/revisions\/15185"}],"wp:attachment":[{"href":"https:\/\/aura-istanbul.com\/index.php\/wp-json\/wp\/v2\/media?parent=10952"}],"curies":[{"name":"wp","href":"https:\/\/api.w.org\/{rel}","templated":true}]}}