{"id":10960,"date":"2023-02-21T16:45:01","date_gmt":"2023-02-21T13:45:01","guid":{"rendered":"https:\/\/aura-istanbul.com\/?page_id=10960"},"modified":"2025-09-23T20:48:30","modified_gmt":"2025-09-23T17:48:30","slug":"aura-alumni-mevlut-bingol","status":"publish","type":"page","link":"https:\/\/aura-istanbul.com\/index.php\/aura-alumni-mevlut-bingol\/","title":{"rendered":"AURA Alumni: Mevl\u00fct Bing\u00f6l"},"content":{"rendered":"<div class=\"wpb-content-wrapper\"><p>[vc_section][vc_row][vc_column width=&#8221;1\/6&#8243;][vc_single_image image=&#8221;10850&#8243; img_size=&#8221;large&#8221; alignment=&#8221;center&#8221;][vc_empty_space][vc_column_text]<strong>Mevl\u00fct Bing\u00f6l<\/strong>[\/vc_column_text][vc_empty_space height=&#8221;16px&#8221;][vc_column_text]Mimar<br \/>\n\u0130stanbul Gedik \u00dcniversitesi<\/p>\n<p>G\u00fcz 2022<br \/>\nDan\u0131\u015fman: Ersen G\u00fcrsel &#8211; Ay\u015feg\u00fcl Kuru\u00e7[\/vc_column_text][vc_empty_space][\/vc_column][vc_column width=&#8221;2\/3&#8243;][vc_column_text]<\/p>\n<div class=\"wpb_text_column wpb_content_element \">\n<div class=\"wpb_wrapper\">\n<div class=\"wpb_text_column wpb_content_element \">\n<div class=\"wpb_wrapper\">\n<p><strong>Karak\u00f6y ve Karak\u00f6y Otopark\u0131 \u00dczerinden Bir Okuma<\/strong><\/p>\n<\/div>\n<\/div>\n<\/div>\n<\/div>\n<p>[\/vc_column_text][vc_column_text]\u0130nsan toplulu\u011funun olu\u015fturdu\u011fu ve ya\u015fam\u0131n\u0131 bireyler olarak i\u00e7erisinde devam ettirdi\u011fi kentler kapitalizm ile birlikte insan merkezli olmaktan \u00e7\u0131km\u0131\u015f, ara\u00e7 merkezli olmaya ba\u015flam\u0131\u015ft\u0131r. \u0130nsanlar\u0131n olu\u015fturdu\u011fu kentler bu d\u00f6nemde; yap\u0131lardan sokaklara, caddelerden bulvarlara, meydanlardan kent \u00e7eperlerindeki ye\u015fil alanlara kadar, insan merkezci olmaks\u0131z\u0131n, ara\u00e7 merkezli tasarlanmak durumunda kalm\u0131\u015ft\u0131r.<\/p>\n<p>Karak\u00f6y gibi \u0130stanbul&#8217;un bir\u00e7ok a\u00e7\u0131dan merkezi say\u0131labilecek, kentin bu denli tarihi ve yap\u0131 yo\u011fun alan\u0131nda y\u0131k\u0131lan Karak\u00f6y otopark\u0131n\u0131n yerine, zemin alt\u0131na 8 katl\u0131 otopark ve zemin \u00fcst\u00fcne meydan yap\u0131lmas\u0131 planland\u0131\u011f\u0131 biliniyor. Karak\u00f6y otopark\u0131 kat\u0131 yap\u0131s\u0131 ve yap\u0131n\u0131n meydana sark\u0131p resmen \u0130stanbul manzaras\u0131 ile Sarayburnu&#8217;nu izlemesi ile Karak\u00f6y&#8217;\u00fcn belle\u011finde \u00f6nemli yer tutmu\u015ftur. \u00dcstelik bu alan &#8221;yap\u0131 yo\u011fun Karak\u00f6y&#8221; ba\u011flam\u0131nda Karak\u00f6y&#8217;\u00fcn meydan\u0131 olarak kullan\u0131lmamal\u0131 bu alana yeniden yap\u0131 in\u015fa edilmelidir. Karak\u00f6y k\u0131y\u0131d\u0131r, Karak\u00f6y meydan\u0131 \u0130stanbul Bo\u011faz\u0131&#8217;n\u0131n Hali\u00e7 ile bulu\u015ftu\u011fu k\u0131y\u0131d\u0131r.<\/p>\n<p>Projede \u015fehir merkezlerinde ve kentlerin tarihi b\u00f6lgelerinde sonu g\u00f6r\u00fclemez boyuta ula\u015fan ara\u00e7 odakl\u0131 tasar\u0131m ile kentlerin ara\u00e7lar taraf\u0131ndan bo\u011fulmas\u0131, Karak\u00f6y otopark\u0131n\u0131n y\u0131k\u0131lmas\u0131 ve Karak\u00f6y ba\u011flam\u0131nda ara\u015ft\u0131r\u0131lm\u0131\u015f, y\u0131k\u0131lan Karak\u00f6y otopark\u0131n\u0131n uzun vadede insan odakl\u0131 kent merkezi tasar\u0131m\u0131 a\u00e7\u0131s\u0131ndan bir f\u0131rsat oldu\u011fu anlat\u0131lmaya \u00e7al\u0131\u015f\u0131lm\u0131\u015ft\u0131r.[\/vc_column_text][vc_empty_space][vc_gallery interval=&#8221;10&#8243; images=&#8221;10961,10962,10963,10964,10965&#8243; img_size=&#8221;full&#8221;][vc_empty_space][\/vc_column][vc_column width=&#8221;1\/6&#8243;][vc_single_image image=&#8221;10966&#8243; img_size=&#8221;full&#8221; alignment=&#8221;center&#8221; style=&#8221;vc_box_border&#8221; onclick=&#8221;custom_link&#8221; img_link_target=&#8221;_blank&#8221;][vc_empty_space height=&#8221;16px&#8221;][vc_row_inner][vc_column_inner][vc_column_text][\/vc_column_text][\/vc_column_inner][\/vc_row_inner][vc_row_inner][vc_column_inner width=&#8221;2\/3&#8243;][\/vc_column_inner][vc_column_inner width=&#8221;1\/3&#8243;][\/vc_column_inner][\/vc_row_inner][\/vc_column][\/vc_row][\/vc_section]<\/p>\n<\/div>","protected":false},"excerpt":{"rendered":"<p>[vc_section][vc_row][vc_column width=&#8221;1\/6&#8243;][vc_single_image image=&#8221;10850&#8243; img_size=&#8221;large&#8221; alignment=&#8221;center&#8221;][vc_empty_space][vc_column_text]Mevl\u00fct Bing\u00f6l[\/vc_column_text][vc_empty_space height=&#8221;16px&#8221;][vc_column_text]Mimar \u0130stanbul Gedik \u00dcniversitesi G\u00fcz 2022 Dan\u0131\u015fman: Ersen G\u00fcrsel &#8211; Ay\u015feg\u00fcl Kuru\u00e7[\/vc_column_text][vc_empty_space][\/vc_column][vc_column width=&#8221;2\/3&#8243;][vc_column_text] Karak\u00f6y ve Karak\u00f6y Otopark\u0131 \u00dczerinden Bir Okuma [\/vc_column_text][vc_column_text]\u0130nsan toplulu\u011funun olu\u015fturdu\u011fu ve [&hellip;]<\/p>\n","protected":false},"author":7,"featured_media":0,"parent":0,"menu_order":0,"comment_status":"closed","ping_status":"closed","template":"","meta":{"_acf_changed":false,"_seopress_robots_primary_cat":"","_seopress_titles_title":"Mevl\u00fct Bing\u00f6l: Karak\u00f6y ve Karak\u00f6y Otopark\u0131 \u00dczerinden Bir Okuma | %%sitetitle%%","_seopress_titles_desc":"Projede \u015fehir merkezlerinde ve kentlerin tarihi b\u00f6lgelerinde sonu g\u00f6r\u00fclemez boyuta ula\u015fan ara\u00e7 odakl\u0131 tasar\u0131m ile kentlerin ara\u00e7lar taraf\u0131ndan bo\u011fulmas\u0131, Karak\u00f6y otopark\u0131n\u0131n y\u0131k\u0131lmas\u0131 ve Karak\u00f6y ba\u011flam\u0131nda ara\u015ft\u0131r\u0131lm\u0131\u015f, y\u0131k\u0131lan Karak\u00f6y otopark\u0131n\u0131n uzun vadede insan odakl\u0131 kent merkezi tasar\u0131m\u0131 a\u00e7\u0131s\u0131ndan bir f\u0131rsat oldu\u011fu anlat\u0131lmaya \u00e7al\u0131\u015f\u0131lm\u0131\u015ft\u0131r.","_seopress_robots_index":"","_price":"","_stock":"","_tribe_ticket_header":"","_tribe_default_ticket_provider":"","_tribe_ticket_capacity":"0","_ticket_start_date":"","_ticket_end_date":"","_tribe_ticket_show_description":"","_tribe_ticket_show_not_going":false,"_tribe_ticket_use_global_stock":"","_tribe_ticket_global_stock_level":"","_global_stock_mode":"","_global_stock_cap":"","_tribe_rsvp_for_event":"","_tribe_ticket_going_count":"","_tribe_ticket_not_going_count":"","_tribe_tickets_list":"[]","_tribe_ticket_has_attendee_info_fields":false,"_EventAllDay":false,"_EventTimezone":"","_EventStartDate":"","_EventEndDate":"","_EventStartDateUTC":"","_EventEndDateUTC":"","_EventShowMap":false,"_EventShowMapLink":false,"_EventURL":"","_EventCost":"","_EventCostDescription":"","_EventCurrencySymbol":"","_EventCurrencyCode":"","_EventCurrencyPosition":"","_EventDateTimeSeparator":"","_EventTimeRangeSeparator":"","_EventOrganizerID":[],"_EventVenueID":[],"_OrganizerEmail":"","_OrganizerPhone":"","_OrganizerWebsite":"","_VenueAddress":"","_VenueCity":"","_VenueCountry":"","_VenueProvince":"","_VenueState":"","_VenueZip":"","_VenuePhone":"","_VenueURL":"","_VenueStateProvince":"","_VenueLat":"","_VenueLng":"","_VenueShowMap":false,"_VenueShowMapLink":false,"footnotes":"","_tec_slr_enabled":"","_tec_slr_layout":""},"class_list":["post-10960","page","type-page","status-publish","hentry"],"acf":[],"ticketed":false,"_links":{"self":[{"href":"https:\/\/aura-istanbul.com\/index.php\/wp-json\/wp\/v2\/pages\/10960","targetHints":{"allow":["GET"]}}],"collection":[{"href":"https:\/\/aura-istanbul.com\/index.php\/wp-json\/wp\/v2\/pages"}],"about":[{"href":"https:\/\/aura-istanbul.com\/index.php\/wp-json\/wp\/v2\/types\/page"}],"author":[{"embeddable":true,"href":"https:\/\/aura-istanbul.com\/index.php\/wp-json\/wp\/v2\/users\/7"}],"replies":[{"embeddable":true,"href":"https:\/\/aura-istanbul.com\/index.php\/wp-json\/wp\/v2\/comments?post=10960"}],"version-history":[{"count":2,"href":"https:\/\/aura-istanbul.com\/index.php\/wp-json\/wp\/v2\/pages\/10960\/revisions"}],"predecessor-version":[{"id":15183,"href":"https:\/\/aura-istanbul.com\/index.php\/wp-json\/wp\/v2\/pages\/10960\/revisions\/15183"}],"wp:attachment":[{"href":"https:\/\/aura-istanbul.com\/index.php\/wp-json\/wp\/v2\/media?parent=10960"}],"curies":[{"name":"wp","href":"https:\/\/api.w.org\/{rel}","templated":true}]}}