{"id":10968,"date":"2023-02-21T16:50:55","date_gmt":"2023-02-21T13:50:55","guid":{"rendered":"https:\/\/aura-istanbul.com\/?page_id=10968"},"modified":"2025-09-23T20:48:14","modified_gmt":"2025-09-23T17:48:14","slug":"aura-alumni-nisa-nur-colakoglu","status":"publish","type":"page","link":"https:\/\/aura-istanbul.com\/index.php\/aura-alumni-nisa-nur-colakoglu\/","title":{"rendered":"AURA Alumni:  Nisa Nur \u00c7olako\u011flu"},"content":{"rendered":"<div class=\"wpb-content-wrapper\"><p>[vc_section][vc_row][vc_column width=&#8221;1\/6&#8243;][vc_single_image image=&#8221;10851&#8243; img_size=&#8221;large&#8221; alignment=&#8221;center&#8221;][vc_empty_space][vc_column_text]<strong>Nisa Nur \u00c7olako\u011flu<\/strong>[\/vc_column_text][vc_empty_space height=&#8221;16px&#8221;][vc_column_text]Mimar<br \/>\nAlt\u0131nba\u015f \u00dcniversitesi<\/p>\n<p>G\u00fcz 2022<br \/>\nDan\u0131\u015fman: Ersen G\u00fcrsel &#8211; Ay\u015feg\u00fcl Kuru\u00e7[\/vc_column_text][vc_empty_space][\/vc_column][vc_column width=&#8221;2\/3&#8243;][vc_column_text]<\/p>\n<div class=\"wpb_text_column wpb_content_element \">\n<div class=\"wpb_wrapper\">\n<div class=\"wpb_text_column wpb_content_element \">\n<div class=\"wpb_wrapper\">\n<div class=\"wpb_text_column wpb_content_element \">\n<div class=\"wpb_wrapper\">\n<p><strong>Fikirtepe Kentsel D\u00f6n\u00fc\u015f\u00fcm S\u00fcrecinde Hafriyat \u00c7ukurlar\u0131<\/strong><\/p>\n<\/div>\n<\/div>\n<\/div>\n<\/div>\n<\/div>\n<\/div>\n<p>[\/vc_column_text][vc_column_text]Fikirtepe kentsel d\u00f6n\u00fc\u015f\u00fcm projesi, \u0130stanbul\u2019un artan n\u00fcfusu, yo\u011funlu\u011funa \u00e7\u00f6z\u00fcm \u00f6nerisi olarak Fikirtepe semtinde \u00f6ne s\u00fcr\u00fclen bir kentsel d\u00f6n\u00fc\u015f\u00fcm projesidir. Projede 60 yap\u0131 adas\u0131n\u0131n b\u00f6l\u00fcmlerinde in\u015faatlar ba\u015flarken, b\u00fcy\u00fck bir alanda ise d\u00f6n\u00fc\u015f\u00fcm s\u00fcreci bulunmaktad\u0131r. D\u00f6n\u00fc\u015f\u00fcm s\u00fcrecinde ortaya \u00e7\u0131kmakta olan at\u0131k olu\u015fumunun b\u00f6lge halk\u0131na ya\u015famsal standartlar\u0131 sa\u011flamamas\u0131, yap\u0131sal at\u0131klar\u0131n \u00f6nlenmesi\/azalt\u0131lmas\u0131 konusunda en b\u00fcy\u00fck sorumluluk bize yap\u0131n\u0131n tasar\u0131m s\u00fcrecinde\u00a0 yap\u0131m, kullan\u0131m, y\u0131k\u0131m s\u00fcre\u00e7lerinde do\u011frudan veya dolayl\u0131 olarak karar veren biz tasar\u0131mc\u0131lara d\u00fc\u015f\u00fcnmeye itmektedir. Bu ba\u011flamda \u00e7al\u0131\u015fma kapsam\u0131nda, olu\u015facak Fikirtepe kentsel d\u00f6n\u00fc\u015f\u00fcm projesinin d\u00f6n\u00fc\u015f\u00fcm s\u00fcrecinin tasar\u0131m s\u00fcrecinde ne \u015fekilde \u00f6nlenebilece\u011fi\/azalt\u0131labilece\u011fi irdelenerek \u00e7\u00f6z\u00fcm \u00f6nerileri sunulmu\u015ftur.<\/p>\n<p>B\u00f6lgedeki ya\u015fam ve mekana ili\u015fkin etkilerin, olas\u0131 olumsuz sonu\u00e7lar\u0131n\u0131n minimize edilmesi i\u00e7in \u00f6neriler geli\u015ftirilmi\u015ftir. D\u00f6n\u00fc\u015f\u00fcm s\u00fcrecinin sosyal ve mekansal anlamda \u00e7evreye duyarl\u0131 hale getirilmesi i\u00e7in, de\u011fi\u015fimin ger\u00e7ekle\u015fti\u011fi b\u00f6lgede, de\u011fi\u015fimin olumlu ve olumsuz etkilerini anlamaya ve olumsuz etkilerini azaltmaya y\u00f6nelik yap\u0131lan analizlerle ilerlenen, tasar\u0131m \u00e7\u00f6z\u00fcmleri i\u00e7ermektedir.[\/vc_column_text][vc_empty_space][vc_gallery interval=&#8221;10&#8243; images=&#8221;10970,10969,10971,10973,10972&#8243; img_size=&#8221;full&#8221;][vc_empty_space][\/vc_column][vc_column width=&#8221;1\/6&#8243;][vc_single_image image=&#8221;10974&#8243; img_size=&#8221;full&#8221; alignment=&#8221;center&#8221; style=&#8221;vc_box_border&#8221; onclick=&#8221;custom_link&#8221; img_link_target=&#8221;_blank&#8221;][vc_empty_space height=&#8221;16px&#8221;][vc_row_inner][vc_column_inner][vc_column_text][\/vc_column_text][\/vc_column_inner][\/vc_row_inner][vc_row_inner][vc_column_inner width=&#8221;2\/3&#8243;][\/vc_column_inner][vc_column_inner width=&#8221;1\/3&#8243;][\/vc_column_inner][\/vc_row_inner][\/vc_column][\/vc_row][\/vc_section]<\/p>\n<\/div>","protected":false},"excerpt":{"rendered":"<p>[vc_section][vc_row][vc_column width=&#8221;1\/6&#8243;][vc_single_image image=&#8221;10851&#8243; img_size=&#8221;large&#8221; alignment=&#8221;center&#8221;][vc_empty_space][vc_column_text]Nisa Nur \u00c7olako\u011flu[\/vc_column_text][vc_empty_space height=&#8221;16px&#8221;][vc_column_text]Mimar Alt\u0131nba\u015f \u00dcniversitesi G\u00fcz 2022 Dan\u0131\u015fman: Ersen G\u00fcrsel &#8211; Ay\u015feg\u00fcl Kuru\u00e7[\/vc_column_text][vc_empty_space][\/vc_column][vc_column width=&#8221;2\/3&#8243;][vc_column_text] Fikirtepe Kentsel D\u00f6n\u00fc\u015f\u00fcm S\u00fcrecinde Hafriyat \u00c7ukurlar\u0131 [\/vc_column_text][vc_column_text]Fikirtepe kentsel d\u00f6n\u00fc\u015f\u00fcm projesi, \u0130stanbul\u2019un [&hellip;]<\/p>\n","protected":false},"author":7,"featured_media":0,"parent":0,"menu_order":0,"comment_status":"closed","ping_status":"closed","template":"","meta":{"_acf_changed":false,"_seopress_robots_primary_cat":"","_seopress_titles_title":"Nisa Nur \u00c7olako\u011flu: Fikirtepe Kentsel D\u00f6n\u00fc\u015f\u00fcm S\u00fcrecinde Hafriyat \u00c7ukurlar\u0131 | %%sitetitle%%","_seopress_titles_desc":"\u00c7al\u0131\u015fma kapsam\u0131nda, olu\u015facak Fikirtepe kentsel d\u00f6n\u00fc\u015f\u00fcm projesinin d\u00f6n\u00fc\u015f\u00fcm s\u00fcrecinin tasar\u0131m s\u00fcrecinde ne \u015fekilde \u00f6nlenebilece\u011fi\/azalt\u0131labilece\u011fi irdelenerek \u00e7\u00f6z\u00fcm \u00f6nerileri sunulmu\u015ftur.","_seopress_robots_index":"","_price":"","_stock":"","_tribe_ticket_header":"","_tribe_default_ticket_provider":"","_tribe_ticket_capacity":"0","_ticket_start_date":"","_ticket_end_date":"","_tribe_ticket_show_description":"","_tribe_ticket_show_not_going":false,"_tribe_ticket_use_global_stock":"","_tribe_ticket_global_stock_level":"","_global_stock_mode":"","_global_stock_cap":"","_tribe_rsvp_for_event":"","_tribe_ticket_going_count":"","_tribe_ticket_not_going_count":"","_tribe_tickets_list":"[]","_tribe_ticket_has_attendee_info_fields":false,"_EventAllDay":false,"_EventTimezone":"","_EventStartDate":"","_EventEndDate":"","_EventStartDateUTC":"","_EventEndDateUTC":"","_EventShowMap":false,"_EventShowMapLink":false,"_EventURL":"","_EventCost":"","_EventCostDescription":"","_EventCurrencySymbol":"","_EventCurrencyCode":"","_EventCurrencyPosition":"","_EventDateTimeSeparator":"","_EventTimeRangeSeparator":"","_EventOrganizerID":[],"_EventVenueID":[],"_OrganizerEmail":"","_OrganizerPhone":"","_OrganizerWebsite":"","_VenueAddress":"","_VenueCity":"","_VenueCountry":"","_VenueProvince":"","_VenueState":"","_VenueZip":"","_VenuePhone":"","_VenueURL":"","_VenueStateProvince":"","_VenueLat":"","_VenueLng":"","_VenueShowMap":false,"_VenueShowMapLink":false,"footnotes":"","_tec_slr_enabled":"","_tec_slr_layout":""},"class_list":["post-10968","page","type-page","status-publish","hentry"],"acf":[],"ticketed":false,"_links":{"self":[{"href":"https:\/\/aura-istanbul.com\/index.php\/wp-json\/wp\/v2\/pages\/10968","targetHints":{"allow":["GET"]}}],"collection":[{"href":"https:\/\/aura-istanbul.com\/index.php\/wp-json\/wp\/v2\/pages"}],"about":[{"href":"https:\/\/aura-istanbul.com\/index.php\/wp-json\/wp\/v2\/types\/page"}],"author":[{"embeddable":true,"href":"https:\/\/aura-istanbul.com\/index.php\/wp-json\/wp\/v2\/users\/7"}],"replies":[{"embeddable":true,"href":"https:\/\/aura-istanbul.com\/index.php\/wp-json\/wp\/v2\/comments?post=10968"}],"version-history":[{"count":2,"href":"https:\/\/aura-istanbul.com\/index.php\/wp-json\/wp\/v2\/pages\/10968\/revisions"}],"predecessor-version":[{"id":15182,"href":"https:\/\/aura-istanbul.com\/index.php\/wp-json\/wp\/v2\/pages\/10968\/revisions\/15182"}],"wp:attachment":[{"href":"https:\/\/aura-istanbul.com\/index.php\/wp-json\/wp\/v2\/media?parent=10968"}],"curies":[{"name":"wp","href":"https:\/\/api.w.org\/{rel}","templated":true}]}}