{"id":10984,"date":"2023-02-21T17:02:58","date_gmt":"2023-02-21T14:02:58","guid":{"rendered":"https:\/\/aura-istanbul.com\/?page_id=10984"},"modified":"2025-09-23T20:47:24","modified_gmt":"2025-09-23T17:47:24","slug":"aura-alumni-seyma-kurucu","status":"publish","type":"page","link":"https:\/\/aura-istanbul.com\/index.php\/aura-alumni-seyma-kurucu\/","title":{"rendered":"AURA Alumni: \u015eeyma Kurucu"},"content":{"rendered":"<div class=\"wpb-content-wrapper\"><p>[vc_section][vc_row][vc_column width=&#8221;1\/6&#8243;][vc_single_image image=&#8221;10853&#8243; img_size=&#8221;large&#8221; alignment=&#8221;center&#8221;][vc_empty_space][vc_column_text]<strong>\u015eeyma Kurucu<\/strong>[\/vc_column_text][vc_empty_space height=&#8221;16px&#8221;][vc_column_text]Mimar<br \/>\nTED \u00dcniversitesi<\/p>\n<p>G\u00fcz 2022<br \/>\nDan\u0131\u015fman: Ersen G\u00fcrsel &#8211; Ay\u015feg\u00fcl Kuru\u00e7[\/vc_column_text][vc_empty_space][\/vc_column][vc_column width=&#8221;2\/3&#8243;][vc_column_text]<\/p>\n<div class=\"wpb_text_column wpb_content_element \">\n<div class=\"wpb_wrapper\">\n<div class=\"wpb_text_column wpb_content_element \">\n<div class=\"wpb_wrapper\">\n<div class=\"wpb_text_column wpb_content_element \">\n<div class=\"wpb_wrapper\">\n<div class=\"wpb_text_column wpb_content_element \">\n<div class=\"wpb_wrapper\">\n<p><strong>Eko-feminizm Temelinde G\u00f6r\u00fcn\u00fcrl\u00fck Kavram\u0131n\u0131n Do\u011fa &#8211; Kad\u0131n &#8211; Kent \u00dczerinden \u0130ncelenmesi<\/strong><\/p>\n<\/div>\n<\/div>\n<\/div>\n<\/div>\n<\/div>\n<\/div>\n<\/div>\n<\/div>\n<p>[\/vc_column_text][vc_column_text]Ge\u00e7mi\u015ften bug\u00fcne, do\u011fa-insan-kent ili\u015fkisi, zamanla ve ya\u015fanan olaylarla ile kar\u015f\u0131l\u0131kl\u0131 bir ili\u015fkiden insan odakl\u0131 ve insanlar\u0131n hiyerar\u015fide bask\u0131nl\u0131k kurdu\u011fu bir ili\u015fkiye evirilmi\u015ftir. Ayn\u0131 zamanda, toplumsal rollerde kad\u0131n\u0131n yeri olduk\u00e7a arka planda kalmas\u0131ndan \u00f6t\u00fcr\u00fc kentin giderek erille\u015fmesi, kad\u0131nlar\u0131n kente ait olmamas\u0131 g\u00fcn\u00fcm\u00fcz\u00fcn b\u00fcy\u00fck problemi haline gelmi\u015ftir. Do\u011fa ve kad\u0131n\u0131 bir g\u00f6ren eko-feminizm yakla\u015f\u0131m\u0131 ele al\u0131nm\u0131\u015ft\u0131r. \u00c7al\u0131\u015fmada, toplumsal cinsiyet bak\u0131\u015f a\u00e7\u0131s\u0131ndan kente bakmaktad\u0131r. Do\u011fa, insan ve kent ayr\u0131\u015fmas\u0131n\u0131 ayn\u0131 ekosistemde nas\u0131l var olabilece\u011fine dair ara\u015ft\u0131rmalar yap\u0131lm\u0131\u015f ve \u00f6neriler geli\u015ftirilmi\u015ftir. Bu \u00f6neriler kapsam\u0131nda; kent ekolojik olarak ele al\u0131nm\u0131\u015ft\u0131r, kad\u0131nlar\u0131n tekrar kente d\u00f6nmesi temelli stratejiler geli\u015ftirilmi\u015ftir. \u0130stanbul\u2019un Hali\u00e7 k\u0131y\u0131s\u0131nda bulunan, birden fazla devletin izini ta\u015f\u0131yan ve giderek katmanla\u015fan Fatih-Balat b\u00f6lgesinde bir pilot proje ger\u00e7ekle\u015ftirilip \u00f6nerilerin farkl\u0131 b\u00f6lgelere de uyarlanabilir olmas\u0131 ama\u00e7lanm\u0131\u015ft\u0131r.<\/p>\n<p>Proje \u00fc\u00e7 farkl\u0131 \u00f6l\u00e7ekle ilerlemi\u015f olup, bu \u00f6l\u00e7eklere g\u00f6re stratejiler geli\u015ftirilmi\u015ftir. Her \u00f6l\u00e7ekte bo\u015fluklar\u0131n amac\u0131 belirlenmi\u015f ve bu bo\u015fluklar\u0131n hangi amaca hizmet edilmesi gerekti\u011fine karar verilmi\u015ftir. Farkl\u0131 katmanlar\u0131n olmas\u0131, alana sunulan \u00f6nerilerin \u015fekillenmesine ve her katmanda kendilerini farkl\u0131 ifade etmesine olanak sa\u011flam\u0131\u015ft\u0131r. B\u00f6ylelikle, kent ekolojisi canlan\u0131rken, do\u011fa, insan ve di\u011fer b\u00fct\u00fcn canl\u0131lar i\u00e7in, yeni bir perspektif ile yakla\u015f\u0131lmas\u0131 sa\u011flanarak do\u011fa ile canl\u0131lar aras\u0131ndaki ili\u015fkinin s\u00fcrekli hale gelmesi hedeflenmi\u015ftir.[\/vc_column_text][vc_empty_space][vc_gallery interval=&#8221;10&#8243; images=&#8221;10986,10987,10988,10989,10990&#8243; img_size=&#8221;full&#8221;][vc_empty_space][\/vc_column][vc_column width=&#8221;1\/6&#8243;][vc_single_image image=&#8221;10985&#8243; img_size=&#8221;full&#8221; alignment=&#8221;center&#8221; style=&#8221;vc_box_border&#8221; onclick=&#8221;custom_link&#8221; img_link_target=&#8221;_blank&#8221;][vc_empty_space height=&#8221;16px&#8221;][vc_row_inner][vc_column_inner][vc_column_text][\/vc_column_text][\/vc_column_inner][\/vc_row_inner][vc_row_inner][vc_column_inner width=&#8221;2\/3&#8243;][\/vc_column_inner][vc_column_inner width=&#8221;1\/3&#8243;][\/vc_column_inner][\/vc_row_inner][\/vc_column][\/vc_row][\/vc_section]<\/p>\n<\/div>","protected":false},"excerpt":{"rendered":"<p>[vc_section][vc_row][vc_column width=&#8221;1\/6&#8243;][vc_single_image image=&#8221;10853&#8243; img_size=&#8221;large&#8221; alignment=&#8221;center&#8221;][vc_empty_space][vc_column_text]\u015eeyma Kurucu[\/vc_column_text][vc_empty_space height=&#8221;16px&#8221;][vc_column_text]Mimar TED \u00dcniversitesi G\u00fcz 2022 Dan\u0131\u015fman: Ersen G\u00fcrsel &#8211; Ay\u015feg\u00fcl Kuru\u00e7[\/vc_column_text][vc_empty_space][\/vc_column][vc_column width=&#8221;2\/3&#8243;][vc_column_text] Eko-feminizm Temelinde G\u00f6r\u00fcn\u00fcrl\u00fck Kavram\u0131n\u0131n Do\u011fa &#8211; Kad\u0131n &#8211; Kent \u00dczerinden \u0130ncelenmesi [\/vc_column_text][vc_column_text]Ge\u00e7mi\u015ften [&hellip;]<\/p>\n","protected":false},"author":7,"featured_media":0,"parent":0,"menu_order":0,"comment_status":"closed","ping_status":"closed","template":"","meta":{"_acf_changed":false,"_seopress_robots_primary_cat":"","_seopress_titles_title":"\u015eeyma Kurucu: Eko-feminizm Temelinde G\u00f6r\u00fcn\u00fcrl\u00fck Kavram\u0131n\u0131n Do\u011fa - Kad\u0131n - Kent \u00dczerinden \u0130ncelenmesi | %%sitetitle%%","_seopress_titles_desc":"\u00c7al\u0131\u015fmada, toplumsal cinsiyet bak\u0131\u015f a\u00e7\u0131s\u0131ndan kente bakmaktad\u0131r. Do\u011fa, insan ve kent ayr\u0131\u015fmas\u0131n\u0131 ayn\u0131 ekosistemde nas\u0131l var olabilece\u011fine dair ara\u015ft\u0131rmalar yap\u0131lm\u0131\u015f ve \u00f6neriler geli\u015ftirilmi\u015ftir.","_seopress_robots_index":"","_price":"","_stock":"","_tribe_ticket_header":"","_tribe_default_ticket_provider":"","_tribe_ticket_capacity":"0","_ticket_start_date":"","_ticket_end_date":"","_tribe_ticket_show_description":"","_tribe_ticket_show_not_going":false,"_tribe_ticket_use_global_stock":"","_tribe_ticket_global_stock_level":"","_global_stock_mode":"","_global_stock_cap":"","_tribe_rsvp_for_event":"","_tribe_ticket_going_count":"","_tribe_ticket_not_going_count":"","_tribe_tickets_list":"[]","_tribe_ticket_has_attendee_info_fields":false,"_EventAllDay":false,"_EventTimezone":"","_EventStartDate":"","_EventEndDate":"","_EventStartDateUTC":"","_EventEndDateUTC":"","_EventShowMap":false,"_EventShowMapLink":false,"_EventURL":"","_EventCost":"","_EventCostDescription":"","_EventCurrencySymbol":"","_EventCurrencyCode":"","_EventCurrencyPosition":"","_EventDateTimeSeparator":"","_EventTimeRangeSeparator":"","_EventOrganizerID":[],"_EventVenueID":[],"_OrganizerEmail":"","_OrganizerPhone":"","_OrganizerWebsite":"","_VenueAddress":"","_VenueCity":"","_VenueCountry":"","_VenueProvince":"","_VenueState":"","_VenueZip":"","_VenuePhone":"","_VenueURL":"","_VenueStateProvince":"","_VenueLat":"","_VenueLng":"","_VenueShowMap":false,"_VenueShowMapLink":false,"footnotes":"","_tec_slr_enabled":"","_tec_slr_layout":""},"class_list":["post-10984","page","type-page","status-publish","hentry"],"acf":[],"ticketed":false,"_links":{"self":[{"href":"https:\/\/aura-istanbul.com\/index.php\/wp-json\/wp\/v2\/pages\/10984","targetHints":{"allow":["GET"]}}],"collection":[{"href":"https:\/\/aura-istanbul.com\/index.php\/wp-json\/wp\/v2\/pages"}],"about":[{"href":"https:\/\/aura-istanbul.com\/index.php\/wp-json\/wp\/v2\/types\/page"}],"author":[{"embeddable":true,"href":"https:\/\/aura-istanbul.com\/index.php\/wp-json\/wp\/v2\/users\/7"}],"replies":[{"embeddable":true,"href":"https:\/\/aura-istanbul.com\/index.php\/wp-json\/wp\/v2\/comments?post=10984"}],"version-history":[{"count":4,"href":"https:\/\/aura-istanbul.com\/index.php\/wp-json\/wp\/v2\/pages\/10984\/revisions"}],"predecessor-version":[{"id":15180,"href":"https:\/\/aura-istanbul.com\/index.php\/wp-json\/wp\/v2\/pages\/10984\/revisions\/15180"}],"wp:attachment":[{"href":"https:\/\/aura-istanbul.com\/index.php\/wp-json\/wp\/v2\/media?parent=10984"}],"curies":[{"name":"wp","href":"https:\/\/api.w.org\/{rel}","templated":true}]}}