{"id":10992,"date":"2023-02-21T17:08:03","date_gmt":"2023-02-21T14:08:03","guid":{"rendered":"https:\/\/aura-istanbul.com\/?page_id=10992"},"modified":"2025-09-23T20:46:55","modified_gmt":"2025-09-23T17:46:55","slug":"aura-alumni-yeliz-kaya","status":"publish","type":"page","link":"https:\/\/aura-istanbul.com\/index.php\/aura-alumni-yeliz-kaya\/","title":{"rendered":"AURA Alumni: Yeliz Kaya"},"content":{"rendered":"<div class=\"wpb-content-wrapper\"><p>[vc_section][vc_row][vc_column width=&#8221;1\/6&#8243;][vc_single_image image=&#8221;10854&#8243; img_size=&#8221;large&#8221; alignment=&#8221;center&#8221;][vc_empty_space][vc_column_text]<strong>Yeliz Kaya<\/strong>[\/vc_column_text][vc_empty_space height=&#8221;16px&#8221;][vc_column_text]Mimar<br \/>\nMimar Sinan G\u00fczel Sanatlar \u00dcniversitesi<\/p>\n<p>G\u00fcz 2022<br \/>\nDan\u0131\u015fman: Ersen G\u00fcrsel &#8211; Ay\u015feg\u00fcl Kuru\u00e7[\/vc_column_text][vc_empty_space][\/vc_column][vc_column width=&#8221;2\/3&#8243;][vc_column_text]<\/p>\n<div class=\"wpb_text_column wpb_content_element \">\n<div class=\"wpb_wrapper\">\n<div class=\"wpb_text_column wpb_content_element \">\n<div class=\"wpb_wrapper\">\n<div class=\"wpb_text_column wpb_content_element \">\n<div class=\"wpb_wrapper\">\n<div class=\"wpb_text_column wpb_content_element \">\n<div class=\"wpb_wrapper\">\n<p><strong>Kumkap\u0131\u2019da Marmara Surlar\u0131 ve Kentsel Doku Arakesitinin \u0130ncelenmesi<\/strong><\/p>\n<\/div>\n<\/div>\n<\/div>\n<\/div>\n<\/div>\n<\/div>\n<\/div>\n<\/div>\n<p>[\/vc_column_text][vc_column_text]\u0130stanbul\u2019un Tarihi Yar\u0131mada suri\u00e7i eski bir yerle\u015fim dokusuna sahiptir.Bu b\u00f6lge kendine has \u00e7ok katmanl\u0131 tarihsel dokusu ile \u00f6nemli bir kimli\u011fe sahiptir. Tarihsel s\u00fcre\u00e7te kente yap\u0131lan b\u00fcy\u00fck \u00f6l\u00e7ekli m\u00fcdahaleler sonucu bu kimlik hasar g\u00f6rm\u00fc\u015f baz\u0131 durumlarda kentin ba\u011flam\u0131ndan kopmas\u0131na neden olmu\u015ftur. B\u00fcy\u00fck tahribatlara ra\u011fmen, Kumkap\u0131 kent dokusunda farkl\u0131 tarihsel katmanlar\u0131n s\u00fcreklili\u011fi izlenebilmektedir.<\/p>\n<p>Ara\u015ft\u0131rma alan\u0131 Tarihi Yar\u0131mada\u2019n\u0131n g\u00fcneyindeki eski bir liman yerle\u015fimi olan Kumkap\u0131 b\u00f6lgesini kapsamaktad\u0131r. \u00c7al\u0131\u015fmada b\u00f6lgenin, tarihsel, sosyal, k\u00fclt\u00fcrel, dokusal, yap\u0131sal katmanlar\u0131n\u0131n bir veri taban\u0131 olarak ortaya koyulmas\u0131 hedeflenmi\u015ftir. Bu do\u011frultuda b\u00f6lgedeki yap\u0131lar\u0131n karakteristik \u00f6zelliklerinden yola \u00e7\u0131k\u0131larak bir s\u0131n\u0131fland\u0131rma sistemi olu\u015fturulmu\u015f ve belirlenen alandaki yap\u0131lar bu s\u0131n\u0131fland\u0131rma sistemine g\u00f6re incelenmi\u015ftir.<\/p>\n<p>\u00c7al\u0131\u015fman\u0131n ba\u015flang\u0131c\u0131nda Yenikap\u0131-Cankurtaran semtleri aras\u0131ndaki kalan b\u00f6lgenin kentsel dokusu, sosyolojik \u00f6zellikleri, Marmara Surlar\u0131 ve k\u0131y\u0131 ile olan ili\u015fkisi detayl\u0131 olarak incelenmi\u015f ve deneyimlenmi\u015ftir. Bunun sonucunda ara\u015ft\u0131rman\u0131n Kumkap\u0131 b\u00f6lgesinde detayland\u0131r\u0131lmas\u0131na karar verilmi\u015ftir.[\/vc_column_text][vc_empty_space][vc_gallery interval=&#8221;10&#8243; images=&#8221;10993,10994,10995,10996,10997&#8243; img_size=&#8221;full&#8221;][vc_empty_space][\/vc_column][vc_column width=&#8221;1\/6&#8243;][vc_single_image image=&#8221;10998&#8243; img_size=&#8221;full&#8221; alignment=&#8221;center&#8221; style=&#8221;vc_box_border&#8221; onclick=&#8221;custom_link&#8221; img_link_target=&#8221;_blank&#8221;][vc_empty_space height=&#8221;16px&#8221;][vc_row_inner][vc_column_inner][vc_column_text][\/vc_column_text][\/vc_column_inner][\/vc_row_inner][vc_row_inner][vc_column_inner width=&#8221;2\/3&#8243;][\/vc_column_inner][vc_column_inner width=&#8221;1\/3&#8243;][\/vc_column_inner][\/vc_row_inner][\/vc_column][\/vc_row][\/vc_section]<\/p>\n<\/div>","protected":false},"excerpt":{"rendered":"<p>[vc_section][vc_row][vc_column width=&#8221;1\/6&#8243;][vc_single_image image=&#8221;10854&#8243; img_size=&#8221;large&#8221; alignment=&#8221;center&#8221;][vc_empty_space][vc_column_text]Yeliz Kaya[\/vc_column_text][vc_empty_space height=&#8221;16px&#8221;][vc_column_text]Mimar Mimar Sinan G\u00fczel Sanatlar \u00dcniversitesi G\u00fcz 2022 Dan\u0131\u015fman: Ersen G\u00fcrsel &#8211; Ay\u015feg\u00fcl Kuru\u00e7[\/vc_column_text][vc_empty_space][\/vc_column][vc_column width=&#8221;2\/3&#8243;][vc_column_text] Kumkap\u0131\u2019da Marmara Surlar\u0131 ve Kentsel Doku Arakesitinin \u0130ncelenmesi [\/vc_column_text][vc_column_text]\u0130stanbul\u2019un [&hellip;]<\/p>\n","protected":false},"author":7,"featured_media":0,"parent":0,"menu_order":0,"comment_status":"closed","ping_status":"closed","template":"","meta":{"_acf_changed":false,"_seopress_robots_primary_cat":"","_seopress_titles_title":"Yeliz Kaya: Kumkap\u0131\u2019da Marmara Surlar\u0131 ve Kentsel Doku Arakesitinin \u0130ncelenmesi | %%sitetitle%%","_seopress_titles_desc":"Ara\u015ft\u0131rma alan\u0131 Tarihi Yar\u0131mada\u2019n\u0131n g\u00fcneyindeki eski bir liman yerle\u015fimi olan Kumkap\u0131 b\u00f6lgesini kapsamaktad\u0131r. \u00c7al\u0131\u015fmada b\u00f6lgenin; tarihsel, sosyal, k\u00fclt\u00fcrel, dokusal, yap\u0131sal katmanlar\u0131n\u0131n bir veri taban\u0131 olarak ortaya koyulmas\u0131 hedeflenmi\u015ftir.","_seopress_robots_index":"","_price":"","_stock":"","_tribe_ticket_header":"","_tribe_default_ticket_provider":"","_tribe_ticket_capacity":"0","_ticket_start_date":"","_ticket_end_date":"","_tribe_ticket_show_description":"","_tribe_ticket_show_not_going":false,"_tribe_ticket_use_global_stock":"","_tribe_ticket_global_stock_level":"","_global_stock_mode":"","_global_stock_cap":"","_tribe_rsvp_for_event":"","_tribe_ticket_going_count":"","_tribe_ticket_not_going_count":"","_tribe_tickets_list":"[]","_tribe_ticket_has_attendee_info_fields":false,"_EventAllDay":false,"_EventTimezone":"","_EventStartDate":"","_EventEndDate":"","_EventStartDateUTC":"","_EventEndDateUTC":"","_EventShowMap":false,"_EventShowMapLink":false,"_EventURL":"","_EventCost":"","_EventCostDescription":"","_EventCurrencySymbol":"","_EventCurrencyCode":"","_EventCurrencyPosition":"","_EventDateTimeSeparator":"","_EventTimeRangeSeparator":"","_EventOrganizerID":[],"_EventVenueID":[],"_OrganizerEmail":"","_OrganizerPhone":"","_OrganizerWebsite":"","_VenueAddress":"","_VenueCity":"","_VenueCountry":"","_VenueProvince":"","_VenueState":"","_VenueZip":"","_VenuePhone":"","_VenueURL":"","_VenueStateProvince":"","_VenueLat":"","_VenueLng":"","_VenueShowMap":false,"_VenueShowMapLink":false,"footnotes":"","_tec_slr_enabled":"","_tec_slr_layout":""},"class_list":["post-10992","page","type-page","status-publish","hentry"],"acf":[],"ticketed":false,"_links":{"self":[{"href":"https:\/\/aura-istanbul.com\/index.php\/wp-json\/wp\/v2\/pages\/10992","targetHints":{"allow":["GET"]}}],"collection":[{"href":"https:\/\/aura-istanbul.com\/index.php\/wp-json\/wp\/v2\/pages"}],"about":[{"href":"https:\/\/aura-istanbul.com\/index.php\/wp-json\/wp\/v2\/types\/page"}],"author":[{"embeddable":true,"href":"https:\/\/aura-istanbul.com\/index.php\/wp-json\/wp\/v2\/users\/7"}],"replies":[{"embeddable":true,"href":"https:\/\/aura-istanbul.com\/index.php\/wp-json\/wp\/v2\/comments?post=10992"}],"version-history":[{"count":2,"href":"https:\/\/aura-istanbul.com\/index.php\/wp-json\/wp\/v2\/pages\/10992\/revisions"}],"predecessor-version":[{"id":15178,"href":"https:\/\/aura-istanbul.com\/index.php\/wp-json\/wp\/v2\/pages\/10992\/revisions\/15178"}],"wp:attachment":[{"href":"https:\/\/aura-istanbul.com\/index.php\/wp-json\/wp\/v2\/media?parent=10992"}],"curies":[{"name":"wp","href":"https:\/\/api.w.org\/{rel}","templated":true}]}}