{"id":11000,"date":"2023-02-21T17:17:27","date_gmt":"2023-02-21T14:17:27","guid":{"rendered":"https:\/\/aura-istanbul.com\/?page_id=11000"},"modified":"2025-09-23T20:47:09","modified_gmt":"2025-09-23T17:47:09","slug":"aura-alumni-yasin-toprak","status":"publish","type":"page","link":"https:\/\/aura-istanbul.com\/index.php\/aura-alumni-yasin-toprak\/","title":{"rendered":"AURA Alumni: Yasin Toprak"},"content":{"rendered":"<div class=\"wpb-content-wrapper\"><p>[vc_section][vc_row][vc_column width=&#8221;1\/6&#8243;][vc_single_image image=&#8221;10465&#8243; img_size=&#8221;large&#8221; alignment=&#8221;center&#8221;][vc_empty_space][vc_column_text]<strong>Yasin Toprak<\/strong>[\/vc_column_text][vc_empty_space height=&#8221;16px&#8221;][vc_column_text]Mimar<br \/>\nMimar Sinan G\u00fczel Sanatlar \u00dcniversitesi<\/p>\n<p>G\u00fcz 2022<br \/>\nDan\u0131\u015fman: Ersen G\u00fcrsel &#8211; Ay\u015feg\u00fcl Kuru\u00e7[\/vc_column_text][vc_empty_space][\/vc_column][vc_column width=&#8221;2\/3&#8243;][vc_column_text]<\/p>\n<div class=\"wpb_text_column wpb_content_element \">\n<div class=\"wpb_wrapper\">\n<div class=\"wpb_text_column wpb_content_element \">\n<div class=\"wpb_wrapper\">\n<div class=\"wpb_text_column wpb_content_element \">\n<div class=\"wpb_wrapper\">\n<div class=\"wpb_text_column wpb_content_element \">\n<div class=\"wpb_wrapper\">\n<div class=\"wpb_text_column wpb_content_element \">\n<div class=\"wpb_wrapper\">\n<p><strong>Kentsel D\u00f6n\u00fc\u015f\u00fcmde \u00d6l\u00e7ek Meselesi: Piyalepa\u015fa Vakas\u0131<\/strong><\/p>\n<\/div>\n<\/div>\n<\/div>\n<\/div>\n<\/div>\n<\/div>\n<\/div>\n<\/div>\n<\/div>\n<\/div>\n<p>[\/vc_column_text][vc_column_text]Ara mekanlar \u015fehirler kurgulan\u0131rken ortaya \u00e7\u0131kan ihtiyaca binaen olu\u015fmu\u015f payla\u015f\u0131m mekanlar\u0131d\u0131r. \u00d6zerkli\u011fi tart\u0131\u015f\u0131lsa da otoriteyi sarsacak bir\u00e7ok etkinli\u011fe \u015fahit olmu\u015f ve olmas\u0131 \u00fcmidiyle d\u00fc\u015f\u00fcn\u00fclmeye devam edilen yerlerdir. Bu b\u00fct\u00fcnl\u00fc\u011f\u00fc kent merkezlerine kadar s\u0131zan \u00f6l\u00e7eksiz d\u00f6n\u00fc\u015f\u00fcmlerle tarumar etmeye odaklanm\u0131\u015f rant payda\u015flar\u0131 kente bak\u0131\u015flar\u0131nda kent mefhumu olmadan g\u00f6rebildikleri \u015feyi pazarlamaya ve \u00fcretmeye materyal bulmakta zorlanmamakta yap\u0131lan hesaplara verilen kararlara kimsenin akl\u0131 \u015fa\u015fmamaktad\u0131r. Noktasal s\u0131hhile\u015ftirme i\u015fin pazarlamas\u0131nda d\u00f6n\u00fc\u015ft\u00fcr\u00fclen b\u00f6lgenin aray\u00fcz\u00fcn\u00fcn kamusalm\u0131\u015f gibi davran\u0131lmas\u0131 da zaten talep edilmeyen ortak alanlar\u0131n yap\u0131lan projelerin s\u00fcksesinin artmas\u0131nda k\u0131l\u0131f olarak gayet kolay kullan\u0131lmaktad\u0131r.<\/p>\n<p>Bu sorunun genele sirayet etmemesi i\u00e7in verilenle al\u0131nan\u0131n muhasebesi meta \u00fczerinden olmamal\u0131d\u0131r. Burada tek varl\u0131\u011f\u0131 dedesinin babas\u0131n\u0131n izleri olan insanlar\u0131 oraya sahip olmad\u0131klar\u0131 gerek\u00e7esiyle alt\u00fcst etmek ancak t\u00fczel ki\u015filerin yapabilece\u011fi anonimlik ve kay\u0131ts\u0131zl\u0131kla m\u00fcmk\u00fcnd\u00fcr. Bu politikalar\u0131n merhametinin ve \u015fakas\u0131n\u0131n olmad\u0131\u011f\u0131n\u0131 saha ara\u015ft\u0131rmalar\u0131nda da rahatl\u0131kla g\u00f6zleyebilmek m\u00fcmk\u00fcnd\u00fcr. Bo\u015fta duran a\u00e7\u0131k u\u00e7lu teller yer yer y\u0131k\u0131lm\u0131\u015f d\u00f6\u015femesi \u00f6zellikle delinmi\u015f gecekondu mahalleri tekrar hayata elvermeyecek ko\u015fullarda b\u0131rak\u0131lan \u00e7evre kimsenin bar\u0131namamas\u0131 i\u00e7in yeterince tehlikeli ve cayd\u0131r\u0131c\u0131 hale getirilmektedir.<\/p>\n<p>Buralar\u0131 belli sebeplerle terk etmek istemeyen genellikle az\u0131nl\u0131k olan (Tozkoparan \u00f6rne\u011finde \u00e7o\u011funluk olundu\u011fu takdirde burada ya\u015faman\u0131n yerel hizmetlerden ba\u011f\u0131ms\u0131z olarak s\u00fcrd\u00fcr\u00fclebildi\u011fini bu sebeple ne kadar tenhala\u015ft\u0131\u011f\u0131n\u0131 ve eskidi\u011fini g\u00f6rmemiz m\u00fcmk\u00fcn oldu, y\u0131k\u0131m s\u00fcrecinin en aksak ya\u015fand\u0131\u011f\u0131 kentsel d\u00f6n\u00fc\u015f\u00fcm \u00f6rne\u011fi olarak ayr\u0131 yer tutacak olsa da 2022 y\u0131l\u0131nda ba\u015flanan y\u0131k\u0131mlarla tekrar in\u015fas\u0131 k\u0131sa s\u00fcrmeyecektir. Ahali bu t\u00fcr tehditlerle in\u015fa s\u00fcrecinin tehlikeye atmayacak s\u00fcrelerde bu viran \u015fehir par\u00e7as\u0131n\u0131n i\u00e7inde bir s\u00fcre daha ya\u015fayabilmektedir.[\/vc_column_text][vc_empty_space][vc_gallery interval=&#8221;10&#8243; images=&#8221;11001,11002,11003,11004,11005&#8243; img_size=&#8221;full&#8221;][vc_empty_space][\/vc_column][vc_column width=&#8221;1\/6&#8243;][vc_single_image image=&#8221;11006&#8243; img_size=&#8221;full&#8221; alignment=&#8221;center&#8221; style=&#8221;vc_box_border&#8221; onclick=&#8221;custom_link&#8221; img_link_target=&#8221;_blank&#8221;][vc_empty_space height=&#8221;16px&#8221;][vc_row_inner][vc_column_inner][vc_column_text][\/vc_column_text][\/vc_column_inner][\/vc_row_inner][vc_row_inner][vc_column_inner width=&#8221;2\/3&#8243;][\/vc_column_inner][vc_column_inner width=&#8221;1\/3&#8243;][\/vc_column_inner][\/vc_row_inner][\/vc_column][\/vc_row][\/vc_section]<\/p>\n<\/div>","protected":false},"excerpt":{"rendered":"<p>[vc_section][vc_row][vc_column width=&#8221;1\/6&#8243;][vc_single_image image=&#8221;10465&#8243; img_size=&#8221;large&#8221; alignment=&#8221;center&#8221;][vc_empty_space][vc_column_text]Yasin Toprak[\/vc_column_text][vc_empty_space height=&#8221;16px&#8221;][vc_column_text]Mimar Mimar Sinan G\u00fczel Sanatlar \u00dcniversitesi G\u00fcz 2022 Dan\u0131\u015fman: Ersen G\u00fcrsel &#8211; Ay\u015feg\u00fcl Kuru\u00e7[\/vc_column_text][vc_empty_space][\/vc_column][vc_column width=&#8221;2\/3&#8243;][vc_column_text] Kentsel D\u00f6n\u00fc\u015f\u00fcmde \u00d6l\u00e7ek Meselesi: Piyalepa\u015fa Vakas\u0131 [\/vc_column_text][vc_column_text]Ara mekanlar \u015fehirler [&hellip;]<\/p>\n","protected":false},"author":7,"featured_media":0,"parent":0,"menu_order":0,"comment_status":"closed","ping_status":"closed","template":"","meta":{"_acf_changed":false,"_seopress_robots_primary_cat":"","_seopress_titles_title":"Yasin Toprak: Kentsel D\u00f6n\u00fc\u015f\u00fcmde \u00d6l\u00e7ek Meselesi: Piyalepa\u015fa Vakas\u0131 | %%sitetitle%%","_seopress_titles_desc":"...Burada tek varl\u0131\u011f\u0131 dedesinin babas\u0131n\u0131n izleri olan insanlar\u0131 oraya sahip olmad\u0131klar\u0131 gerek\u00e7esiyle alt\u00fcst etmek ancak t\u00fczel ki\u015filerin yapabilece\u011fi anonimlik ve kay\u0131ts\u0131zl\u0131kla m\u00fcmk\u00fcnd\u00fcr.","_seopress_robots_index":"","_price":"","_stock":"","_tribe_ticket_header":"","_tribe_default_ticket_provider":"","_tribe_ticket_capacity":"0","_ticket_start_date":"","_ticket_end_date":"","_tribe_ticket_show_description":"","_tribe_ticket_show_not_going":false,"_tribe_ticket_use_global_stock":"","_tribe_ticket_global_stock_level":"","_global_stock_mode":"","_global_stock_cap":"","_tribe_rsvp_for_event":"","_tribe_ticket_going_count":"","_tribe_ticket_not_going_count":"","_tribe_tickets_list":"[]","_tribe_ticket_has_attendee_info_fields":false,"_EventAllDay":false,"_EventTimezone":"","_EventStartDate":"","_EventEndDate":"","_EventStartDateUTC":"","_EventEndDateUTC":"","_EventShowMap":false,"_EventShowMapLink":false,"_EventURL":"","_EventCost":"","_EventCostDescription":"","_EventCurrencySymbol":"","_EventCurrencyCode":"","_EventCurrencyPosition":"","_EventDateTimeSeparator":"","_EventTimeRangeSeparator":"","_EventOrganizerID":[],"_EventVenueID":[],"_OrganizerEmail":"","_OrganizerPhone":"","_OrganizerWebsite":"","_VenueAddress":"","_VenueCity":"","_VenueCountry":"","_VenueProvince":"","_VenueState":"","_VenueZip":"","_VenuePhone":"","_VenueURL":"","_VenueStateProvince":"","_VenueLat":"","_VenueLng":"","_VenueShowMap":false,"_VenueShowMapLink":false,"footnotes":"","_tec_slr_enabled":"","_tec_slr_layout":""},"class_list":["post-11000","page","type-page","status-publish","hentry"],"acf":[],"ticketed":false,"_links":{"self":[{"href":"https:\/\/aura-istanbul.com\/index.php\/wp-json\/wp\/v2\/pages\/11000","targetHints":{"allow":["GET"]}}],"collection":[{"href":"https:\/\/aura-istanbul.com\/index.php\/wp-json\/wp\/v2\/pages"}],"about":[{"href":"https:\/\/aura-istanbul.com\/index.php\/wp-json\/wp\/v2\/types\/page"}],"author":[{"embeddable":true,"href":"https:\/\/aura-istanbul.com\/index.php\/wp-json\/wp\/v2\/users\/7"}],"replies":[{"embeddable":true,"href":"https:\/\/aura-istanbul.com\/index.php\/wp-json\/wp\/v2\/comments?post=11000"}],"version-history":[{"count":2,"href":"https:\/\/aura-istanbul.com\/index.php\/wp-json\/wp\/v2\/pages\/11000\/revisions"}],"predecessor-version":[{"id":15179,"href":"https:\/\/aura-istanbul.com\/index.php\/wp-json\/wp\/v2\/pages\/11000\/revisions\/15179"}],"wp:attachment":[{"href":"https:\/\/aura-istanbul.com\/index.php\/wp-json\/wp\/v2\/media?parent=11000"}],"curies":[{"name":"wp","href":"https:\/\/api.w.org\/{rel}","templated":true}]}}