{"id":11961,"date":"2023-12-05T16:48:46","date_gmt":"2023-12-05T13:48:46","guid":{"rendered":"https:\/\/aura-istanbul.com\/?page_id=11961"},"modified":"2025-09-23T20:54:00","modified_gmt":"2025-09-23T17:54:00","slug":"aura-alumni-nuket-barutcu","status":"publish","type":"page","link":"https:\/\/aura-istanbul.com\/index.php\/aura-alumni-nuket-barutcu\/","title":{"rendered":"AURA Alumni: N\u00fcket Barut\u00e7u"},"content":{"rendered":"<div class=\"wpb-content-wrapper\"><p>[vc_section][vc_row][vc_column width=&#8221;1\/6&#8243;][vc_single_image image=&#8221;11708&#8243; img_size=&#8221;large&#8221; alignment=&#8221;center&#8221;][vc_empty_space][vc_column_text]<strong>N\u00fcket Barut\u00e7u<\/strong>[\/vc_column_text][vc_empty_space height=&#8221;16px&#8221;][vc_column_text]Mimar<br \/>\n\u0130stanbul K\u00fclt\u00fcr \u00dcniversitesi<\/p>\n<p>Bahar 2023<br \/>\nDan\u0131\u015fman: Bu\u015fra Al &#8211; Emre Demirta\u015f[\/vc_column_text][vc_empty_space][\/vc_column][vc_column width=&#8221;2\/3&#8243;][vc_empty_space][vc_column_text]<\/p>\n<p style=\"text-align: center;\"><strong>FAZ I\u00a0<\/strong><br \/>\n<strong>Deprem Sonras\u0131 \u2018Akut Bar\u0131nma\u2019 Alanlar\u0131<\/strong><br \/>\n<strong>(\u00c7ad\u0131r Yerle\u015fimleri)<\/strong><\/p>\n<p>[\/vc_column_text][vc_empty_space][vc_column_text]AURA \u0130stanbul Sertifika Program\u0131 kapsam\u0131ndaki Ara\u015ft\u0131rma Tabanl\u0131 Tasar\u0131m St\u00fcdyosunun ilk faz\u0131nda Kahramanmara\u015f, Dulkadiro\u011flu, S\u00fcmer Mahallesi\u2019nde bulunan S\u00fcmer Ortaokulu\u2019nun bah\u00e7esinde kolektif \u00fcretim s\u00fcre\u00e7leri ile bir yerle\u015fim ve ya\u015fam alan\u0131 kuran <a href=\"https:\/\/www.instagram.com\/kaf.kolektif\/\">KAF Kolektif<\/a>\u2019in payla\u015ft\u0131\u011f\u0131 bilgilerden yararlan\u0131ld\u0131.<\/p>\n<p>S\u00f6z konusu alandaki acil bar\u0131nma ihtiya\u00e7lar\u0131 ile sosyal ve ibadet mek\u00e2n\u0131 \u00fczerine \u00e7al\u0131\u015fmalar yap\u0131ld\u0131. Kat\u0131l\u0131mc\u0131lar\u0131m\u0131z, iki hafta i\u00e7erisinde iki grup halinde \u00e7al\u0131\u015fmalar\u0131n\u0131 tamamlad\u0131.[\/vc_column_text][vc_empty_space][vc_column_text]<strong>SOSYAL ALAN VE \u0130BADET ALANI<\/strong><\/p>\n<p>Tasar\u0131m Ekibi: Ba\u015fak Bul, B\u00fc\u015fra \u00d6zmen, Ebru \u015eevli, Eda \u00dcnal, Meltem G\u00fcller, Mona Bilto, N\u00fcket Barut\u00e7u, Zeynep Adar, Zeynep Y\u0131lmaz[\/vc_column_text][vc_empty_space][vc_row_inner][vc_column_inner width=&#8221;1\/2&#8243;][vc_column_text]S\u00fcmer Ortaokulu\u2019nun \u00e7evresinde Kaf Kolektif\u2019in katk\u0131lar\u0131yla olu\u015fmu\u015f kom\u00fcnitede, yap\u0131lan g\u00f6r\u00fc\u015fmeler sonucu ihtiya\u00e7 duyulan sosyal alan ve ibadet mekan\u0131 tasar\u0131m\u0131 i\u00e7in \u00e7al\u0131\u015f\u0131ld\u0131. Tasar\u0131ma ba\u015flarken belirlenen prensipler do\u011frultusunda olu\u015fturulan bir yol haritas\u0131 ile \u00e7al\u0131\u015f\u0131ld\u0131. Bu prensipler; ta\u015f\u0131nabilirlik, \u00e7o\u011falabilirlik, kolay kurulum ve esnek tan\u0131ml\u0131 mekanlar olu\u015fturmakt\u0131r. Belirlenen programlar\u0131n hepsine cevap verebilecek bir birim tasarland\u0131ktan sonra birim d\u00f6n\u00fc\u015ft\u00fcrerek kullan\u0131lmas\u0131na olanak sa\u011flayan bir kompozisyon olu\u015fturuldu.<\/p>\n<p>B\u00fct\u00fcn bu kompozisyonun kurucu unsuru \u0131slak hacmi i\u00e7eren su mod\u00fcl\u00fcd\u00fcr. Bu mod\u00fcl i\u00e7eriden abdesthane d\u0131\u015far\u0131dan ise \u00e7e\u015fme olarak kullan\u0131lmaktad\u0131r. Yerle\u015fim i\u00e7in de ana unsur olan su mod\u00fcl\u00fc, hem var olan patika ve duvar aks\u0131n\u0131n kesi\u015fiminde bulunacak hem de \u00f6n\u00fcnde a\u00e7\u0131k bir sosyal alan olu\u015fturacak kapasiteye sahip olacak \u015fekilde tasarlanm\u0131\u015ft\u0131r.<\/p>\n<p>Su mod\u00fcl\u00fcn\u00fcn etraf\u0131na yerle\u015ferek kompozisyonu b\u00fcy\u00fcten di\u011fer birimler ve programlar ise;[\/vc_column_text][\/vc_column_inner][vc_column_inner width=&#8221;1\/2&#8243;][vc_column_text]on iki ki\u015filik ibadet mekan\u0131, yar\u0131 a\u00e7\u0131k sosyal alan ve t\u00fcm bu birimlerin birbirine ba\u011flayan y\u00fckseltilmi\u015f bir zemin olan platform. Kompleksin eri\u015filebilir ve engelsiz olmas\u0131 i\u00e7in platforma \u00e7\u0131k\u0131\u015f rampa ile sa\u011flanm\u0131\u015ft\u0131r.<\/p>\n<p>Yap\u0131n\u0131n oryantasyonunda ana fakt\u00f6r ibadet mekan\u0131 olmas\u0131 sebebiyle k\u0131ble y\u00f6n\u00fcd\u00fcr. K\u0131ble y\u00f6n\u00fcne do\u011fru konumlanan yap\u0131n\u0131n duvar ile ara kesitinde kalan a\u00e7\u0131k alan da b\u00fcy\u00fck \u00f6nem kazanmaktad\u0131r. Buradaki a\u00e7\u0131k alan, hem bir sosyal alan hem de ekme-bi\u00e7me alan\u0131 olarak kurguland\u0131. B\u00f6ylece tasar\u0131m, esnek ve d\u00f6n\u00fc\u015febilen mekan kullan\u0131m\u0131na sahip, \u201csu\u201d \u00fczerinden kurgulanan ve a\u00e7\u0131k alanlarla beslenen bir mekan kompozisyonuna haline geldi.<\/p>\n<p>Tasar\u0131mda kullan\u0131lan malzemelerin kolay ula\u015f\u0131labilir ve uygun maliyetli olmas\u0131 \u00f6nemsendi. Bu nedenle \u00e7evre illerden temin edilebilecek; OSB, ah\u015fap kereste, membran ve ah\u015fap kasalar tercih edildi. Mod\u00fcller i\u00e7in olu\u015fturulan kurulum \u015femas\u0131 sayesinde mekan, herkes taraf\u0131ndan in\u015fa edilebilecek ve eklemlenebilecek bi\u00e7imde kurguland\u0131.[\/vc_column_text][vc_column_text][\/vc_column_text][\/vc_column_inner][\/vc_row_inner][vc_empty_space][vc_gallery interval=&#8221;10&#8243; images=&#8221;11085,11086,11087,11088,11089,11090,11091&#8243; img_size=&#8221;full&#8221;][vc_empty_space][\/vc_column][vc_column width=&#8221;1\/6&#8243;][vc_empty_space height=&#8221;16px&#8221;][vc_row_inner][vc_column_inner width=&#8221;2\/3&#8243;][\/vc_column_inner][vc_column_inner width=&#8221;1\/3&#8243;][\/vc_column_inner][\/vc_row_inner][\/vc_column][\/vc_row][vc_row][vc_column width=&#8221;1\/6&#8243;][vc_empty_space][vc_column_text][\/vc_column_text][vc_empty_space height=&#8221;16px&#8221;][vc_column_text][\/vc_column_text][vc_empty_space][vc_row_inner][vc_column_inner width=&#8221;1\/4&#8243;][vc_icon icon_fontawesome=&#8221;fas fa-backspace&#8221; color=&#8221;white&#8221; size=&#8221;xs&#8221; link=&#8221;target:_blank&#8221;][\/vc_column_inner][vc_column_inner width=&#8221;1\/4&#8243;][\/vc_column_inner][vc_column_inner width=&#8221;1\/4&#8243;][\/vc_column_inner][vc_column_inner width=&#8221;1\/4&#8243;][\/vc_column_inner][\/vc_row_inner][\/vc_column][vc_column width=&#8221;2\/3&#8243;][vc_empty_space][vc_column_text]<\/p>\n<p style=\"text-align: center;\"><strong>FAZ II\u00a0<\/strong><br \/>\n<strong>Deprem Sonras\u0131 Ge\u00e7ici Bar\u0131nma Yerle\u015fimlerine Y\u00f6nelik Tasar\u0131m<\/strong><\/p>\n<p>[\/vc_column_text][vc_empty_space][vc_column_text]Ara\u015ft\u0131rma Tabanl\u0131 Tasar\u0131m St\u00fcdyosu kapsam\u0131nda Bahar&#8217;23 kat\u0131l\u0131mc\u0131lar\u0131 <a href=\"https:\/\/urbankoop.org\/\">Urban.koop<\/a> ile birlikte Deprem Sonras\u0131 Ge\u00e7ici Bar\u0131nma Yerle\u015fimlerine Y\u00f6nelik Tasar\u0131m Rehberi&#8217;nde yer alan ara\u015ft\u0131rma ba\u015fl\u0131klar\u0131 \u00fczerine \u00e7al\u0131\u015fmalar\u0131n\u0131 tamamlad\u0131.<\/p>\n<p>Kat\u0131l\u0131mc\u0131lar\u0131m\u0131z; Kent ile Entegrasyon, \u0130klimlendirme ve S\u00fcrd\u00fcr\u00fclebilir Altyap\u0131, Plan Kurgusu, Konut Birimleri, Sosyal Etkile\u015fim, M\u00fc\u015fterekler ve Donat\u0131lar konular\u0131nda gruplar halinde \u00e7al\u0131\u015ft\u0131.<\/p>\n<p><a href=\"https:\/\/assets.adobe.com\/id\/urn:aaid:sc:US:2f15bff0-8a01-466e-920a-bae0803253be?view=published\">Deprem Sonras\u0131 Ge\u00e7ici Bar\u0131nma Yerle\u015fimlerine Y\u00f6nelik Tasar\u0131m Rehberi<\/a>[\/vc_column_text][vc_empty_space][vc_column_text]<strong>PLAN KURGUSU<\/strong><\/p>\n<p>Tasar\u0131m Ekibi: Eda \u00dcnal, N\u00fcket Barut\u00e7u, Zeynep Y\u0131lmaz[\/vc_column_text][vc_empty_space][vc_row_inner][vc_column_inner width=&#8221;1\/2&#8243;][vc_column_text]Bu \u00e7al\u0131\u015fma 6 \u015eubat 2023 tarihinde ger\u00e7ekle\u015fen Kahramanmara\u015f, Pazarc\u0131k merkezli depremden etkilenen ve evlerini terk etmek zorunda kalan insanlar\u0131n bar\u0131nma ihtiyac\u0131n\u0131 gidermek amac\u0131yla haz\u0131rlanan ge\u00e7ici yerle\u015fim alanlar\u0131n\u0131n sadece rasyonel verilere dayal\u0131, kendini tekrarlayan ve kamusal etkile\u015fime imkan vermeyen yap\u0131s\u0131na alternatif bir plan kurgusu olu\u015fturma amac\u0131yla yap\u0131lm\u0131\u015ft\u0131r. Ge\u00e7ici konut yerle\u015fim plan\u0131 i\u00e7in \u00f6ncelikle literat\u00fcr taramas\u0131 yap\u0131larak TMMOB \u015eehir Planc\u0131lar\u0131 Odas\u0131n\u0131n yay\u0131nlad\u0131\u011f\u0131 Ge\u00e7ici Bar\u0131nma Alan\u0131 \u015eemas\u0131 incelenmi\u015f, herhangi bir mekansal kayg\u0131 g\u00fctmeden bir referans \u00f6l\u00e7\u00fc olarak kullan\u0131lm\u0131\u015f ve konut birimlerinin bir araya geli\u015fleri \u00e7e\u015fitlendirilerek yeniden yorumlanm\u0131\u015ft\u0131r.<\/p>\n<p>Yerle\u015fkede ihtiya\u00e7 duyulan ve bulunmas\u0131 gereken fonksiyonlar belirlenmi\u015f ve birbirleriyle etkile\u015fimleri g\u00f6z \u00f6n\u00fcnde bulundurulup mekandan olarak ili\u015fkilendirilmi\u015ftir.[\/vc_column_text][\/vc_column_inner][vc_column_inner width=&#8221;1\/2&#8243;][vc_column_text]Plan olu\u015fumu konut biriminden ba\u015flay\u0131p, birimlerin bir araya geli\u015fi ile sokak ve a\u00e7\u0131k alanlarla ili\u015fkisi, birimlerin ve a\u00e7\u0131k ye\u015fil alanlar\u0131n yap\u0131 adalar\u0131ndaki yerle\u015fimi, ve son olarak 4 yap\u0131 adas\u0131n\u0131n olu\u015fturdu\u011fu 1 mahalle i\u00e7erisindeki yap\u0131 adalar\u0131n\u0131n birbirleriyle ili\u015fkisi incelenerek olu\u015fturulmu\u015ftur. Yap\u0131 adas\u0131 tipolojileri 3 kademeli yap\u0131 ve n\u00fcfus yo\u011funlu\u011fu ile farkl\u0131la\u015farak avlulu ve lineer yerle\u015fim do\u011frultusunda konut birimlerinin baz\u0131 deformasyonlara u\u011frayarak \u00e7e\u015fitlenmesi ile olu\u015fturulmu\u015ftur. Konut birimlerinin yerle\u015fiminin yan\u0131nda bir ili\u015fki a\u011f\u0131 \u00e7er\u00e7evesinde donat\u0131 alanlar\u0131, ye\u015fil alanlar, otoparklar kurgulanm\u0131\u015ft\u0131r. Sosyal donat\u0131lar 12 farkl\u0131 fonksiyonu i\u00e7erisinde bar\u0131nd\u0131rmaktad\u0131r ve bunlar g\u00fcvenlik, y\u00f6netim, ticaret, g\u0131da, sosyo-k\u00fclt\u00fcrel, psikolojik destek, ibadet, park, tar\u0131m, spor, sa\u011fl\u0131k ve e\u011fitim birimlerini i\u00e7ermektedir. \u015eematik plan 16 mahalleden olu\u015fmakta ve yakla\u015f\u0131k 4600 ki\u015finin bar\u0131nmas\u0131n\u0131 \u00f6ng\u00f6rmektedir. \u015eematik plan\u0131n olu\u015fumundan sonra kentsel alanlara yerle\u015fimi Kahramanmara\u015f ilinde bulunan iki ge\u00e7ici bar\u0131nma alan\u0131nda \u00e7al\u0131\u015f\u0131lm\u0131\u015ft\u0131r. Ger\u00e7ek bir alanda kentsel ye\u015fil a\u011f ile yerle\u015fim entegre edilerek d\u00f6n\u00fc\u015f\u00fcm\u00fc irdelenmi\u015ftir.[\/vc_column_text][\/vc_column_inner][\/vc_row_inner][vc_empty_space][vc_gallery interval=&#8221;10&#8243; images=&#8221;11367,11368,11369,11370&#8243; img_size=&#8221;full&#8221;][vc_empty_space][\/vc_column][vc_column width=&#8221;1\/6&#8243;][vc_empty_space height=&#8221;16px&#8221;][vc_row_inner][vc_column_inner][vc_empty_space][vc_column_text][\/vc_column_text][vc_column_text][\/vc_column_text][\/vc_column_inner][\/vc_row_inner][vc_row_inner][vc_column_inner width=&#8221;2\/3&#8243;][\/vc_column_inner][vc_column_inner width=&#8221;1\/3&#8243;][\/vc_column_inner][\/vc_row_inner][\/vc_column][\/vc_row][vc_row][vc_column width=&#8221;1\/6&#8243;][vc_empty_space][vc_column_text][\/vc_column_text][vc_empty_space height=&#8221;16px&#8221;][vc_column_text][\/vc_column_text][vc_empty_space][vc_row_inner][vc_column_inner width=&#8221;1\/4&#8243;][vc_icon icon_fontawesome=&#8221;fas fa-backspace&#8221; color=&#8221;white&#8221; size=&#8221;xs&#8221; link=&#8221;target:_blank&#8221;][\/vc_column_inner][vc_column_inner width=&#8221;1\/4&#8243;][\/vc_column_inner][vc_column_inner width=&#8221;1\/4&#8243;][\/vc_column_inner][vc_column_inner width=&#8221;1\/4&#8243;][\/vc_column_inner][\/vc_row_inner][\/vc_column][vc_column width=&#8221;2\/3&#8243;][vc_empty_space][vc_column_text]<\/p>\n<p style=\"text-align: center;\"><strong>FAZ III<\/strong><br \/>\n<strong>SOSYAL KONUT<\/strong><\/p>\n<p>[\/vc_column_text][vc_empty_space][vc_column_text]<strong>SOSYAL KONUTTA AH\u015eAP KULLANIMI<\/strong><\/p>\n<p>Tasar\u0131m Ekibi: N\u00fcket Barut\u00e7u, Merve Ak\u00e7in[\/vc_column_text][vc_empty_space][vc_row_inner][vc_column_inner width=&#8221;1\/2&#8243;][vc_column_text]Ge\u00e7mi\u015fin \u00f6nemli yap\u0131 malzemelerinden biri olan ah\u015fap, zamanla geni\u015f a\u00e7\u0131kl\u0131klar\u0131n ge\u00e7ilememesi, \u00e7ok katl\u0131 yap\u0131lar\u0131n in\u015fa edilememesi, yang\u0131n dayan\u0131m\u0131 vb. sebeplerle kullan\u0131c\u0131 ihtiya\u00e7lar\u0131n\u0131 kar\u015f\u0131lamada yetersiz kalm\u0131\u015f, yerini \u00e7o\u011funlukla betonarmeye b\u0131rakm\u0131\u015ft\u0131r. Bug\u00fcne bakt\u0131\u011f\u0131m\u0131zda ise teknolojideki geli\u015fmelerle bir\u00e7ok modern ah\u015fap yap\u0131 malzemesi ve birle\u015fim teknikleri geli\u015ftirilmi\u015ftir. Lamine ah\u015fap malzemeler ve birle\u015fim teknikleri ah\u015fab\u0131n geni\u015f a\u00e7\u0131kl\u0131klarda ve \u00e7ok katl\u0131 yap\u0131larda ta\u015f\u0131y\u0131c\u0131 sistem malzemesi olarak kullan\u0131m\u0131na imkan vermektedir. Ah\u015fab\u0131n yang\u0131n dayan\u0131m\u0131 ile ilgili al\u0131nabilecek \u00f6nlemler geli\u015ftirilmi\u015ftir. Bunun yan\u0131nda s\u00fcrd\u00fcr\u00fclebilirlik kavram\u0131n\u0131n ortaya \u00e7\u0131kmas\u0131 do\u011fal ve yenilenebilir bir malzeme olan ah\u015fab\u0131 \u00f6n plana \u00e7\u0131karmaktad\u0131r. \u00c7e\u015fitli kullan\u0131m amac\u0131na g\u00f6re \u00fcretilen modern ah\u015fap yap\u0131lar\u0131n say\u0131s\u0131 giderek artmaktad\u0131r.[\/vc_column_text][\/vc_column_inner][vc_column_inner width=&#8221;1\/2&#8243;][vc_column_text]6 \u015eubat 2023 tarihinde meydana gelen Kahramanmara\u015f merkezli depremde y\u0131k\u0131lan binalar ve can kay\u0131plar\u0131 herkesi derinden etkilemi\u015ftir. Bu durum t\u00fcm alanlarda oldu\u011fu gibi yap\u0131 alan\u0131nda da baz\u0131 dinamiklerin de\u011fi\u015fmesi gerekti\u011fini bizlere g\u00f6stermi\u015ftir. \u00dclkemizin deprem ger\u00e7e\u011fi d\u00fc\u015f\u00fcn\u00fcld\u00fc\u011f\u00fcnde ge\u00e7ici konut-kal\u0131c\u0131 konut ekseninde farkl\u0131 alternatiflerin de ele al\u0131narak konut d\u00f6n\u00fc\u015f\u00fcm\u00fcn\u00fcn ger\u00e7ekle\u015ftirilmesi gerekti\u011fi d\u00fc\u015f\u00fcn\u00fclmektedir. Bu \u00e7al\u0131\u015fman\u0131n amac\u0131, alternatif bir \u00fcretim modeli olabilecek modern ah\u015fap yap\u0131 malzemelerinin ve yap\u0131m sistemlerinin de\u011ferlendirilmesi gerekti\u011fine dikkat \u00e7ekmektir.[\/vc_column_text][\/vc_column_inner][\/vc_row_inner][vc_empty_space][vc_gallery interval=&#8221;10&#8243; images=&#8221;11421,11422,11423,11424,11425&#8243; img_size=&#8221;full&#8221;][vc_empty_space][\/vc_column][vc_column width=&#8221;1\/6&#8243;][vc_empty_space height=&#8221;16px&#8221;][vc_row_inner][vc_column_inner][vc_empty_space][vc_column_text][\/vc_column_text][vc_column_text][\/vc_column_text][\/vc_column_inner][\/vc_row_inner][vc_row_inner][vc_column_inner width=&#8221;2\/3&#8243;][\/vc_column_inner][vc_column_inner width=&#8221;1\/3&#8243;][\/vc_column_inner][\/vc_row_inner][\/vc_column][\/vc_row][\/vc_section]<\/p>\n<\/div>","protected":false},"excerpt":{"rendered":"<p>[vc_section][vc_row][vc_column width=&#8221;1\/6&#8243;][vc_single_image image=&#8221;11708&#8243; img_size=&#8221;large&#8221; alignment=&#8221;center&#8221;][vc_empty_space][vc_column_text]N\u00fcket Barut\u00e7u[\/vc_column_text][vc_empty_space height=&#8221;16px&#8221;][vc_column_text]Mimar \u0130stanbul K\u00fclt\u00fcr \u00dcniversitesi Bahar 2023 Dan\u0131\u015fman: Bu\u015fra Al &#8211; Emre Demirta\u015f[\/vc_column_text][vc_empty_space][\/vc_column][vc_column width=&#8221;2\/3&#8243;][vc_empty_space][vc_column_text] FAZ I\u00a0 Deprem Sonras\u0131 \u2018Akut Bar\u0131nma\u2019 Alanlar\u0131 (\u00c7ad\u0131r Yerle\u015fimleri) [\/vc_column_text][vc_empty_space][vc_column_text]AURA \u0130stanbul [&hellip;]<\/p>\n","protected":false},"author":10,"featured_media":0,"parent":0,"menu_order":0,"comment_status":"closed","ping_status":"closed","template":"","meta":{"_acf_changed":false,"_seopress_robots_primary_cat":"","_seopress_titles_title":"AURA Alumni: N\u00fcket Barut\u00e7u","_seopress_titles_desc":"2023 Bahar Do\u0308nemi\u2019nde \u201cAras\u0327t\u0131rma Tabanl\u0131 Tasar\u0131m Stu\u0308dyosu\u201dnda, kat\u0131l\u0131mc\u0131lar\u0131m\u0131z, Bu\u015fra Al ve Emre Demirta\u015f y\u00fcr\u00fct\u00fcc\u00fcl\u00fc\u011f\u00fcndeki st\u00fcdyoda, 6 \u015eubat 2023 tarihinde meydana gelen depremler ard\u0131ndan b\u00f6lgedeki ihtiya\u00e7lara odakland\u0131.","_seopress_robots_index":"","_price":"","_stock":"","_tribe_ticket_header":"","_tribe_default_ticket_provider":"","_tribe_ticket_capacity":"0","_ticket_start_date":"","_ticket_end_date":"","_tribe_ticket_show_description":"","_tribe_ticket_show_not_going":false,"_tribe_ticket_use_global_stock":"","_tribe_ticket_global_stock_level":"","_global_stock_mode":"","_global_stock_cap":"","_tribe_rsvp_for_event":"","_tribe_ticket_going_count":"","_tribe_ticket_not_going_count":"","_tribe_tickets_list":"[]","_tribe_ticket_has_attendee_info_fields":false,"_EventAllDay":false,"_EventTimezone":"","_EventStartDate":"","_EventEndDate":"","_EventStartDateUTC":"","_EventEndDateUTC":"","_EventShowMap":false,"_EventShowMapLink":false,"_EventURL":"","_EventCost":"","_EventCostDescription":"","_EventCurrencySymbol":"","_EventCurrencyCode":"","_EventCurrencyPosition":"","_EventDateTimeSeparator":"","_EventTimeRangeSeparator":"","_EventOrganizerID":[],"_EventVenueID":[],"_OrganizerEmail":"","_OrganizerPhone":"","_OrganizerWebsite":"","_VenueAddress":"","_VenueCity":"","_VenueCountry":"","_VenueProvince":"","_VenueState":"","_VenueZip":"","_VenuePhone":"","_VenueURL":"","_VenueStateProvince":"","_VenueLat":"","_VenueLng":"","_VenueShowMap":false,"_VenueShowMapLink":false,"footnotes":"","_tec_slr_enabled":"","_tec_slr_layout":""},"class_list":["post-11961","page","type-page","status-publish","hentry"],"acf":[],"ticketed":false,"_links":{"self":[{"href":"https:\/\/aura-istanbul.com\/index.php\/wp-json\/wp\/v2\/pages\/11961","targetHints":{"allow":["GET"]}}],"collection":[{"href":"https:\/\/aura-istanbul.com\/index.php\/wp-json\/wp\/v2\/pages"}],"about":[{"href":"https:\/\/aura-istanbul.com\/index.php\/wp-json\/wp\/v2\/types\/page"}],"author":[{"embeddable":true,"href":"https:\/\/aura-istanbul.com\/index.php\/wp-json\/wp\/v2\/users\/10"}],"replies":[{"embeddable":true,"href":"https:\/\/aura-istanbul.com\/index.php\/wp-json\/wp\/v2\/comments?post=11961"}],"version-history":[{"count":7,"href":"https:\/\/aura-istanbul.com\/index.php\/wp-json\/wp\/v2\/pages\/11961\/revisions"}],"predecessor-version":[{"id":15200,"href":"https:\/\/aura-istanbul.com\/index.php\/wp-json\/wp\/v2\/pages\/11961\/revisions\/15200"}],"wp:attachment":[{"href":"https:\/\/aura-istanbul.com\/index.php\/wp-json\/wp\/v2\/media?parent=11961"}],"curies":[{"name":"wp","href":"https:\/\/api.w.org\/{rel}","templated":true}]}}