{"id":11962,"date":"2023-12-05T16:27:58","date_gmt":"2023-12-05T13:27:58","guid":{"rendered":"https:\/\/aura-istanbul.com\/?page_id=11962"},"modified":"2025-09-23T20:56:42","modified_gmt":"2025-09-23T17:56:42","slug":"aura-alumni-eda-unal","status":"publish","type":"page","link":"https:\/\/aura-istanbul.com\/index.php\/aura-alumni-eda-unal\/","title":{"rendered":"AURA Alumni: Eda \u00dcnal"},"content":{"rendered":"<div class=\"wpb-content-wrapper\"><p>[vc_section][vc_row][vc_column width=&#8221;1\/6&#8243;][vc_single_image image=&#8221;11704&#8243; img_size=&#8221;large&#8221; alignment=&#8221;center&#8221;][vc_empty_space][vc_column_text]<strong>Eda \u00dcnal<\/strong>[\/vc_column_text][vc_empty_space height=&#8221;16px&#8221;][vc_column_text]\u015eehir ve B\u00f6lge Planlama<br \/>\n\u0130stanbul Teknik \u00dcniversitesi<\/p>\n<p>Bahar 2023<br \/>\nDan\u0131\u015fman: Bu\u015fra Al &#8211; Emre Demirta\u015f[\/vc_column_text][vc_empty_space][\/vc_column][vc_column width=&#8221;2\/3&#8243;][vc_empty_space][vc_column_text]<\/p>\n<p style=\"text-align: center;\"><strong>FAZ I\u00a0<\/strong><br \/>\n<strong>Deprem Sonras\u0131 \u2018Akut Bar\u0131nma\u2019 Alanlar\u0131<\/strong><br \/>\n<strong>(\u00c7ad\u0131r Yerle\u015fimleri)<\/strong><\/p>\n<p>[\/vc_column_text][vc_empty_space][vc_column_text]AURA \u0130stanbul Sertifika Program\u0131 kapsam\u0131ndaki Ara\u015ft\u0131rma Tabanl\u0131 Tasar\u0131m St\u00fcdyosunun ilk faz\u0131nda Kahramanmara\u015f, Dulkadiro\u011flu, S\u00fcmer Mahallesi\u2019nde bulunan S\u00fcmer Ortaokulu\u2019nun bah\u00e7esinde kolektif \u00fcretim s\u00fcre\u00e7leri ile bir yerle\u015fim ve ya\u015fam alan\u0131 kuran <a href=\"https:\/\/www.instagram.com\/kaf.kolektif\/\">KAF Kolektif<\/a>\u2019in payla\u015ft\u0131\u011f\u0131 bilgilerden yararlan\u0131ld\u0131.<\/p>\n<p>S\u00f6z konusu alandaki acil bar\u0131nma ihtiya\u00e7lar\u0131 ile sosyal ve ibadet mek\u00e2n\u0131 \u00fczerine \u00e7al\u0131\u015fmalar yap\u0131ld\u0131. Kat\u0131l\u0131mc\u0131lar\u0131m\u0131z, iki hafta i\u00e7erisinde iki grup halinde \u00e7al\u0131\u015fmalar\u0131n\u0131 tamamlad\u0131.[\/vc_column_text][vc_empty_space][vc_column_text]<strong>SOSYAL ALAN VE \u0130BADET ALANI<\/strong><\/p>\n<p>Tasar\u0131m Ekibi: Ba\u015fak Bul, B\u00fc\u015fra \u00d6zmen, Ebru \u015eevli, Eda \u00dcnal, Meltem G\u00fcller, Mona Bilto, N\u00fcket Barut\u00e7u, Zeynep Adar, Zeynep Y\u0131lmaz[\/vc_column_text][vc_empty_space][vc_row_inner][vc_column_inner width=&#8221;1\/2&#8243;][vc_column_text]S\u00fcmer Ortaokulu\u2019nun \u00e7evresinde Kaf Kolektif\u2019in katk\u0131lar\u0131yla olu\u015fmu\u015f kom\u00fcnitede, yap\u0131lan g\u00f6r\u00fc\u015fmeler sonucu ihtiya\u00e7 duyulan sosyal alan ve ibadet mekan\u0131 tasar\u0131m\u0131 i\u00e7in \u00e7al\u0131\u015f\u0131ld\u0131. Tasar\u0131ma ba\u015flarken belirlenen prensipler do\u011frultusunda olu\u015fturulan bir yol haritas\u0131 ile \u00e7al\u0131\u015f\u0131ld\u0131. Bu prensipler; ta\u015f\u0131nabilirlik, \u00e7o\u011falabilirlik, kolay kurulum ve esnek tan\u0131ml\u0131 mekanlar olu\u015fturmakt\u0131r. Belirlenen programlar\u0131n hepsine cevap verebilecek bir birim tasarland\u0131ktan sonra birim d\u00f6n\u00fc\u015ft\u00fcrerek kullan\u0131lmas\u0131na olanak sa\u011flayan bir kompozisyon olu\u015fturuldu.<\/p>\n<p>B\u00fct\u00fcn bu kompozisyonun kurucu unsuru \u0131slak hacmi i\u00e7eren su mod\u00fcl\u00fcd\u00fcr. Bu mod\u00fcl i\u00e7eriden abdesthane d\u0131\u015far\u0131dan ise \u00e7e\u015fme olarak kullan\u0131lmaktad\u0131r. Yerle\u015fim i\u00e7in de ana unsur olan su mod\u00fcl\u00fc, hem var olan patika ve duvar aks\u0131n\u0131n kesi\u015fiminde bulunacak hem de \u00f6n\u00fcnde a\u00e7\u0131k bir sosyal alan olu\u015fturacak kapasiteye sahip olacak \u015fekilde tasarlanm\u0131\u015ft\u0131r.<\/p>\n<p>Su mod\u00fcl\u00fcn\u00fcn etraf\u0131na yerle\u015ferek kompozisyonu b\u00fcy\u00fcten di\u011fer birimler ve programlar ise;[\/vc_column_text][\/vc_column_inner][vc_column_inner width=&#8221;1\/2&#8243;][vc_column_text]on iki ki\u015filik ibadet mekan\u0131, yar\u0131 a\u00e7\u0131k sosyal alan ve t\u00fcm bu birimlerin birbirine ba\u011flayan y\u00fckseltilmi\u015f bir zemin olan platform. Kompleksin eri\u015filebilir ve engelsiz olmas\u0131 i\u00e7in platforma \u00e7\u0131k\u0131\u015f rampa ile sa\u011flanm\u0131\u015ft\u0131r.<\/p>\n<p>Yap\u0131n\u0131n oryantasyonunda ana fakt\u00f6r ibadet mekan\u0131 olmas\u0131 sebebiyle k\u0131ble y\u00f6n\u00fcd\u00fcr. K\u0131ble y\u00f6n\u00fcne do\u011fru konumlanan yap\u0131n\u0131n duvar ile ara kesitinde kalan a\u00e7\u0131k alan da b\u00fcy\u00fck \u00f6nem kazanmaktad\u0131r. Buradaki a\u00e7\u0131k alan, hem bir sosyal alan hem de ekme-bi\u00e7me alan\u0131 olarak kurguland\u0131. B\u00f6ylece tasar\u0131m, esnek ve d\u00f6n\u00fc\u015febilen mekan kullan\u0131m\u0131na sahip, \u201csu\u201d \u00fczerinden kurgulanan ve a\u00e7\u0131k alanlarla beslenen bir mekan kompozisyonuna haline geldi.<\/p>\n<p>Tasar\u0131mda kullan\u0131lan malzemelerin kolay ula\u015f\u0131labilir ve uygun maliyetli olmas\u0131 \u00f6nemsendi. Bu nedenle \u00e7evre illerden temin edilebilecek; OSB, ah\u015fap kereste, membran ve ah\u015fap kasalar tercih edildi. Mod\u00fcller i\u00e7in olu\u015fturulan kurulum \u015femas\u0131 sayesinde mekan, herkes taraf\u0131ndan in\u015fa edilebilecek ve eklemlenebilecek bi\u00e7imde kurguland\u0131.[\/vc_column_text][vc_column_text][\/vc_column_text][\/vc_column_inner][\/vc_row_inner][vc_empty_space][vc_gallery interval=&#8221;10&#8243; images=&#8221;11085,11086,11087,11088,11089,11090,11091&#8243; img_size=&#8221;full&#8221;][vc_empty_space][\/vc_column][vc_column width=&#8221;1\/6&#8243;][vc_empty_space height=&#8221;16px&#8221;][vc_row_inner][vc_column_inner width=&#8221;2\/3&#8243;][\/vc_column_inner][vc_column_inner width=&#8221;1\/3&#8243;][\/vc_column_inner][\/vc_row_inner][\/vc_column][\/vc_row][vc_row][vc_column width=&#8221;1\/6&#8243;][vc_empty_space][vc_column_text][\/vc_column_text][vc_empty_space height=&#8221;16px&#8221;][vc_column_text][\/vc_column_text][vc_empty_space][\/vc_column][vc_column width=&#8221;2\/3&#8243;][vc_empty_space][vc_column_text]<\/p>\n<p style=\"text-align: center;\"><strong>FAZ II\u00a0<\/strong><br \/>\n<strong>Deprem Sonras\u0131 Ge\u00e7ici Bar\u0131nma Yerle\u015fimlerine Y\u00f6nelik Tasar\u0131m<\/strong><\/p>\n<p>[\/vc_column_text][vc_empty_space][vc_column_text]Ara\u015ft\u0131rma Tabanl\u0131 Tasar\u0131m St\u00fcdyosu kapsam\u0131nda Bahar&#8217;23 kat\u0131l\u0131mc\u0131lar\u0131 <a href=\"https:\/\/urbankoop.org\/\">Urban.koop<\/a> ile birlikte Deprem Sonras\u0131 Ge\u00e7ici Bar\u0131nma Yerle\u015fimlerine Y\u00f6nelik Tasar\u0131m Rehberi&#8217;nde yer alan ara\u015ft\u0131rma ba\u015fl\u0131klar\u0131 \u00fczerine \u00e7al\u0131\u015fmalar\u0131n\u0131 tamamlad\u0131.<\/p>\n<p>Kat\u0131l\u0131mc\u0131lar\u0131m\u0131z; Kent ile Entegrasyon, \u0130klimlendirme ve S\u00fcrd\u00fcr\u00fclebilir Altyap\u0131, Plan Kurgusu, Konut Birimleri, Sosyal Etkile\u015fim, M\u00fc\u015fterekler ve Donat\u0131lar konular\u0131nda gruplar halinde \u00e7al\u0131\u015ft\u0131.<\/p>\n<p><a href=\"https:\/\/assets.adobe.com\/id\/urn:aaid:sc:US:2f15bff0-8a01-466e-920a-bae0803253be?view=published\">Deprem Sonras\u0131 Ge\u00e7ici Bar\u0131nma Yerle\u015fimlerine Y\u00f6nelik Tasar\u0131m Rehberi<\/a>[\/vc_column_text][vc_empty_space][vc_column_text]<strong>PLAN KURGUSU<\/strong><\/p>\n<p>Tasar\u0131m Ekibi: Eda \u00dcnal, N\u00fcket Barut\u00e7u, Zeynep Y\u0131lmaz[\/vc_column_text][vc_empty_space][vc_row_inner][vc_column_inner width=&#8221;1\/2&#8243;][vc_column_text]Bu \u00e7al\u0131\u015fma 6 \u015eubat 2023 tarihinde ger\u00e7ekle\u015fen Kahramanmara\u015f, Pazarc\u0131k merkezli depremden etkilenen ve evlerini terk etmek zorunda kalan insanlar\u0131n bar\u0131nma ihtiyac\u0131n\u0131 gidermek amac\u0131yla haz\u0131rlanan ge\u00e7ici yerle\u015fim alanlar\u0131n\u0131n sadece rasyonel verilere dayal\u0131, kendini tekrarlayan ve kamusal etkile\u015fime imkan vermeyen yap\u0131s\u0131na alternatif bir plan kurgusu olu\u015fturma amac\u0131yla yap\u0131lm\u0131\u015ft\u0131r. Ge\u00e7ici konut yerle\u015fim plan\u0131 i\u00e7in \u00f6ncelikle literat\u00fcr taramas\u0131 yap\u0131larak TMMOB \u015eehir Planc\u0131lar\u0131 Odas\u0131n\u0131n yay\u0131nlad\u0131\u011f\u0131 Ge\u00e7ici Bar\u0131nma Alan\u0131 \u015eemas\u0131 incelenmi\u015f, herhangi bir mekansal kayg\u0131 g\u00fctmeden bir referans \u00f6l\u00e7\u00fc olarak kullan\u0131lm\u0131\u015f ve konut birimlerinin bir araya geli\u015fleri \u00e7e\u015fitlendirilerek yeniden yorumlanm\u0131\u015ft\u0131r.<\/p>\n<p>Yerle\u015fkede ihtiya\u00e7 duyulan ve bulunmas\u0131 gereken fonksiyonlar belirlenmi\u015f ve birbirleriyle etkile\u015fimleri g\u00f6z \u00f6n\u00fcnde bulundurulup mekandan olarak ili\u015fkilendirilmi\u015ftir.[\/vc_column_text][\/vc_column_inner][vc_column_inner width=&#8221;1\/2&#8243;][vc_column_text]Plan olu\u015fumu konut biriminden ba\u015flay\u0131p, birimlerin bir araya geli\u015fi ile sokak ve a\u00e7\u0131k alanlarla ili\u015fkisi, birimlerin ve a\u00e7\u0131k ye\u015fil alanlar\u0131n yap\u0131 adalar\u0131ndaki yerle\u015fimi, ve son olarak 4 yap\u0131 adas\u0131n\u0131n olu\u015fturdu\u011fu 1 mahalle i\u00e7erisindeki yap\u0131 adalar\u0131n\u0131n birbirleriyle ili\u015fkisi incelenerek olu\u015fturulmu\u015ftur. Yap\u0131 adas\u0131 tipolojileri 3 kademeli yap\u0131 ve n\u00fcfus yo\u011funlu\u011fu ile farkl\u0131la\u015farak avlulu ve lineer yerle\u015fim do\u011frultusunda konut birimlerinin baz\u0131 deformasyonlara u\u011frayarak \u00e7e\u015fitlenmesi ile olu\u015fturulmu\u015ftur. Konut birimlerinin yerle\u015fiminin yan\u0131nda bir ili\u015fki a\u011f\u0131 \u00e7er\u00e7evesinde donat\u0131 alanlar\u0131, ye\u015fil alanlar, otoparklar kurgulanm\u0131\u015ft\u0131r. Sosyal donat\u0131lar 12 farkl\u0131 fonksiyonu i\u00e7erisinde bar\u0131nd\u0131rmaktad\u0131r ve bunlar g\u00fcvenlik, y\u00f6netim, ticaret, g\u0131da, sosyo-k\u00fclt\u00fcrel, psikolojik destek, ibadet, park, tar\u0131m, spor, sa\u011fl\u0131k ve e\u011fitim birimlerini i\u00e7ermektedir. \u015eematik plan 16 mahalleden olu\u015fmakta ve yakla\u015f\u0131k 4600 ki\u015finin bar\u0131nmas\u0131n\u0131 \u00f6ng\u00f6rmektedir. \u015eematik plan\u0131n olu\u015fumundan sonra kentsel alanlara yerle\u015fimi Kahramanmara\u015f ilinde bulunan iki ge\u00e7ici bar\u0131nma alan\u0131nda \u00e7al\u0131\u015f\u0131lm\u0131\u015ft\u0131r. Ger\u00e7ek bir alanda kentsel ye\u015fil a\u011f ile yerle\u015fim entegre edilerek d\u00f6n\u00fc\u015f\u00fcm\u00fc irdelenmi\u015ftir.[\/vc_column_text][\/vc_column_inner][\/vc_row_inner][vc_empty_space][vc_gallery interval=&#8221;10&#8243; images=&#8221;11367,11368,11369,11370&#8243; img_size=&#8221;full&#8221;][vc_empty_space][\/vc_column][vc_column width=&#8221;1\/6&#8243;][vc_empty_space height=&#8221;16px&#8221;][vc_row_inner][vc_column_inner][vc_empty_space][vc_column_text][\/vc_column_text][vc_column_text][\/vc_column_text][\/vc_column_inner][\/vc_row_inner][vc_row_inner][vc_column_inner width=&#8221;2\/3&#8243;][\/vc_column_inner][vc_column_inner width=&#8221;1\/3&#8243;][\/vc_column_inner][\/vc_row_inner][\/vc_column][\/vc_row][vc_row][vc_column width=&#8221;1\/6&#8243;][vc_empty_space][vc_column_text][\/vc_column_text][vc_empty_space height=&#8221;16px&#8221;][vc_column_text][\/vc_column_text][vc_empty_space][\/vc_column][vc_column width=&#8221;2\/3&#8243;][vc_empty_space][vc_column_text]<\/p>\n<p style=\"text-align: center;\"><strong>FAZ III<\/strong><br \/>\n<strong>SOSYAL KONUT<\/strong><\/p>\n<p>[\/vc_column_text][vc_empty_space][vc_column_text]<strong>DEPREM SONRASI BO\u015eLUKLARIN YEN\u0130DEN \u00dcRET\u0130M\u0130<\/strong><\/p>\n<p>Tasar\u0131m Ekibi: Zeynep Y\u0131lmaz, Arz Minta\u015f, Eda \u00dcnal[\/vc_column_text][vc_empty_space][vc_row_inner][vc_column_inner width=&#8221;1\/2&#8243;][vc_column_text]Deprem sonras\u0131nda kentsel a\u00e7\u0131k alanlar\u0131n b\u00fcy\u00fck bir k\u0131sm\u0131n\u0131n afet toplanma alan\u0131 olarak kullan\u0131lmas\u0131 bir\u00e7ok soruna yol a\u00e7maktad\u0131r. Bu durum, kentsel a\u00e7\u0131k alanlar\u0131n azalmas\u0131na neden olmakta ve deprem sonras\u0131 ortaya \u00e7\u0131kabilecek bir\u00e7ok zorlu\u011fu beraberinde getirmektedir. \u0130stanbul, Kuzey Anadolu fay hatt\u0131 \u00fczerinde bulunmas\u0131, yo\u011fun n\u00fcfusu ve yap\u0131 sto\u011fu, yak\u0131n zamanda b\u00fcy\u00fck bir deprem deneyimlemesi gibi nedenlerle \u00f6nemli bir laboratuvar niteli\u011fi ta\u015f\u0131r. Kentin mevcut ko\u015fullar\u0131, ye\u015fil alanlar\u0131n azalmas\u0131 ve yap\u0131la\u015fman\u0131n artmas\u0131, olas\u0131 bir deprem durumunda kent sakinlerinin toplanma alanlar\u0131n\u0131 belirleme gereklili\u011fini vurgular.[\/vc_column_text][\/vc_column_inner][vc_column_inner width=&#8221;1\/2&#8243;][vc_column_text]Bu \u00e7al\u0131\u015fma, \u0130stanbul\u2019un Ac\u0131badem b\u00f6lgesinde, deprem senaryolar\u0131na uygun bir yap\u0131ya sahip olan, \u00e7ok k\u00fclt\u00fcrl\u00fc ve \u00e7ok i\u015flevli bir mahallede ger\u00e7ekle\u015ftirilmektedir. A\u00e7\u0131k ve ye\u015fil alanlar, karma\u015f\u0131k sosyal ve ekonomik ili\u015fkiler a\u011f\u0131n\u0131 birle\u015ftirerek kentsel ekosistem olu\u015fturur. Bu alanlar, kentlerin s\u00fcrd\u00fcr\u00fclebilir kalk\u0131nmas\u0131nda \u00f6nemli bir rol oynar. A\u00e7\u0131k ve ye\u015fil alanlar, kent sakinlerinin nefes alma noktalar\u0131 olu\u015ftururken, deprem sonras\u0131nda da gerekli acil durum ihtiya\u00e7lar\u0131na \u00e7\u00f6z\u00fcm \u00fcreten \u00e7e\u015fitli fonksiyonlar\u0131 i\u00e7erisinde bar\u0131nd\u0131ran d\u00f6n\u00fc\u015ft\u00fcr\u00fclebilir bo\u015fluklar olarak \u00e7al\u0131\u015fmaktad\u0131r. Bu bo\u015fluklar, depremle beraber yeniden i\u015flevlendirilerek depreme dayan\u0131kl\u0131 kentler olu\u015fturulmas\u0131na yard\u0131mc\u0131 olur.[\/vc_column_text][\/vc_column_inner][\/vc_row_inner][vc_empty_space][vc_gallery interval=&#8221;10&#8243; images=&#8221;11406,11407,11408,11409,11410&#8243; img_size=&#8221;full&#8221;][vc_empty_space][\/vc_column][vc_column width=&#8221;1\/6&#8243;][vc_empty_space height=&#8221;16px&#8221;][vc_row_inner][vc_column_inner][vc_empty_space][vc_column_text][\/vc_column_text][vc_column_text][\/vc_column_text][\/vc_column_inner][\/vc_row_inner][vc_row_inner][vc_column_inner width=&#8221;2\/3&#8243;][\/vc_column_inner][vc_column_inner width=&#8221;1\/3&#8243;][\/vc_column_inner][\/vc_row_inner][\/vc_column][\/vc_row][\/vc_section]<\/p>\n<\/div>","protected":false},"excerpt":{"rendered":"<p>[vc_section][vc_row][vc_column width=&#8221;1\/6&#8243;][vc_single_image image=&#8221;11704&#8243; img_size=&#8221;large&#8221; alignment=&#8221;center&#8221;][vc_empty_space][vc_column_text]Eda \u00dcnal[\/vc_column_text][vc_empty_space height=&#8221;16px&#8221;][vc_column_text]\u015eehir ve B\u00f6lge Planlama \u0130stanbul Teknik \u00dcniversitesi Bahar 2023 Dan\u0131\u015fman: Bu\u015fra Al &#8211; Emre Demirta\u015f[\/vc_column_text][vc_empty_space][\/vc_column][vc_column width=&#8221;2\/3&#8243;][vc_empty_space][vc_column_text] FAZ I\u00a0 Deprem Sonras\u0131 \u2018Akut Bar\u0131nma\u2019 Alanlar\u0131 (\u00c7ad\u0131r [&hellip;]<\/p>\n","protected":false},"author":10,"featured_media":0,"parent":0,"menu_order":0,"comment_status":"closed","ping_status":"closed","template":"","meta":{"_acf_changed":false,"_seopress_robots_primary_cat":"","_seopress_titles_title":"AURA Alumni: Eda \u00dcnal","_seopress_titles_desc":"2023 Bahar Do\u0308nemi\u2019nde \u201cAras\u0327t\u0131rma Tabanl\u0131 Tasar\u0131m Stu\u0308dyosu\u201dnda, kat\u0131l\u0131mc\u0131lar\u0131m\u0131z, Bu\u015fra Al ve Emre Demirta\u015f y\u00fcr\u00fct\u00fcc\u00fcl\u00fc\u011f\u00fcndeki st\u00fcdyoda, 6 \u015eubat 2023 tarihinde meydana gelen depremler ard\u0131ndan b\u00f6lgedeki ihtiya\u00e7lara odakland\u0131.","_seopress_robots_index":"","_price":"","_stock":"","_tribe_ticket_header":"","_tribe_default_ticket_provider":"","_tribe_ticket_capacity":"0","_ticket_start_date":"","_ticket_end_date":"","_tribe_ticket_show_description":"","_tribe_ticket_show_not_going":false,"_tribe_ticket_use_global_stock":"","_tribe_ticket_global_stock_level":"","_global_stock_mode":"","_global_stock_cap":"","_tribe_rsvp_for_event":"","_tribe_ticket_going_count":"","_tribe_ticket_not_going_count":"","_tribe_tickets_list":"[]","_tribe_ticket_has_attendee_info_fields":false,"_EventAllDay":false,"_EventTimezone":"","_EventStartDate":"","_EventEndDate":"","_EventStartDateUTC":"","_EventEndDateUTC":"","_EventShowMap":false,"_EventShowMapLink":false,"_EventURL":"","_EventCost":"","_EventCostDescription":"","_EventCurrencySymbol":"","_EventCurrencyCode":"","_EventCurrencyPosition":"","_EventDateTimeSeparator":"","_EventTimeRangeSeparator":"","_EventOrganizerID":[],"_EventVenueID":[],"_OrganizerEmail":"","_OrganizerPhone":"","_OrganizerWebsite":"","_VenueAddress":"","_VenueCity":"","_VenueCountry":"","_VenueProvince":"","_VenueState":"","_VenueZip":"","_VenuePhone":"","_VenueURL":"","_VenueStateProvince":"","_VenueLat":"","_VenueLng":"","_VenueShowMap":false,"_VenueShowMapLink":false,"footnotes":"","_tec_slr_enabled":"","_tec_slr_layout":""},"class_list":["post-11962","page","type-page","status-publish","hentry"],"acf":[],"ticketed":false,"_links":{"self":[{"href":"https:\/\/aura-istanbul.com\/index.php\/wp-json\/wp\/v2\/pages\/11962","targetHints":{"allow":["GET"]}}],"collection":[{"href":"https:\/\/aura-istanbul.com\/index.php\/wp-json\/wp\/v2\/pages"}],"about":[{"href":"https:\/\/aura-istanbul.com\/index.php\/wp-json\/wp\/v2\/types\/page"}],"author":[{"embeddable":true,"href":"https:\/\/aura-istanbul.com\/index.php\/wp-json\/wp\/v2\/users\/10"}],"replies":[{"embeddable":true,"href":"https:\/\/aura-istanbul.com\/index.php\/wp-json\/wp\/v2\/comments?post=11962"}],"version-history":[{"count":6,"href":"https:\/\/aura-istanbul.com\/index.php\/wp-json\/wp\/v2\/pages\/11962\/revisions"}],"predecessor-version":[{"id":15207,"href":"https:\/\/aura-istanbul.com\/index.php\/wp-json\/wp\/v2\/pages\/11962\/revisions\/15207"}],"wp:attachment":[{"href":"https:\/\/aura-istanbul.com\/index.php\/wp-json\/wp\/v2\/media?parent=11962"}],"curies":[{"name":"wp","href":"https:\/\/api.w.org\/{rel}","templated":true}]}}