{"id":11995,"date":"2023-12-05T18:11:14","date_gmt":"2023-12-05T15:11:14","guid":{"rendered":"https:\/\/aura-istanbul.com\/?page_id=11995"},"modified":"2025-09-23T20:53:21","modified_gmt":"2025-09-23T17:53:21","slug":"aura-alumni-seyda-aydin","status":"publish","type":"page","link":"https:\/\/aura-istanbul.com\/index.php\/aura-alumni-seyda-aydin\/","title":{"rendered":"AURA Alumni: \u015eeyda Ayd\u0131n"},"content":{"rendered":"<div class=\"wpb-content-wrapper\"><p>[vc_section][vc_row][vc_column width=&#8221;1\/6&#8243;][vc_single_image image=&#8221;11711&#8243; img_size=&#8221;large&#8221; alignment=&#8221;center&#8221;][vc_empty_space][vc_column_text]<strong>\u015eeyda Ayd\u0131n<\/strong>[\/vc_column_text][vc_empty_space height=&#8221;16px&#8221;][vc_column_text]Mimar<br \/>\nY\u0131ld\u0131z Teknik \u00dcniversitesi<\/p>\n<p>Bahar 2023<br \/>\nDan\u0131\u015fman: Bu\u015fra Al &#8211; Emre Demirta\u015f[\/vc_column_text][vc_empty_space][\/vc_column][vc_column width=&#8221;2\/3&#8243;][vc_empty_space][vc_column_text]<\/p>\n<p style=\"text-align: center;\"><strong>FAZ I\u00a0<\/strong><br \/>\n<strong>Deprem Sonras\u0131 \u2018Akut Bar\u0131nma\u2019 Alanlar\u0131<\/strong><br \/>\n<strong>(\u00c7ad\u0131r Yerle\u015fimleri)<\/strong><\/p>\n<p>[\/vc_column_text][vc_empty_space][vc_column_text]AURA \u0130stanbul Sertifika Program\u0131 kapsam\u0131ndaki Ara\u015ft\u0131rma Tabanl\u0131 Tasar\u0131m St\u00fcdyosunun ilk faz\u0131nda Kahramanmara\u015f, Dulkadiro\u011flu, S\u00fcmer Mahallesi\u2019nde bulunan S\u00fcmer Ortaokulu\u2019nun bah\u00e7esinde kolektif \u00fcretim s\u00fcre\u00e7leri ile bir yerle\u015fim ve ya\u015fam alan\u0131 kuran <a href=\"https:\/\/www.instagram.com\/kaf.kolektif\/\">KAF Kolektif<\/a>\u2019in payla\u015ft\u0131\u011f\u0131 bilgilerden yararlan\u0131ld\u0131.<\/p>\n<p>S\u00f6z konusu alandaki acil bar\u0131nma ihtiya\u00e7lar\u0131 ile sosyal ve ibadet mek\u00e2n\u0131 \u00fczerine \u00e7al\u0131\u015fmalar yap\u0131ld\u0131. Kat\u0131l\u0131mc\u0131lar\u0131m\u0131z, iki hafta i\u00e7erisinde iki grup halinde \u00e7al\u0131\u015fmalar\u0131n\u0131 tamamlad\u0131.[\/vc_column_text][vc_empty_space][vc_column_text]<\/p>\n<p style=\"text-align: left;\"><strong>\u00c7ad\u0131ra Ek Ya\u015fam Alan\u0131<\/strong><\/p>\n<p>Tasar\u0131m Ekibi: Arz Minta\u015f, Do\u011fukan Kurt, Merve Ak\u00e7in, Su Sezer, \u015eeyda Ayd\u0131n[\/vc_column_text][vc_empty_space][vc_row_inner][vc_column_inner width=&#8221;1\/2&#8243;][vc_column_text]Acil bar\u0131nma ihtiyac\u0131n\u0131 kar\u015f\u0131lamak i\u00e7in depremzedelerin kulland\u0131\u011f\u0131 \u00e7ad\u0131rlara mahremiyet, depolama, bar\u0131nma gibi i\u015flevlere y\u00f6nelik daha fazla alan kazand\u0131rmak \u00fczere \u00c7ad\u0131rlara Ek Ya\u015fam Alan\u0131 Mod\u00fcl\u00fc tasar\u0131m\u0131 \u00e7al\u0131\u015f\u0131ld\u0131.<\/p>\n<p>Normal \u015fartlar alt\u0131nda, 3 ile 6 ay aras\u0131nda s\u00fcreli bir ge\u00e7ici bar\u0131nma birimi olan afet \u00e7ad\u0131rlar\u0131n\u0131n daha uzun s\u00fcre kullan\u0131lmas\u0131 durumu de\u011ferlendirildi. Yerle\u015fkede yap\u0131lan analizler ve ger\u00e7ekle\u015ftiren g\u00f6r\u00fc\u015fmeler sonucunda alanda bulunan \u00e7ad\u0131rlar\u0131n tipolojileri ve yerle\u015fim d\u00fczenlerine dair veriler al\u0131nd\u0131.<br \/>\nBu do\u011frultuda b\u00f6lgedeki ya\u015fam\u0131 iyile\u015ftirmek amac\u0131yla \u00e7ad\u0131rlara eklemlenen ve \u00f6zellikle \u00e7ocuklara hizmet etmesi d\u00fc\u015f\u00fcn\u00fclen mod\u00fcller tasarland\u0131. B\u00f6lgeye yerle\u015fmi\u015f \u00e7ok say\u0131da \u00e7ocu\u011fun \u00e7al\u0131\u015fma ve oyun zamanlar\u0131 i\u00e7in g\u00fcvenli mek\u00e2nlar olu\u015fturulmas\u0131 hedeflendi.Ya\u015fanan travmay\u0131 hafifletmek ve \u00f6zel mek\u00e2nlara duyulan ihtiyac\u0131 kar\u015f\u0131layabilmek ad\u0131na \u00e7ok i\u015flevli 6 birim tasarland\u0131.[\/vc_column_text][\/vc_column_inner][vc_column_inner width=&#8221;1\/2&#8243;][vc_column_text]Birimlerin acil bar\u0131nma evresinden sonra da bir araya getirilerek yeniden kullan\u0131labilmesi \u00f6nemsendi. Tasarlanan mod\u00fcller, alandaki acil bar\u0131nma i\u015flevinin ard\u0131ndan d\u00f6n\u00fc\u015ferek ge\u00e7ici konut evresine ge\u00e7i\u015f s\u00fcrecinde kente entegre olabilecek bi\u00e7imde geli\u015ftirildi. Bu birimler sahada bulunan OSB, MDF, palet, membran gibi malzemelerle, herkesin uygulayabilece\u011fi yap\u0131m y\u00f6ntemlerine uygun olarak tasarland\u0131. Asgari \u015fartlarda tasar\u0131m yapman\u0131n deneyimlendi\u011fi bu projede, yap\u0131lan saha \u00e7al\u0131\u015fmas\u0131 sonucunda yarat\u0131c\u0131 ve pratik \u00e7\u00f6z\u00fcmlere ne kadar ihtiya\u00e7 duyuldu\u011fu bir kez daha ortaya \u00e7\u0131kt\u0131.<\/p>\n<p>\u00c7ad\u0131rlar\u0131n olu\u015fturdu\u011fu ara mek\u00e2nlar\u0131 i\u015flevlendirebilmek \u00fczere yap\u0131lan planimetrik vaziyet analizi sonucunda, \u00e7ad\u0131rlar\u0131n arka arkaya, yan yana, ortogonal ve rastgele olmak \u00fczere 4 farkl\u0131 y\u00f6ntemle bir araya geldi\u011fi g\u00f6zlemlendi. Her bir senaryoya \u00f6zg\u00fc farkl\u0131la\u015fabilecek \u015fekilde tasarlanan mod\u00fcller i\u00e7in olas\u0131 yang\u0131n ve su bask\u0131nlar\u0131n\u0131 \u00f6nlemek amac\u0131yla drenaj hatt\u0131, \u00e7ad\u0131r aras\u0131 mesafesi gibi k\u0131staslar belirlendi.[\/vc_column_text][vc_column_text][\/vc_column_text][\/vc_column_inner][\/vc_row_inner][vc_empty_space][vc_gallery interval=&#8221;10&#8243; images=&#8221;11079,11080,11081,11082,11083,11084&#8243; img_size=&#8221;full&#8221;][vc_empty_space][\/vc_column][vc_column width=&#8221;1\/6&#8243;][vc_empty_space height=&#8221;16px&#8221;][vc_row_inner][vc_column_inner][vc_column_text][\/vc_column_text][\/vc_column_inner][\/vc_row_inner][vc_row_inner][vc_column_inner width=&#8221;2\/3&#8243;][\/vc_column_inner][vc_column_inner width=&#8221;1\/3&#8243;][\/vc_column_inner][\/vc_row_inner][\/vc_column][\/vc_row][vc_row][vc_column width=&#8221;1\/6&#8243;][vc_empty_space][vc_column_text][\/vc_column_text][vc_empty_space height=&#8221;16px&#8221;][vc_column_text][\/vc_column_text][vc_empty_space][vc_row_inner][vc_column_inner width=&#8221;1\/4&#8243;][vc_icon icon_fontawesome=&#8221;fas fa-backspace&#8221; color=&#8221;white&#8221; size=&#8221;xs&#8221; link=&#8221;target:_blank&#8221;][\/vc_column_inner][vc_column_inner width=&#8221;1\/4&#8243;][\/vc_column_inner][vc_column_inner width=&#8221;1\/4&#8243;][\/vc_column_inner][vc_column_inner width=&#8221;1\/4&#8243;][\/vc_column_inner][\/vc_row_inner][\/vc_column][vc_column width=&#8221;2\/3&#8243;][vc_empty_space][vc_column_text]<\/p>\n<p style=\"text-align: center;\"><strong>FAZ II\u00a0<\/strong><br \/>\n<strong>Deprem Sonras\u0131 Ge\u00e7ici Bar\u0131nma Yerle\u015fimlerine Y\u00f6nelik Tasar\u0131m<\/strong><\/p>\n<p>[\/vc_column_text][vc_empty_space][vc_column_text]Ara\u015ft\u0131rma Tabanl\u0131 Tasar\u0131m St\u00fcdyosu kapsam\u0131nda Bahar&#8217;23 kat\u0131l\u0131mc\u0131lar\u0131 <a href=\"https:\/\/urbankoop.org\/\">Urban.koop<\/a> ile birlikte Deprem Sonras\u0131 Ge\u00e7ici Bar\u0131nma Yerle\u015fimlerine Y\u00f6nelik Tasar\u0131m Rehberi&#8217;nde yer alan ara\u015ft\u0131rma ba\u015fl\u0131klar\u0131 \u00fczerine \u00e7al\u0131\u015fmalar\u0131n\u0131 tamamlad\u0131.<\/p>\n<p>Kat\u0131l\u0131mc\u0131lar\u0131m\u0131z; Kent ile Entegrasyon, \u0130klimlendirme ve S\u00fcrd\u00fcr\u00fclebilir Altyap\u0131, Plan Kurgusu, Konut Birimleri, Sosyal Etkile\u015fim, M\u00fc\u015fterekler ve Donat\u0131lar konular\u0131nda gruplar halinde \u00e7al\u0131\u015ft\u0131.<\/p>\n<p><a href=\"https:\/\/assets.adobe.com\/id\/urn:aaid:sc:US:2f15bff0-8a01-466e-920a-bae0803253be?view=published\">Deprem Sonras\u0131 Ge\u00e7ici Bar\u0131nma Yerle\u015fimlerine Y\u00f6nelik Tasar\u0131m Rehberi<\/a>[\/vc_column_text][vc_empty_space][vc_column_text]<\/p>\n<p class=\"vc_separator wpb_content_element vc_separator_align_center vc_sep_width_100 vc_sep_pos_align_center vc_separator_no_text vc_sep_color_chino\"><strong>SOSYAL ETK\u0130LE\u015e\u0130M, M\u00dc\u015eTEREKLER ve DONATILAR<\/strong><\/p>\n<div class=\"vc_row wpb_row vc_inner vc_row-fluid text-text-default\">\n<div class=\"wpb_column vc_column_container vc_col-sm-12\">\n<div class=\"vc_column-inner\">\n<div class=\"wpb_wrapper\">\n<div class=\"wpb_text_column wpb_content_element \">\n<div class=\"wpb_wrapper\">\n<div dir=\"auto\">\n<div dir=\"auto\">\n<p>Tasar\u0131m Ekibi: Do\u011fukan Kurt, \u015eeyda Ayd\u0131n<\/p>\n<\/div>\n<\/div>\n<\/div>\n<\/div>\n<\/div>\n<\/div>\n<\/div>\n<\/div>\n<p>[\/vc_column_text][vc_empty_space][vc_row_inner][vc_column_inner width=&#8221;1\/2&#8243;][vc_column_text]Toplumsal krizle sonu\u00e7lanan 6 \u015eubat Kahramanmara\u015f depremi gibi afetlerde \u00f6ncelikle asgari ihtiya\u00e7lar\u0131n \u00e7\u00f6z\u00fclmesi, sonras\u0131nda ge\u00e7ici bar\u0131nma, ge\u00e7ici konut ve kal\u0131c\u0131 konut evresine de evrilebilecek esnek bir yap\u0131 modeli olarak \u00e7ekirde\u011fin yan\u0131na eklemlenen eklenti mod\u00fclleri de tasarlanm\u0131\u015ft\u0131r.<\/p>\n<p>Sanit\u00e4rzelle (s\u0131hhi h\u00fccre) fikri bu projenin ana fikrini olu\u015fturmaktad\u0131r. Asgari standartlar ve \u00e7evresinde olu\u015fan, d\u00f6n\u00fc\u015fen esnek bir tasar\u0131ma gidilmi\u015ftir. Projemizin de ad\u0131n\u0131 olu\u015fturan \u2018Duvar\u2019, bu asgari standartlar b\u00fcnyesinde bar\u0131nd\u0131ran tesisat duvar\u0131 bizim ana \u00e7ekirde\u011fimizi olu\u015fturmaktad\u0131r. \u0130lk a\u015famada sahada temeli haz\u0131rlanan bu sistemin, fabrikada haz\u0131r olarak \u00fcretilerek yerine yerle\u015ftirilmesi ve mod\u00fcler sistemde bu \u00e7ekirde\u011fe eklemlenen mod\u00fcllerden meydana gelmektedir.[\/vc_column_text][\/vc_column_inner][vc_column_inner width=&#8221;1\/2&#8243;][vc_column_text]Yap\u0131 \u00fcretiminin end\u00fcstrile\u015fmesinde ileri bir geli\u015fme d\u00fczeyini g\u00f6steren mod\u00fcler yap\u0131lar, bir yap\u0131n\u0131n standartla\u015ft\u0131r\u0131lm\u0131\u015f bile\u015fenlerinin fabrikada \u00fcretilmesini ve sahada kurulumunu i\u00e7ermektedir.<\/p>\n<p>B\u00f6ylece haz\u0131rl\u0131k a\u015famas\u0131n\u0131 i\u00e7eren sahadaki \u00e7al\u0131\u015fmalar devam ederken, ayn\u0131 anda mod\u00fcllerin \u00fcretimi fabrikada ger\u00e7ekle\u015ftirilebilmektedir. Bu durum, finansman ve denetim maliyetlerini d\u00fc\u015f\u00fcrerek, yap\u0131lar\u0131n daha erken kullan\u0131lmaya ba\u015flanmas\u0131na izin vermekte ve \u00e7ok daha k\u0131sa bir yap\u0131m s\u00fcreci sa\u011flamaktad\u0131r. Mek\u00e2nlarda kullan\u0131lan donat\u0131lar kullan\u0131m a\u00e7\u0131s\u0131ndan esnek tasarlanarak, mek\u00e2nlar\u0131n farkl\u0131 i\u015flevle \u00e7oklu kullan\u0131mlar\u0131na olanak verilmekte ve i\u00e7 mek\u00e2n d\u00fczenlemelerinde kullan\u0131c\u0131 say\u0131s\u0131na g\u00f6re mek\u00e2n d\u00fczeninde de\u011fi\u015fiklik yap\u0131labilmektedir. Ya\u015fam mek\u00e2n\u0131nda, esnek donat\u0131larla yeme, oturma ve yatma i\u015flevleri ger\u00e7ekle\u015ftirilebilmektedir.[\/vc_column_text][\/vc_column_inner][\/vc_row_inner][vc_empty_space][vc_gallery interval=&#8221;10&#8243; images=&#8221;11375,11376,11377,11378&#8243; img_size=&#8221;full&#8221;][vc_empty_space][\/vc_column][vc_column width=&#8221;1\/6&#8243;][vc_empty_space height=&#8221;16px&#8221;][vc_row_inner][vc_column_inner][vc_empty_space][vc_column_text][\/vc_column_text][vc_column_text][\/vc_column_text][\/vc_column_inner][\/vc_row_inner][vc_row_inner][vc_column_inner width=&#8221;2\/3&#8243;][\/vc_column_inner][vc_column_inner width=&#8221;1\/3&#8243;][\/vc_column_inner][\/vc_row_inner][\/vc_column][\/vc_row][vc_row][vc_column width=&#8221;1\/6&#8243;][vc_empty_space][vc_column_text][\/vc_column_text][vc_empty_space height=&#8221;16px&#8221;][vc_column_text][\/vc_column_text][vc_empty_space][vc_row_inner][vc_column_inner width=&#8221;1\/4&#8243;][vc_icon icon_fontawesome=&#8221;fas fa-backspace&#8221; color=&#8221;white&#8221; size=&#8221;xs&#8221; link=&#8221;target:_blank&#8221;][\/vc_column_inner][vc_column_inner width=&#8221;1\/4&#8243;][\/vc_column_inner][vc_column_inner width=&#8221;1\/4&#8243;][\/vc_column_inner][vc_column_inner width=&#8221;1\/4&#8243;][\/vc_column_inner][\/vc_row_inner][\/vc_column][vc_column width=&#8221;2\/3&#8243;][vc_empty_space][vc_column_text]<\/p>\n<p style=\"text-align: center;\"><strong>FAZ III<\/strong><br \/>\n<strong>SOSYAL KONUT<\/strong><\/p>\n<p>[\/vc_column_text][vc_empty_space][vc_column_text]<strong>SOSYAL KONUT VE EV EKSENL\u0130 \u00c7ALI\u015eMA: KOLEKT\u0130F GIDA A\u011eI<\/strong><\/p>\n<p>Tasar\u0131m Ekibi: \u015eeyda Ayd\u0131n[\/vc_column_text][vc_empty_space][vc_row_inner][vc_column_inner width=&#8221;1\/2&#8243;][vc_column_text]Ev eksenli \u00e7al\u0131\u015fma bilimsel yaz\u0131nda evde \u00e7al\u0131\u015fma (homeworking) veya \u2018d\u0131\u015f \u00e7al\u0131\u015fma\u2019 olarak T\u00fcrk\u00e7ele\u015ftirebilece\u011fimiz \u2018Outwork\u2019 olarak adland\u0131r\u0131lmaktad\u0131r. D\u0131\u015f \u00e7al\u0131\u015fma kavram\u0131, \u00e7al\u0131\u015fman\u0131n fabrika d\u0131\u015f\u0131nda olmas\u0131n\u0131 i\u015faret eder. Bu kavramda ayr\u0131m, fabrika ekseninde yap\u0131lmakta ve eme\u011fin harcand\u0131\u011f\u0131 esas yerin de fabrika oldu\u011fu varsay\u0131m\u0131 bulunmaktad\u0131r.<\/p>\n<p>Ev eksenli \u00e7al\u0131\u015fma haliyle genellikle \u2018\u2019ev\u2019\u2019de yap\u0131lan \u00e7al\u0131\u015fmad\u0131r. Ancak bir \u00f6deme kar\u015f\u0131l\u0131\u011f\u0131 olmadan yap\u0131lan ev i\u015fleri, temizlik ve \u00e7ocuk bak\u0131m\u0131 i\u015flerinden de farkl\u0131 bir \u00e7al\u0131\u015fma t\u00fcr\u00fcd\u00fcr. Ev eksenli \u00e7al\u0131\u015fma yapanlar\u0131n neredeyse tamam\u0131n\u0131 kad\u0131nlar olu\u015fturmaktad\u0131r.<\/p>\n<p>Bu \u00e7al\u0131\u015fma modelini tercih eden kad\u0131n ve erkekler aras\u0131ndaki fark\u0131n say\u0131ca b\u00fcy\u00fckl\u00fc\u011f\u00fc, kad\u0131nlar\u0131n i\u015fg\u00fcc\u00fcne kat\u0131l\u0131m\u0131yla do\u011frudan ili\u015fkilidir.[\/vc_column_text][\/vc_column_inner][vc_column_inner width=&#8221;1\/2&#8243;][vc_column_text]Depremzedelerle kurulan irtibatlardan edinilen bilgilerle ve 6 \u015eubat depreminden sonra bir\u00e7ok insan\u0131n \u00e7al\u0131\u015fma hakk\u0131 \u00e7e\u015fitli sebeplerle elinden al\u0131nm\u0131\u015ft\u0131r. Afet sebebiyle bireylerin kendi ya da b\u00fcnyesinde \u00e7al\u0131\u015ft\u0131\u011f\u0131 i\u015fyerlerinin zarar g\u00f6rmesi veya yok olmas\u0131, bireyde fiziksel hasar meydana gelmesiyle i\u015fini devam ettiremeyecek durumda olmas\u0131 gibi farkl\u0131 meseleler bir\u00e7ok depremzedenin i\u015f ve \u00fcretimle ili\u015fkisinin kesintiye u\u011framas\u0131na sebebiyet vermi\u015ftir.<\/p>\n<p>Bu \u00e7al\u0131\u015fmada bar\u0131nma ve \u00fcretim ili\u015fkisi; sosyal konutta ev eksenli \u00e7al\u0131\u015fma modeli ve kolektif g\u0131da a\u011f\u0131 \u00fczerinden irdelenmi\u015ftir. G\u0131da \u00fcretimi kolektif \u00e7al\u0131\u015fma ile birlikte dayan\u0131\u015fma do\u011furan ve bir\u00e7ok i\u015f\u00e7iye istihdam sa\u011flayan bir \u00fcretim koludur. Kolektif \u00fcretim ve ev eksenli \u00e7al\u0131\u015fma entegre \u00e7al\u0131\u015fabilir mi? \u00dcretim ve ev ya\u015fam\u0131 birbirleri ile ne \u00f6l\u00e7\u00fcde ili\u015fkili olabilir? \u00dcretimin bar\u0131nmaya entegre edilmesi dezavantajl\u0131 gruplar\u0131n istihdam\u0131na katk\u0131 sa\u011flar m\u0131?[\/vc_column_text][\/vc_column_inner][\/vc_row_inner][vc_empty_space][vc_gallery interval=&#8221;10&#8243; images=&#8221;11411,11412,11413,11414,11415&#8243; img_size=&#8221;full&#8221;][vc_empty_space][\/vc_column][vc_column width=&#8221;1\/6&#8243;][vc_empty_space height=&#8221;16px&#8221;][vc_row_inner][vc_column_inner][vc_empty_space][vc_column_text][\/vc_column_text][vc_column_text][\/vc_column_text][\/vc_column_inner][\/vc_row_inner][vc_row_inner][vc_column_inner width=&#8221;2\/3&#8243;][\/vc_column_inner][vc_column_inner width=&#8221;1\/3&#8243;][\/vc_column_inner][\/vc_row_inner][\/vc_column][\/vc_row][\/vc_section]<\/p>\n<\/div>","protected":false},"excerpt":{"rendered":"<p>[vc_section][vc_row][vc_column width=&#8221;1\/6&#8243;][vc_single_image image=&#8221;11711&#8243; img_size=&#8221;large&#8221; alignment=&#8221;center&#8221;][vc_empty_space][vc_column_text]\u015eeyda Ayd\u0131n[\/vc_column_text][vc_empty_space height=&#8221;16px&#8221;][vc_column_text]Mimar Y\u0131ld\u0131z Teknik \u00dcniversitesi Bahar 2023 Dan\u0131\u015fman: Bu\u015fra Al &#8211; Emre Demirta\u015f[\/vc_column_text][vc_empty_space][\/vc_column][vc_column width=&#8221;2\/3&#8243;][vc_empty_space][vc_column_text] FAZ I\u00a0 Deprem Sonras\u0131 \u2018Akut Bar\u0131nma\u2019 Alanlar\u0131 (\u00c7ad\u0131r Yerle\u015fimleri) [\/vc_column_text][vc_empty_space][vc_column_text]AURA \u0130stanbul [&hellip;]<\/p>\n","protected":false},"author":10,"featured_media":0,"parent":0,"menu_order":0,"comment_status":"closed","ping_status":"closed","template":"","meta":{"_acf_changed":false,"_seopress_robots_primary_cat":"","_seopress_titles_title":"AURA Alumni: \u015eeyda Ayd\u0131n","_seopress_titles_desc":"2023 Bahar Do\u0308nemi\u2019nde \u201cAras\u0327t\u0131rma Tabanl\u0131 Tasar\u0131m Stu\u0308dyosu\u201dnda, kat\u0131l\u0131mc\u0131lar\u0131m\u0131z, Bu\u015fra Al ve Emre Demirta\u015f y\u00fcr\u00fct\u00fcc\u00fcl\u00fc\u011f\u00fcndeki st\u00fcdyoda, 6 \u015eubat 2023 tarihinde meydana gelen depremler ard\u0131ndan b\u00f6lgedeki ihtiya\u00e7lara odakland\u0131.","_seopress_robots_index":"","_price":"","_stock":"","_tribe_ticket_header":"","_tribe_default_ticket_provider":"","_tribe_ticket_capacity":"0","_ticket_start_date":"","_ticket_end_date":"","_tribe_ticket_show_description":"","_tribe_ticket_show_not_going":false,"_tribe_ticket_use_global_stock":"","_tribe_ticket_global_stock_level":"","_global_stock_mode":"","_global_stock_cap":"","_tribe_rsvp_for_event":"","_tribe_ticket_going_count":"","_tribe_ticket_not_going_count":"","_tribe_tickets_list":"[]","_tribe_ticket_has_attendee_info_fields":false,"_EventAllDay":false,"_EventTimezone":"","_EventStartDate":"","_EventEndDate":"","_EventStartDateUTC":"","_EventEndDateUTC":"","_EventShowMap":false,"_EventShowMapLink":false,"_EventURL":"","_EventCost":"","_EventCostDescription":"","_EventCurrencySymbol":"","_EventCurrencyCode":"","_EventCurrencyPosition":"","_EventDateTimeSeparator":"","_EventTimeRangeSeparator":"","_EventOrganizerID":[],"_EventVenueID":[],"_OrganizerEmail":"","_OrganizerPhone":"","_OrganizerWebsite":"","_VenueAddress":"","_VenueCity":"","_VenueCountry":"","_VenueProvince":"","_VenueState":"","_VenueZip":"","_VenuePhone":"","_VenueURL":"","_VenueStateProvince":"","_VenueLat":"","_VenueLng":"","_VenueShowMap":false,"_VenueShowMapLink":false,"footnotes":"","_tec_slr_enabled":"","_tec_slr_layout":""},"class_list":["post-11995","page","type-page","status-publish","hentry"],"acf":[],"ticketed":false,"_links":{"self":[{"href":"https:\/\/aura-istanbul.com\/index.php\/wp-json\/wp\/v2\/pages\/11995","targetHints":{"allow":["GET"]}}],"collection":[{"href":"https:\/\/aura-istanbul.com\/index.php\/wp-json\/wp\/v2\/pages"}],"about":[{"href":"https:\/\/aura-istanbul.com\/index.php\/wp-json\/wp\/v2\/types\/page"}],"author":[{"embeddable":true,"href":"https:\/\/aura-istanbul.com\/index.php\/wp-json\/wp\/v2\/users\/10"}],"replies":[{"embeddable":true,"href":"https:\/\/aura-istanbul.com\/index.php\/wp-json\/wp\/v2\/comments?post=11995"}],"version-history":[{"count":4,"href":"https:\/\/aura-istanbul.com\/index.php\/wp-json\/wp\/v2\/pages\/11995\/revisions"}],"predecessor-version":[{"id":15197,"href":"https:\/\/aura-istanbul.com\/index.php\/wp-json\/wp\/v2\/pages\/11995\/revisions\/15197"}],"wp:attachment":[{"href":"https:\/\/aura-istanbul.com\/index.php\/wp-json\/wp\/v2\/media?parent=11995"}],"curies":[{"name":"wp","href":"https:\/\/api.w.org\/{rel}","templated":true}]}}