{"id":12010,"date":"2023-12-05T18:58:15","date_gmt":"2023-12-05T15:58:15","guid":{"rendered":"https:\/\/aura-istanbul.com\/?page_id=12010"},"modified":"2025-09-23T20:57:24","modified_gmt":"2025-09-23T17:57:24","slug":"aura-alumni-ebru-sevli","status":"publish","type":"page","link":"https:\/\/aura-istanbul.com\/index.php\/aura-alumni-ebru-sevli\/","title":{"rendered":"AURA Alumni: Ebru \u015eevli"},"content":{"rendered":"<div class=\"wpb-content-wrapper\"><p>[vc_section][vc_row][vc_column width=&#8221;1\/6&#8243;][vc_single_image image=&#8221;11703&#8243; img_size=&#8221;large&#8221; alignment=&#8221;center&#8221;][vc_empty_space][vc_column_text]<strong>Ebru \u015eevli<\/strong>[\/vc_column_text][vc_empty_space height=&#8221;16px&#8221;][vc_column_text]Mimar<br \/>\n\u0130stanbul Bilgi \u00dcniversitesi<\/p>\n<p>Bahar 2023<br \/>\nDan\u0131\u015fman: Bu\u015fra Al &#8211; Emre Demirta\u015f[\/vc_column_text][vc_empty_space][\/vc_column][vc_column width=&#8221;2\/3&#8243;][vc_empty_space][vc_column_text]<\/p>\n<p style=\"text-align: center;\"><strong>FAZ I\u00a0<\/strong><br \/>\n<strong>Deprem Sonras\u0131 \u2018Akut Bar\u0131nma\u2019 Alanlar\u0131<\/strong><br \/>\n<strong>(\u00c7ad\u0131r Yerle\u015fimleri)<\/strong><\/p>\n<p>[\/vc_column_text][vc_empty_space][vc_column_text]AURA \u0130stanbul Sertifika Program\u0131 kapsam\u0131ndaki Ara\u015ft\u0131rma Tabanl\u0131 Tasar\u0131m St\u00fcdyosunun ilk faz\u0131nda Kahramanmara\u015f, Dulkadiro\u011flu, S\u00fcmer Mahallesi\u2019nde bulunan S\u00fcmer Ortaokulu\u2019nun bah\u00e7esinde kolektif \u00fcretim s\u00fcre\u00e7leri ile bir yerle\u015fim ve ya\u015fam alan\u0131 kuran <a href=\"https:\/\/www.instagram.com\/kaf.kolektif\/\">KAF Kolektif<\/a>\u2019in payla\u015ft\u0131\u011f\u0131 bilgilerden yararlan\u0131ld\u0131.<\/p>\n<p>S\u00f6z konusu alandaki acil bar\u0131nma ihtiya\u00e7lar\u0131 ile sosyal ve ibadet mek\u00e2n\u0131 \u00fczerine \u00e7al\u0131\u015fmalar yap\u0131ld\u0131. Kat\u0131l\u0131mc\u0131lar\u0131m\u0131z, iki hafta i\u00e7erisinde iki grup halinde \u00e7al\u0131\u015fmalar\u0131n\u0131 tamamlad\u0131.[\/vc_column_text][vc_empty_space][vc_column_text]<strong>SOSYAL ALAN VE \u0130BADET ALANI<\/strong><\/p>\n<p>Tasar\u0131m Ekibi: Ba\u015fak Bul, B\u00fc\u015fra \u00d6zmen, Ebru \u015eevli, Eda \u00dcnal, Meltem G\u00fcller, Mona Bilto, N\u00fcket Barut\u00e7u, Zeynep Adar, Zeynep Y\u0131lmaz[\/vc_column_text][vc_empty_space][vc_row_inner][vc_column_inner width=&#8221;1\/2&#8243;][vc_column_text]S\u00fcmer Ortaokulu\u2019nun \u00e7evresinde Kaf Kolektif\u2019in katk\u0131lar\u0131yla olu\u015fmu\u015f kom\u00fcnitede, yap\u0131lan g\u00f6r\u00fc\u015fmeler sonucu ihtiya\u00e7 duyulan sosyal alan ve ibadet mekan\u0131 tasar\u0131m\u0131 i\u00e7in \u00e7al\u0131\u015f\u0131ld\u0131. Tasar\u0131ma ba\u015flarken belirlenen prensipler do\u011frultusunda olu\u015fturulan bir yol haritas\u0131 ile \u00e7al\u0131\u015f\u0131ld\u0131. Bu prensipler; ta\u015f\u0131nabilirlik, \u00e7o\u011falabilirlik, kolay kurulum ve esnek tan\u0131ml\u0131 mekanlar olu\u015fturmakt\u0131r. Belirlenen programlar\u0131n hepsine cevap verebilecek bir birim tasarland\u0131ktan sonra birim d\u00f6n\u00fc\u015ft\u00fcrerek kullan\u0131lmas\u0131na olanak sa\u011flayan bir kompozisyon olu\u015fturuldu.<\/p>\n<p>B\u00fct\u00fcn bu kompozisyonun kurucu unsuru \u0131slak hacmi i\u00e7eren su mod\u00fcl\u00fcd\u00fcr. Bu mod\u00fcl i\u00e7eriden abdesthane d\u0131\u015far\u0131dan ise \u00e7e\u015fme olarak kullan\u0131lmaktad\u0131r. Yerle\u015fim i\u00e7in de ana unsur olan su mod\u00fcl\u00fc, hem var olan patika ve duvar aks\u0131n\u0131n kesi\u015fiminde bulunacak hem de \u00f6n\u00fcnde a\u00e7\u0131k bir sosyal alan olu\u015fturacak kapasiteye sahip olacak \u015fekilde tasarlanm\u0131\u015ft\u0131r.<\/p>\n<p>Su mod\u00fcl\u00fcn\u00fcn etraf\u0131na yerle\u015ferek kompozisyonu b\u00fcy\u00fcten di\u011fer birimler ve programlar ise;[\/vc_column_text][\/vc_column_inner][vc_column_inner width=&#8221;1\/2&#8243;][vc_column_text]on iki ki\u015filik ibadet mekan\u0131, yar\u0131 a\u00e7\u0131k sosyal alan ve t\u00fcm bu birimlerin birbirine ba\u011flayan y\u00fckseltilmi\u015f bir zemin olan platform. Kompleksin eri\u015filebilir ve engelsiz olmas\u0131 i\u00e7in platforma \u00e7\u0131k\u0131\u015f rampa ile sa\u011flanm\u0131\u015ft\u0131r.<\/p>\n<p>Yap\u0131n\u0131n oryantasyonunda ana fakt\u00f6r ibadet mekan\u0131 olmas\u0131 sebebiyle k\u0131ble y\u00f6n\u00fcd\u00fcr. K\u0131ble y\u00f6n\u00fcne do\u011fru konumlanan yap\u0131n\u0131n duvar ile ara kesitinde kalan a\u00e7\u0131k alan da b\u00fcy\u00fck \u00f6nem kazanmaktad\u0131r. Buradaki a\u00e7\u0131k alan, hem bir sosyal alan hem de ekme-bi\u00e7me alan\u0131 olarak kurguland\u0131. B\u00f6ylece tasar\u0131m, esnek ve d\u00f6n\u00fc\u015febilen mekan kullan\u0131m\u0131na sahip, \u201csu\u201d \u00fczerinden kurgulanan ve a\u00e7\u0131k alanlarla beslenen bir mekan kompozisyonuna haline geldi.<\/p>\n<p>Tasar\u0131mda kullan\u0131lan malzemelerin kolay ula\u015f\u0131labilir ve uygun maliyetli olmas\u0131 \u00f6nemsendi. Bu nedenle \u00e7evre illerden temin edilebilecek; OSB, ah\u015fap kereste, membran ve ah\u015fap kasalar tercih edildi. Mod\u00fcller i\u00e7in olu\u015fturulan kurulum \u015femas\u0131 sayesinde mekan, herkes taraf\u0131ndan in\u015fa edilebilecek ve eklemlenebilecek bi\u00e7imde kurguland\u0131.[\/vc_column_text][vc_column_text][\/vc_column_text][\/vc_column_inner][\/vc_row_inner][vc_empty_space][vc_gallery interval=&#8221;10&#8243; images=&#8221;11085,11086,11087,11088,11089,11090,11091&#8243; img_size=&#8221;full&#8221;][vc_empty_space][\/vc_column][vc_column width=&#8221;1\/6&#8243;][vc_empty_space height=&#8221;16px&#8221;][vc_row_inner][vc_column_inner width=&#8221;2\/3&#8243;][\/vc_column_inner][vc_column_inner width=&#8221;1\/3&#8243;][\/vc_column_inner][\/vc_row_inner][\/vc_column][\/vc_row][vc_row][vc_column width=&#8221;1\/6&#8243;][vc_empty_space][vc_column_text][\/vc_column_text][vc_empty_space height=&#8221;16px&#8221;][vc_column_text][\/vc_column_text][vc_empty_space][\/vc_column][vc_column width=&#8221;2\/3&#8243;][vc_empty_space][vc_column_text]<\/p>\n<p style=\"text-align: center;\"><strong>FAZ II\u00a0<\/strong><br \/>\n<strong>Deprem Sonras\u0131 Ge\u00e7ici Bar\u0131nma Yerle\u015fimlerine Y\u00f6nelik Tasar\u0131m<\/strong><\/p>\n<p>[\/vc_column_text][vc_empty_space][vc_column_text]Ara\u015ft\u0131rma Tabanl\u0131 Tasar\u0131m St\u00fcdyosu kapsam\u0131nda Bahar&#8217;23 kat\u0131l\u0131mc\u0131lar\u0131 <a href=\"https:\/\/urbankoop.org\/\">Urban.koop<\/a> ile birlikte Deprem Sonras\u0131 Ge\u00e7ici Bar\u0131nma Yerle\u015fimlerine Y\u00f6nelik Tasar\u0131m Rehberi&#8217;nde yer alan ara\u015ft\u0131rma ba\u015fl\u0131klar\u0131 \u00fczerine \u00e7al\u0131\u015fmalar\u0131n\u0131 tamamlad\u0131.<\/p>\n<p>Kat\u0131l\u0131mc\u0131lar\u0131m\u0131z; Kent ile Entegrasyon, \u0130klimlendirme ve S\u00fcrd\u00fcr\u00fclebilir Altyap\u0131, Plan Kurgusu, Konut Birimleri, Sosyal Etkile\u015fim, M\u00fc\u015fterekler ve Donat\u0131lar konular\u0131nda gruplar halinde \u00e7al\u0131\u015ft\u0131.<\/p>\n<p><a href=\"https:\/\/assets.adobe.com\/id\/urn:aaid:sc:US:2f15bff0-8a01-466e-920a-bae0803253be?view=published\">Deprem Sonras\u0131 Ge\u00e7ici Bar\u0131nma Yerle\u015fimlerine Y\u00f6nelik Tasar\u0131m Rehberi<\/a>[\/vc_column_text][vc_empty_space][vc_column_text]<strong>\u0130KL\u0130MLEND\u0130RME VE S\u00dcRD\u00dcR\u00dcLEB\u0130L\u0130R ALTYAPI<\/strong><\/p>\n<p>Tasar\u0131m Ekibi: Ebru \u015eevli, Mona Bilto, Meltem G\u00fcller[\/vc_column_text][vc_empty_space][vc_row_inner][vc_column_inner width=&#8221;1\/2&#8243;][vc_column_text]\u0130klimlendirme ve s\u00fcrd\u00fcr\u00fclebilir altyap\u0131 ba\u015fl\u0131klar\u0131 alt\u0131nda ge\u00e7ici yerle\u015fim alanlar\u0131nda kar\u015f\u0131la\u015f\u0131labilecek problemlere tasar\u0131m prensipleri ile \u00e7\u00f6z\u00fcm \u00fcretmeyi ama\u00e7layan bir \u00e7al\u0131\u015fma yapt\u0131k. Bu konuyu \u00e7al\u0131\u015fmaya \u00f6ncelikle farkl\u0131 \u00f6l\u00e7ek ve \u00f6ncelik s\u0131ras\u0131ndaki problem tespitlerimizle ba\u015flad\u0131k. Problemlerin ortaya \u00e7\u0131kacaklar\u0131 s\u00fcreler ve aciliyetleri \u00fczerinden s\u0131n\u0131fland\u0131r\u0131lmas\u0131n\u0131n ard\u0131ndan, bu sorunlar\u0131 \u00e7\u00f6zmek i\u00e7in gereken prensip tasar\u0131m yakla\u015f\u0131mlar\u0131n\u0131 yine ayn\u0131 \u00f6l\u00e7\u00fctler \u00fczerinden belirledik. Bu a\u015famada birden \u00e7ok akademik kaynaktan yararland\u0131\u011f\u0131m\u0131z gibi farkl\u0131 tasar\u0131m alanlar\u0131nda in\u015fa edilmi\u015f \u00e7al\u0131\u015fmalardan da yararland\u0131k.<\/p>\n<p>\u00c7al\u0131\u015fmam\u0131z ana hatlar\u0131yla farkl\u0131 \u00f6l\u00e7eklerin iklim ve s\u00fcrd\u00fcr\u00fclebilirli\u011fini incelemek ve daha sonra belirlenen prensiplerin Kahramanmara\u015f mikroklimas\u0131 \u00fczerinden ilerletmeyi i\u00e7eriyor.[\/vc_column_text][\/vc_column_inner][vc_column_inner width=&#8221;1\/2&#8243;][vc_column_text]Kent, yerle\u015fke, birim (konut), malzeme gibi farkl\u0131 \u00f6l\u00e7eklerde ve farkl\u0131 programlar i\u00e7in gereken tasar\u0131m ko\u015fullar\u0131 ile bir da\u011farc\u0131k olu\u015fturduktan sonra bu da\u011farc\u0131k i\u00e7inde Kahramanmara\u015f i\u00e7in acil ve k\u0131sa s\u00fcrede gerekli olan konular\u0131n \u00fczerine yo\u011funla\u015ft\u0131k. Bu konular i\u00e7erisinde k\u0131sa vadede ve acil \u00e7\u00f6z\u00fcm bulunmas\u0131 gereken konular; temiz suya eri\u015fim, termal konfor, g\u00fcvenli tasar\u0131m ve kentsel hijyen. Sorunlara \u00e7\u00f6z\u00fcm olarak \u00f6nerdi\u011fimiz tasar\u0131m prensipleri ise; ya\u011fmur suyu hasad\u0131, su d\u00f6ng\u00fcs\u00fc, pasif iklimlendirme stratejileri ve at\u0131k y\u00f6netimi oldu. T\u00fcm bu \u00e7\u00f6z\u00fcmlerin enerji verimlili\u011fi a\u00e7\u0131s\u0131ndan yeterli olmas\u0131 ve kulland\u0131\u011f\u0131 kaynaklar, uygulanma y\u00f6ntemleri a\u00e7\u0131s\u0131ndan da \u00e7evreye yeni sorunlar te\u015fkil etmemesine \u00f6zen g\u00f6sterdik. T\u00fcm \u00e7\u00f6z\u00fcmlerin do\u011fal etmenlerin organizasyonu ve minimum in\u015fai m\u00fcdahele gerektirecek \u015fekilde kendine yetecek ve i\u00e7inde d\u00f6ng\u00fcs\u00fcn\u00fc kuracak bir sistem tasar\u0131m\u0131 \u00fczerinden ger\u00e7ekle\u015fmesi hedeflendi.[\/vc_column_text][\/vc_column_inner][\/vc_row_inner][vc_empty_space][vc_gallery interval=&#8221;10&#8243; images=&#8221;11363,11364,11365,11366&#8243; img_size=&#8221;full&#8221;][vc_empty_space][\/vc_column][vc_column width=&#8221;1\/6&#8243;][vc_empty_space height=&#8221;16px&#8221;][vc_row_inner][vc_column_inner][vc_empty_space][vc_column_text][\/vc_column_text][vc_column_text][\/vc_column_text][\/vc_column_inner][\/vc_row_inner][vc_row_inner][vc_column_inner width=&#8221;2\/3&#8243;][\/vc_column_inner][vc_column_inner width=&#8221;1\/3&#8243;][\/vc_column_inner][\/vc_row_inner][\/vc_column][\/vc_row][vc_row][vc_column width=&#8221;1\/6&#8243;][vc_empty_space][vc_column_text][\/vc_column_text][vc_empty_space height=&#8221;16px&#8221;][vc_column_text][\/vc_column_text][vc_empty_space][\/vc_column][vc_column width=&#8221;2\/3&#8243;][vc_empty_space][vc_column_text]<\/p>\n<p style=\"text-align: center;\"><strong>FAZ III<\/strong><br \/>\n<strong>SOSYAL KONUT<\/strong><\/p>\n<p>[\/vc_column_text][vc_empty_space][vc_column_text]<strong>DEPREM SONRASI SOSYAL KONUT \u00dcRET\u0130M\u0130 VE \u0130KL\u0130M ADALET\u0130<\/strong><\/p>\n<p>Tasar\u0131m Ekibi: Ebru \u015eevli, Mona Bilto, Meltem G\u00fcller[\/vc_column_text][vc_empty_space][vc_row_inner][vc_column_inner width=&#8221;1\/2&#8243;][vc_column_text]Bug\u00fcn d\u00fcnyam\u0131z ka\u00e7amayaca\u011f\u0131m\u0131z bir iklim de\u011fi\u015fimi ile y\u00fczle\u015fiyor. D\u00fcnyan\u0131n her yerinde insanlar bu de\u011fi\u015fimin kriz haline gelmesinin etkileriyle ba\u015fa \u00e7\u0131kmakta fakat bu etkilere kar\u015f\u0131 bulundu\u011fumuz savunma durumlar\u0131nda adeletsiz bir da\u011f\u0131l\u0131m mevcut. Sosyal konut, \u00f6l\u00e7e\u011fi ve program kapsam\u0131 a\u00e7\u0131s\u0131ndan yere ve b\u00fct\u00e7eye g\u00f6re olduk\u00e7a \u00e7e\u015fitlilik g\u00f6sterecek bir \u00fcretim. Bu \u00fcretimin kapsam\u0131 ne olursa olsun, iklim adaletinin sa\u011flanmas\u0131 i\u00e7in her ihtimalde yer edinecek bir jenerat\u00f6r gerekli. Bu \u00e7al\u0131\u015fma, s\u00f6z konusu kurucu birimi bir yap\u0131 eleman\u0131 olarak tan\u0131ml\u0131yor.\u00a0\u00c7ekirdek i\u00e7erisinde bulundu\u011fu yap\u0131n\u0131n boyutu ve fonksiyonuna g\u00f6re hacim de\u011fi\u015ftirse de, her yap\u0131n\u0131n kurucu eleman\u0131 olabilecek potansiyele sahip.[\/vc_column_text][\/vc_column_inner][vc_column_inner width=&#8221;1\/2&#8243;][vc_column_text]Hedeflenen etkiler; g\u00fcn \u0131\u015f\u0131\u011f\u0131 al\u0131m\u0131, hava sirk\u00fclasyonu, konut i\u00e7ersine s\u0131zan ye\u015fil, yap\u0131 dayan\u0131m\u0131, minimum tesisat ayak izi, ye\u015fil duvar, d\u00fc\u015fey tar\u0131m alan\u0131, ya\u011fmur suyu hasad\u0131, su d\u00f6ng\u00fcs\u00fc gibi ekolojik \u00e7\u00f6z\u00fcmlerle sa\u011flanacak. Yap\u0131n\u0131n boyutuna ve program\u0131na g\u00f6re de\u011fi\u015fip evrilebilecek olan iklim adaleti \u00e7ekirdekleri, daha \u00e7o\u011falabilecek senaryolar \u00fczerinden \u00fcretildi. \u00c7al\u0131\u015fma ana hatlar\u0131yla, minimum m\u00fcdahale ile kent dokusu ve sosyal konut \u00fcretimini belirli bir kal\u0131p i\u00e7erisinde tan\u0131mlamadan, ona esneklik i\u00e7in alan tan\u0131yarak adil iklim ko\u015fullar\u0131n\u0131n bir yap\u0131 birimi olan \u00e7ekirdek \u00fczerinden sa\u011flanmas\u0131n\u0131 ara\u015ft\u0131rd\u0131.[\/vc_column_text][\/vc_column_inner][\/vc_row_inner][vc_empty_space][vc_gallery interval=&#8221;10&#8243; images=&#8221;11396,11397,11398,11399,11400&#8243; img_size=&#8221;full&#8221;][vc_empty_space][\/vc_column][vc_column width=&#8221;1\/6&#8243;][vc_empty_space height=&#8221;16px&#8221;][vc_row_inner][vc_column_inner][vc_empty_space][vc_column_text][\/vc_column_text][vc_column_text][\/vc_column_text][\/vc_column_inner][\/vc_row_inner][vc_row_inner][vc_column_inner width=&#8221;2\/3&#8243;][\/vc_column_inner][vc_column_inner width=&#8221;1\/3&#8243;][\/vc_column_inner][\/vc_row_inner][\/vc_column][\/vc_row][\/vc_section]<\/p>\n<\/div>","protected":false},"excerpt":{"rendered":"<p>[vc_section][vc_row][vc_column width=&#8221;1\/6&#8243;][vc_single_image image=&#8221;11703&#8243; img_size=&#8221;large&#8221; alignment=&#8221;center&#8221;][vc_empty_space][vc_column_text]Ebru \u015eevli[\/vc_column_text][vc_empty_space height=&#8221;16px&#8221;][vc_column_text]Mimar \u0130stanbul Bilgi \u00dcniversitesi Bahar 2023 Dan\u0131\u015fman: Bu\u015fra Al &#8211; Emre Demirta\u015f[\/vc_column_text][vc_empty_space][\/vc_column][vc_column width=&#8221;2\/3&#8243;][vc_empty_space][vc_column_text] FAZ I\u00a0 Deprem Sonras\u0131 \u2018Akut Bar\u0131nma\u2019 Alanlar\u0131 (\u00c7ad\u0131r Yerle\u015fimleri) [\/vc_column_text][vc_empty_space][vc_column_text]AURA \u0130stanbul [&hellip;]<\/p>\n","protected":false},"author":10,"featured_media":0,"parent":0,"menu_order":0,"comment_status":"closed","ping_status":"closed","template":"","meta":{"_acf_changed":false,"_seopress_robots_primary_cat":"","_seopress_titles_title":"AURA Alumni: Ebru \u015eevli","_seopress_titles_desc":"2023 Bahar Do\u0308nemi\u2019nde \u201cAras\u0327t\u0131rma Tabanl\u0131 Tasar\u0131m Stu\u0308dyosu\u201dnda, kat\u0131l\u0131mc\u0131lar\u0131m\u0131z, Bu\u015fra Al ve Emre Demirta\u015f y\u00fcr\u00fct\u00fcc\u00fcl\u00fc\u011f\u00fcndeki st\u00fcdyoda, 6 \u015eubat 2023 tarihinde meydana gelen depremler ard\u0131ndan b\u00f6lgedeki ihtiya\u00e7lara odakland\u0131.","_seopress_robots_index":"","_price":"","_stock":"","_tribe_ticket_header":"","_tribe_default_ticket_provider":"","_tribe_ticket_capacity":"0","_ticket_start_date":"","_ticket_end_date":"","_tribe_ticket_show_description":"","_tribe_ticket_show_not_going":false,"_tribe_ticket_use_global_stock":"","_tribe_ticket_global_stock_level":"","_global_stock_mode":"","_global_stock_cap":"","_tribe_rsvp_for_event":"","_tribe_ticket_going_count":"","_tribe_ticket_not_going_count":"","_tribe_tickets_list":"[]","_tribe_ticket_has_attendee_info_fields":false,"_EventAllDay":false,"_EventTimezone":"","_EventStartDate":"","_EventEndDate":"","_EventStartDateUTC":"","_EventEndDateUTC":"","_EventShowMap":false,"_EventShowMapLink":false,"_EventURL":"","_EventCost":"","_EventCostDescription":"","_EventCurrencySymbol":"","_EventCurrencyCode":"","_EventCurrencyPosition":"","_EventDateTimeSeparator":"","_EventTimeRangeSeparator":"","_EventOrganizerID":[],"_EventVenueID":[],"_OrganizerEmail":"","_OrganizerPhone":"","_OrganizerWebsite":"","_VenueAddress":"","_VenueCity":"","_VenueCountry":"","_VenueProvince":"","_VenueState":"","_VenueZip":"","_VenuePhone":"","_VenueURL":"","_VenueStateProvince":"","_VenueLat":"","_VenueLng":"","_VenueShowMap":false,"_VenueShowMapLink":false,"footnotes":"","_tec_slr_enabled":"","_tec_slr_layout":""},"class_list":["post-12010","page","type-page","status-publish","hentry"],"acf":[],"ticketed":false,"_links":{"self":[{"href":"https:\/\/aura-istanbul.com\/index.php\/wp-json\/wp\/v2\/pages\/12010","targetHints":{"allow":["GET"]}}],"collection":[{"href":"https:\/\/aura-istanbul.com\/index.php\/wp-json\/wp\/v2\/pages"}],"about":[{"href":"https:\/\/aura-istanbul.com\/index.php\/wp-json\/wp\/v2\/types\/page"}],"author":[{"embeddable":true,"href":"https:\/\/aura-istanbul.com\/index.php\/wp-json\/wp\/v2\/users\/10"}],"replies":[{"embeddable":true,"href":"https:\/\/aura-istanbul.com\/index.php\/wp-json\/wp\/v2\/comments?post=12010"}],"version-history":[{"count":7,"href":"https:\/\/aura-istanbul.com\/index.php\/wp-json\/wp\/v2\/pages\/12010\/revisions"}],"predecessor-version":[{"id":15208,"href":"https:\/\/aura-istanbul.com\/index.php\/wp-json\/wp\/v2\/pages\/12010\/revisions\/15208"}],"wp:attachment":[{"href":"https:\/\/aura-istanbul.com\/index.php\/wp-json\/wp\/v2\/media?parent=12010"}],"curies":[{"name":"wp","href":"https:\/\/api.w.org\/{rel}","templated":true}]}}