{"id":12994,"date":"2024-02-19T16:04:31","date_gmt":"2024-02-19T13:04:31","guid":{"rendered":"https:\/\/aura-istanbul.com\/?page_id=12994"},"modified":"2025-09-23T21:02:20","modified_gmt":"2025-09-23T18:02:20","slug":"aura-alumni-merve-nur-yilmaz","status":"publish","type":"page","link":"https:\/\/aura-istanbul.com\/index.php\/aura-alumni-merve-nur-yilmaz\/","title":{"rendered":"AURA Alumni:  Merve Nur Y\u0131lmaz"},"content":{"rendered":"<div class=\"wpb-content-wrapper\"><p>[vc_section][vc_row][vc_column width=&#8221;1\/6&#8243;][vc_single_image image=&#8221;12223&#8243; img_size=&#8221;large&#8221; alignment=&#8221;center&#8221;][vc_empty_space][vc_column_text]<strong>Merve Nur Y\u0131lmaz<\/strong>[\/vc_column_text][vc_empty_space height=&#8221;16px&#8221;][vc_column_text css=&#8221;&#8221;]Mimar<br \/>\n<span data-sheets-root=\"1\">Bursa Uluda\u011f \u00dcniversitesi<\/span><\/p>\n<p>G\u00fcz 2023<br \/>\nDan\u0131\u015fman: Oral G\u00f6kta\u015f &#8211; Sevince Bayrak[\/vc_column_text][vc_empty_space][\/vc_column][vc_column width=&#8221;2\/3&#8243;][vc_column_text]<\/p>\n<div class=\"wpb_text_column wpb_content_element \">\n<div class=\"wpb_wrapper\">\n<div class=\"wpb_text_column wpb_content_element \">\n<div class=\"wpb_wrapper\">\n<div class=\"wpb_text_column wpb_content_element \">\n<div class=\"wpb_wrapper\">\n<p><strong>Altyap\u0131sal Tamir- B\u00fcy\u00fck Be\u015fikta\u015f \u00c7ar\u015f\u0131s\u0131 \u00dczerinden Yeni Bir Sistem \u00d6nerisi: \u2018A\u011f Yap\u0131sal\u2019 Nedir?<\/strong><\/p>\n<\/div>\n<\/div>\n<\/div>\n<\/div>\n<\/div>\n<\/div>\n<p>[\/vc_column_text][vc_column_text]\u0130lk oda\u011f\u0131nda altyap\u0131lar\u0131n; tan\u0131m\u0131, dinamikleri, evrimsel s\u00fcreci, mimarl\u0131kla ili\u015fkisi, tamir durumu gibi i\u00e7erikler bulunmaktad\u0131r. Ara\u015ft\u0131rma s\u00fcrecini de kapsayan ilk b\u00f6l\u00fcmden sonra mevcut durumdaki altyap\u0131lar\u0131n varolu\u015funu sorgulayarak ve altyap\u0131sal sorunlar\u0131n bilincinde olarak ikinci b\u00f6l\u00fcmde \u2018A\u011f Yap\u0131\u2019 kavram\u0131 a\u00e7\u0131klanm\u0131\u015ft\u0131r. A\u011f Yap\u0131 kavram\u0131, t\u00fcm altyap\u0131 sistemlerinin bir arada ele al\u0131nmas\u0131n\u0131 irdeler; b\u00fct\u00fcnc\u00fcl ve koordineli bir sistem \u00f6nerisi olarak meydana gelir. A\u011f Yap\u0131 kavram\u0131 ve A\u011f Yap\u0131sal Tamir proje olarak B\u00fcy\u00fck Be\u015fikta\u015f \u00c7ar\u015f\u0131s\u0131 \u00fczerinden somutla\u015ft\u0131r\u0131l\u0131r.<\/p>\n<p>Proje s\u00fcrecinde, yap\u0131daki mevcut altyap\u0131sal sistemlerin tespiti ve analizi yap\u0131larak yap\u0131ya hangi \u00f6nerilerin uygun oldu\u011fu sorgulanm\u0131\u015f; a\u011f yap\u0131sal yeni sistemler \u00f6nerilmi\u015ftir. B\u00fcy\u00fck Be\u015fikta\u015f \u00c7ar\u015f\u0131s\u0131\u2019n\u0131n sahip oldu\u011fu \u00f6zg\u00fcn nitelikler g\u00f6z \u00f6n\u00fcnde bulunduruldu\u011funda en uygun sistemlerin pasif sistemler oldu\u011funa karar verilmi\u015f, Is\u0131, Elektrik\/Ayd\u0131nlatma ve Su Y\u00f6netimi ba\u015fl\u0131klar\u0131nda proje i\u00e7in \u00f6nerilmi\u015ftir. Yap\u0131ya entegre edilen bu sistemlerle; sorunlu olan \u0131s\u0131tma, havaland\u0131rma, ayd\u0131nlatma gibi altyap\u0131lar\u0131n restorasyonu yap\u0131larak sadece g\u00fcn\u00fcm\u00fczde de\u011fil, gelecekte de geli\u015fen teknolojilerle birlikte evrilmeye devam eden bir \u2018a\u011f yap\u0131\u2019 olu\u015fturulmas\u0131 \u00f6ng\u00f6r\u00fclm\u00fc\u015ft\u00fcr.[\/vc_column_text][vc_empty_space][vc_gallery interval=&#8221;10&#8243; images=&#8221;12365,12366,12367,12368,12369&#8243; img_size=&#8221;full&#8221;][vc_empty_space][\/vc_column][vc_column width=&#8221;1\/6&#8243;][vc_single_image image=&#8221;12975&#8243; img_size=&#8221;full&#8221; alignment=&#8221;center&#8221; style=&#8221;vc_box_border&#8221; onclick=&#8221;custom_link&#8221; img_link_target=&#8221;_blank&#8221;][vc_empty_space height=&#8221;16px&#8221;][vc_row_inner][vc_column_inner][vc_column_text][\/vc_column_text][\/vc_column_inner][\/vc_row_inner][vc_row_inner][vc_column_inner width=&#8221;2\/3&#8243;][\/vc_column_inner][vc_column_inner width=&#8221;1\/3&#8243;][\/vc_column_inner][\/vc_row_inner][\/vc_column][\/vc_row][\/vc_section]<\/p>\n<\/div>","protected":false},"excerpt":{"rendered":"<p>[vc_section][vc_row][vc_column width=&#8221;1\/6&#8243;][vc_single_image image=&#8221;12223&#8243; img_size=&#8221;large&#8221; alignment=&#8221;center&#8221;][vc_empty_space][vc_column_text]Merve Nur Y\u0131lmaz[\/vc_column_text][vc_empty_space height=&#8221;16px&#8221;][vc_column_text css=&#8221;&#8221;]Mimar Bursa Uluda\u011f \u00dcniversitesi G\u00fcz 2023 Dan\u0131\u015fman: Oral G\u00f6kta\u015f &#8211; Sevince Bayrak[\/vc_column_text][vc_empty_space][\/vc_column][vc_column width=&#8221;2\/3&#8243;][vc_column_text] Altyap\u0131sal Tamir- B\u00fcy\u00fck Be\u015fikta\u015f \u00c7ar\u015f\u0131s\u0131 \u00dczerinden Yeni Bir Sistem [&hellip;]<\/p>\n","protected":false},"author":10,"featured_media":0,"parent":0,"menu_order":0,"comment_status":"closed","ping_status":"closed","template":"","meta":{"_acf_changed":false,"_seopress_robots_primary_cat":"","_seopress_titles_title":"Merve Nur Y\u0131lmaz: Altyap\u0131sal Tamir- B\u00fcy\u00fck Be\u015fikta\u015f \u00c7ar\u015f\u0131s\u0131 \u00dczerinden Yeni Bir Sistem \u00d6nerisi: \u2018A\u011f Yap\u0131sal\u2019 Nedir?","_seopress_titles_desc":"\u0130lk oda\u011f\u0131nda altyap\u0131lar\u0131n; tan\u0131m\u0131, dinamikleri, evrimsel s\u00fcreci, mimarl\u0131kla ili\u015fkisi, tamir durumu gibi i\u00e7erikler bulunmaktad\u0131r.","_seopress_robots_index":"","_price":"","_stock":"","_tribe_ticket_header":"","_tribe_default_ticket_provider":"","_tribe_ticket_capacity":"0","_ticket_start_date":"","_ticket_end_date":"","_tribe_ticket_show_description":"","_tribe_ticket_show_not_going":false,"_tribe_ticket_use_global_stock":"","_tribe_ticket_global_stock_level":"","_global_stock_mode":"","_global_stock_cap":"","_tribe_rsvp_for_event":"","_tribe_ticket_going_count":"","_tribe_ticket_not_going_count":"","_tribe_tickets_list":"[]","_tribe_ticket_has_attendee_info_fields":false,"_EventAllDay":false,"_EventTimezone":"","_EventStartDate":"","_EventEndDate":"","_EventStartDateUTC":"","_EventEndDateUTC":"","_EventShowMap":false,"_EventShowMapLink":false,"_EventURL":"","_EventCost":"","_EventCostDescription":"","_EventCurrencySymbol":"","_EventCurrencyCode":"","_EventCurrencyPosition":"","_EventDateTimeSeparator":"","_EventTimeRangeSeparator":"","_EventOrganizerID":[],"_EventVenueID":[],"_OrganizerEmail":"","_OrganizerPhone":"","_OrganizerWebsite":"","_VenueAddress":"","_VenueCity":"","_VenueCountry":"","_VenueProvince":"","_VenueState":"","_VenueZip":"","_VenuePhone":"","_VenueURL":"","_VenueStateProvince":"","_VenueLat":"","_VenueLng":"","_VenueShowMap":false,"_VenueShowMapLink":false,"footnotes":"","_tec_slr_enabled":"","_tec_slr_layout":""},"class_list":["post-12994","page","type-page","status-publish","hentry"],"acf":[],"ticketed":false,"_links":{"self":[{"href":"https:\/\/aura-istanbul.com\/index.php\/wp-json\/wp\/v2\/pages\/12994","targetHints":{"allow":["GET"]}}],"collection":[{"href":"https:\/\/aura-istanbul.com\/index.php\/wp-json\/wp\/v2\/pages"}],"about":[{"href":"https:\/\/aura-istanbul.com\/index.php\/wp-json\/wp\/v2\/types\/page"}],"author":[{"embeddable":true,"href":"https:\/\/aura-istanbul.com\/index.php\/wp-json\/wp\/v2\/users\/10"}],"replies":[{"embeddable":true,"href":"https:\/\/aura-istanbul.com\/index.php\/wp-json\/wp\/v2\/comments?post=12994"}],"version-history":[{"count":3,"href":"https:\/\/aura-istanbul.com\/index.php\/wp-json\/wp\/v2\/pages\/12994\/revisions"}],"predecessor-version":[{"id":15221,"href":"https:\/\/aura-istanbul.com\/index.php\/wp-json\/wp\/v2\/pages\/12994\/revisions\/15221"}],"wp:attachment":[{"href":"https:\/\/aura-istanbul.com\/index.php\/wp-json\/wp\/v2\/media?parent=12994"}],"curies":[{"name":"wp","href":"https:\/\/api.w.org\/{rel}","templated":true}]}}