{"id":13086,"date":"2024-09-24T18:45:10","date_gmt":"2024-09-24T15:45:10","guid":{"rendered":"https:\/\/aura-istanbul.com\/?page_id=13086"},"modified":"2025-09-23T21:01:53","modified_gmt":"2025-09-23T18:01:53","slug":"aura-alumni-ozge-ozgercek","status":"publish","type":"page","link":"https:\/\/aura-istanbul.com\/index.php\/aura-alumni-ozge-ozgercek\/","title":{"rendered":"AURA Alumni: \u00d6zge \u00d6zger\u00e7ek"},"content":{"rendered":"<div class=\"wpb-content-wrapper\"><p>[vc_section][vc_row][vc_column width=&#8221;1\/6&#8243;][vc_single_image image=&#8221;12225&#8243; img_size=&#8221;large&#8221; alignment=&#8221;center&#8221;][vc_empty_space][vc_column_text]<strong>\u00d6zge \u00d6zger\u00e7ek<\/strong>[\/vc_column_text][vc_empty_space height=&#8221;16px&#8221;][vc_column_text css=&#8221;&#8221;]Mimar<br \/>\n<span data-sheets-root=\"1\">Bah\u00e7e\u015fehir \u00dcniversitesi<\/span><\/p>\n<p>G\u00fcz 2023<br \/>\nDan\u0131\u015fman: Oral G\u00f6kta\u015f &#8211; Sevince Bayrak[\/vc_column_text][vc_empty_space][\/vc_column][vc_column width=&#8221;2\/3&#8243;][vc_column_text]<\/p>\n<div class=\"wpb_text_column wpb_content_element \">\n<div class=\"wpb_wrapper\">\n<div class=\"wpb_text_column wpb_content_element \">\n<div class=\"wpb_wrapper\">\n<div class=\"wpb_text_column wpb_content_element \">\n<div class=\"wpb_wrapper\">\n<p><strong>Yap\u0131 Kabu\u011fu Tamiri Kabu\u011fun Anomalisi: At\u0131l Sa\u011f\u0131r Cepheler<\/strong><\/p>\n<\/div>\n<\/div>\n<\/div>\n<\/div>\n<\/div>\n<\/div>\n<p>[\/vc_column_text][vc_column_text]Yap\u0131 kabu\u011funun tan\u0131m\u0131, tarihsel s\u00fcrecinin ara\u015ft\u0131rmas\u0131yla ba\u015flayan \u00e7al\u0131\u015fma, insan derisi metaforuyla \u015fekillenmi\u015f olup, insan derisinin aray\u00fcz olma hali, katmanlar\u0131 ve tamir y\u00f6ntemleri yap\u0131 kabu\u011fu ile ili\u015fkilendirilmi\u015ftir. Spesifik yap\u0131 kabu\u011fu \u00f6rnekleri katmanlar\u0131yla birlikte tan\u0131mlanm\u0131\u015f ve bu katmanlar\u0131n tamir y\u00f6ntemleri \u2018tamir k\u0131lavuzlar\u0131\u2019 olarak ifade edilmi\u015ftir.<br \/>\nAra\u015ft\u0131rma s\u00fcrecinde yap\u0131lan \u00e7\u0131kar\u0131mlarla yap\u0131 kabu\u011funun anomalisini olu\u015fturan, bir yap\u0131n\u0131n belirli bir cephesinin, tasar\u0131m\u0131nda veya kullan\u0131m\u0131nda aktif olarak kullan\u0131lmayan at\u0131l sa\u011f\u0131r cephelere odaklan\u0131lm\u0131\u015ft\u0131r. Kentte \u00e7o\u011fu zaman yaral\u0131 bir deri gibi var olan at\u0131l sa\u011f\u0131r cephelerin nas\u0131l olu\u015ftu\u011fu, kent i\u00e7indeki durumlar\u0131 ve karakterleri irdelenerek hem yap\u0131sal sorunlar\u0131n\u0131n tamir edilmesi hem de kentsel onar\u0131mlara katk\u0131da bulunmas\u0131yla yaral\u0131 olma halinin tamiri incelenmi\u015ftir.<\/p>\n<p>Bu incelemenin bir \u00e7\u0131kar\u0131m\u0131 olarak da 13 plot proje \u00f6nerisi sunularak at\u0131l sa\u011f\u0131r cephelerin \u015fehir \u00f6l\u00e7e\u011finde g\u00f6r\u00fcn\u00fcrl\u00fck ihtiyac\u0131 vurgulanm\u0131\u015ft\u0131r.[\/vc_column_text][vc_empty_space][vc_gallery interval=&#8221;10&#8243; images=&#8221;12355,12354,12353,12352,12351&#8243; img_size=&#8221;full&#8221;][vc_empty_space][\/vc_column][vc_column width=&#8221;1\/6&#8243;][vc_single_image image=&#8221;13070&#8243; img_size=&#8221;full&#8221; alignment=&#8221;center&#8221; style=&#8221;vc_box_border&#8221; onclick=&#8221;custom_link&#8221; img_link_target=&#8221;_blank&#8221;][vc_empty_space height=&#8221;16px&#8221;][vc_row_inner][vc_column_inner][vc_column_text][\/vc_column_text][\/vc_column_inner][\/vc_row_inner][vc_row_inner][vc_column_inner width=&#8221;2\/3&#8243;][\/vc_column_inner][vc_column_inner width=&#8221;1\/3&#8243;][\/vc_column_inner][\/vc_row_inner][\/vc_column][\/vc_row][\/vc_section]<\/p>\n<\/div>","protected":false},"excerpt":{"rendered":"<p>[vc_section][vc_row][vc_column width=&#8221;1\/6&#8243;][vc_single_image image=&#8221;12225&#8243; img_size=&#8221;large&#8221; alignment=&#8221;center&#8221;][vc_empty_space][vc_column_text]\u00d6zge \u00d6zger\u00e7ek[\/vc_column_text][vc_empty_space height=&#8221;16px&#8221;][vc_column_text css=&#8221;&#8221;]Mimar Bah\u00e7e\u015fehir \u00dcniversitesi G\u00fcz 2023 Dan\u0131\u015fman: Oral G\u00f6kta\u015f &#8211; Sevince Bayrak[\/vc_column_text][vc_empty_space][\/vc_column][vc_column width=&#8221;2\/3&#8243;][vc_column_text] Yap\u0131 Kabu\u011fu Tamiri Kabu\u011fun Anomalisi: At\u0131l Sa\u011f\u0131r Cepheler [\/vc_column_text][vc_column_text]Yap\u0131 kabu\u011funun tan\u0131m\u0131, [&hellip;]<\/p>\n","protected":false},"author":10,"featured_media":0,"parent":0,"menu_order":0,"comment_status":"closed","ping_status":"closed","template":"","meta":{"_acf_changed":false,"_seopress_robots_primary_cat":"","_seopress_titles_title":"\u00d6zge \u00d6zger\u00e7ek: Yap\u0131 Kabu\u011fu Tamiri Kabu\u011fun Anomalisi: At\u0131l Sa\u011f\u0131r Cepheler","_seopress_titles_desc":"Yap\u0131 kabu\u011funun tan\u0131m\u0131, tarihsel s\u00fcrecinin ara\u015ft\u0131rmas\u0131yla ba\u015flayan \u00e7al\u0131\u015fma, insan derisi metaforuyla \u015fekillenmi\u015f olup, insan derisinin aray\u00fcz olma hali, katmanlar\u0131 ve tamir y\u00f6ntemleri yap\u0131 kabu\u011fu ile ili\u015fkilendirilmi\u015ftir.","_seopress_robots_index":"","_price":"","_stock":"","_tribe_ticket_header":"","_tribe_default_ticket_provider":"","_tribe_ticket_capacity":"0","_ticket_start_date":"","_ticket_end_date":"","_tribe_ticket_show_description":"","_tribe_ticket_show_not_going":false,"_tribe_ticket_use_global_stock":"","_tribe_ticket_global_stock_level":"","_global_stock_mode":"","_global_stock_cap":"","_tribe_rsvp_for_event":"","_tribe_ticket_going_count":"","_tribe_ticket_not_going_count":"","_tribe_tickets_list":"[]","_tribe_ticket_has_attendee_info_fields":false,"_EventAllDay":false,"_EventTimezone":"","_EventStartDate":"","_EventEndDate":"","_EventStartDateUTC":"","_EventEndDateUTC":"","_EventShowMap":false,"_EventShowMapLink":false,"_EventURL":"","_EventCost":"","_EventCostDescription":"","_EventCurrencySymbol":"","_EventCurrencyCode":"","_EventCurrencyPosition":"","_EventDateTimeSeparator":"","_EventTimeRangeSeparator":"","_EventOrganizerID":[],"_EventVenueID":[],"_OrganizerEmail":"","_OrganizerPhone":"","_OrganizerWebsite":"","_VenueAddress":"","_VenueCity":"","_VenueCountry":"","_VenueProvince":"","_VenueState":"","_VenueZip":"","_VenuePhone":"","_VenueURL":"","_VenueStateProvince":"","_VenueLat":"","_VenueLng":"","_VenueShowMap":false,"_VenueShowMapLink":false,"footnotes":"","_tec_slr_enabled":"","_tec_slr_layout":""},"class_list":["post-13086","page","type-page","status-publish","hentry"],"acf":[],"ticketed":false,"_links":{"self":[{"href":"https:\/\/aura-istanbul.com\/index.php\/wp-json\/wp\/v2\/pages\/13086","targetHints":{"allow":["GET"]}}],"collection":[{"href":"https:\/\/aura-istanbul.com\/index.php\/wp-json\/wp\/v2\/pages"}],"about":[{"href":"https:\/\/aura-istanbul.com\/index.php\/wp-json\/wp\/v2\/types\/page"}],"author":[{"embeddable":true,"href":"https:\/\/aura-istanbul.com\/index.php\/wp-json\/wp\/v2\/users\/10"}],"replies":[{"embeddable":true,"href":"https:\/\/aura-istanbul.com\/index.php\/wp-json\/wp\/v2\/comments?post=13086"}],"version-history":[{"count":3,"href":"https:\/\/aura-istanbul.com\/index.php\/wp-json\/wp\/v2\/pages\/13086\/revisions"}],"predecessor-version":[{"id":15219,"href":"https:\/\/aura-istanbul.com\/index.php\/wp-json\/wp\/v2\/pages\/13086\/revisions\/15219"}],"wp:attachment":[{"href":"https:\/\/aura-istanbul.com\/index.php\/wp-json\/wp\/v2\/media?parent=13086"}],"curies":[{"name":"wp","href":"https:\/\/api.w.org\/{rel}","templated":true}]}}