{"id":13130,"date":"2024-11-05T13:20:52","date_gmt":"2024-11-05T10:20:52","guid":{"rendered":"https:\/\/aura-istanbul.com\/?page_id=13130"},"modified":"2025-11-04T23:28:49","modified_gmt":"2025-11-04T20:28:49","slug":"2024-bahar-donemi-proje-sergisi-2","status":"publish","type":"page","link":"https:\/\/aura-istanbul.com\/index.php\/2024-bahar-donemi-proje-sergisi-2\/","title":{"rendered":"2024 Bahar D\u00f6nemi &#8211; Proje Sergisi"},"content":{"rendered":"<div class=\"wpb-content-wrapper\"><p>[vc_row][vc_column][vc_empty_space][vc_column_text]<\/p>\n<h4 style=\"text-align: center;\">Kentsel Mimarl\u0131k<\/h4>\n<p>[\/vc_column_text][vc_empty_space][vc_row_inner][vc_column_inner width=&#8221;1\/2&#8243;][vc_column_text]Program\u0131n omurgas\u0131n\u0131 olu\u015fturan Ara\u015ft\u0131rma Tabanl\u0131 Tasar\u0131m St\u00fcdyosu, geleneksel mimari st\u00fcdyo pratiklerinin s\u0131n\u0131rlar\u0131n\u0131 a\u015farak, g\u00fcncel kentsel sorunlara disiplinler aras\u0131 bak\u0131\u015f a\u00e7\u0131s\u0131yla yakla\u015f\u0131yor.<\/p>\n<p>2024 Bahar Do\u0308nemi\u2019nde \u201cAras\u0327t\u0131rma Tabanl\u0131 Tasar\u0131m Stu\u0308dyosu\u201dnda, kat\u0131l\u0131mc\u0131lar\u0131m\u0131z bireysel ilgi alan\u0131 ve deneyimleri dog\u0306rultusunda belirledikleri proje ve aras\u0327t\u0131rmalar\u0131, Ufuk Do\u011frus\u00f6z yu\u0308ru\u0308tu\u0308cu\u0308lu\u0308g\u0306u\u0308nde geli\u015ftirdi.[\/vc_column_text][\/vc_column_inner][vc_column_inner width=&#8221;1\/2&#8243;][vc_column_text]St\u00fcdyo y\u00fcr\u00fct\u00fcc\u00fcs\u00fc Ufuk Do\u011frus\u00f6z, 2024 Bahar D\u00f6neminin ana temas\u0131n\u0131 <strong>\u201cKentsel Mimarl\u0131k<\/strong><strong>\u201d\u00a0<\/strong>olarak tan\u0131ml\u0131yor.<\/p>\n<p>D\u00f6nem boyunca, st\u00fcdyo kapsam\u0131nda yap\u0131lan \u00e7al\u0131\u015fmalar\u0131 destekleyecek tarihsel-kuramsal, ayr\u0131ca teknik y\u00f6nteme ili\u015fkin seminer dizileri, disiplinler aras\u0131 nitelikte tart\u0131\u015fma ve bulu\u015fma ortam\u0131 sa\u011flayan Cumartesi Auras\u0131 konferanslar\u0131, kolektif d\u00fc\u015f\u00fcnme ve \u00fcretime y\u00f6nelik \u00e7al\u0131\u015fmalar ger\u00e7ekle\u015ftirildi.[\/vc_column_text][\/vc_column_inner][\/vc_row_inner][vc_empty_space][vc_empty_space][vc_empty_space][\/vc_column][\/vc_row][vc_row][vc_column width=&#8221;1\/2&#8243;][vc_empty_space][vc_gallery interval=&#8221;3&#8243; images=&#8221;13244,13245,13243,13246,13247,13248,13249&#8243; img_size=&#8221;full&#8221;][vc_empty_space][\/vc_column][vc_column width=&#8221;1\/2&#8243;][vc_empty_space][vc_gallery interval=&#8221;3&#8243; images=&#8221;13250,13251,13252,13256,13257,13263,13264&#8243; img_size=&#8221;full&#8221;][vc_empty_space][\/vc_column][\/vc_row][vc_row][vc_column][vc_empty_space][vc_separator color=&#8221;black&#8221;][vc_empty_space][\/vc_column][\/vc_row][vc_row][vc_column][vc_row_inner][vc_column_inner][vc_column_text]<\/p>\n<h4 style=\"text-align: center;\">ST\u00dcDYO Y\u00dcR\u00dcT\u00dcC\u00dcLER\u0130<\/h4>\n<p>[\/vc_column_text][vc_empty_space][\/vc_column_inner][\/vc_row_inner][vc_row_inner][vc_column_inner][vc_single_image image=&#8221;13194&#8243; img_size=&#8221;medium&#8221; alignment=&#8221;center&#8221; onclick=&#8221;custom_link&#8221; css=&#8221;&#8221;][vc_column_text]<\/p>\n<h4 style=\"text-align: center;\">UFUK DO\u011eRUS\u00d6Z<\/h4>\n<p>[\/vc_column_text][vc_empty_space][\/vc_column_inner][\/vc_row_inner][vc_empty_space][\/vc_column][\/vc_row][vc_row][vc_column][vc_empty_space][vc_separator color=&#8221;black&#8221;][vc_empty_space][\/vc_column][\/vc_row][vc_row][vc_column][vc_column_text]<\/p>\n<h3 style=\"text-align: center;\"><strong>PROJELER<\/strong><\/h3>\n<p>[\/vc_column_text][vc_empty_space][vc_single_image image=&#8221;13286&#8243; css=&#8221;&#8221;][vc_empty_space][vc_separator][vc_empty_space][vc_column_text]<\/p>\n<h4 style=\"text-align: center;\"><strong>AVCILAR<\/strong><\/h4>\n<p>[\/vc_column_text][vc_empty_space][\/vc_column][vc_column][vc_row_inner][vc_column_inner][vc_column_text]<span style=\"font-weight: 400;\">Avc\u0131lar-Esenyurt b\u00f6lgesi, \u0130stanbul\u2019un \u00f6nemli arterlerinden olan D-100 hatt\u0131n\u0131n kuzeyinde, K\u00fc\u00e7\u00fck\u00e7ekmece G\u00f6l\u00fc\u2019n\u00fcn do\u011fusunda yer almaktad\u0131r. 1966 y\u0131l\u0131nda Avc\u0131lar il\u00e7esi belediye stat\u00fcs\u00fcne sahip olmu\u015ftur. Bu d\u00f6nemde 3194 say\u0131l\u0131 imar kanunu ge\u00e7erlidir. \u0130lk izler 1970\u2019lere dayanmaktad\u0131r. Londra Asfalt\u0131\u2019n\u0131n b\u00f6lgeye uzamas\u0131yla beraber s\u0131n\u0131r olu\u015fturan \u00f6nemli yol akslar\u0131n\u0131n izleri ortaya \u00e7\u0131km\u0131\u015ft\u0131r. 1976\u2019da yap\u0131lan yasa de\u011fi\u015fikli\u011fiyle gecekondular\u0131n y\u0131k\u0131m karar\u0131 iptal edilmi\u015f, 1984\u2019ten sonra gecekondu y\u0131k\u0131m yasalar\u0131na af gelmeye ba\u015flam\u0131\u015ft\u0131r. 80\u2019lerde D-100 etraf\u0131nda b\u00fcy\u00fck bir yap\u0131la\u015fma ortaya \u00e7\u0131km\u0131\u015ft\u0131r. 90\u2019larda Firuzk\u00f6y Caddesinin kuzeyinde olu\u015fan sanayi alanlar\u0131ndan g\u00fcn\u00fcm\u00fczde sadece oto tamir d\u00fckkanlar\u0131 kalm\u0131\u015ft\u0131r. 2000\u2019li y\u0131llarda D-100 aks\u0131 \u00fczerinde metrob\u00fcs hatt\u0131 a\u00e7\u0131lm\u0131\u015ft\u0131r ve yap\u0131la\u015fma artm\u0131\u015ft\u0131r. G\u00fcn\u00fcm\u00fczde sanayi ve konut alanlar\u0131 b\u00f6lgede \u00f6nemli s\u0131n\u0131rlar olarak \u00f6ne \u00e7\u0131kmaktad\u0131r. Kamusal alan ve k\u00fclt\u00fcr-sanat alanlar\u0131 yetersizli\u011fi, g\u00f6l etraf\u0131nda geli\u015fen pasif ye\u015fil alanlar dikkat \u00e7ekmektedir. K\u00fc\u00e7\u00fck\u00e7ekmece Lag\u00fcn g\u00f6l\u00fc ve \u00e7evresi ekolojik a\u00e7\u0131dan k\u0131ymetlidir ancak sazl\u0131klar\u0131n tahribat\u0131 \u00e7evreyi olumsuz etkilemektedir. Avc\u0131lar, \u0130stanbul\u2019un 1. derece riskli deprem b\u00f6lgesidir. Yap\u0131lan \u00e7al\u0131\u015fmalar incelendi\u011finde b\u00f6lgenin deprem i\u00e7in haz\u0131r olmad\u0131\u011f\u0131 tespit edilmi\u015ftir.<\/span>[\/vc_column_text][vc_empty_space][\/vc_column_inner][\/vc_row_inner][vc_row_inner][vc_column_inner width=&#8221;1\/2&#8243;][vc_gallery interval=&#8221;3&#8243; images=&#8221;13195,13196,13197,13198&#8243;][\/vc_column_inner][vc_column_inner width=&#8221;1\/2&#8243;][vc_gallery interval=&#8221;3&#8243; images=&#8221;13265,13266&#8243;][\/vc_column_inner][\/vc_row_inner][vc_empty_space][vc_row_inner][vc_column_inner width=&#8221;1\/5&#8243;][vc_single_image image=&#8221;13185&#8243; img_size=&#8221;medium&#8221; alignment=&#8221;center&#8221; style=&#8221;vc_box_border&#8221; onclick=&#8221;custom_link&#8221; img_link_target=&#8221;_blank&#8221; css_animation=&#8221;fadeIn&#8221;][vc_empty_space][vc_column_text]<\/p>\n<p style=\"text-align: left;\"><strong>Ay\u015fe Ceren \u00d6zt\u00fcrk<\/strong><\/p>\n<p>[\/vc_column_text][vc_column_text]Avc\u0131lar-Esenyurt Kentsel D\u00f6n\u00fc\u015f\u00fcm\u00fcnde S\u0131k\u0131\u015fm\u0131\u015fl\u0131ktan Bo\u015flu\u011fa:<br \/>\nMeydan[\/vc_column_text][vc_empty_space][\/vc_column_inner][vc_column_inner width=&#8221;1\/5&#8243;][vc_single_image image=&#8221;13186&#8243; img_size=&#8221;medium&#8221; alignment=&#8221;center&#8221; style=&#8221;vc_box_border&#8221; onclick=&#8221;custom_link&#8221; img_link_target=&#8221;_blank&#8221; css_animation=&#8221;fadeIn&#8221;][vc_empty_space][vc_column_text]<\/p>\n<p style=\"text-align: left;\"><strong>Gizem Nur Erba\u015f<\/strong><\/p>\n<p>[\/vc_column_text][vc_column_text]<\/p>\n<p class=\"Gvde\">Haydarpa\u015fa-Gebze Banliy\u00f6 Hatt\u0131n\u0131n Kentsel Haf\u0131zadaki Yeri ve Eski \u0130stasyon Binalar\u0131: G\u00f6ztepe \u0130stasyonu<\/p>\n<p>[\/vc_column_text][vc_empty_space][\/vc_column_inner][vc_column_inner width=&#8221;1\/5&#8243;][vc_single_image image=&#8221;13187&#8243; img_size=&#8221;medium&#8221; alignment=&#8221;center&#8221; style=&#8221;vc_box_border&#8221; onclick=&#8221;custom_link&#8221; img_link_target=&#8221;_blank&#8221; css_animation=&#8221;fadeIn&#8221;][vc_empty_space][vc_column_text]<\/p>\n<p style=\"text-align: left;\"><strong>G\u00fcl Beyza Balc\u0131<\/strong><\/p>\n<p>[\/vc_column_text][vc_column_text]Avc\u0131lar-Esenyurt Kentsel D\u00f6n\u00fc\u015f\u00fcm\u00fcnde Ge\u00e7i\u015fleri Kurgulamak[\/vc_column_text][vc_empty_space][\/vc_column_inner][vc_column_inner width=&#8221;1\/5&#8243;][vc_single_image image=&#8221;13190&#8243; img_size=&#8221;medium&#8221; alignment=&#8221;center&#8221; style=&#8221;vc_box_border&#8221; onclick=&#8221;custom_link&#8221; img_link_target=&#8221;_blank&#8221; css_animation=&#8221;fadeIn&#8221; link=&#8221;https:\/\/aura-istanbul.com\/index.php\/aura-alumni-berkay-can&#8221;][vc_empty_space][vc_column_text]<\/p>\n<p style=\"text-align: left;\"><strong>Jood Kassab<\/strong><\/p>\n<p>[\/vc_column_text][vc_column_text]Hipodrom\u2019dan Divanyolu\u2019na Kentsel Okumalar[\/vc_column_text][vc_empty_space][\/vc_column_inner][vc_column_inner width=&#8221;1\/5&#8243;][vc_single_image image=&#8221;13191&#8243; img_size=&#8221;medium&#8221; alignment=&#8221;center&#8221; style=&#8221;vc_box_border&#8221; onclick=&#8221;custom_link&#8221; img_link_target=&#8221;_blank&#8221; css_animation=&#8221;fadeIn&#8221; css=&#8221;&#8221;][vc_empty_space][vc_column_text]<\/p>\n<p style=\"text-align: left;\"><b>Melisa Oval\u0131<\/b><\/p>\n<p>[\/vc_column_text][vc_column_text]Kent \u0130\u00e7i Ekolojik Restorasyon ile G\u00f6l Ekosisteminin \u0130yile\u015ftirilmesi[\/vc_column_text][vc_empty_space][\/vc_column_inner][\/vc_row_inner][\/vc_column][vc_column][vc_gallery interval=&#8221;3&#8243; images=&#8221;13204,13205,13220,13222,13223,13209&#8243;][\/vc_column][vc_column][vc_empty_space][\/vc_column][\/vc_row][vc_row][vc_column][vc_separator][vc_empty_space][vc_column_text]<\/p>\n<h4 style=\"text-align: center;\"><strong>TOPKAPI SANAY\u0130<\/strong><\/h4>\n<p>[\/vc_column_text][vc_empty_space][\/vc_column][vc_column][vc_row_inner][vc_column_inner][vc_column_text]<span style=\"font-weight: 400;\">Topkap\u0131 Sanayi B\u00f6lgesi, D-100\u2019\u00fcn kuzeyinde, \u00c7\u0131rp\u0131c\u0131 Deresi\u2019nin do\u011fusunda ve Tem Otoyolu\u2019nun g\u00fcneybat\u0131s\u0131nda yer almaktad\u0131r. Kuzeyi Zeytinburnu il\u00e7esinin Maltepe Mahallesi\u2019ne, g\u00fcneyi ise Bayrampa\u015fa il\u00e7esine dahildir. B\u00f6lge, eski yollardan biri olan ve Eski K\u0131\u015fla Hastanesi\u2019nden ge\u00e7en Litros Yolu\u2019nun etraf\u0131nda geli\u015fmi\u015ftir. Sur d\u0131\u015f\u0131nda kalan ve k\u0131rsal bir g\u00f6r\u00fcn\u00fcme sahip olan b\u00f6lge, 1950\u2019lerden sonra sanayi tesislerinin kurulmas\u0131 ve yo\u011fun g\u00f6\u00e7 nedeniyle co\u011frafi g\u00f6r\u00fcn\u00fcm\u00fcn\u00fc zamanla yitirmi\u015ftir. 70 y\u0131l \u00f6nce \u015fehrin \u00e7eperinde geli\u015fmeye ba\u015flayan Topkap\u0131 Sanayi B\u00f6lgesi, bug\u00fcn \u0130stanbul\u2019un merkezinde kalm\u0131\u015ft\u0131r. \u00dclker, Mercedes gibi b\u00fcy\u00fck firmalar\u0131n yan\u0131 s\u0131ra bir\u00e7ok imalathane ve i\u015f yeri de b\u00f6lgede faaliyet g\u00f6stermektedir. B\u00f6lgenin kent i\u00e7inde olmas\u0131 nedeniyle, sanayi i\u00e7in uygun bir ortam sa\u011flanamam\u0131\u015f ve arsa de\u011ferlerinin artmas\u0131 sanayinin zamanla bo\u015falmaya ba\u015flamas\u0131na sebep olmu\u015ftur. Yeni iskan ve ruhsatlar\u0131n al\u0131nmas\u0131yla birlikte, yollar\u0131n \u00e7evresinde konut projeleri yap\u0131lmaya ba\u015flanm\u0131\u015ft\u0131r. Bu yeni yap\u0131la\u015fma ile birlikte alan\u0131n kimli\u011fi de\u011fi\u015fmeye ba\u015flam\u0131\u015ft\u0131r. Yap\u0131lan bu analizler sonucunda b\u00f6lgenin yeni fonksiyonlar i\u00e7in potansiyel ta\u015f\u0131d\u0131\u011f\u0131 sonucuna var\u0131lm\u0131\u015ft\u0131r.<\/span>[\/vc_column_text][vc_empty_space][\/vc_column_inner][\/vc_row_inner][vc_row_inner][vc_column_inner width=&#8221;1\/2&#8243;][vc_gallery interval=&#8221;3&#8243; images=&#8221;13200,13201,13202,13203&#8243;][\/vc_column_inner][vc_column_inner width=&#8221;1\/2&#8243;][vc_gallery interval=&#8221;3&#8243; images=&#8221;13258,13259&#8243;][\/vc_column_inner][\/vc_row_inner][vc_empty_space][vc_row_inner][vc_column_inner width=&#8221;1\/4&#8243;][vc_single_image image=&#8221;13210&#8243; img_size=&#8221;medium&#8221; alignment=&#8221;center&#8221; style=&#8221;vc_box_border&#8221; onclick=&#8221;custom_link&#8221; img_link_target=&#8221;_blank&#8221; css_animation=&#8221;fadeIn&#8221;][vc_empty_space][vc_column_text]<\/p>\n<p style=\"text-align: left;\"><b>Ay\u015fe Nur Akkaya<\/b><\/p>\n<p>[\/vc_column_text][vc_column_text]\u0130stanbul\u2019da Kentsel Yenileme \u00d6nerisi : Litros Yolu ve \u00c7evresi[\/vc_column_text][vc_empty_space][\/vc_column_inner][vc_column_inner width=&#8221;1\/4&#8243;][vc_single_image image=&#8221;13211&#8243; img_size=&#8221;medium&#8221; alignment=&#8221;center&#8221; style=&#8221;vc_box_border&#8221; onclick=&#8221;custom_link&#8221; img_link_target=&#8221;_blank&#8221; css_animation=&#8221;fadeIn&#8221;][vc_empty_space][vc_column_text]<\/p>\n<p style=\"text-align: left;\"><strong>Eda Hatip<\/strong><\/p>\n<p>[\/vc_column_text][vc_column_text]<\/p>\n<p class=\"Gvde\">Kamusal Alan ve Konut Arakesitinde Meydan Tasar\u0131m\u0131<\/p>\n<p>[\/vc_column_text][vc_empty_space][\/vc_column_inner][vc_column_inner width=&#8221;1\/4&#8243;][vc_single_image image=&#8221;13216&#8243; img_size=&#8221;medium&#8221; alignment=&#8221;center&#8221; style=&#8221;vc_box_border&#8221; onclick=&#8221;custom_link&#8221; img_link_target=&#8221;_blank&#8221; css_animation=&#8221;fadeIn&#8221;][vc_empty_space][vc_column_text]<\/p>\n<p style=\"text-align: left;\"><strong>Montaser Mesk<\/strong><\/p>\n<p>[\/vc_column_text][vc_column_text]End\u00fcstriyel \u015eehircilik &#8211; \u00dcretim Mekanlar\u0131 Tasar\u0131m\u0131[\/vc_column_text][vc_empty_space][\/vc_column_inner][vc_column_inner width=&#8221;1\/4&#8243;][vc_single_image image=&#8221;13224&#8243; img_size=&#8221;medium&#8221; alignment=&#8221;center&#8221; style=&#8221;vc_box_border&#8221; onclick=&#8221;custom_link&#8221; img_link_target=&#8221;_blank&#8221; css_animation=&#8221;fadeIn&#8221; css=&#8221;&#8221;][vc_empty_space][vc_column_text]<strong>Zeynep Solmaz<\/strong>[\/vc_column_text][vc_column_text]Topkap\u0131 Sanayi B\u00f6lgesi, Maltepe Mahallesi\u2019nde Kentsel Yenileme[\/vc_column_text][vc_empty_space][\/vc_column_inner][\/vc_row_inner][vc_row_inner][vc_column_inner][vc_gallery interval=&#8221;3&#8243; images=&#8221;13225,13226,13227,13228,13229&#8243;][\/vc_column_inner][\/vc_row_inner][\/vc_column][\/vc_row][vc_row][vc_column][vc_separator][vc_empty_space][vc_column_text]<\/p>\n<h4 style=\"text-align: center;\"><strong>ZEYT\u0130NBURNU<\/strong><\/h4>\n<p>[\/vc_column_text][vc_empty_space][\/vc_column][vc_column][vc_row_inner][vc_column_inner][vc_column_text]<span style=\"font-weight: 400;\">Topkap\u0131 Sanayi B\u00f6lgesi, D-100\u2019\u00fcn kuzeyinde, \u00c7\u0131rp\u0131c\u0131 Deresi\u2019nin do\u011fusunda ve Tem Otoyolu\u2019nun g\u00fcneybat\u0131s\u0131nda yer almaktad\u0131r. Kuzeyi Zeytinburnu il\u00e7esinin Maltepe Mahallesi\u2019ne, g\u00fcneyi ise Bayrampa\u015fa il\u00e7esine dahildir. B\u00f6lge, eski yollardan biri olan ve Eski K\u0131\u015fla Hastanesi\u2019nden ge\u00e7en Litros Yolu\u2019nun etraf\u0131nda geli\u015fmi\u015ftir. Sur d\u0131\u015f\u0131nda kalan ve k\u0131rsal bir g\u00f6r\u00fcn\u00fcme sahip olan b\u00f6lge, 1950\u2019lerden sonra sanayi tesislerinin kurulmas\u0131 ve yo\u011fun g\u00f6\u00e7 nedeniyle co\u011frafi g\u00f6r\u00fcn\u00fcm\u00fcn\u00fc zamanla yitirmi\u015ftir. 70 y\u0131l \u00f6nce \u015fehrin \u00e7eperinde geli\u015fmeye ba\u015flayan Topkap\u0131 Sanayi B\u00f6lgesi, bug\u00fcn \u0130stanbul\u2019un merkezinde kalm\u0131\u015ft\u0131r. \u00dclker, Mercedes gibi b\u00fcy\u00fck firmalar\u0131n yan\u0131 s\u0131ra bir\u00e7ok imalathane ve i\u015f yeri de b\u00f6lgede faaliyet g\u00f6stermektedir. B\u00f6lgenin kent i\u00e7inde olmas\u0131 nedeniyle, sanayi i\u00e7in uygun bir ortam sa\u011flanamam\u0131\u015f ve arsa de\u011ferlerinin artmas\u0131 sanayinin zamanla bo\u015falmaya ba\u015flamas\u0131na sebep olmu\u015ftur. Yeni iskan ve ruhsatlar\u0131n al\u0131nmas\u0131yla birlikte, yollar\u0131n \u00e7evresinde konut projeleri yap\u0131lmaya ba\u015flanm\u0131\u015ft\u0131r. Bu yeni yap\u0131la\u015fma ile birlikte alan\u0131n kimli\u011fi de\u011fi\u015fmeye ba\u015flam\u0131\u015ft\u0131r. Yap\u0131lan bu analizler sonucunda b\u00f6lgenin yeni fonksiyonlar i\u00e7in potansiyel ta\u015f\u0131d\u0131\u011f\u0131 sonucuna var\u0131lm\u0131\u015ft\u0131r.<\/span>[\/vc_column_text][vc_empty_space][\/vc_column_inner][\/vc_row_inner][vc_row_inner][vc_column_inner width=&#8221;1\/2&#8243;][vc_gallery interval=&#8221;3&#8243; images=&#8221;13236,13235,13234,13233&#8243;][\/vc_column_inner][vc_column_inner width=&#8221;1\/2&#8243;][vc_gallery interval=&#8221;3&#8243; images=&#8221;13269,13270&#8243;][\/vc_column_inner][\/vc_row_inner][vc_empty_space][vc_row_inner][vc_column_inner width=&#8221;1\/5&#8243;][vc_single_image image=&#8221;13232&#8243; img_size=&#8221;medium&#8221; alignment=&#8221;center&#8221; style=&#8221;vc_box_border&#8221; onclick=&#8221;custom_link&#8221; img_link_target=&#8221;_blank&#8221; css_animation=&#8221;fadeIn&#8221;][vc_empty_space][vc_column_text]<\/p>\n<p style=\"text-align: left;\"><b>Bet\u00fcl \u00f6zmen<\/b><\/p>\n<p>[\/vc_column_text][vc_column_text]<\/p>\n<p class=\"Gvde\">Zeytinburnu Ye\u015filtepe Mahallesi\u2019nde Kentsel Yenileme<\/p>\n<p>[\/vc_column_text][vc_empty_space][\/vc_column_inner][vc_column_inner width=&#8221;1\/5&#8243;][vc_single_image image=&#8221;13237&#8243; img_size=&#8221;medium&#8221; alignment=&#8221;center&#8221; style=&#8221;vc_box_border&#8221; onclick=&#8221;custom_link&#8221; img_link_target=&#8221;_blank&#8221; css_animation=&#8221;fadeIn&#8221;][vc_empty_space][vc_column_text]<strong>Ege Yazgan<\/strong>[\/vc_column_text][vc_column_text]Ge\u00e7irgen Kent, Ge\u00e7irgen Toplum[\/vc_column_text][vc_empty_space][\/vc_column_inner][vc_column_inner width=&#8221;1\/5&#8243;][vc_single_image image=&#8221;13238&#8243; img_size=&#8221;medium&#8221; alignment=&#8221;center&#8221; style=&#8221;vc_box_border&#8221; onclick=&#8221;custom_link&#8221; img_link_target=&#8221;_blank&#8221; css_animation=&#8221;fadeIn&#8221;][vc_empty_space][vc_column_text]<\/p>\n<p style=\"text-align: left;\"><strong>\u0130hsan Celay\u0131r<\/strong><\/p>\n<p>[\/vc_column_text][vc_column_text]Sosyal ve Ekolojik Kentsel A\u011f[\/vc_column_text][vc_empty_space][\/vc_column_inner][vc_column_inner width=&#8221;1\/5&#8243;][vc_single_image image=&#8221;13241&#8243; img_size=&#8221;medium&#8221; alignment=&#8221;center&#8221; style=&#8221;vc_box_border&#8221; onclick=&#8221;custom_link&#8221; img_link_target=&#8221;_blank&#8221; css_animation=&#8221;fadeIn&#8221; css=&#8221;&#8221;][vc_empty_space][vc_column_text]<strong>\u0130rem Koluksoy<\/strong>[\/vc_column_text][vc_column_text]Topkap\u0131 Sanayi B\u00f6lgesi, Maltepe Mahallesi\u2019nde Kentsel Yenileme[\/vc_column_text][vc_empty_space][\/vc_column_inner][vc_column_inner width=&#8221;1\/5&#8243;][vc_single_image image=&#8221;13239&#8243; img_size=&#8221;medium&#8221; alignment=&#8221;center&#8221; style=&#8221;vc_box_border&#8221; onclick=&#8221;custom_link&#8221; img_link_target=&#8221;_blank&#8221; css_animation=&#8221;fadeIn&#8221; css=&#8221;&#8221;][vc_empty_space][vc_column_text]<strong>Lamia \u015eahin<\/strong>[\/vc_column_text][vc_column_text]Zeytinburnu\u2019nda Kentsel Yenileme[\/vc_column_text][vc_empty_space][\/vc_column_inner][\/vc_row_inner][vc_row_inner][vc_column_inner][vc_gallery interval=&#8221;3&#8243; images=&#8221;13272,13273,13274,13275,13276,13277&#8243;][\/vc_column_inner][\/vc_row_inner][\/vc_column][\/vc_row][vc_row][vc_column][vc_empty_space][vc_separator color=&#8221;black&#8221;][vc_empty_space][\/vc_column][\/vc_row][vc_row][vc_column width=&#8221;1\/3&#8243;][vc_empty_space][vc_video link=&#8221;https:\/\/youtube.com\/shorts\/KGZBz8Y0Vn4?si=aIdaKBlBLzAdLhjJ&#8221; el_aspect=&#8221;916&#8243;][vc_empty_space][vc_column_text]<\/p>\n<p style=\"text-align: center;\"><strong>Ara\u015ft\u0131rma Tabanl\u0131 Tasar\u0131m St\u00fcdyosunda d\u00f6nemin ilk ara j\u00fcrisi ger\u00e7ekle\u015fti!<\/strong><\/p>\n<p>[\/vc_column_text][vc_empty_space][\/vc_column][vc_column width=&#8221;1\/3&#8243;][vc_empty_space][vc_video link=&#8221;https:\/\/youtu.be\/DfD8l2dFDQg?si=B6JF5Adxfim44aDG&#8221; el_aspect=&#8221;916&#8243;][vc_empty_space][vc_column_text]<\/p>\n<p class=\"style-scope ytd-watch-metadata\"><strong>\u201cItalo Calvino 100 + 1 Ya\u015f\u0131nda!\u201d sergisini serginin k\u00fcrat\u00f6rlerinden Bilge Bal ile deneyimledik!<\/strong><\/p>\n<p>[\/vc_column_text][vc_empty_space][\/vc_column][vc_column width=&#8221;1\/3&#8243;][vc_empty_space][vc_video link=&#8221;https:\/\/youtube.com\/shorts\/esmISZ90ufY?si=t0f9xOVue1gSbMNM&#8221; el_aspect=&#8221;916&#8243;][vc_empty_space][vc_column_text]<\/p>\n<p style=\"text-align: center;\"><strong>Vizyon 2050 sunumunu dinlemek i\u00e7in \u0130stanbul Planlama Ajans\u0131\u2019n\u0131 ziyaret ettik!<\/strong><\/p>\n<p>[\/vc_column_text][vc_empty_space][\/vc_column][\/vc_row]<\/p>\n<\/div>","protected":false},"excerpt":{"rendered":"<p>[vc_row][vc_column][vc_empty_space][vc_column_text] Kentsel Mimarl\u0131k [\/vc_column_text][vc_empty_space][vc_row_inner][vc_column_inner width=&#8221;1\/2&#8243;][vc_column_text]Program\u0131n omurgas\u0131n\u0131 olu\u015fturan Ara\u015ft\u0131rma Tabanl\u0131 Tasar\u0131m St\u00fcdyosu, geleneksel mimari st\u00fcdyo pratiklerinin s\u0131n\u0131rlar\u0131n\u0131 a\u015farak, g\u00fcncel kentsel sorunlara disiplinler aras\u0131 bak\u0131\u015f a\u00e7\u0131s\u0131yla yakla\u015f\u0131yor. 2024 Bahar Do\u0308nemi\u2019nde \u201cAras\u0327t\u0131rma Tabanl\u0131 [&hellip;]<\/p>\n","protected":false},"author":10,"featured_media":2299,"parent":0,"menu_order":0,"comment_status":"closed","ping_status":"closed","template":"","meta":{"_acf_changed":false,"_seopress_robots_primary_cat":"","_seopress_titles_title":"2024 Bahar D\u00f6nemi Proje Sergisi |","_seopress_titles_desc":"AURA \u0130stanbul 2024 Bahar Sertifika Program\u0131 kapsam\u0131nda \"Kentsel Mimarl\u0131k\" temas\u0131 ile St\u00fcdyo Y\u00fcr\u00fct\u00fcc\u00fcs\u00fc Ufuk Do\u011frus\u00f6z dan\u0131\u015fmanl\u0131\u011f\u0131nda \u00fcretilen projeleri i\u00e7erir.","_seopress_robots_index":"","_price":"","_stock":"","_tribe_ticket_header":"","_tribe_default_ticket_provider":"","_tribe_ticket_capacity":"0","_ticket_start_date":"","_ticket_end_date":"","_tribe_ticket_show_description":"","_tribe_ticket_show_not_going":false,"_tribe_ticket_use_global_stock":"","_tribe_ticket_global_stock_level":"","_global_stock_mode":"","_global_stock_cap":"","_tribe_rsvp_for_event":"","_tribe_ticket_going_count":"","_tribe_ticket_not_going_count":"","_tribe_tickets_list":"[]","_tribe_ticket_has_attendee_info_fields":false,"_EventAllDay":false,"_EventTimezone":"","_EventStartDate":"","_EventEndDate":"","_EventStartDateUTC":"","_EventEndDateUTC":"","_EventShowMap":false,"_EventShowMapLink":false,"_EventURL":"","_EventCost":"","_EventCostDescription":"","_EventCurrencySymbol":"","_EventCurrencyCode":"","_EventCurrencyPosition":"","_EventDateTimeSeparator":"","_EventTimeRangeSeparator":"","_EventOrganizerID":[],"_EventVenueID":[],"_OrganizerEmail":"","_OrganizerPhone":"","_OrganizerWebsite":"","_VenueAddress":"","_VenueCity":"","_VenueCountry":"","_VenueProvince":"","_VenueState":"","_VenueZip":"","_VenuePhone":"","_VenueURL":"","_VenueStateProvince":"","_VenueLat":"","_VenueLng":"","_VenueShowMap":false,"_VenueShowMapLink":false,"footnotes":"","_tec_slr_enabled":"","_tec_slr_layout":""},"class_list":["post-13130","page","type-page","status-publish","has-post-thumbnail","hentry"],"acf":[],"ticketed":false,"_links":{"self":[{"href":"https:\/\/aura-istanbul.com\/index.php\/wp-json\/wp\/v2\/pages\/13130","targetHints":{"allow":["GET"]}}],"collection":[{"href":"https:\/\/aura-istanbul.com\/index.php\/wp-json\/wp\/v2\/pages"}],"about":[{"href":"https:\/\/aura-istanbul.com\/index.php\/wp-json\/wp\/v2\/types\/page"}],"author":[{"embeddable":true,"href":"https:\/\/aura-istanbul.com\/index.php\/wp-json\/wp\/v2\/users\/10"}],"replies":[{"embeddable":true,"href":"https:\/\/aura-istanbul.com\/index.php\/wp-json\/wp\/v2\/comments?post=13130"}],"version-history":[{"count":32,"href":"https:\/\/aura-istanbul.com\/index.php\/wp-json\/wp\/v2\/pages\/13130\/revisions"}],"predecessor-version":[{"id":14284,"href":"https:\/\/aura-istanbul.com\/index.php\/wp-json\/wp\/v2\/pages\/13130\/revisions\/14284"}],"wp:featuredmedia":[{"embeddable":true,"href":"https:\/\/aura-istanbul.com\/index.php\/wp-json\/wp\/v2\/media\/2299"}],"wp:attachment":[{"href":"https:\/\/aura-istanbul.com\/index.php\/wp-json\/wp\/v2\/media?parent=13130"}],"curies":[{"name":"wp","href":"https:\/\/api.w.org\/{rel}","templated":true}]}}