{"id":13806,"date":"2025-04-22T12:45:52","date_gmt":"2025-04-22T09:45:52","guid":{"rendered":"https:\/\/aura-istanbul.com\/?page_id=13806"},"modified":"2025-09-02T10:32:36","modified_gmt":"2025-09-02T07:32:36","slug":"aura-alumni-duru-tunerir","status":"publish","type":"page","link":"https:\/\/aura-istanbul.com\/index.php\/aura-alumni-duru-tunerir\/","title":{"rendered":"AURA Alumni: Duru T\u00fcnerir"},"content":{"rendered":"<div class=\"wpb-content-wrapper\"><p>[vc_section][vc_row][vc_column width=&#8221;1\/6&#8243;][vc_single_image image=&#8221;13633&#8243; img_size=&#8221;large&#8221; alignment=&#8221;center&#8221; css=&#8221;&#8221;][vc_empty_space][vc_column_text css=&#8221;&#8221;]<strong>Duru T\u00fcnerir<\/strong>[\/vc_column_text][vc_empty_space height=&#8221;16px&#8221;][vc_column_text css=&#8221;&#8221;]Mimar<br \/>\n<span data-sheets-root=\"1\">Bah\u00e7e\u015fehir \u00dcniversitesi<\/span><\/p>\n<p>G\u00fcz 2024<br \/>\nDan\u0131\u015fman: Asl\u0131han Demirta\u015f &#8211; Bilge Bal[\/vc_column_text][vc_empty_space][vc_row_inner][vc_column_inner width=&#8221;1\/4&#8243;][\/vc_column_inner][vc_column_inner width=&#8221;1\/4&#8243;][vc_icon icon_fontawesome=&#8221;fa fa-brands fa-linkedin&#8221; color=&#8221;chino&#8221; size=&#8221;xs&#8221; css=&#8221;&#8221; link=&#8221;url:https%3A%2F%2Fwww.linkedin.com%2Fin%2Fduru-t%25C3%25BCnerir-78a872209%2F&#8221;][\/vc_column_inner][vc_column_inner width=&#8221;1\/4&#8243;][\/vc_column_inner][vc_column_inner width=&#8221;1\/4&#8243;][\/vc_column_inner][\/vc_row_inner][\/vc_column][vc_column width=&#8221;2\/3&#8243;][vc_empty_space][vc_column_text css=&#8221;&#8221;]<\/p>\n<p style=\"text-align: left;\"><b>Dere Yataklar\u0131n\u0131n Betonla\u015fmas\u0131: Ka\u011f\u0131thane Deresi\u2019nin Kaybolan Kimli\u011fi<\/b><\/p>\n<p>[\/vc_column_text][vc_empty_space][vc_column_text css=&#8221;&#8221;]<span style=\"font-weight: 400;\">Ka\u011f\u0131thane Deresi, \u0130stanbul\u2019un \u00f6nemli do\u011fal ve k\u00fclt\u00fcrel miras alanlar\u0131ndan biri olup, zamanla kontrols\u00fcz yap\u0131la\u015fma ve sanayile\u015fmenin etkisiyle kimli\u011fini yitirmi\u015ftir. Dere yataklar\u0131n\u0131n ucuz arsa olarak g\u00f6r\u00fclmesi ve plans\u0131z yap\u0131la\u015fma, do\u011fal su yollar\u0131n\u0131n betonarme sistemlerle kapat\u0131lmas\u0131na ve sel riskinin artmas\u0131na neden olmu\u015ftur. Ka\u011f\u0131thane Deresi de bu d\u00f6n\u00fc\u015f\u00fcmden etkilenmi\u015f; \u0131slah ad\u0131 alt\u0131nda do\u011fal yap\u0131s\u0131 bozularak ekolojik denge zarar g\u00f6rm\u00fc\u015ft\u00fcr.<\/span><\/p>\n<p><span style=\"font-weight: 400;\">Tarihsel olarak Sadabad mesiresine ev sahipli\u011fi yapan Ka\u011f\u0131thane, 18. y\u00fczy\u0131lda Osmanl\u0131 elitlerinin e\u011flence ve sanat merkeziydi. Ancak 20. y\u00fczy\u0131l\u0131n ortalar\u0131ndan itibaren sanayi yat\u0131r\u0131mlar\u0131yla birlikte dere kenar\u0131 fabrikalarla dolmu\u015f, Hali\u00e7&#8217;in kirlenmesinde rol oynam\u0131\u015ft\u0131r.<\/span><\/p>\n<p><span style=\"font-weight: 400;\">\u00c7al\u0131\u015fmada, TEM Otoyolu ile Kordon \u0130stanbul \u00e7evresinde yer alan bir kesitte, dere ile kent aras\u0131ndaki kopukluk ele al\u0131nm\u0131\u015ft\u0131r. Alan, ara\u00e7 trafi\u011fi, yo\u011fun yap\u0131la\u015fma ve \u00f6zel m\u00fclk s\u0131n\u0131rlar\u0131 nedeniyle kamusal kullan\u0131mdan uzakla\u015fm\u0131\u015ft\u0131r. Be\u015f m\u00fcdahale noktas\u0131yla; sel kontrol\u00fc, ekolojik iyile\u015ftirme, s\u00fcrd\u00fcr\u00fclebilir tar\u0131m, sosyal mek\u00e2nlar ve esnek kullan\u0131m senaryolar\u0131 geli\u015ftirilmi\u015ftir. Gabion sistemleri, ta\u015fk\u0131n tamponlar\u0131, teraslanm\u0131\u015f ekim alanlar\u0131 ve kamusal mek\u00e2n d\u00fczenlemeleriyle, derenin kentle yeniden ili\u015fki kurmas\u0131 hedeflenmi\u015ftir. Bu \u00f6neriler, kentsel ekoloji ve mek\u00e2nsal s\u00fcreklilik a\u00e7\u0131s\u0131ndan \u00f6rnek te\u015fkil etmektedir.<\/span>[\/vc_column_text][vc_empty_space][vc_gallery interval=&#8221;10&#8243; images=&#8221;13808,13809,13810,13811,13812&#8243; img_size=&#8221;full&#8221; css=&#8221;&#8221;][vc_empty_space][\/vc_column][vc_column width=&#8221;1\/6&#8243;][vc_single_image image=&#8221;13807&#8243; img_size=&#8221;FULL&#8221; alignment=&#8221;center&#8221; style=&#8221;vc_box_border&#8221; css=&#8221;&#8221;][vc_empty_space height=&#8221;16px&#8221;][vc_row_inner][vc_column_inner][vc_column_text][\/vc_column_text][vc_column_text][\/vc_column_text][\/vc_column_inner][\/vc_row_inner][vc_row_inner][vc_column_inner width=&#8221;2\/3&#8243;][\/vc_column_inner][vc_column_inner width=&#8221;1\/3&#8243;][\/vc_column_inner][\/vc_row_inner][\/vc_column][\/vc_row][\/vc_section]<\/p>\n<\/div>","protected":false},"excerpt":{"rendered":"<p>[vc_section][vc_row][vc_column width=&#8221;1\/6&#8243;][vc_single_image image=&#8221;13633&#8243; img_size=&#8221;large&#8221; alignment=&#8221;center&#8221; css=&#8221;&#8221;][vc_empty_space][vc_column_text css=&#8221;&#8221;]Duru T\u00fcnerir[\/vc_column_text][vc_empty_space height=&#8221;16px&#8221;][vc_column_text css=&#8221;&#8221;]Mimar Bah\u00e7e\u015fehir \u00dcniversitesi G\u00fcz 2024 Dan\u0131\u015fman: Asl\u0131han Demirta\u015f &#8211; Bilge Bal[\/vc_column_text][vc_empty_space][vc_row_inner][vc_column_inner width=&#8221;1\/4&#8243;][\/vc_column_inner][vc_column_inner width=&#8221;1\/4&#8243;][vc_icon icon_fontawesome=&#8221;fa fa-brands fa-linkedin&#8221; color=&#8221;chino&#8221; size=&#8221;xs&#8221; css=&#8221;&#8221; link=&#8221;url:https%3A%2F%2Fwww.linkedin.com%2Fin%2Fduru-t%25C3%25BCnerir-78a872209%2F&#8221;][\/vc_column_inner][vc_column_inner width=&#8221;1\/4&#8243;][\/vc_column_inner][vc_column_inner [&hellip;]<\/p>\n","protected":false},"author":10,"featured_media":0,"parent":0,"menu_order":0,"comment_status":"closed","ping_status":"closed","template":"","meta":{"_acf_changed":false,"_seopress_robots_primary_cat":"","_seopress_titles_title":"AURA Alumni: Duru T\u00fcnerir","_seopress_titles_desc":"2024 G\u00fcz Do\u0308nemi\u2019nde \u201cAras\u0327t\u0131rma Tabanl\u0131 Tasar\u0131m Stu\u0308dyosu\u201dnda, kat\u0131l\u0131mc\u0131lar\u0131m\u0131z, Asl\u0131han Demirta\u015f ve Bilge Bal y\u00fcr\u00fct\u00fcc\u00fcl\u00fc\u011f\u00fcndeki st\u00fcdyoda D\u00fcnya yanarken temas\u0131na odakland\u0131.","_seopress_robots_index":"","_price":"","_stock":"","_tribe_ticket_header":"","_tribe_default_ticket_provider":"","_tribe_ticket_capacity":"0","_ticket_start_date":"","_ticket_end_date":"","_tribe_ticket_show_description":"","_tribe_ticket_show_not_going":false,"_tribe_ticket_use_global_stock":"","_tribe_ticket_global_stock_level":"","_global_stock_mode":"","_global_stock_cap":"","_tribe_rsvp_for_event":"","_tribe_ticket_going_count":"","_tribe_ticket_not_going_count":"","_tribe_tickets_list":"[]","_tribe_ticket_has_attendee_info_fields":false,"_EventAllDay":false,"_EventTimezone":"","_EventStartDate":"","_EventEndDate":"","_EventStartDateUTC":"","_EventEndDateUTC":"","_EventShowMap":false,"_EventShowMapLink":false,"_EventURL":"","_EventCost":"","_EventCostDescription":"","_EventCurrencySymbol":"","_EventCurrencyCode":"","_EventCurrencyPosition":"","_EventDateTimeSeparator":"","_EventTimeRangeSeparator":"","_EventOrganizerID":[],"_EventVenueID":[],"_OrganizerEmail":"","_OrganizerPhone":"","_OrganizerWebsite":"","_VenueAddress":"","_VenueCity":"","_VenueCountry":"","_VenueProvince":"","_VenueState":"","_VenueZip":"","_VenuePhone":"","_VenueURL":"","_VenueStateProvince":"","_VenueLat":"","_VenueLng":"","_VenueShowMap":false,"_VenueShowMapLink":false,"footnotes":"","_tec_slr_enabled":"","_tec_slr_layout":""},"class_list":["post-13806","page","type-page","status-publish","hentry"],"acf":[],"ticketed":false,"_links":{"self":[{"href":"https:\/\/aura-istanbul.com\/index.php\/wp-json\/wp\/v2\/pages\/13806","targetHints":{"allow":["GET"]}}],"collection":[{"href":"https:\/\/aura-istanbul.com\/index.php\/wp-json\/wp\/v2\/pages"}],"about":[{"href":"https:\/\/aura-istanbul.com\/index.php\/wp-json\/wp\/v2\/types\/page"}],"author":[{"embeddable":true,"href":"https:\/\/aura-istanbul.com\/index.php\/wp-json\/wp\/v2\/users\/10"}],"replies":[{"embeddable":true,"href":"https:\/\/aura-istanbul.com\/index.php\/wp-json\/wp\/v2\/comments?post=13806"}],"version-history":[{"count":3,"href":"https:\/\/aura-istanbul.com\/index.php\/wp-json\/wp\/v2\/pages\/13806\/revisions"}],"predecessor-version":[{"id":14763,"href":"https:\/\/aura-istanbul.com\/index.php\/wp-json\/wp\/v2\/pages\/13806\/revisions\/14763"}],"wp:attachment":[{"href":"https:\/\/aura-istanbul.com\/index.php\/wp-json\/wp\/v2\/media?parent=13806"}],"curies":[{"name":"wp","href":"https:\/\/api.w.org\/{rel}","templated":true}]}}