{"id":13815,"date":"2025-04-22T12:54:36","date_gmt":"2025-04-22T09:54:36","guid":{"rendered":"https:\/\/aura-istanbul.com\/?page_id=13815"},"modified":"2025-09-02T10:32:05","modified_gmt":"2025-09-02T07:32:05","slug":"aura-alumni-efe-guran","status":"publish","type":"page","link":"https:\/\/aura-istanbul.com\/index.php\/aura-alumni-efe-guran\/","title":{"rendered":"AURA Alumni: Efe G\u00fcran"},"content":{"rendered":"<div class=\"wpb-content-wrapper\"><p>[vc_section][vc_row][vc_column width=&#8221;1\/6&#8243;][vc_single_image image=&#8221;13634&#8243; img_size=&#8221;large&#8221; alignment=&#8221;center&#8221; css=&#8221;&#8221;][vc_empty_space][vc_column_text css=&#8221;&#8221;]<strong>Efe G\u00fcran<\/strong>[\/vc_column_text][vc_empty_space height=&#8221;16px&#8221;][vc_column_text css=&#8221;&#8221;]Mimar<br \/>\n<span data-sheets-root=\"1\">ENSA Grenoble<\/span><\/p>\n<p>G\u00fcz 2024<br \/>\nDan\u0131\u015fman: Asl\u0131han Demirta\u015f &#8211; Bilge Bal[\/vc_column_text][vc_empty_space][vc_row_inner][vc_column_inner width=&#8221;1\/4&#8243;][\/vc_column_inner][vc_column_inner width=&#8221;1\/4&#8243;][vc_icon icon_fontawesome=&#8221;fa fa-brands fa-linkedin&#8221; color=&#8221;chino&#8221; size=&#8221;xs&#8221; css=&#8221;&#8221; link=&#8221;url:https%3A%2F%2Fwww.linkedin.com%2Fin%2Fguranefe%2F&#8221;][\/vc_column_inner][vc_column_inner width=&#8221;1\/4&#8243;][\/vc_column_inner][vc_column_inner width=&#8221;1\/4&#8243;][\/vc_column_inner][\/vc_row_inner][\/vc_column][vc_column width=&#8221;2\/3&#8243;][vc_empty_space][vc_column_text css=&#8221;&#8221;]<\/p>\n<p style=\"text-align: left;\"><b>\u00c7a\u011fda\u015f Konutla\u015fmaya Kar\u015f\u0131 Sav Bi\u00e7imi Olarak Rizom<\/b><\/p>\n<p>[\/vc_column_text][vc_empty_space][vc_column_text css=&#8221;&#8221;]<span style=\"font-weight: 400;\">Bu \u00e7al\u0131\u015fma, \u201cyanma\u201d kavram\u0131n\u0131 toplumsal ve yap\u0131sal bozulman\u0131n metaforu olarak ele al\u0131r. Fiziksel bir eylem olman\u0131n \u00f6tesinde, yanma; e\u015fitsizlik, kriz ve \u015fiddetin patolojik bir d\u0131\u015favurumu, toplumun i\u00e7sel enflamasyonu olarak de\u011ferlendirilir. Bu ba\u011flamda, mimarl\u0131k yaln\u0131zca mek\u00e2n \u00fcretimi de\u011fil; toplumsal ve politik dinamiklerin yans\u0131mas\u0131d\u0131r. Konutun metala\u015fmas\u0131, kentlerin standartla\u015fmas\u0131 ve bireyin yabanc\u0131la\u015fmas\u0131, neoliberal d\u00fczenin patolojik etkilerini ortaya koyar.<\/span><\/p>\n<p><span style=\"font-weight: 400;\">Alternatif bir tahayy\u00fcl olarak, Deleuze ve Guattari\u2019nin \u201crizom\u201d kavram\u0131 sunulur. A\u011fa\u00e7 gibi hiyerar\u015fik yap\u0131lara kar\u015f\u0131, rizom yatay, \u00e7oklu, merkeziyetsiz ve adaptif bir modeli temsil eder. Bu model, kent ve konut \u00fcretiminde kullan\u0131c\u0131 merkezli, esnek ve evrimle\u015fen sistemler olu\u015fturmay\u0131 hedefler.<\/span><\/p>\n<p><span style=\"font-weight: 400;\">S\u00fcleymaniye \u00f6rne\u011finde, terk edilmi\u015f yap\u0131lar ve enformel kullan\u0131c\u0131 m\u00fcdahaleleri \u00fczerinden bir rizomatik sistemin potansiyeli incelenir. Mahallede geli\u015fen do\u011fa\u00e7lama yap\u0131lar, sosyal etkile\u015fim a\u011flar\u0131 ve ge\u00e7ici \u00e7\u00f6z\u00fcmler, merkezi olmayan bir kentle\u015fme modelinin izlerini ta\u015f\u0131r. Bu modelde \u201cproto-birimler\u201d yoluyla kullan\u0131c\u0131lar alan\u0131 \u015fekillendirir, rizomatik b\u00fcy\u00fcme \u00fc\u00e7 a\u015famada ger\u00e7ekle\u015fir: inok\u00fclasyon, germinasyon ve lignifikasyon.<\/span><\/p>\n<p><span style=\"font-weight: 400;\">Sonu\u00e7 olarak, S\u00fcleymaniye\u2019nin rizomla\u015fmas\u0131, mimarl\u0131\u011f\u0131n yeni bir d\u00fc\u015f\u00fcnme bi\u00e7imiyle toplumsal ve mek\u00e2nsal d\u00f6n\u00fc\u015f\u00fcm \u00fcretme potansiyelini ortaya koyar. Bu s\u00fcre\u00e7, bireyi yeniden konutun merkezine yerle\u015ftirerek, mimariyi kat\u0131l\u0131mc\u0131 ve diren\u00e7li bir sisteme d\u00f6n\u00fc\u015ft\u00fcrmeyi \u00f6nerir.<\/span>[\/vc_column_text][vc_empty_space][vc_gallery interval=&#8221;10&#8243; images=&#8221;13817,13816,13820,13819,13818&#8243; img_size=&#8221;full&#8221; css=&#8221;&#8221;][vc_empty_space][\/vc_column][vc_column width=&#8221;1\/6&#8243;][vc_single_image image=&#8221;14638&#8243; img_size=&#8221;FULL&#8221; alignment=&#8221;center&#8221; style=&#8221;vc_box_border&#8221; css=&#8221;&#8221;][vc_empty_space height=&#8221;16px&#8221;][vc_row_inner][vc_column_inner][vc_column_text][\/vc_column_text][vc_column_text][\/vc_column_text][\/vc_column_inner][\/vc_row_inner][vc_row_inner][vc_column_inner width=&#8221;2\/3&#8243;][\/vc_column_inner][vc_column_inner width=&#8221;1\/3&#8243;][\/vc_column_inner][\/vc_row_inner][\/vc_column][\/vc_row][\/vc_section]<\/p>\n<\/div>","protected":false},"excerpt":{"rendered":"<p>[vc_section][vc_row][vc_column width=&#8221;1\/6&#8243;][vc_single_image image=&#8221;13634&#8243; img_size=&#8221;large&#8221; alignment=&#8221;center&#8221; css=&#8221;&#8221;][vc_empty_space][vc_column_text css=&#8221;&#8221;]Efe G\u00fcran[\/vc_column_text][vc_empty_space height=&#8221;16px&#8221;][vc_column_text css=&#8221;&#8221;]Mimar ENSA Grenoble G\u00fcz 2024 Dan\u0131\u015fman: Asl\u0131han Demirta\u015f &#8211; Bilge Bal[\/vc_column_text][vc_empty_space][vc_row_inner][vc_column_inner width=&#8221;1\/4&#8243;][\/vc_column_inner][vc_column_inner width=&#8221;1\/4&#8243;][vc_icon icon_fontawesome=&#8221;fa fa-brands fa-linkedin&#8221; color=&#8221;chino&#8221; size=&#8221;xs&#8221; css=&#8221;&#8221; link=&#8221;url:https%3A%2F%2Fwww.linkedin.com%2Fin%2Fguranefe%2F&#8221;][\/vc_column_inner][vc_column_inner width=&#8221;1\/4&#8243;][\/vc_column_inner][vc_column_inner [&hellip;]<\/p>\n","protected":false},"author":10,"featured_media":0,"parent":0,"menu_order":0,"comment_status":"closed","ping_status":"closed","template":"","meta":{"_acf_changed":false,"_seopress_robots_primary_cat":"","_seopress_titles_title":"AURA Alumni: Efe G\u00fcran","_seopress_titles_desc":"2024 G\u00fcz Do\u0308nemi\u2019nde Aras\u0327t\u0131rma Tabanl\u0131 Tasar\u0131m Stu\u0308dyosunda, kat\u0131l\u0131mc\u0131lar\u0131m\u0131z, Asl\u0131han Demirta\u015f ve Bilge Bal y\u00fcr\u00fct\u00fcc\u00fcl\u00fc\u011f\u00fcndeki st\u00fcdyoda D\u00fcnya yanarken temas\u0131na odakland\u0131.","_seopress_robots_index":"","_price":"","_stock":"","_tribe_ticket_header":"","_tribe_default_ticket_provider":"","_tribe_ticket_capacity":"0","_ticket_start_date":"","_ticket_end_date":"","_tribe_ticket_show_description":"","_tribe_ticket_show_not_going":false,"_tribe_ticket_use_global_stock":"","_tribe_ticket_global_stock_level":"","_global_stock_mode":"","_global_stock_cap":"","_tribe_rsvp_for_event":"","_tribe_ticket_going_count":"","_tribe_ticket_not_going_count":"","_tribe_tickets_list":"[]","_tribe_ticket_has_attendee_info_fields":false,"_EventAllDay":false,"_EventTimezone":"","_EventStartDate":"","_EventEndDate":"","_EventStartDateUTC":"","_EventEndDateUTC":"","_EventShowMap":false,"_EventShowMapLink":false,"_EventURL":"","_EventCost":"","_EventCostDescription":"","_EventCurrencySymbol":"","_EventCurrencyCode":"","_EventCurrencyPosition":"","_EventDateTimeSeparator":"","_EventTimeRangeSeparator":"","_EventOrganizerID":[],"_EventVenueID":[],"_OrganizerEmail":"","_OrganizerPhone":"","_OrganizerWebsite":"","_VenueAddress":"","_VenueCity":"","_VenueCountry":"","_VenueProvince":"","_VenueState":"","_VenueZip":"","_VenuePhone":"","_VenueURL":"","_VenueStateProvince":"","_VenueLat":"","_VenueLng":"","_VenueShowMap":false,"_VenueShowMapLink":false,"footnotes":"","_tec_slr_enabled":"","_tec_slr_layout":""},"class_list":["post-13815","page","type-page","status-publish","hentry"],"acf":[],"ticketed":false,"_links":{"self":[{"href":"https:\/\/aura-istanbul.com\/index.php\/wp-json\/wp\/v2\/pages\/13815","targetHints":{"allow":["GET"]}}],"collection":[{"href":"https:\/\/aura-istanbul.com\/index.php\/wp-json\/wp\/v2\/pages"}],"about":[{"href":"https:\/\/aura-istanbul.com\/index.php\/wp-json\/wp\/v2\/types\/page"}],"author":[{"embeddable":true,"href":"https:\/\/aura-istanbul.com\/index.php\/wp-json\/wp\/v2\/users\/10"}],"replies":[{"embeddable":true,"href":"https:\/\/aura-istanbul.com\/index.php\/wp-json\/wp\/v2\/comments?post=13815"}],"version-history":[{"count":6,"href":"https:\/\/aura-istanbul.com\/index.php\/wp-json\/wp\/v2\/pages\/13815\/revisions"}],"predecessor-version":[{"id":14762,"href":"https:\/\/aura-istanbul.com\/index.php\/wp-json\/wp\/v2\/pages\/13815\/revisions\/14762"}],"wp:attachment":[{"href":"https:\/\/aura-istanbul.com\/index.php\/wp-json\/wp\/v2\/media?parent=13815"}],"curies":[{"name":"wp","href":"https:\/\/api.w.org\/{rel}","templated":true}]}}