{"id":13833,"date":"2025-01-17T15:42:18","date_gmt":"2025-01-17T12:42:18","guid":{"rendered":"https:\/\/aura-istanbul.com\/?page_id=13833"},"modified":"2025-09-02T10:30:12","modified_gmt":"2025-09-02T07:30:12","slug":"aura-alumni-funda-fener","status":"publish","type":"page","link":"https:\/\/aura-istanbul.com\/index.php\/aura-alumni-funda-fener\/","title":{"rendered":"AURA Alumni: Funda Fener"},"content":{"rendered":"<div class=\"wpb-content-wrapper\"><p>[vc_section][vc_row][vc_column width=&#8221;1\/6&#8243;][vc_single_image image=&#8221;13637&#8243; img_size=&#8221;large&#8221; alignment=&#8221;center&#8221; css=&#8221;&#8221;][vc_empty_space][vc_column_text css=&#8221;&#8221;]<strong>Funda Fener<\/strong>[\/vc_column_text][vc_empty_space height=&#8221;16px&#8221;][vc_column_text css=&#8221;&#8221;]Mimar<br \/>\n<span data-sheets-root=\"1\">MSGS\u00dc<\/span><\/p>\n<p>G\u00fcz 2024<br \/>\nDan\u0131\u015fman: Asl\u0131han Demirta\u015f &#8211; Bilge Bal[\/vc_column_text][vc_empty_space][vc_row_inner][vc_column_inner width=&#8221;1\/4&#8243;][\/vc_column_inner][vc_column_inner width=&#8221;1\/4&#8243;][vc_icon icon_fontawesome=&#8221;fa fa-brands fa-linkedin&#8221; color=&#8221;chino&#8221; size=&#8221;xs&#8221; css=&#8221;&#8221; link=&#8221;url:https%3A%2F%2Fwww.linkedin.com%2Fin%2Ffunda-fener-735ba5191%2F&#8221;][\/vc_column_inner][vc_column_inner width=&#8221;1\/4&#8243;][\/vc_column_inner][vc_column_inner width=&#8221;1\/4&#8243;][\/vc_column_inner][\/vc_row_inner][\/vc_column][vc_column width=&#8221;2\/3&#8243;][vc_empty_space][vc_column_text css=&#8221;&#8221;]<b>G\u00f6\u00e7 ve Hayaletler: Kryoneri &#8211; \u00d6zl\u00fcce<\/b>[\/vc_column_text][vc_empty_space][vc_column_text css=&#8221;&#8221;]<span style=\"font-weight: 400;\">Bu \u00e7al\u0131\u015fma, 1923 T\u00fcrkiye-Yunanistan N\u00fcfus M\u00fcbadelesi ba\u011flam\u0131nda g\u00f6\u00e7\u00fcn yap\u0131l\u0131 \u00e7evre, mek\u00e2nsal haf\u0131za ve toplumsal bellekte b\u0131rakt\u0131\u011f\u0131 izleri, &#8220;hayalet&#8221; metaforu \u00fczerinden ele almaktad\u0131r. G\u00f6\u00e7, bireylerin yaln\u0131zca fiziksel yer de\u011fi\u015ftirmesi de\u011fil, ayn\u0131 zamanda kimlik, aidiyet ve mek\u00e2na dair ili\u015fkilerinin d\u00f6n\u00fc\u015f\u00fcm\u00fcd\u00fcr. Travmatik g\u00f6\u00e7 deneyimleri, hem bireysel hem de kolektif haf\u0131zada hayaletler gibi izler b\u0131rak\u0131r. Bursa\u2019n\u0131n \u00d6zl\u00fcce K\u00f6y\u00fc\u2019nde anlat\u0131lan ve \u00fc\u00e7 ku\u015fakt\u0131r aktar\u0131lan \u201chayaletli ev\u201d hik\u00e2yesi, m\u00fcbadele sonras\u0131 yerle\u015ftirilen g\u00f6\u00e7menlerin ya\u015fad\u0131\u011f\u0131 mek\u00e2nsal ve k\u00fclt\u00fcrel d\u00f6n\u00fc\u015f\u00fcm\u00fcn bir yans\u0131mas\u0131d\u0131r.<\/span><\/p>\n<p><span style=\"font-weight: 400;\">\u00c7al\u0131\u015fma kapsam\u0131nda, Selanik\u2019in Kryoneri (G\u0131rm\u0131\u00e7) k\u00f6y\u00fcnden gelen T\u00fcrk M\u00fcsl\u00fcman g\u00f6\u00e7menlerin Bursa\u2019n\u0131n \u0130nesi (g\u00fcn\u00fcm\u00fczde \u00d6zl\u00fcce) k\u00f6y\u00fcne yerle\u015fme s\u00fcreci s\u00f6zl\u00fc tarih g\u00f6r\u00fc\u015fmeleri ve ar\u015fiv belgeleriyle incelenmi\u015ftir. Bu s\u00fcre\u00e7te g\u00f6\u00e7menlerin ge\u00e7ici ve kal\u0131c\u0131 bar\u0131nma ko\u015fullar\u0131, ta\u015f\u0131d\u0131klar\u0131 mek\u00e2nsal pratikler ve yerle\u015ftikleri alanda kar\u015f\u0131la\u015ft\u0131klar\u0131 izler ara\u015ft\u0131r\u0131lm\u0131\u015ft\u0131r. Hayalet kavram\u0131, yaln\u0131zca mistik anlat\u0131lar\u0131 de\u011fil, ayn\u0131 zamanda g\u00f6\u00e7le ta\u015f\u0131nan veya yok olan mek\u00e2nsal haf\u0131zan\u0131n temsilidir.<\/span><\/p>\n<p><span style=\"font-weight: 400;\">\u00d6zl\u00fcce\u2019deki \u201chayaletler haritas\u0131\u201d ile bu izler belgelenmi\u015f, ge\u00e7mi\u015fin g\u00f6r\u00fcnmeyen tan\u0131klar\u0131 haritaland\u0131r\u0131lm\u0131\u015ft\u0131r. \u00c7al\u0131\u015fma, m\u00fcbadele gibi zorunlu g\u00f6\u00e7 hareketlerinin yaln\u0131zca tarihsel bir olay de\u011fil, ayn\u0131 zamanda fiziksel \u00e7evre ve kolektif haf\u0131zada s\u00fcregelen etkileriyle bug\u00fcn\u00fc \u015fekillendiren bir miras oldu\u011funu ortaya koymaktad\u0131r.<\/span>[\/vc_column_text][vc_empty_space][vc_gallery interval=&#8221;10&#8243; images=&#8221;14026,14027,14028,14029,14030&#8243; img_size=&#8221;full&#8221; css=&#8221;&#8221;][vc_empty_space][\/vc_column][vc_column width=&#8221;1\/6&#8243;][vc_single_image image=&#8221;14031&#8243; img_size=&#8221;FULL&#8221; alignment=&#8221;center&#8221; style=&#8221;vc_box_border&#8221; css=&#8221;&#8221;][vc_empty_space height=&#8221;16px&#8221;][vc_row_inner][vc_column_inner][vc_column_text][\/vc_column_text][vc_column_text][\/vc_column_text][\/vc_column_inner][\/vc_row_inner][vc_row_inner][vc_column_inner width=&#8221;2\/3&#8243;][\/vc_column_inner][vc_column_inner width=&#8221;1\/3&#8243;][\/vc_column_inner][\/vc_row_inner][\/vc_column][\/vc_row][\/vc_section]<\/p>\n<\/div>","protected":false},"excerpt":{"rendered":"<p>[vc_section][vc_row][vc_column width=&#8221;1\/6&#8243;][vc_single_image image=&#8221;13637&#8243; img_size=&#8221;large&#8221; alignment=&#8221;center&#8221; css=&#8221;&#8221;][vc_empty_space][vc_column_text css=&#8221;&#8221;]Funda Fener[\/vc_column_text][vc_empty_space height=&#8221;16px&#8221;][vc_column_text css=&#8221;&#8221;]Mimar MSGS\u00dc G\u00fcz 2024 Dan\u0131\u015fman: Asl\u0131han Demirta\u015f &#8211; Bilge Bal[\/vc_column_text][vc_empty_space][vc_row_inner][vc_column_inner width=&#8221;1\/4&#8243;][\/vc_column_inner][vc_column_inner width=&#8221;1\/4&#8243;][vc_icon icon_fontawesome=&#8221;fa fa-brands fa-linkedin&#8221; color=&#8221;chino&#8221; size=&#8221;xs&#8221; css=&#8221;&#8221; link=&#8221;url:https%3A%2F%2Fwww.linkedin.com%2Fin%2Ffunda-fener-735ba5191%2F&#8221;][\/vc_column_inner][vc_column_inner width=&#8221;1\/4&#8243;][\/vc_column_inner][vc_column_inner width=&#8221;1\/4&#8243;][\/vc_column_inner][\/vc_row_inner][\/vc_column][vc_column [&hellip;]<\/p>\n","protected":false},"author":10,"featured_media":0,"parent":0,"menu_order":0,"comment_status":"closed","ping_status":"closed","template":"","meta":{"_acf_changed":false,"_seopress_robots_primary_cat":"","_seopress_titles_title":"AURA Alumni: Funda Fener","_seopress_titles_desc":"2024 G\u00fcz Do\u0308nemi\u2019nde \u201cAras\u0327t\u0131rma Tabanl\u0131 Tasar\u0131m Stu\u0308dyosu\u201dnda, kat\u0131l\u0131mc\u0131lar\u0131m\u0131z, Asl\u0131han Demirta\u015f ve Bilge Bal y\u00fcr\u00fct\u00fcc\u00fcl\u00fc\u011f\u00fcndeki st\u00fcdyoda D\u00fcnya yanarken temas\u0131na odakland\u0131.","_seopress_robots_index":"","_price":"","_stock":"","_tribe_ticket_header":"","_tribe_default_ticket_provider":"","_tribe_ticket_capacity":"0","_ticket_start_date":"","_ticket_end_date":"","_tribe_ticket_show_description":"","_tribe_ticket_show_not_going":false,"_tribe_ticket_use_global_stock":"","_tribe_ticket_global_stock_level":"","_global_stock_mode":"","_global_stock_cap":"","_tribe_rsvp_for_event":"","_tribe_ticket_going_count":"","_tribe_ticket_not_going_count":"","_tribe_tickets_list":"[]","_tribe_ticket_has_attendee_info_fields":false,"_EventAllDay":false,"_EventTimezone":"","_EventStartDate":"","_EventEndDate":"","_EventStartDateUTC":"","_EventEndDateUTC":"","_EventShowMap":false,"_EventShowMapLink":false,"_EventURL":"","_EventCost":"","_EventCostDescription":"","_EventCurrencySymbol":"","_EventCurrencyCode":"","_EventCurrencyPosition":"","_EventDateTimeSeparator":"","_EventTimeRangeSeparator":"","_EventOrganizerID":[],"_EventVenueID":[],"_OrganizerEmail":"","_OrganizerPhone":"","_OrganizerWebsite":"","_VenueAddress":"","_VenueCity":"","_VenueCountry":"","_VenueProvince":"","_VenueState":"","_VenueZip":"","_VenuePhone":"","_VenueURL":"","_VenueStateProvince":"","_VenueLat":"","_VenueLng":"","_VenueShowMap":false,"_VenueShowMapLink":false,"footnotes":"","_tec_slr_enabled":"","_tec_slr_layout":""},"class_list":["post-13833","page","type-page","status-publish","hentry"],"acf":[],"ticketed":false,"_links":{"self":[{"href":"https:\/\/aura-istanbul.com\/index.php\/wp-json\/wp\/v2\/pages\/13833","targetHints":{"allow":["GET"]}}],"collection":[{"href":"https:\/\/aura-istanbul.com\/index.php\/wp-json\/wp\/v2\/pages"}],"about":[{"href":"https:\/\/aura-istanbul.com\/index.php\/wp-json\/wp\/v2\/types\/page"}],"author":[{"embeddable":true,"href":"https:\/\/aura-istanbul.com\/index.php\/wp-json\/wp\/v2\/users\/10"}],"replies":[{"embeddable":true,"href":"https:\/\/aura-istanbul.com\/index.php\/wp-json\/wp\/v2\/comments?post=13833"}],"version-history":[{"count":5,"href":"https:\/\/aura-istanbul.com\/index.php\/wp-json\/wp\/v2\/pages\/13833\/revisions"}],"predecessor-version":[{"id":14758,"href":"https:\/\/aura-istanbul.com\/index.php\/wp-json\/wp\/v2\/pages\/13833\/revisions\/14758"}],"wp:attachment":[{"href":"https:\/\/aura-istanbul.com\/index.php\/wp-json\/wp\/v2\/media?parent=13833"}],"curies":[{"name":"wp","href":"https:\/\/api.w.org\/{rel}","templated":true}]}}