{"id":14025,"date":"2025-06-17T15:49:48","date_gmt":"2025-06-17T12:49:48","guid":{"rendered":"https:\/\/aura-istanbul.com\/?page_id=14025"},"modified":"2025-09-02T10:31:06","modified_gmt":"2025-09-02T07:31:06","slug":"aura-alumni-feride-ayes","status":"publish","type":"page","link":"https:\/\/aura-istanbul.com\/index.php\/aura-alumni-feride-ayes\/","title":{"rendered":"AURA Alumni: Feride Aye\u015f"},"content":{"rendered":"<div class=\"wpb-content-wrapper\"><p>[vc_section][vc_row][vc_column width=&#8221;1\/6&#8243;][vc_single_image image=&#8221;13636&#8243; img_size=&#8221;large&#8221; alignment=&#8221;center&#8221; css=&#8221;&#8221;][vc_empty_space][vc_column_text css=&#8221;&#8221;]<b>Feride Aye\u015f<\/b>[\/vc_column_text][vc_empty_space height=&#8221;16px&#8221;][vc_column_text css=&#8221;&#8221;]Mimar<br \/>\n<span data-sheets-root=\"1\">Mu\u011fla S\u0131tk\u0131 Ko\u00e7man \u00dcniversitesi<\/span><\/p>\n<p>G\u00fcz 2024<br \/>\nDan\u0131\u015fman: Asl\u0131han Demirta\u015f &#8211; Bilge Bal[\/vc_column_text][vc_empty_space][vc_row_inner][vc_column_inner width=&#8221;1\/4&#8243;][\/vc_column_inner][vc_column_inner width=&#8221;1\/4&#8243;][vc_icon icon_fontawesome=&#8221;fa fa-brands fa-linkedin&#8221; color=&#8221;chino&#8221; size=&#8221;xs&#8221; css=&#8221;&#8221; link=&#8221;url:https%3A%2F%2Fwww.linkedin.com%2Fin%2Fferide-aye%25C5%259F-b52770325%2F&#8221;][\/vc_column_inner][vc_column_inner width=&#8221;1\/4&#8243;][\/vc_column_inner][vc_column_inner width=&#8221;1\/4&#8243;][\/vc_column_inner][\/vc_row_inner][\/vc_column][vc_column width=&#8221;2\/3&#8243;][vc_empty_space][vc_column_text css=&#8221;&#8221;]<\/p>\n<p style=\"text-align: left;\"><strong>Kentsel Ar\u0131c\u0131l\u0131k ve Polinasyon Denemeleri<\/strong><\/p>\n<p>[\/vc_column_text][vc_empty_space][vc_column_text css=&#8221;&#8221;]<span style=\"font-weight: 400;\">K\u00fcresel \u00f6l\u00e7ekte artan tozla\u015fma krizine kar\u015f\u0131 ar\u0131lar\u0131n kent ortamlar\u0131nda ya\u015fam bulma potansiyelini ele al\u0131r. \u0130nsektisitler, iklim de\u011fi\u015fikli\u011fi ve habitat kayb\u0131 gibi tehditler, ar\u0131lar\u0131n k\u0131rsaldan kentlere y\u00f6nelmesine neden olmaktad\u0131r. Bu ba\u011flamda, ar\u0131lar\u0131n kentlere adaptasyonunu desteklemek amac\u0131yla kent i\u00e7i kovan tasar\u0131mlar\u0131 ve polinat\u00f6r yap\u0131lar geli\u015ftirilmi\u015ftir. T\u00fcrkiye k\u0131rsal\u0131nda yayg\u0131n olan \u201cseren\u201d yap\u0131lar\u0131 referans al\u0131narak, kentsel ko\u015fullara uyumlu prototipler tasarlanm\u0131\u015ft\u0131r.<\/span><\/p>\n<p><span style=\"font-weight: 400;\">Proje kapsam\u0131nda, Ma\u00e7ka Park\u0131 uygulama alan\u0131 olarak se\u00e7ilmi\u015f, burada ah\u015fap iskeletli, organik kar\u0131\u015f\u0131mlarla doldurulmu\u015f t\u00fcnekler \u00fcretilmi\u015ftir. Bu t\u00fcnekler, yaln\u0131z ar\u0131lar\u0131n bar\u0131nmas\u0131 ve \u00fcremesi i\u00e7in mikrohabitat sunarken, zamanla \u00e7imlenerek yap\u0131sal b\u00fct\u00fcnl\u00fck kazanm\u0131\u015ft\u0131r.<\/span><\/p>\n<p><span style=\"font-weight: 400;\">Ayr\u0131ca, geleneksel seren yap\u0131s\u0131, otob\u00fcs duraklar\u0131 gibi kentsel tekrarl\u0131 yap\u0131larla entegre edilerek yeniden yorumlanm\u0131\u015ft\u0131r. Kovanlar\u0131n i\u00e7i bambu ve y\u00fcn gibi do\u011fal malzemelerle donat\u0131lm\u0131\u015f; y\u00f6nlenme, stabilite ve su ihtiyac\u0131 gibi i\u015flevlere y\u00f6nelik detayl\u0131 tasar\u0131m \u00e7\u00f6z\u00fcmleri geli\u015ftirilmi\u015ftir. Do\u011fu-bat\u0131 y\u00f6nlendirmesi, ya\u011fmur suyu toplama sistemleri ve ar\u0131lar\u0131n bo\u011fulmas\u0131n\u0131 engelleyen suluklar bu \u00e7\u00f6z\u00fcmler aras\u0131nda yer al\u0131r. Bu yakla\u015f\u0131m, ar\u0131lar\u0131n kent ekosistemine entegrasyonunu desteklerken, kamusal alanlarda ekolojik fark\u0131ndal\u0131k yaratmay\u0131 hedeflemektedir.<\/span>[\/vc_column_text][vc_empty_space][vc_gallery interval=&#8221;10&#8243; images=&#8221;13837,13841,13840,13839,13838&#8243; img_size=&#8221;full&#8221; css=&#8221;&#8221;][vc_empty_space][\/vc_column][vc_column width=&#8221;1\/6&#8243;][vc_single_image image=&#8221;13843&#8243; img_size=&#8221;FULL&#8221; alignment=&#8221;center&#8221; style=&#8221;vc_box_border&#8221; css=&#8221;&#8221;][vc_empty_space height=&#8221;16px&#8221;][vc_row_inner][vc_column_inner][vc_column_text][\/vc_column_text][vc_column_text][\/vc_column_text][\/vc_column_inner][\/vc_row_inner][vc_row_inner][vc_column_inner width=&#8221;2\/3&#8243;][\/vc_column_inner][vc_column_inner width=&#8221;1\/3&#8243;][\/vc_column_inner][\/vc_row_inner][\/vc_column][\/vc_row][\/vc_section]<\/p>\n<\/div>","protected":false},"excerpt":{"rendered":"<p>[vc_section][vc_row][vc_column width=&#8221;1\/6&#8243;][vc_single_image image=&#8221;13636&#8243; img_size=&#8221;large&#8221; alignment=&#8221;center&#8221; css=&#8221;&#8221;][vc_empty_space][vc_column_text css=&#8221;&#8221;]Feride Aye\u015f[\/vc_column_text][vc_empty_space height=&#8221;16px&#8221;][vc_column_text css=&#8221;&#8221;]Mimar Mu\u011fla S\u0131tk\u0131 Ko\u00e7man \u00dcniversitesi G\u00fcz 2024 Dan\u0131\u015fman: Asl\u0131han Demirta\u015f &#8211; Bilge Bal[\/vc_column_text][vc_empty_space][vc_row_inner][vc_column_inner width=&#8221;1\/4&#8243;][\/vc_column_inner][vc_column_inner width=&#8221;1\/4&#8243;][vc_icon icon_fontawesome=&#8221;fa fa-brands fa-linkedin&#8221; color=&#8221;chino&#8221; size=&#8221;xs&#8221; css=&#8221;&#8221; [&hellip;]<\/p>\n","protected":false},"author":10,"featured_media":0,"parent":0,"menu_order":0,"comment_status":"closed","ping_status":"closed","template":"","meta":{"_acf_changed":false,"_seopress_robots_primary_cat":"","_seopress_titles_title":"AURA Alumni: Feride Aye\u015f","_seopress_titles_desc":"2024 G\u00fcz Do\u0308nemi\u2019nde \u201cAras\u0327t\u0131rma Tabanl\u0131 Tasar\u0131m Stu\u0308dyosu\u201dnda, kat\u0131l\u0131mc\u0131lar\u0131m\u0131z, Asl\u0131han Demirta\u015f ve Bilge Bal y\u00fcr\u00fct\u00fcc\u00fcl\u00fc\u011f\u00fcndeki st\u00fcdyoda D\u00fcnya yanarken temas\u0131na odakland\u0131.","_seopress_robots_index":"","_price":"","_stock":"","_tribe_ticket_header":"","_tribe_default_ticket_provider":"","_tribe_ticket_capacity":"0","_ticket_start_date":"","_ticket_end_date":"","_tribe_ticket_show_description":"","_tribe_ticket_show_not_going":false,"_tribe_ticket_use_global_stock":"","_tribe_ticket_global_stock_level":"","_global_stock_mode":"","_global_stock_cap":"","_tribe_rsvp_for_event":"","_tribe_ticket_going_count":"","_tribe_ticket_not_going_count":"","_tribe_tickets_list":"[]","_tribe_ticket_has_attendee_info_fields":false,"_EventAllDay":false,"_EventTimezone":"","_EventStartDate":"","_EventEndDate":"","_EventStartDateUTC":"","_EventEndDateUTC":"","_EventShowMap":false,"_EventShowMapLink":false,"_EventURL":"","_EventCost":"","_EventCostDescription":"","_EventCurrencySymbol":"","_EventCurrencyCode":"","_EventCurrencyPosition":"","_EventDateTimeSeparator":"","_EventTimeRangeSeparator":"","_EventOrganizerID":[],"_EventVenueID":[],"_OrganizerEmail":"","_OrganizerPhone":"","_OrganizerWebsite":"","_VenueAddress":"","_VenueCity":"","_VenueCountry":"","_VenueProvince":"","_VenueState":"","_VenueZip":"","_VenuePhone":"","_VenueURL":"","_VenueStateProvince":"","_VenueLat":"","_VenueLng":"","_VenueShowMap":false,"_VenueShowMapLink":false,"footnotes":"","_tec_slr_enabled":"","_tec_slr_layout":""},"class_list":["post-14025","page","type-page","status-publish","hentry"],"acf":[],"ticketed":false,"_links":{"self":[{"href":"https:\/\/aura-istanbul.com\/index.php\/wp-json\/wp\/v2\/pages\/14025","targetHints":{"allow":["GET"]}}],"collection":[{"href":"https:\/\/aura-istanbul.com\/index.php\/wp-json\/wp\/v2\/pages"}],"about":[{"href":"https:\/\/aura-istanbul.com\/index.php\/wp-json\/wp\/v2\/types\/page"}],"author":[{"embeddable":true,"href":"https:\/\/aura-istanbul.com\/index.php\/wp-json\/wp\/v2\/users\/10"}],"replies":[{"embeddable":true,"href":"https:\/\/aura-istanbul.com\/index.php\/wp-json\/wp\/v2\/comments?post=14025"}],"version-history":[{"count":3,"href":"https:\/\/aura-istanbul.com\/index.php\/wp-json\/wp\/v2\/pages\/14025\/revisions"}],"predecessor-version":[{"id":14760,"href":"https:\/\/aura-istanbul.com\/index.php\/wp-json\/wp\/v2\/pages\/14025\/revisions\/14760"}],"wp:attachment":[{"href":"https:\/\/aura-istanbul.com\/index.php\/wp-json\/wp\/v2\/media?parent=14025"}],"curies":[{"name":"wp","href":"https:\/\/api.w.org\/{rel}","templated":true}]}}