{"id":14059,"date":"2025-06-18T12:21:11","date_gmt":"2025-06-18T09:21:11","guid":{"rendered":"https:\/\/aura-istanbul.com\/?page_id=14059"},"modified":"2025-09-02T10:17:58","modified_gmt":"2025-09-02T07:17:58","slug":"aura-alumni-hasan-can-yeniay","status":"publish","type":"page","link":"https:\/\/aura-istanbul.com\/index.php\/aura-alumni-hasan-can-yeniay\/","title":{"rendered":"AURA Alumni: Hasan Can Yeniay"},"content":{"rendered":"<div class=\"wpb-content-wrapper\"><p>[vc_section][vc_row][vc_column width=&#8221;1\/6&#8243;][vc_single_image image=&#8221;14061&#8243; img_size=&#8221;large&#8221; alignment=&#8221;center&#8221; css=&#8221;&#8221;][vc_empty_space][vc_column_text css=&#8221;&#8221;]<strong>Hasan Can Yeniay<\/strong>[\/vc_column_text][vc_empty_space height=&#8221;16px&#8221;][vc_column_text css=&#8221;&#8221;]<span data-sheets-root=\"1\">\u0130\u00e7 Mimarl\u0131k ve \u00c7evre Tasar\u0131m\u0131<\/span><br \/>\n<span data-sheets-root=\"1\">\u0130stanbul Medipol \u00dcniversitesi<\/span><\/p>\n<p>G\u00fcz 2024<br \/>\nDan\u0131\u015fman: Asl\u0131han Demirta\u015f &#8211; Bilge Bal[\/vc_column_text][vc_empty_space][vc_row_inner][vc_column_inner width=&#8221;1\/4&#8243;][\/vc_column_inner][vc_column_inner width=&#8221;1\/4&#8243;][vc_icon icon_fontawesome=&#8221;fa fa-brands fa-linkedin&#8221; color=&#8221;chino&#8221; size=&#8221;xs&#8221; css=&#8221;&#8221; link=&#8221;url:https%3A%2F%2Fwww.linkedin.com%2Fin%2Fhasan-can-yeniay-6b9365272%2F&#8221;][\/vc_column_inner][vc_column_inner width=&#8221;1\/4&#8243;][\/vc_column_inner][vc_column_inner width=&#8221;1\/4&#8243;][\/vc_column_inner][\/vc_row_inner][\/vc_column][vc_column width=&#8221;2\/3&#8243;][vc_empty_space][vc_column_text css=&#8221;&#8221;]<\/p>\n<p style=\"text-align: left;\"><b>Mek\u00e2n ve \u00c7ocuk: Kolektif Bir Tasar\u0131m Hikayesi<\/b><\/p>\n<p>[\/vc_column_text][vc_empty_space][vc_column_text css=&#8221;&#8221;]<span style=\"font-weight: 400;\">\u00c7ocuklar i\u00e7in tasar\u0131m yaparken duygular\u0131 ve kolektif bilin\u00e7le etkile\u015fimi vurgulayan bir yakla\u015f\u0131m sunmaktad\u0131r. Kat\u0131l\u0131mc\u0131lar\u0131n \u00e7ocukluk an\u0131lar\u0131 \u00fczerinden analiz edilen mek\u00e2nlar ve duygusal temalar, \u00e7ocuklar\u0131n \u00e7evreleriyle kurduklar\u0131 ba\u011flar\u0131 anlamaya y\u00f6nelik bir rehber niteli\u011fi ta\u015f\u0131r. Ara\u015ft\u0131rmada, Kad\u0131k\u00f6y\u2019deki bo\u015f alanlar\u0131n, \u00e7ocuklar\u0131n sosyal geli\u015fimini destekleyecek mod\u00fcler oyun donat\u0131lar\u0131yla donat\u0131lmas\u0131 \u00f6nerilmektedir. Bu tasar\u0131m, \u00e7ocuklar\u0131n fiziksel ve sosyal \u00e7evreyle etkile\u015fim kurmalar\u0131na olanak tan\u0131yacak g\u00fcvenli bir ortam yaratmay\u0131 ama\u00e7lar.<\/span><\/p>\n<p><span style=\"font-weight: 400;\">Proje, sokaklar ve \u00e7ocuklar\u0131n mek\u00e2nsal alg\u0131lar\u0131 aras\u0131ndaki ili\u015fkiyi ke\u015ffetmeye y\u00f6nelik bir etkinlik i\u00e7erir. Kat\u0131l\u0131mc\u0131lar, \u00e7ocukluklar\u0131ndaki sokak dokusunu ve an\u0131lar\u0131n\u0131 \u00e7izimler \u00fczerinden ifade eder. Bu s\u00fcre\u00e7, \u00e7ocuklar\u0131n sosyal ba\u011flar\u0131n\u0131 g\u00fc\u00e7lendirecek ve ya\u015fad\u0131klar\u0131 mahallelerde k\u00fclt\u00fcrel etkile\u015fimi te\u015fvik edecektir.<\/span><\/p>\n<p><span style=\"font-weight: 400;\">Kad\u0131k\u00f6y\u2019deki sokaklar, bu tasar\u0131m yakla\u015f\u0131m\u0131n\u0131n pilot b\u00f6lgesi olarak se\u00e7ilmi\u015f olup, \u00e7ocuklar\u0131n mahallelerini ke\u015ffetmeleri ve farkl\u0131 sokaklarda sosyal ba\u011flar kurmalar\u0131 hedeflenmi\u015ftir. Tasarlanan mod\u00fcler sokak oyunu donat\u0131s\u0131, g\u00fcvenlik ve esneklik sunarak \u00e7ocuklar\u0131n fiziksel ve sosyal geli\u015fimlerini destekler.<\/span><\/p>\n<p><span style=\"font-weight: 400;\">Bu \u00e7al\u0131\u015fman\u0131n temel amac\u0131, mek\u00e2n\u0131n \u00e7ocuklar i\u00e7in nas\u0131l anlam kazand\u0131\u011f\u0131n\u0131 ve oyun arac\u0131l\u0131\u011f\u0131yla sosyal etkile\u015fimin nas\u0131l geli\u015febilece\u011fini g\u00f6stermektir.<\/span>[\/vc_column_text][vc_empty_space][vc_gallery interval=&#8221;10&#8243; images=&#8221;14064,14065,14066,14067,14068&#8243; img_size=&#8221;full&#8221; css=&#8221;&#8221;][vc_empty_space][\/vc_column][vc_column width=&#8221;1\/6&#8243;][vc_single_image image=&#8221;14069&#8243; img_size=&#8221;FULL&#8221; alignment=&#8221;center&#8221; style=&#8221;vc_box_border&#8221; css=&#8221;&#8221;][vc_empty_space height=&#8221;16px&#8221;][vc_row_inner][vc_column_inner][vc_column_text][\/vc_column_text][vc_column_text][\/vc_column_text][\/vc_column_inner][\/vc_row_inner][vc_row_inner][vc_column_inner width=&#8221;2\/3&#8243;][\/vc_column_inner][vc_column_inner width=&#8221;1\/3&#8243;][\/vc_column_inner][\/vc_row_inner][\/vc_column][\/vc_row][\/vc_section]<\/p>\n<\/div>","protected":false},"excerpt":{"rendered":"<p>[vc_section][vc_row][vc_column width=&#8221;1\/6&#8243;][vc_single_image image=&#8221;14061&#8243; img_size=&#8221;large&#8221; alignment=&#8221;center&#8221; css=&#8221;&#8221;][vc_empty_space][vc_column_text css=&#8221;&#8221;]Hasan Can Yeniay[\/vc_column_text][vc_empty_space height=&#8221;16px&#8221;][vc_column_text css=&#8221;&#8221;]\u0130\u00e7 Mimarl\u0131k ve \u00c7evre Tasar\u0131m\u0131 \u0130stanbul Medipol \u00dcniversitesi G\u00fcz 2024 Dan\u0131\u015fman: Asl\u0131han Demirta\u015f &#8211; Bilge Bal[\/vc_column_text][vc_empty_space][vc_row_inner][vc_column_inner width=&#8221;1\/4&#8243;][\/vc_column_inner][vc_column_inner width=&#8221;1\/4&#8243;][vc_icon icon_fontawesome=&#8221;fa fa-brands [&hellip;]<\/p>\n","protected":false},"author":10,"featured_media":0,"parent":0,"menu_order":0,"comment_status":"closed","ping_status":"closed","template":"","meta":{"_acf_changed":false,"_seopress_robots_primary_cat":"","_seopress_titles_title":"AURA Alumni: Hasan Can Yeniay","_seopress_titles_desc":"2024 G\u00fcz Do\u0308nemi\u2019nde \u201cAras\u0327t\u0131rma Tabanl\u0131 Tasar\u0131m Stu\u0308dyosu\u201dnda, kat\u0131l\u0131mc\u0131lar\u0131m\u0131z, Asl\u0131han Demirta\u015f ve Bilge Bal y\u00fcr\u00fct\u00fcc\u00fcl\u00fc\u011f\u00fcndeki st\u00fcdyoda D\u00fcnya yanarken temas\u0131na odakland\u0131.","_seopress_robots_index":"","_price":"","_stock":"","_tribe_ticket_header":"","_tribe_default_ticket_provider":"","_tribe_ticket_capacity":"0","_ticket_start_date":"","_ticket_end_date":"","_tribe_ticket_show_description":"","_tribe_ticket_show_not_going":false,"_tribe_ticket_use_global_stock":"","_tribe_ticket_global_stock_level":"","_global_stock_mode":"","_global_stock_cap":"","_tribe_rsvp_for_event":"","_tribe_ticket_going_count":"","_tribe_ticket_not_going_count":"","_tribe_tickets_list":"[]","_tribe_ticket_has_attendee_info_fields":false,"_EventAllDay":false,"_EventTimezone":"","_EventStartDate":"","_EventEndDate":"","_EventStartDateUTC":"","_EventEndDateUTC":"","_EventShowMap":false,"_EventShowMapLink":false,"_EventURL":"","_EventCost":"","_EventCostDescription":"","_EventCurrencySymbol":"","_EventCurrencyCode":"","_EventCurrencyPosition":"","_EventDateTimeSeparator":"","_EventTimeRangeSeparator":"","_EventOrganizerID":[],"_EventVenueID":[],"_OrganizerEmail":"","_OrganizerPhone":"","_OrganizerWebsite":"","_VenueAddress":"","_VenueCity":"","_VenueCountry":"","_VenueProvince":"","_VenueState":"","_VenueZip":"","_VenuePhone":"","_VenueURL":"","_VenueStateProvince":"","_VenueLat":"","_VenueLng":"","_VenueShowMap":false,"_VenueShowMapLink":false,"footnotes":"","_tec_slr_enabled":"","_tec_slr_layout":""},"class_list":["post-14059","page","type-page","status-publish","hentry"],"acf":[],"ticketed":false,"_links":{"self":[{"href":"https:\/\/aura-istanbul.com\/index.php\/wp-json\/wp\/v2\/pages\/14059","targetHints":{"allow":["GET"]}}],"collection":[{"href":"https:\/\/aura-istanbul.com\/index.php\/wp-json\/wp\/v2\/pages"}],"about":[{"href":"https:\/\/aura-istanbul.com\/index.php\/wp-json\/wp\/v2\/types\/page"}],"author":[{"embeddable":true,"href":"https:\/\/aura-istanbul.com\/index.php\/wp-json\/wp\/v2\/users\/10"}],"replies":[{"embeddable":true,"href":"https:\/\/aura-istanbul.com\/index.php\/wp-json\/wp\/v2\/comments?post=14059"}],"version-history":[{"count":3,"href":"https:\/\/aura-istanbul.com\/index.php\/wp-json\/wp\/v2\/pages\/14059\/revisions"}],"predecessor-version":[{"id":14744,"href":"https:\/\/aura-istanbul.com\/index.php\/wp-json\/wp\/v2\/pages\/14059\/revisions\/14744"}],"wp:attachment":[{"href":"https:\/\/aura-istanbul.com\/index.php\/wp-json\/wp\/v2\/media?parent=14059"}],"curies":[{"name":"wp","href":"https:\/\/api.w.org\/{rel}","templated":true}]}}