{"id":14073,"date":"2025-06-18T13:02:50","date_gmt":"2025-06-18T10:02:50","guid":{"rendered":"https:\/\/aura-istanbul.com\/?page_id=14073"},"modified":"2025-09-02T10:19:36","modified_gmt":"2025-09-02T07:19:36","slug":"aura-alumni-kaan-demir","status":"publish","type":"page","link":"https:\/\/aura-istanbul.com\/index.php\/aura-alumni-kaan-demir\/","title":{"rendered":"AURA Alumni: Kaan Demir"},"content":{"rendered":"<div class=\"wpb-content-wrapper\"><p>[vc_section][vc_row][vc_column width=&#8221;1\/6&#8243;][vc_single_image image=&#8221;13640&#8243; img_size=&#8221;large&#8221; alignment=&#8221;center&#8221; css=&#8221;&#8221;][vc_empty_space][vc_column_text css=&#8221;&#8221;]<strong>Kaan Demir<\/strong>[\/vc_column_text][vc_empty_space height=&#8221;16px&#8221;][vc_column_text css=&#8221;&#8221;]Mimar<br \/>\n<span data-sheets-root=\"1\">Kadir Has \u00dcniversitesi<\/span><\/p>\n<p>G\u00fcz 2024<br \/>\nDan\u0131\u015fman: Asl\u0131han Demirta\u015f &#8211; Bilge Bal[\/vc_column_text][vc_empty_space][vc_row_inner][vc_column_inner width=&#8221;1\/4&#8243;][\/vc_column_inner][vc_column_inner width=&#8221;1\/4&#8243;][vc_icon icon_fontawesome=&#8221;fa fa-brands fa-linkedin&#8221; color=&#8221;chino&#8221; size=&#8221;xs&#8221; css=&#8221;&#8221; link=&#8221;url:https%3A%2F%2Fwww.linkedin.com%2Fin%2Fkaan-demir-607189217%2F&#8221;][\/vc_column_inner][vc_column_inner width=&#8221;1\/4&#8243;][\/vc_column_inner][vc_column_inner width=&#8221;1\/4&#8243;][\/vc_column_inner][\/vc_row_inner][\/vc_column][vc_column width=&#8221;2\/3&#8243;][vc_empty_space][vc_column_text css=&#8221;&#8221;]<\/p>\n<p data-pm-slice=\"1 1 []\"><strong>Yok Olanlar\u0131n Merkezinde: \u0130stanbul Kent Tahayy\u00fcl\u00fc<\/strong><\/p>\n<p>[\/vc_column_text][vc_empty_space][vc_column_text css=&#8221;&#8221;]<span style=\"font-weight: 400;\">Bu \u00e7al\u0131\u015fma, \u0130stanbul\u2019un ge\u00e7mi\u015ften g\u00fcn\u00fcm\u00fcze s\u00fcregelen d\u00f6n\u00fc\u015f\u00fcm\u00fcn\u00fc ve buna ba\u011fl\u0131 yok olu\u015flar\u0131n\u0131, kent morfolojisi ve haf\u0131zas\u0131 \u00fczerinden ele\u015ftirel bir perspektifle de\u011ferlendirmektedir. \u00d6zellikle Bayrampa\u015fa Deresi \u00f6rne\u011fi \u00fczerinden yap\u0131lan analizde, dere yata\u011f\u0131n\u0131n ula\u015f\u0131m aks\u0131na d\u00f6n\u00fc\u015ft\u00fcr\u00fclmesiyle birlikte b\u00f6lgede y\u00fczy\u0131llard\u0131r var olan bostanlar, \u00e7iftlikler ve mezarl\u0131klar gibi kamusal ve ekolojik alanlar\u0131n yok olu\u015fu incelenmi\u015ftir. Menderes d\u00f6nemi imar operasyonlar\u0131n\u0131n tetikledi\u011fi bu d\u00f6n\u00fc\u015f\u00fcm, kentsel haf\u0131zada \u00f6nemli bir k\u0131r\u0131lma noktas\u0131 yaratm\u0131\u015ft\u0131r.<\/span><\/p>\n<p><span style=\"font-weight: 400;\">\u00c7al\u0131\u015fma, bu yok olu\u015fun simgesel temsilcileri olan enginar heykelleri, an\u0131 bah\u00e7eleri ve heterotopolojik mek\u00e2nlar arac\u0131l\u0131\u011f\u0131yla belle\u011fin nas\u0131l yeniden \u00fcretildi\u011fini tart\u0131\u015fmaktad\u0131r. Ancak bu t\u00fcr m\u00fcdahalelerin \u00e7o\u011fu zaman y\u00fczeysel ve \u201ckitsch\u201d olarak kald\u0131\u011f\u0131; kent belle\u011fini yeniden kurmak yerine onu silikle\u015ftirdi\u011fi vurgulanmaktad\u0131r. Alberto Burri\u2019nin <\/span><i><span style=\"font-weight: 400;\">Grande Cretto di Gibellina<\/span><\/i><span style=\"font-weight: 400;\"> \u00f6rne\u011fiyle kar\u015f\u0131la\u015ft\u0131rmal\u0131 olarak ele al\u0131nan bu yerel m\u00fcdahaleler, \u0130stanbul\u2019daki an\u0131 mek\u00e2nlar\u0131n\u0131n yetersizli\u011fini ortaya koymaktad\u0131r.<\/span><\/p>\n<p><span style=\"font-weight: 400;\">\u201cD\u00fcnyevi Zevkler Bostan\u0131\u201d ba\u015fl\u0131kl\u0131 kolaj \u00e7al\u0131\u015fmas\u0131yla, Bayrampa\u015fa aks\u0131ndaki d\u00f6n\u00fc\u015f\u00fcm \u00fc\u00e7 farkl\u0131 zaman diliminde g\u00f6rselle\u015ftirilmi\u015f ve ses efektleriyle desteklenmi\u015ftir. \u00c7al\u0131\u015fma, kentsel yok olu\u015flar\u0131n yaln\u0131zca fiziksel de\u011fil, ayn\u0131 zamanda k\u00fclt\u00fcrel ve toplumsal boyutlar\u0131yla da ele al\u0131nmas\u0131 gerekti\u011fini savunmaktad\u0131r.<\/span>[\/vc_column_text][vc_empty_space][vc_gallery interval=&#8221;10&#8243; images=&#8221;14074,14075,14076,14077,14078&#8243; img_size=&#8221;full&#8221; css=&#8221;&#8221;][vc_empty_space][\/vc_column][vc_column width=&#8221;1\/6&#8243;][vc_single_image image=&#8221;14079&#8243; img_size=&#8221;FULL&#8221; alignment=&#8221;center&#8221; style=&#8221;vc_box_border&#8221; css=&#8221;&#8221;][vc_empty_space height=&#8221;16px&#8221;][vc_row_inner][vc_column_inner][vc_column_text][\/vc_column_text][vc_column_text][\/vc_column_text][\/vc_column_inner][\/vc_row_inner][vc_row_inner][vc_column_inner width=&#8221;2\/3&#8243;][\/vc_column_inner][vc_column_inner width=&#8221;1\/3&#8243;][\/vc_column_inner][\/vc_row_inner][\/vc_column][\/vc_row][\/vc_section]<\/p>\n<\/div>","protected":false},"excerpt":{"rendered":"<p>[vc_section][vc_row][vc_column width=&#8221;1\/6&#8243;][vc_single_image image=&#8221;13640&#8243; img_size=&#8221;large&#8221; alignment=&#8221;center&#8221; css=&#8221;&#8221;][vc_empty_space][vc_column_text css=&#8221;&#8221;]Kaan Demir[\/vc_column_text][vc_empty_space height=&#8221;16px&#8221;][vc_column_text css=&#8221;&#8221;]Mimar Kadir Has \u00dcniversitesi G\u00fcz 2024 Dan\u0131\u015fman: Asl\u0131han Demirta\u015f &#8211; Bilge Bal[\/vc_column_text][vc_empty_space][vc_row_inner][vc_column_inner width=&#8221;1\/4&#8243;][\/vc_column_inner][vc_column_inner width=&#8221;1\/4&#8243;][vc_icon icon_fontawesome=&#8221;fa fa-brands fa-linkedin&#8221; color=&#8221;chino&#8221; size=&#8221;xs&#8221; css=&#8221;&#8221; link=&#8221;url:https%3A%2F%2Fwww.linkedin.com%2Fin%2Fkaan-demir-607189217%2F&#8221;][\/vc_column_inner][vc_column_inner [&hellip;]<\/p>\n","protected":false},"author":10,"featured_media":0,"parent":0,"menu_order":0,"comment_status":"closed","ping_status":"closed","template":"","meta":{"_acf_changed":false,"_seopress_robots_primary_cat":"","_seopress_titles_title":"AURA Alumni: Kaan Demir","_seopress_titles_desc":"2024 G\u00fcz Do\u0308nemi\u2019nde \u201cAras\u0327t\u0131rma Tabanl\u0131 Tasar\u0131m Stu\u0308dyosu\u201dnda, kat\u0131l\u0131mc\u0131lar\u0131m\u0131z, Asl\u0131han Demirta\u015f ve Bilge Bal y\u00fcr\u00fct\u00fcc\u00fcl\u00fc\u011f\u00fcndeki st\u00fcdyoda D\u00fcnya yanarken temas\u0131na odakland\u0131.","_seopress_robots_index":"","_price":"","_stock":"","_tribe_ticket_header":"","_tribe_default_ticket_provider":"","_tribe_ticket_capacity":"0","_ticket_start_date":"","_ticket_end_date":"","_tribe_ticket_show_description":"","_tribe_ticket_show_not_going":false,"_tribe_ticket_use_global_stock":"","_tribe_ticket_global_stock_level":"","_global_stock_mode":"","_global_stock_cap":"","_tribe_rsvp_for_event":"","_tribe_ticket_going_count":"","_tribe_ticket_not_going_count":"","_tribe_tickets_list":"[]","_tribe_ticket_has_attendee_info_fields":false,"_EventAllDay":false,"_EventTimezone":"","_EventStartDate":"","_EventEndDate":"","_EventStartDateUTC":"","_EventEndDateUTC":"","_EventShowMap":false,"_EventShowMapLink":false,"_EventURL":"","_EventCost":"","_EventCostDescription":"","_EventCurrencySymbol":"","_EventCurrencyCode":"","_EventCurrencyPosition":"","_EventDateTimeSeparator":"","_EventTimeRangeSeparator":"","_EventOrganizerID":[],"_EventVenueID":[],"_OrganizerEmail":"","_OrganizerPhone":"","_OrganizerWebsite":"","_VenueAddress":"","_VenueCity":"","_VenueCountry":"","_VenueProvince":"","_VenueState":"","_VenueZip":"","_VenuePhone":"","_VenueURL":"","_VenueStateProvince":"","_VenueLat":"","_VenueLng":"","_VenueShowMap":false,"_VenueShowMapLink":false,"footnotes":"","_tec_slr_enabled":"","_tec_slr_layout":""},"class_list":["post-14073","page","type-page","status-publish","hentry"],"acf":[],"ticketed":false,"_links":{"self":[{"href":"https:\/\/aura-istanbul.com\/index.php\/wp-json\/wp\/v2\/pages\/14073","targetHints":{"allow":["GET"]}}],"collection":[{"href":"https:\/\/aura-istanbul.com\/index.php\/wp-json\/wp\/v2\/pages"}],"about":[{"href":"https:\/\/aura-istanbul.com\/index.php\/wp-json\/wp\/v2\/types\/page"}],"author":[{"embeddable":true,"href":"https:\/\/aura-istanbul.com\/index.php\/wp-json\/wp\/v2\/users\/10"}],"replies":[{"embeddable":true,"href":"https:\/\/aura-istanbul.com\/index.php\/wp-json\/wp\/v2\/comments?post=14073"}],"version-history":[{"count":6,"href":"https:\/\/aura-istanbul.com\/index.php\/wp-json\/wp\/v2\/pages\/14073\/revisions"}],"predecessor-version":[{"id":14745,"href":"https:\/\/aura-istanbul.com\/index.php\/wp-json\/wp\/v2\/pages\/14073\/revisions\/14745"}],"wp:attachment":[{"href":"https:\/\/aura-istanbul.com\/index.php\/wp-json\/wp\/v2\/media?parent=14073"}],"curies":[{"name":"wp","href":"https:\/\/api.w.org\/{rel}","templated":true}]}}