{"id":14089,"date":"2025-06-18T15:12:16","date_gmt":"2025-06-18T12:12:16","guid":{"rendered":"https:\/\/aura-istanbul.com\/?page_id=14089"},"modified":"2025-09-02T10:27:17","modified_gmt":"2025-09-02T07:27:17","slug":"aura-alumni-mubeccel-kaya","status":"publish","type":"page","link":"https:\/\/aura-istanbul.com\/index.php\/aura-alumni-mubeccel-kaya\/","title":{"rendered":"AURA Alumni: M\u00fcbeccel Kaya"},"content":{"rendered":"<div class=\"wpb-content-wrapper\"><p>[vc_section][vc_row][vc_column width=&#8221;1\/6&#8243;][vc_single_image image=&#8221;13762&#8243; img_size=&#8221;large&#8221; alignment=&#8221;center&#8221; css=&#8221;&#8221;][vc_empty_space][vc_column_text css=&#8221;&#8221;]<strong>M\u00fcbeccel Kaya<\/strong>[\/vc_column_text][vc_empty_space height=&#8221;16px&#8221;][vc_column_text css=&#8221;&#8221;]<span data-sheets-root=\"1\">\u0130\u00e7 Mimarl\u0131k ve \u00c7evre Tasar\u0131m\u0131<\/span><br \/>\n<span data-sheets-root=\"1\">Hacettepe \u00dcniversitesi<\/span><\/p>\n<p>G\u00fcz 2024<br \/>\nDan\u0131\u015fman: Asl\u0131han Demirta\u015f &#8211; Bilge Bal[\/vc_column_text][vc_empty_space][vc_row_inner][vc_column_inner width=&#8221;1\/4&#8243;][\/vc_column_inner][vc_column_inner width=&#8221;1\/4&#8243;][\/vc_column_inner][vc_column_inner width=&#8221;1\/4&#8243;][\/vc_column_inner][vc_column_inner width=&#8221;1\/4&#8243;][\/vc_column_inner][\/vc_row_inner][vc_icon icon_fontawesome=&#8221;fa fa-brands fa-linkedin&#8221; color=&#8221;chino&#8221; size=&#8221;xs&#8221; css=&#8221;&#8221; link=&#8221;url:https%3A%2F%2Fwww.linkedin.com%2Fin%2Fm%25C3%25BCbeccel-kaya-3aa38a209%2F&#8221;][\/vc_column][vc_column width=&#8221;2\/3&#8243;][vc_empty_space][vc_column_text css=&#8221;&#8221;]<\/p>\n<p data-pm-slice=\"1 1 []\"><b>S\u00fcren Mekanizmalar<\/b><\/p>\n<p>[\/vc_column_text][vc_empty_space][vc_column_text css=&#8221;&#8221;]<span style=\"font-weight: 400;\">Modernitenin h\u0131z, tahribat ve unutma pratiklerine kar\u015f\u0131 alternatif bir ar\u015fiv olu\u015fturma aray\u0131\u015f\u0131d\u0131r. Proje, pinhole ve camera obscura gibi analog g\u00f6r\u00fcnt\u00fcleme tekniklerini kullanarak, end\u00fcstriyel \u00fcretimin yaratt\u0131\u011f\u0131 k\u00fclt\u00fcrel amneziye diren\u00e7 g\u00f6stermeyi hedefler. At\u0131k teneke kutular\u0131ndan \u00fcretilen pinhole kameralarla \u0130stanbul\u2019un kamusal alanlar\u0131nda uzun pozlamalarla elde edilen g\u00f6r\u00fcnt\u00fcler, g\u00f6r\u00fcnmez hale gelen kentsel mek\u00e2nlara dair bir tan\u0131kl\u0131k sunar. Bu yava\u015f ve g\u00f6zlem odakl\u0131 \u00fcretim bi\u00e7imi, h\u0131zla t\u00fcketilen dijital imajlara kar\u015f\u0131 bir duraklama prati\u011fi olarak konumlan\u0131r.<\/span><\/p>\n<p><span style=\"font-weight: 400;\">Bu \u00fcretimi karanl\u0131k odada geli\u015ftirerek, s\u00fcreci mek\u00e2nsal bir deneyime d\u00f6n\u00fc\u015ft\u00fcr\u00fcr. Yerle\u015ftirme, camera obscura prensibine dayanan projeksiyon mekanizmas\u0131yla izleyiciyi s\u00fcrece dahil eder. Foto\u011fraflar, \u201cHareket Halindeki Kent\u201d, \u201c\u00c7eperdeki Kent\u201d ve \u201cKentsel Bo\u015fluklar\u201d gibi temalar etraf\u0131nda kentteki d\u00f6n\u00fc\u015f\u00fcm, s\u0131n\u0131rlar ve bo\u015fluklara dair izler sunar.<\/span><\/p>\n<p><span style=\"font-weight: 400;\">Proje, analog y\u00f6ntemlerle kentteki tahribat\u0131n izini s\u00fcrerken, izleyiciyi de durmaya, g\u00f6zlemlemeye ve tan\u0131kl\u0131k etmeye \u00e7a\u011f\u0131r\u0131r. Belle\u011fi yeniden yap\u0131land\u0131rmak, at\u0131klar\u0131 anlaml\u0131 ara\u00e7lara d\u00f6n\u00fc\u015ft\u00fcrmek ve d\u00fcnyan\u0131n zaman\u0131na m\u00fcdahil olmak gibi sorular etraf\u0131nda \u015fekillenen bu \u00e7al\u0131\u015fma, kentsel haf\u0131zay\u0131 korumaya y\u00f6nelik alternatif bir ar\u015fiv \u00f6nerisidir.<\/span>[\/vc_column_text][vc_empty_space][vc_gallery interval=&#8221;10&#8243; images=&#8221;14092,14093,14094,14097,14098&#8243; img_size=&#8221;full&#8221; css=&#8221;&#8221;][vc_empty_space][\/vc_column][vc_column width=&#8221;1\/6&#8243;][vc_single_image image=&#8221;14103&#8243; img_size=&#8221;FULL&#8221; alignment=&#8221;center&#8221; style=&#8221;vc_box_border&#8221; css=&#8221;&#8221;][vc_empty_space height=&#8221;16px&#8221;][vc_row_inner][vc_column_inner][vc_column_text][\/vc_column_text][vc_column_text][\/vc_column_text][\/vc_column_inner][\/vc_row_inner][vc_row_inner][vc_column_inner width=&#8221;2\/3&#8243;][\/vc_column_inner][vc_column_inner width=&#8221;1\/3&#8243;][\/vc_column_inner][\/vc_row_inner][\/vc_column][\/vc_row][\/vc_section]<\/p>\n<\/div>","protected":false},"excerpt":{"rendered":"<p>[vc_section][vc_row][vc_column width=&#8221;1\/6&#8243;][vc_single_image image=&#8221;13762&#8243; img_size=&#8221;large&#8221; alignment=&#8221;center&#8221; css=&#8221;&#8221;][vc_empty_space][vc_column_text css=&#8221;&#8221;]M\u00fcbeccel Kaya[\/vc_column_text][vc_empty_space height=&#8221;16px&#8221;][vc_column_text css=&#8221;&#8221;]\u0130\u00e7 Mimarl\u0131k ve \u00c7evre Tasar\u0131m\u0131 Hacettepe \u00dcniversitesi G\u00fcz 2024 Dan\u0131\u015fman: Asl\u0131han Demirta\u015f &#8211; Bilge Bal[\/vc_column_text][vc_empty_space][vc_row_inner][vc_column_inner width=&#8221;1\/4&#8243;][\/vc_column_inner][vc_column_inner width=&#8221;1\/4&#8243;][\/vc_column_inner][vc_column_inner width=&#8221;1\/4&#8243;][\/vc_column_inner][vc_column_inner width=&#8221;1\/4&#8243;][\/vc_column_inner][\/vc_row_inner][vc_icon icon_fontawesome=&#8221;fa fa-brands [&hellip;]<\/p>\n","protected":false},"author":10,"featured_media":0,"parent":0,"menu_order":0,"comment_status":"closed","ping_status":"closed","template":"","meta":{"_acf_changed":false,"_seopress_robots_primary_cat":"","_seopress_titles_title":"AURA Alumni: M\u00fcbeccel Kaya","_seopress_titles_desc":"2024 G\u00fcz Do\u0308nemi\u2019nde \u201cAras\u0327t\u0131rma Tabanl\u0131 Tasar\u0131m Stu\u0308dyosu\u201dnda, kat\u0131l\u0131mc\u0131lar\u0131m\u0131z, Asl\u0131han Demirta\u015f ve Bilge Bal y\u00fcr\u00fct\u00fcc\u00fcl\u00fc\u011f\u00fcndeki st\u00fcdyoda D\u00fcnya yanarken temas\u0131na odakland\u0131.","_seopress_robots_index":"","_price":"","_stock":"","_tribe_ticket_header":"","_tribe_default_ticket_provider":"","_tribe_ticket_capacity":"0","_ticket_start_date":"","_ticket_end_date":"","_tribe_ticket_show_description":"","_tribe_ticket_show_not_going":false,"_tribe_ticket_use_global_stock":"","_tribe_ticket_global_stock_level":"","_global_stock_mode":"","_global_stock_cap":"","_tribe_rsvp_for_event":"","_tribe_ticket_going_count":"","_tribe_ticket_not_going_count":"","_tribe_tickets_list":"[]","_tribe_ticket_has_attendee_info_fields":false,"_EventAllDay":false,"_EventTimezone":"","_EventStartDate":"","_EventEndDate":"","_EventStartDateUTC":"","_EventEndDateUTC":"","_EventShowMap":false,"_EventShowMapLink":false,"_EventURL":"","_EventCost":"","_EventCostDescription":"","_EventCurrencySymbol":"","_EventCurrencyCode":"","_EventCurrencyPosition":"","_EventDateTimeSeparator":"","_EventTimeRangeSeparator":"","_EventOrganizerID":[],"_EventVenueID":[],"_OrganizerEmail":"","_OrganizerPhone":"","_OrganizerWebsite":"","_VenueAddress":"","_VenueCity":"","_VenueCountry":"","_VenueProvince":"","_VenueState":"","_VenueZip":"","_VenuePhone":"","_VenueURL":"","_VenueStateProvince":"","_VenueLat":"","_VenueLng":"","_VenueShowMap":false,"_VenueShowMapLink":false,"footnotes":"","_tec_slr_enabled":"","_tec_slr_layout":""},"class_list":["post-14089","page","type-page","status-publish","hentry"],"acf":[],"ticketed":false,"_links":{"self":[{"href":"https:\/\/aura-istanbul.com\/index.php\/wp-json\/wp\/v2\/pages\/14089","targetHints":{"allow":["GET"]}}],"collection":[{"href":"https:\/\/aura-istanbul.com\/index.php\/wp-json\/wp\/v2\/pages"}],"about":[{"href":"https:\/\/aura-istanbul.com\/index.php\/wp-json\/wp\/v2\/types\/page"}],"author":[{"embeddable":true,"href":"https:\/\/aura-istanbul.com\/index.php\/wp-json\/wp\/v2\/users\/10"}],"replies":[{"embeddable":true,"href":"https:\/\/aura-istanbul.com\/index.php\/wp-json\/wp\/v2\/comments?post=14089"}],"version-history":[{"count":6,"href":"https:\/\/aura-istanbul.com\/index.php\/wp-json\/wp\/v2\/pages\/14089\/revisions"}],"predecessor-version":[{"id":14756,"href":"https:\/\/aura-istanbul.com\/index.php\/wp-json\/wp\/v2\/pages\/14089\/revisions\/14756"}],"wp:attachment":[{"href":"https:\/\/aura-istanbul.com\/index.php\/wp-json\/wp\/v2\/media?parent=14089"}],"curies":[{"name":"wp","href":"https:\/\/api.w.org\/{rel}","templated":true}]}}