{"id":14258,"date":"2025-08-29T13:05:44","date_gmt":"2025-08-29T10:05:44","guid":{"rendered":"https:\/\/aura-istanbul.com\/?page_id=14258"},"modified":"2025-09-02T10:22:57","modified_gmt":"2025-09-02T07:22:57","slug":"aura-alumni-tan-nuhoglu","status":"publish","type":"page","link":"https:\/\/aura-istanbul.com\/index.php\/aura-alumni-tan-nuhoglu\/","title":{"rendered":"AURA Alumni: Tan Nuho\u011flu"},"content":{"rendered":"<div class=\"wpb-content-wrapper\"><p>[vc_section][vc_row][vc_column width=&#8221;1\/6&#8243;][vc_single_image image=&#8221;13764&#8243; img_size=&#8221;large&#8221; alignment=&#8221;center&#8221; css=&#8221;&#8221;][vc_empty_space][vc_column_text css=&#8221;&#8221;]<b>Tan Nuho\u011flu <\/b>[\/vc_column_text][vc_empty_space height=&#8221;16px&#8221;][vc_column_text css=&#8221;&#8221;]Mimar<br \/>\n<span data-sheets-root=\"1\">MEF \u00dcniversitesi<\/span><\/p>\n<p>G\u00fcz 2024<br \/>\nDan\u0131\u015fman: Asl\u0131han Demirta\u015f &#8211; Bilge Bal[\/vc_column_text][vc_empty_space][vc_row_inner][vc_column_inner width=&#8221;1\/4&#8243;][vc_icon icon_fontawesome=&#8221;fa fa-brands fa-linkedin&#8221; color=&#8221;chino&#8221; size=&#8221;xs&#8221; css=&#8221;&#8221; link=&#8221;url:https%3A%2F%2Fwww.linkedin.com%2Fin%2Ftan-nuho%25C4%259Flu-762620172%2F|target:_blank&#8221;][\/vc_column_inner][vc_column_inner width=&#8221;1\/4&#8243;][\/vc_column_inner][vc_column_inner width=&#8221;1\/4&#8243;][\/vc_column_inner][vc_column_inner width=&#8221;1\/4&#8243;][\/vc_column_inner][\/vc_row_inner][\/vc_column][vc_column width=&#8221;2\/3&#8243;][vc_empty_space][vc_column_text css=&#8221;&#8221;]<\/p>\n<p style=\"text-align: left;\"><b>rahats\u0131zedici.org <\/b><\/p>\n<p>[\/vc_column_text][vc_empty_space][vc_column_text css=&#8221;&#8221;]<b>rahats\u0131zedici.org<\/b><span style=\"font-weight: 400;\">, bireysel rahats\u0131zl\u0131k anlat\u0131lar\u0131n\u0131 kentle ili\u015fkilendirerek g\u00f6r\u00fcn\u00fcr k\u0131lmay\u0131 ama\u00e7layan ki\u015fisel bir anlat\u0131 ve ar\u015fiv projesidir. Proje, g\u00fcndelik hayat\u0131n i\u00e7inde kar\u015f\u0131la\u015f\u0131lan aksakl\u0131klar\u0131, m\u00fcdahale etme iste\u011fini ve bu tepkilerin kamusal alandaki yans\u0131malar\u0131n\u0131 inceleyerek, ki\u015fisel deneyimlerin toplumsal kar\u015f\u0131l\u0131klar\u0131n\u0131 ara\u015ft\u0131r\u0131r. AURA \u0130stanbul\u2019daki ara\u015ft\u0131rma s\u00fcrecinde \u015fekillenen rahats\u0131zedici.org, yaln\u0131zca ele\u015ftiri getirmek de\u011fil, ayn\u0131 zamanda diyalog ve \u00e7\u00f6z\u00fcm aray\u0131\u015f\u0131n\u0131 da oda\u011f\u0131na al\u0131r.<\/span><\/p>\n<p><span style=\"font-weight: 400;\">Proje kapsam\u0131nda \u00fcretilen i\u00e7erikler aras\u0131nda \u00e7izimler, yaz\u0131lar, videolar ve yap\u0131sal m\u00fcdahaleler yer al\u0131r. Kentteki fiziksel ya da sosyal d\u00fczensizliklere kar\u015f\u0131 geli\u015ftirilen bireysel ya da kolektif yan\u0131tlar, birer ar\u015fiv \u00f6\u011fesi olarak sunulur. Paris\u2019teki T.E.P. M\u00e9nilmontant\u2019ta g\u00f6zlemlenen g\u00fcvenlik kameralar\u0131 ve bariyerlerle \u00f6r\u00fclm\u00fc\u015f bir kamusal alan ile \u0130stanbul Karak\u00f6y\u2019de y\u0131llard\u0131r sokak mobilyalar\u0131 tasarlayan Cevdet Abi gibi \u00f6rnekler, bu ar\u015fivin temelini olu\u015fturur.<\/span><\/p>\n<p><span style=\"font-weight: 400;\">rahats\u0131zedici.org, kente y\u00f6nelik tepkilerin yaln\u0131zca birer \u015fik\u00e2yet de\u011fil, ayn\u0131 zamanda \u00fcretken m\u00fcdahalelere d\u00f6n\u00fc\u015febilece\u011fini savunur. Her bireyin g\u00fcndelik hayatta kar\u015f\u0131la\u015ft\u0131\u011f\u0131 sorunlara dair haf\u0131zas\u0131, bu proje arac\u0131l\u0131\u011f\u0131yla kamusal bir sorgulamaya d\u00f6n\u00fc\u015f\u00fcr. B\u00f6ylece proje, kent hakk\u0131, aidiyet, m\u00fcdahale ve diyalo\u011fun kesi\u015fti\u011fi bir zemin yaratmay\u0131 hedefler.<\/span>[\/vc_column_text][vc_empty_space][vc_gallery interval=&#8221;10&#8243; images=&#8221;14614,14615,14616,14617,14618&#8243; img_size=&#8221;full&#8221; css=&#8221;&#8221;][vc_empty_space][\/vc_column][vc_column width=&#8221;1\/6&#8243;][vc_single_image image=&#8221;14613&#8243; img_size=&#8221;FULL&#8221; alignment=&#8221;center&#8221; style=&#8221;vc_box_border&#8221; css=&#8221;&#8221;][vc_empty_space height=&#8221;16px&#8221;][vc_row_inner][vc_column_inner][vc_column_text][\/vc_column_text][vc_column_text][\/vc_column_text][\/vc_column_inner][\/vc_row_inner][vc_row_inner][vc_column_inner width=&#8221;2\/3&#8243;][\/vc_column_inner][vc_column_inner width=&#8221;1\/3&#8243;][\/vc_column_inner][\/vc_row_inner][\/vc_column][\/vc_row][\/vc_section]<\/p>\n<\/div>","protected":false},"excerpt":{"rendered":"<p>[vc_section][vc_row][vc_column width=&#8221;1\/6&#8243;][vc_single_image image=&#8221;13764&#8243; img_size=&#8221;large&#8221; alignment=&#8221;center&#8221; css=&#8221;&#8221;][vc_empty_space][vc_column_text css=&#8221;&#8221;]Tan Nuho\u011flu [\/vc_column_text][vc_empty_space height=&#8221;16px&#8221;][vc_column_text css=&#8221;&#8221;]Mimar MEF \u00dcniversitesi G\u00fcz 2024 Dan\u0131\u015fman: Asl\u0131han Demirta\u015f &#8211; Bilge Bal[\/vc_column_text][vc_empty_space][vc_row_inner][vc_column_inner width=&#8221;1\/4&#8243;][vc_icon icon_fontawesome=&#8221;fa fa-brands fa-linkedin&#8221; color=&#8221;chino&#8221; size=&#8221;xs&#8221; css=&#8221;&#8221; link=&#8221;url:https%3A%2F%2Fwww.linkedin.com%2Fin%2Ftan-nuho%25C4%259Flu-762620172%2F|target:_blank&#8221;][\/vc_column_inner][vc_column_inner width=&#8221;1\/4&#8243;][\/vc_column_inner][vc_column_inner [&hellip;]<\/p>\n","protected":false},"author":11,"featured_media":0,"parent":0,"menu_order":0,"comment_status":"closed","ping_status":"closed","template":"","meta":{"_acf_changed":false,"_seopress_robots_primary_cat":"","_seopress_titles_title":"AURA Alumni: Tan Nuho\u011flu","_seopress_titles_desc":"2024 G\u00fcz Do\u0308nemi\u2019nde Aras\u0327t\u0131rma Tabanl\u0131 Tasar\u0131m Stu\u0308dyosunda, kat\u0131l\u0131mc\u0131lar\u0131m\u0131z, Asl\u0131han Demirta\u015f ve Bilge Bal y\u00fcr\u00fct\u00fcc\u00fcl\u00fc\u011f\u00fcndeki st\u00fcdyoda D\u00fcnya yanarken temas\u0131na odakland\u0131.","_seopress_robots_index":"","_price":"","_stock":"","_tribe_ticket_header":"","_tribe_default_ticket_provider":"","_tribe_ticket_capacity":"0","_ticket_start_date":"","_ticket_end_date":"","_tribe_ticket_show_description":"","_tribe_ticket_show_not_going":false,"_tribe_ticket_use_global_stock":"","_tribe_ticket_global_stock_level":"","_global_stock_mode":"","_global_stock_cap":"","_tribe_rsvp_for_event":"","_tribe_ticket_going_count":"","_tribe_ticket_not_going_count":"","_tribe_tickets_list":"[]","_tribe_ticket_has_attendee_info_fields":false,"_EventAllDay":false,"_EventTimezone":"","_EventStartDate":"","_EventEndDate":"","_EventStartDateUTC":"","_EventEndDateUTC":"","_EventShowMap":false,"_EventShowMapLink":false,"_EventURL":"","_EventCost":"","_EventCostDescription":"","_EventCurrencySymbol":"","_EventCurrencyCode":"","_EventCurrencyPosition":"","_EventDateTimeSeparator":"","_EventTimeRangeSeparator":"","_EventOrganizerID":[],"_EventVenueID":[],"_OrganizerEmail":"","_OrganizerPhone":"","_OrganizerWebsite":"","_VenueAddress":"","_VenueCity":"","_VenueCountry":"","_VenueProvince":"","_VenueState":"","_VenueZip":"","_VenuePhone":"","_VenueURL":"","_VenueStateProvince":"","_VenueLat":"","_VenueLng":"","_VenueShowMap":false,"_VenueShowMapLink":false,"footnotes":"","_tec_slr_enabled":"","_tec_slr_layout":""},"class_list":["post-14258","page","type-page","status-publish","hentry"],"acf":[],"ticketed":false,"_links":{"self":[{"href":"https:\/\/aura-istanbul.com\/index.php\/wp-json\/wp\/v2\/pages\/14258","targetHints":{"allow":["GET"]}}],"collection":[{"href":"https:\/\/aura-istanbul.com\/index.php\/wp-json\/wp\/v2\/pages"}],"about":[{"href":"https:\/\/aura-istanbul.com\/index.php\/wp-json\/wp\/v2\/types\/page"}],"author":[{"embeddable":true,"href":"https:\/\/aura-istanbul.com\/index.php\/wp-json\/wp\/v2\/users\/11"}],"replies":[{"embeddable":true,"href":"https:\/\/aura-istanbul.com\/index.php\/wp-json\/wp\/v2\/comments?post=14258"}],"version-history":[{"count":6,"href":"https:\/\/aura-istanbul.com\/index.php\/wp-json\/wp\/v2\/pages\/14258\/revisions"}],"predecessor-version":[{"id":14751,"href":"https:\/\/aura-istanbul.com\/index.php\/wp-json\/wp\/v2\/pages\/14258\/revisions\/14751"}],"wp:attachment":[{"href":"https:\/\/aura-istanbul.com\/index.php\/wp-json\/wp\/v2\/media?parent=14258"}],"curies":[{"name":"wp","href":"https:\/\/api.w.org\/{rel}","templated":true}]}}