{"id":14269,"date":"2025-08-29T12:51:20","date_gmt":"2025-08-29T09:51:20","guid":{"rendered":"https:\/\/aura-istanbul.com\/?page_id=14269"},"modified":"2025-09-02T10:22:23","modified_gmt":"2025-09-02T07:22:23","slug":"aura-alumni-siir-ayoglu","status":"publish","type":"page","link":"https:\/\/aura-istanbul.com\/index.php\/aura-alumni-siir-ayoglu\/","title":{"rendered":"AURA Alumni: \u015eiir Ayo\u011flu"},"content":{"rendered":"<div class=\"wpb-content-wrapper\"><p>[vc_section][vc_row][vc_column width=&#8221;1\/6&#8243;][vc_single_image image=&#8221;13763&#8243; img_size=&#8221;large&#8221; alignment=&#8221;center&#8221; css=&#8221;&#8221;][vc_empty_space][vc_column_text css=&#8221;&#8221;]<b>\u015eiir Ayo\u011flu<\/b>[\/vc_column_text][vc_empty_space height=&#8221;16px&#8221;][vc_column_text css=&#8221;&#8221;]Mimar<br \/>\nYeditepe \u00dcniversitesi<\/p>\n<p>G\u00fcz 2024<br \/>\nDan\u0131\u015fman: Asl\u0131han Demirta\u015f &#8211; Bilge Bal[\/vc_column_text][vc_empty_space][vc_row_inner][vc_column_inner width=&#8221;1\/4&#8243;][vc_icon icon_fontawesome=&#8221;fa fa-brands fa-linkedin&#8221; color=&#8221;chino&#8221; size=&#8221;xs&#8221; css=&#8221;&#8221; link=&#8221;url:https%3A%2F%2Fwww.linkedin.com%2Fin%2F%25C5%259Fiir-ayo%25C4%259Flu-0a177a17a%2F|target:_blank&#8221;][\/vc_column_inner][vc_column_inner width=&#8221;1\/4&#8243;][\/vc_column_inner][vc_column_inner width=&#8221;1\/4&#8243;][\/vc_column_inner][vc_column_inner width=&#8221;1\/4&#8243;][\/vc_column_inner][\/vc_row_inner][\/vc_column][vc_column width=&#8221;2\/3&#8243;][vc_empty_space][vc_column_text css=&#8221;&#8221;]<\/p>\n<p style=\"text-align: left;\"><b>Fosforlu Cevriye\u2019nin \u0130zinde: Feminist Ekoloji ve \u0130stanbul\u2019un Kaybolan Peyzajlar\u0131nda bir Flan\u00f6z<\/b><\/p>\n<p>[\/vc_column_text][vc_empty_space][vc_column_text css=&#8221;&#8221;]<span style=\"font-weight: 400;\">Suat Dervi\u015f\u2019in Fosforlu Cevriye roman\u0131, \u0130stanbul\u2019un 1940\u2019lar\u0131ndaki marjinalle\u015fmi\u015f mek\u00e2nlarda ya\u015fayan Cevriye\u2019nin hikayesini anlat\u0131r. Cevriye, bir flan\u00f6z olarak kentin periferal b\u00f6lgelerinde \u00f6zg\u00fcrce dola\u015f\u0131r. Ancak onun bu ke\u015fif rotalar\u0131, yaln\u0131zca bireysel bir deneyim de\u011fil, ayn\u0131 zamanda \u0130stanbul\u2019un de\u011fi\u015fen kent belle\u011fini yans\u0131tan bir haritad\u0131r. Bu \u00e7al\u0131\u015fmada, Cevriye\u2019nin flan\u00f6zl\u00fc\u011f\u00fc ve \u0130stanbul\u2019un kaybolan peyzajlar\u0131 feminist ekoloji perspektifiyle ele al\u0131narak, Cevriye\u2019nin izledi\u011fi g\u00fczergahlar analiz edilir. \u00d6zellikle dutluk, mezarl\u0131k, bostan, hisar gibi tipolojiler, roman\u0131n yaz\u0131ld\u0131\u011f\u0131 d\u00f6nemde kentin marjinalle\u015fmi\u015f b\u00f6lgelerini temsil ederken, 1950\u2019lerden sonra yap\u0131la\u015fma ile erozyona u\u011fram\u0131\u015ft\u0131r. Bu d\u00f6n\u00fc\u015f\u00fcm, sadece fiziksel de\u011fil, ekolojik ve toplumsal anlamda da \u00f6nemli bir kay\u0131p yaratm\u0131\u015ft\u0131r. Cevriye\u2019nin hareket alanlar\u0131, do\u011fa ve kad\u0131n\u0131n tahakk\u00fcm alt\u0131na al\u0131nd\u0131\u011f\u0131 bir ekofeminist bak\u0131\u015f a\u00e7\u0131s\u0131yla de\u011ferlendirilerek, kentsel d\u00f6n\u00fc\u015f\u00fcm\u00fcn ve neoliberal politikalar\u0131n etkileri ortaya konur. Fosforlu Cevriye, \u0130stanbul\u2019un ge\u00e7mi\u015fini ve ekolojik d\u00f6n\u00fc\u015f\u00fcm\u00fcn\u00fc g\u00f6zler \u00f6n\u00fcne seren bir bellek haritas\u0131 i\u015flevi g\u00f6r\u00fcr.<\/span><span style=\"font-weight: 400;\"><br \/>\n<\/span>[\/vc_column_text][vc_empty_space][vc_gallery interval=&#8221;10&#8243; images=&#8221;14606,14607,14608,14609,14610&#8243; img_size=&#8221;full&#8221; css=&#8221;&#8221;][vc_empty_space][\/vc_column][vc_column width=&#8221;1\/6&#8243;][vc_single_image image=&#8221;14605&#8243; img_size=&#8221;FULL&#8221; alignment=&#8221;center&#8221; style=&#8221;vc_box_border&#8221; css=&#8221;&#8221;][vc_empty_space height=&#8221;16px&#8221;][vc_row_inner][vc_column_inner][vc_column_text][\/vc_column_text][vc_column_text][\/vc_column_text][\/vc_column_inner][\/vc_row_inner][vc_row_inner][vc_column_inner width=&#8221;2\/3&#8243;][\/vc_column_inner][vc_column_inner width=&#8221;1\/3&#8243;][\/vc_column_inner][\/vc_row_inner][\/vc_column][\/vc_row][\/vc_section]<\/p>\n<\/div>","protected":false},"excerpt":{"rendered":"<p>[vc_section][vc_row][vc_column width=&#8221;1\/6&#8243;][vc_single_image image=&#8221;13763&#8243; img_size=&#8221;large&#8221; alignment=&#8221;center&#8221; css=&#8221;&#8221;][vc_empty_space][vc_column_text css=&#8221;&#8221;]\u015eiir Ayo\u011flu[\/vc_column_text][vc_empty_space height=&#8221;16px&#8221;][vc_column_text css=&#8221;&#8221;]Mimar Yeditepe \u00dcniversitesi G\u00fcz 2024 Dan\u0131\u015fman: Asl\u0131han Demirta\u015f &#8211; Bilge Bal[\/vc_column_text][vc_empty_space][vc_row_inner][vc_column_inner width=&#8221;1\/4&#8243;][vc_icon icon_fontawesome=&#8221;fa fa-brands fa-linkedin&#8221; color=&#8221;chino&#8221; size=&#8221;xs&#8221; css=&#8221;&#8221; link=&#8221;url:https%3A%2F%2Fwww.linkedin.com%2Fin%2F%25C5%259Fiir-ayo%25C4%259Flu-0a177a17a%2F|target:_blank&#8221;][\/vc_column_inner][vc_column_inner width=&#8221;1\/4&#8243;][\/vc_column_inner][vc_column_inner width=&#8221;1\/4&#8243;][\/vc_column_inner][vc_column_inner [&hellip;]<\/p>\n","protected":false},"author":11,"featured_media":0,"parent":0,"menu_order":0,"comment_status":"closed","ping_status":"closed","template":"","meta":{"_acf_changed":false,"_seopress_robots_primary_cat":"","_seopress_titles_title":"AURA Alumni: \u015eiir Ayo\u011flu","_seopress_titles_desc":"2024 G\u00fcz Do\u0308nemi\u2019nde Aras\u0327t\u0131rma Tabanl\u0131 Tasar\u0131m Stu\u0308dyosunda, kat\u0131l\u0131mc\u0131lar\u0131m\u0131z, Asl\u0131han Demirta\u015f ve Bilge Bal y\u00fcr\u00fct\u00fcc\u00fcl\u00fc\u011f\u00fcndeki st\u00fcdyoda D\u00fcnya yanarken temas\u0131na odakland\u0131.","_seopress_robots_index":"","_price":"","_stock":"","_tribe_ticket_header":"","_tribe_default_ticket_provider":"","_tribe_ticket_capacity":"0","_ticket_start_date":"","_ticket_end_date":"","_tribe_ticket_show_description":"","_tribe_ticket_show_not_going":false,"_tribe_ticket_use_global_stock":"","_tribe_ticket_global_stock_level":"","_global_stock_mode":"","_global_stock_cap":"","_tribe_rsvp_for_event":"","_tribe_ticket_going_count":"","_tribe_ticket_not_going_count":"","_tribe_tickets_list":"[]","_tribe_ticket_has_attendee_info_fields":false,"_EventAllDay":false,"_EventTimezone":"","_EventStartDate":"","_EventEndDate":"","_EventStartDateUTC":"","_EventEndDateUTC":"","_EventShowMap":false,"_EventShowMapLink":false,"_EventURL":"","_EventCost":"","_EventCostDescription":"","_EventCurrencySymbol":"","_EventCurrencyCode":"","_EventCurrencyPosition":"","_EventDateTimeSeparator":"","_EventTimeRangeSeparator":"","_EventOrganizerID":[],"_EventVenueID":[],"_OrganizerEmail":"","_OrganizerPhone":"","_OrganizerWebsite":"","_VenueAddress":"","_VenueCity":"","_VenueCountry":"","_VenueProvince":"","_VenueState":"","_VenueZip":"","_VenuePhone":"","_VenueURL":"","_VenueStateProvince":"","_VenueLat":"","_VenueLng":"","_VenueShowMap":false,"_VenueShowMapLink":false,"footnotes":"","_tec_slr_enabled":"","_tec_slr_layout":""},"class_list":["post-14269","page","type-page","status-publish","hentry"],"acf":[],"ticketed":false,"_links":{"self":[{"href":"https:\/\/aura-istanbul.com\/index.php\/wp-json\/wp\/v2\/pages\/14269","targetHints":{"allow":["GET"]}}],"collection":[{"href":"https:\/\/aura-istanbul.com\/index.php\/wp-json\/wp\/v2\/pages"}],"about":[{"href":"https:\/\/aura-istanbul.com\/index.php\/wp-json\/wp\/v2\/types\/page"}],"author":[{"embeddable":true,"href":"https:\/\/aura-istanbul.com\/index.php\/wp-json\/wp\/v2\/users\/11"}],"replies":[{"embeddable":true,"href":"https:\/\/aura-istanbul.com\/index.php\/wp-json\/wp\/v2\/comments?post=14269"}],"version-history":[{"count":5,"href":"https:\/\/aura-istanbul.com\/index.php\/wp-json\/wp\/v2\/pages\/14269\/revisions"}],"predecessor-version":[{"id":14750,"href":"https:\/\/aura-istanbul.com\/index.php\/wp-json\/wp\/v2\/pages\/14269\/revisions\/14750"}],"wp:attachment":[{"href":"https:\/\/aura-istanbul.com\/index.php\/wp-json\/wp\/v2\/media?parent=14269"}],"curies":[{"name":"wp","href":"https:\/\/api.w.org\/{rel}","templated":true}]}}