{"id":14273,"date":"2025-08-29T13:45:04","date_gmt":"2025-08-29T10:45:04","guid":{"rendered":"https:\/\/aura-istanbul.com\/?page_id=14273"},"modified":"2025-09-02T10:23:41","modified_gmt":"2025-09-02T07:23:41","slug":"aura-alumni-zehra-genc","status":"publish","type":"page","link":"https:\/\/aura-istanbul.com\/index.php\/aura-alumni-zehra-genc\/","title":{"rendered":"AURA Alumni: Zehra Gen\u00e7"},"content":{"rendered":"<div class=\"wpb-content-wrapper\"><p>[vc_section][vc_row][vc_column width=&#8221;1\/6&#8243;][vc_single_image image=&#8221;13644&#8243; img_size=&#8221;large&#8221; alignment=&#8221;center&#8221; css=&#8221;&#8221;][vc_empty_space][vc_column_text css=&#8221;&#8221;]<b>Zehra Gen\u00e7<\/b>[\/vc_column_text][vc_empty_space height=&#8221;16px&#8221;][vc_column_text css=&#8221;&#8221;]\u0130\u00e7 Mimar<br \/>\nDo\u011fu\u015f \u00dcniversitesi<\/p>\n<p>G\u00fcz 2024<br \/>\nDan\u0131\u015fman: Asl\u0131han Demirta\u015f &#8211; Bilge Bal[\/vc_column_text][vc_empty_space][vc_row_inner][vc_column_inner width=&#8221;1\/4&#8243;][vc_icon icon_fontawesome=&#8221;fa fa-brands fa-linkedin&#8221; color=&#8221;chino&#8221; size=&#8221;xs&#8221; css=&#8221;&#8221; link=&#8221;url:https%3A%2F%2Fwww.linkedin.com%2Fin%2Fzehra-genc-91ab5a200%2F|target:_blank&#8221;][\/vc_column_inner][vc_column_inner width=&#8221;1\/4&#8243;][\/vc_column_inner][vc_column_inner width=&#8221;1\/4&#8243;][\/vc_column_inner][vc_column_inner width=&#8221;1\/4&#8243;][\/vc_column_inner][\/vc_row_inner][\/vc_column][vc_column width=&#8221;2\/3&#8243;][vc_empty_space][vc_column_text css=&#8221;&#8221;]<\/p>\n<p style=\"text-align: left;\"><b>Kamusal Hackler : Kabata\u015f Oyunlar\u0131<\/b><\/p>\n<p>[\/vc_column_text][vc_empty_space][vc_column_text css=&#8221;&#8221;]<span style=\"font-weight: 400;\">Bu proje, kentsel mek\u00e2nlar\u0131n d\u00f6n\u00fc\u015f\u00fcm\u00fcn\u00fc oyun kavram\u0131 \u00fczerinden sorgulayan ele\u015ftirel bir \u00e7er\u00e7eve sunar. \u201cD\u00fcnya yan\u0131yor mu?\u201d sorusundan hareketle, \u00f6zne ve nesne ili\u015fkisi tart\u0131\u015fmaya a\u00e7\u0131l\u0131r; \u00f6zne olarak kentteki e\u015fitsizlikler ve tasar\u0131m\u0131n politik boyutu, nesne olarak ise bu d\u00f6n\u00fc\u015f\u00fcmden etkilenen bireyler ele al\u0131n\u0131r. \u0130stanbul\u2019da \u00f6zellikle ula\u015f\u0131m projeleriyle h\u0131zlanan kentsel d\u00f6n\u00fc\u015f\u00fcm, bireyleri fark\u0131nda olmadan bir oyunun par\u00e7as\u0131 h\u00e2line getirmektedir. Johan Huizinga\u2019n\u0131n &#8220;Homo Ludens&#8221; eserinde tan\u0131mlad\u0131\u011f\u0131 gibi oyun, \u00f6zg\u00fcrce \u00fcstlenilen bir faaliyet olup, \u015fehir mek\u00e2nlar\u0131 da bu oyunla \u015fekillenmektedir. Michel de Certeau, Henri Lefebvre, Kevin Lynch ve Jane Jacobs gibi kuramc\u0131lar\u0131n yakla\u015f\u0131mlar\u0131 do\u011frultusunda kent; deneyim, etkile\u015fim ve d\u00f6n\u00fc\u015f\u00fcm alan\u0131 olarak ele al\u0131n\u0131r. Bu ba\u011flamda oyun, s\u0131radan mek\u00e2nlar\u0131 ke\u015fif alanlar\u0131na d\u00f6n\u00fc\u015ft\u00fcrerek kullan\u0131c\u0131 deneyimini zenginle\u015ftirir. Kabata\u015f \u0130skelesi \u00f6rne\u011fiyle tarihsel s\u00fcre\u00e7te deniz ula\u015f\u0131m\u0131, kent planlamas\u0131 ve kamusal haf\u0131za aras\u0131ndaki ili\u015fkiler analiz edilir. 19. y\u00fczy\u0131ldan g\u00fcn\u00fcm\u00fcze Kabata\u015f\u2019\u0131n d\u00f6n\u00fc\u015f\u00fcm\u00fc, \u0130stanbul\u2019daki ula\u015f\u0131m politikalar\u0131n\u0131n izlerini ta\u015f\u0131r. Proje, bu d\u00f6n\u00fc\u015f\u00fcmde bireylerin nas\u0131l etkilendi\u011fini ve kentsel mek\u00e2nda nas\u0131l birer oyuncu h\u00e2line geldiklerini kamusal hackler arac\u0131l\u0131\u011f\u0131yla g\u00f6r\u00fcn\u00fcr k\u0131lmay\u0131 ama\u00e7lar. B\u00f6ylece kent hakk\u0131, bireysel kat\u0131l\u0131m ve tasar\u0131m\u0131n politik do\u011fas\u0131 \u00fczerine yeni bir d\u00fc\u015f\u00fcnme alan\u0131 a\u00e7ar.<\/span>[\/vc_column_text][vc_empty_space][vc_gallery interval=&#8221;10&#8243; images=&#8221;14622,14623,14624,14625,14626&#8243; img_size=&#8221;full&#8221; css=&#8221;&#8221;][vc_empty_space][\/vc_column][vc_column width=&#8221;1\/6&#8243;][vc_single_image image=&#8221;14621&#8243; img_size=&#8221;FULL&#8221; alignment=&#8221;center&#8221; style=&#8221;vc_box_border&#8221; css=&#8221;&#8221;][vc_empty_space height=&#8221;16px&#8221;][vc_row_inner][vc_column_inner][vc_column_text][\/vc_column_text][vc_column_text][\/vc_column_text][\/vc_column_inner][\/vc_row_inner][vc_row_inner][vc_column_inner width=&#8221;2\/3&#8243;][\/vc_column_inner][vc_column_inner width=&#8221;1\/3&#8243;][\/vc_column_inner][\/vc_row_inner][\/vc_column][\/vc_row][\/vc_section]<\/p>\n<\/div>","protected":false},"excerpt":{"rendered":"<p>[vc_section][vc_row][vc_column width=&#8221;1\/6&#8243;][vc_single_image image=&#8221;13644&#8243; img_size=&#8221;large&#8221; alignment=&#8221;center&#8221; css=&#8221;&#8221;][vc_empty_space][vc_column_text css=&#8221;&#8221;]Zehra Gen\u00e7[\/vc_column_text][vc_empty_space height=&#8221;16px&#8221;][vc_column_text css=&#8221;&#8221;]\u0130\u00e7 Mimar Do\u011fu\u015f \u00dcniversitesi G\u00fcz 2024 Dan\u0131\u015fman: Asl\u0131han Demirta\u015f &#8211; Bilge Bal[\/vc_column_text][vc_empty_space][vc_row_inner][vc_column_inner width=&#8221;1\/4&#8243;][vc_icon icon_fontawesome=&#8221;fa fa-brands fa-linkedin&#8221; color=&#8221;chino&#8221; size=&#8221;xs&#8221; css=&#8221;&#8221; link=&#8221;url:https%3A%2F%2Fwww.linkedin.com%2Fin%2Fzehra-genc-91ab5a200%2F|target:_blank&#8221;][\/vc_column_inner][vc_column_inner width=&#8221;1\/4&#8243;][\/vc_column_inner][vc_column_inner [&hellip;]<\/p>\n","protected":false},"author":11,"featured_media":0,"parent":0,"menu_order":0,"comment_status":"closed","ping_status":"closed","template":"","meta":{"_acf_changed":false,"_seopress_robots_primary_cat":"","_seopress_titles_title":"AURA Alumni: Zehra Gen\u00e7","_seopress_titles_desc":"2024 G\u00fcz Do\u0308nemi\u2019nde Aras\u0327t\u0131rma Tabanl\u0131 Tasar\u0131m Stu\u0308dyosunda, kat\u0131l\u0131mc\u0131lar\u0131m\u0131z, Asl\u0131han Demirta\u015f ve Bilge Bal y\u00fcr\u00fct\u00fcc\u00fcl\u00fc\u011f\u00fcndeki st\u00fcdyoda D\u00fcnya yanarken temas\u0131na odakland\u0131.","_seopress_robots_index":"","_price":"","_stock":"","_tribe_ticket_header":"","_tribe_default_ticket_provider":"","_tribe_ticket_capacity":"0","_ticket_start_date":"","_ticket_end_date":"","_tribe_ticket_show_description":"","_tribe_ticket_show_not_going":false,"_tribe_ticket_use_global_stock":"","_tribe_ticket_global_stock_level":"","_global_stock_mode":"","_global_stock_cap":"","_tribe_rsvp_for_event":"","_tribe_ticket_going_count":"","_tribe_ticket_not_going_count":"","_tribe_tickets_list":"[]","_tribe_ticket_has_attendee_info_fields":false,"_EventAllDay":false,"_EventTimezone":"","_EventStartDate":"","_EventEndDate":"","_EventStartDateUTC":"","_EventEndDateUTC":"","_EventShowMap":false,"_EventShowMapLink":false,"_EventURL":"","_EventCost":"","_EventCostDescription":"","_EventCurrencySymbol":"","_EventCurrencyCode":"","_EventCurrencyPosition":"","_EventDateTimeSeparator":"","_EventTimeRangeSeparator":"","_EventOrganizerID":[],"_EventVenueID":[],"_OrganizerEmail":"","_OrganizerPhone":"","_OrganizerWebsite":"","_VenueAddress":"","_VenueCity":"","_VenueCountry":"","_VenueProvince":"","_VenueState":"","_VenueZip":"","_VenuePhone":"","_VenueURL":"","_VenueStateProvince":"","_VenueLat":"","_VenueLng":"","_VenueShowMap":false,"_VenueShowMapLink":false,"footnotes":"","_tec_slr_enabled":"","_tec_slr_layout":""},"class_list":["post-14273","page","type-page","status-publish","hentry"],"acf":[],"ticketed":false,"_links":{"self":[{"href":"https:\/\/aura-istanbul.com\/index.php\/wp-json\/wp\/v2\/pages\/14273","targetHints":{"allow":["GET"]}}],"collection":[{"href":"https:\/\/aura-istanbul.com\/index.php\/wp-json\/wp\/v2\/pages"}],"about":[{"href":"https:\/\/aura-istanbul.com\/index.php\/wp-json\/wp\/v2\/types\/page"}],"author":[{"embeddable":true,"href":"https:\/\/aura-istanbul.com\/index.php\/wp-json\/wp\/v2\/users\/11"}],"replies":[{"embeddable":true,"href":"https:\/\/aura-istanbul.com\/index.php\/wp-json\/wp\/v2\/comments?post=14273"}],"version-history":[{"count":5,"href":"https:\/\/aura-istanbul.com\/index.php\/wp-json\/wp\/v2\/pages\/14273\/revisions"}],"predecessor-version":[{"id":14752,"href":"https:\/\/aura-istanbul.com\/index.php\/wp-json\/wp\/v2\/pages\/14273\/revisions\/14752"}],"wp:attachment":[{"href":"https:\/\/aura-istanbul.com\/index.php\/wp-json\/wp\/v2\/media?parent=14273"}],"curies":[{"name":"wp","href":"https:\/\/api.w.org\/{rel}","templated":true}]}}