{"id":14765,"date":"2025-09-02T10:45:33","date_gmt":"2025-09-02T07:45:33","guid":{"rendered":"https:\/\/aura-istanbul.com\/?page_id=14765"},"modified":"2025-09-02T10:45:33","modified_gmt":"2025-09-02T07:45:33","slug":"aura-alumni-azize-azra-algan-2","status":"publish","type":"page","link":"https:\/\/aura-istanbul.com\/index.php\/aura-alumni-azize-azra-algan-2\/","title":{"rendered":"AURA Alumni: Azize Azra Algan"},"content":{"rendered":"<div class=\"wpb-content-wrapper\"><p>[vc_section][vc_row][vc_column width=&#8221;1\/6&#8243;][vc_single_image image=&#8221;13630&#8243; img_size=&#8221;large&#8221; alignment=&#8221;center&#8221; css=&#8221;&#8221;][vc_empty_space][vc_column_text css=&#8221;&#8221;]<strong>Azize Azra Algan<\/strong>[\/vc_column_text][vc_empty_space height=&#8221;16px&#8221;][vc_column_text css=&#8221;&#8221;]<span data-sheets-root=\"1\">Mimarl\u0131k<br \/>\n\u0130stanbul Bilgi \u00dcniversitesi<br \/>\n<\/span><\/p>\n<p>G\u00fcz 2024<br \/>\nDan\u0131\u015fman: Asl\u0131han Demirta\u015f &#8211; Bilge Bal[\/vc_column_text][vc_empty_space][vc_row_inner][vc_column_inner width=&#8221;1\/4&#8243;][\/vc_column_inner][vc_column_inner width=&#8221;1\/4&#8243;][vc_icon icon_fontawesome=&#8221;fa fa-brands fa-linkedin&#8221; color=&#8221;chino&#8221; size=&#8221;xs&#8221; css=&#8221;&#8221; link=&#8221;url:https%3A%2F%2Fwww.linkedin.com%2Fin%2Fazize-azra-algan-7a9488336%2F&#8221;][\/vc_column_inner][vc_column_inner width=&#8221;1\/4&#8243;][\/vc_column_inner][vc_column_inner width=&#8221;1\/4&#8243;][\/vc_column_inner][\/vc_row_inner][\/vc_column][vc_column width=&#8221;2\/3&#8243;][vc_empty_space][vc_column_text css=&#8221;&#8221;]<\/p>\n<p style=\"text-align: left;\"><strong>Fikirtepe: Bir Gecekondu Mahallesini Mikroiklim Adas\u0131na D\u00f6n\u00fc\u015ft\u00fcrmek<\/strong><\/p>\n<p>[\/vc_column_text][vc_empty_space][vc_column_text css=&#8221;&#8221;]Bu proje, \u0130stanbul\u2019un h\u0131zl\u0131 d\u00f6n\u00fc\u015fen mahallelerinden Fikirtepe\u2019de, kentsel d\u00f6n\u00fc\u015f\u00fcm\u00fcn sebep oldu\u011fu sosyal ve \u00e7evresel kay\u0131plara alternatif bir model sunmay\u0131 ama\u00e7lamaktad\u0131r. Ara\u015ft\u0131rma s\u00fcrecinde, b\u00f6lgenin tarihsel katmanlar\u0131, sosyok\u00fclt\u00fcrel yap\u0131s\u0131 ve ekolojik potansiyeli incelenmi\u015ftir. Alan \u00e7al\u0131\u015fmalar\u0131, mahalle sakinleriyle yap\u0131lan g\u00f6r\u00fc\u015fmeler ve ar\u015fiv taramalar\u0131 sayesinde, Fikirtepe\u2019nin ge\u00e7mi\u015ften g\u00fcn\u00fcm\u00fcze ge\u00e7irdi\u011fi d\u00f6n\u00fc\u015f\u00fcm ve mevcut sorunlar\u0131 analiz edilmi\u015ftir.<\/p>\n<p>Elde edilen veriler do\u011frultusunda geli\u015ftirilen tasar\u0131m, mahalle k\u00fclt\u00fcr\u00fcn\u00fc ve sosyal ba\u011flar\u0131 koruyan, ayn\u0131 zamanda mikroiklim adaptasyonu sa\u011flayan bir konut modeli \u00f6nermektedir. Prototip, d\u00fc\u015f\u00fck katl\u0131, mod\u00fcler yap\u0131lar, ge\u00e7irgen y\u00fczeyler, bitkisel g\u00f6lgeleme ve \u00e7at\u0131 tar\u0131m\u0131 gibi s\u00fcrd\u00fcr\u00fclebilir \u00e7\u00f6z\u00fcmler i\u00e7erir. B\u00f6ylece hem b\u00f6lgenin termal konforu art\u0131r\u0131l\u0131r hem de mahalle \u00f6l\u00e7e\u011finde kolektif bir ya\u015fam alan\u0131 yarat\u0131larak sosyal s\u00fcrd\u00fcr\u00fclebilirlik desteklenir. Bu model, gelecekte benzer d\u00f6n\u00fc\u015f\u00fcm s\u00fcre\u00e7leri i\u00e7in alternatif bir yakla\u015f\u0131m sunmay\u0131 hedeflemektedir.[\/vc_column_text][vc_empty_space][vc_gallery interval=&#8221;10&#8243; images=&#8221;14357,14358,14359,14360,14361&#8243; img_size=&#8221;full&#8221; css=&#8221;&#8221;][vc_empty_space][\/vc_column][vc_column width=&#8221;1\/6&#8243;][vc_single_image image=&#8221;13793&#8243; img_size=&#8221;FULL&#8221; alignment=&#8221;center&#8221; style=&#8221;vc_box_border&#8221; css=&#8221;&#8221;][vc_empty_space height=&#8221;16px&#8221;][vc_row_inner][vc_column_inner][vc_column_text][\/vc_column_text][vc_column_text][\/vc_column_text][\/vc_column_inner][\/vc_row_inner][vc_row_inner][vc_column_inner width=&#8221;2\/3&#8243;][\/vc_column_inner][vc_column_inner width=&#8221;1\/3&#8243;][\/vc_column_inner][\/vc_row_inner][\/vc_column][\/vc_row][\/vc_section]<\/p>\n<\/div>","protected":false},"excerpt":{"rendered":"<p>[vc_section][vc_row][vc_column width=&#8221;1\/6&#8243;][vc_single_image image=&#8221;13630&#8243; img_size=&#8221;large&#8221; alignment=&#8221;center&#8221; css=&#8221;&#8221;][vc_empty_space][vc_column_text css=&#8221;&#8221;]Azize Azra Algan[\/vc_column_text][vc_empty_space height=&#8221;16px&#8221;][vc_column_text css=&#8221;&#8221;]Mimarl\u0131k \u0130stanbul Bilgi \u00dcniversitesi G\u00fcz 2024 Dan\u0131\u015fman: Asl\u0131han Demirta\u015f &#8211; Bilge Bal[\/vc_column_text][vc_empty_space][vc_row_inner][vc_column_inner width=&#8221;1\/4&#8243;][\/vc_column_inner][vc_column_inner width=&#8221;1\/4&#8243;][vc_icon icon_fontawesome=&#8221;fa fa-brands fa-linkedin&#8221; color=&#8221;chino&#8221; size=&#8221;xs&#8221; css=&#8221;&#8221; [&hellip;]<\/p>\n","protected":false},"author":11,"featured_media":0,"parent":0,"menu_order":0,"comment_status":"closed","ping_status":"closed","template":"","meta":{"_acf_changed":false,"_seopress_robots_primary_cat":"","_seopress_titles_title":"AURA Alumni: Azize Azra Algan","_seopress_titles_desc":"2024 G\u00fcz Do\u0308nemi\u2019nde \u201cAras\u0327t\u0131rma Tabanl\u0131 Tasar\u0131m Stu\u0308dyosu\u201dnda, kat\u0131l\u0131mc\u0131lar\u0131m\u0131z, Asl\u0131han Demirta\u015f ve Bilge Bal y\u00fcr\u00fct\u00fcc\u00fcl\u00fc\u011f\u00fcndeki st\u00fcdyoda D\u00fcnya yanarken temas\u0131na odakland\u0131.","_seopress_robots_index":"","_price":"","_stock":"","_tribe_ticket_header":"","_tribe_default_ticket_provider":"","_tribe_ticket_capacity":"0","_ticket_start_date":"","_ticket_end_date":"","_tribe_ticket_show_description":"","_tribe_ticket_show_not_going":false,"_tribe_ticket_use_global_stock":"","_tribe_ticket_global_stock_level":"","_global_stock_mode":"","_global_stock_cap":"","_tribe_rsvp_for_event":"","_tribe_ticket_going_count":"","_tribe_ticket_not_going_count":"","_tribe_tickets_list":"[]","_tribe_ticket_has_attendee_info_fields":false,"_EventAllDay":false,"_EventTimezone":"","_EventStartDate":"","_EventEndDate":"","_EventStartDateUTC":"","_EventEndDateUTC":"","_EventShowMap":false,"_EventShowMapLink":false,"_EventURL":"","_EventCost":"","_EventCostDescription":"","_EventCurrencySymbol":"","_EventCurrencyCode":"","_EventCurrencyPosition":"","_EventDateTimeSeparator":"","_EventTimeRangeSeparator":"","_EventOrganizerID":[],"_EventVenueID":[],"_OrganizerEmail":"","_OrganizerPhone":"","_OrganizerWebsite":"","_VenueAddress":"","_VenueCity":"","_VenueCountry":"","_VenueProvince":"","_VenueState":"","_VenueZip":"","_VenuePhone":"","_VenueURL":"","_VenueStateProvince":"","_VenueLat":"","_VenueLng":"","_VenueShowMap":false,"_VenueShowMapLink":false,"footnotes":"","_tec_slr_enabled":"","_tec_slr_layout":""},"class_list":["post-14765","page","type-page","status-publish","hentry"],"acf":[],"ticketed":false,"_links":{"self":[{"href":"https:\/\/aura-istanbul.com\/index.php\/wp-json\/wp\/v2\/pages\/14765","targetHints":{"allow":["GET"]}}],"collection":[{"href":"https:\/\/aura-istanbul.com\/index.php\/wp-json\/wp\/v2\/pages"}],"about":[{"href":"https:\/\/aura-istanbul.com\/index.php\/wp-json\/wp\/v2\/types\/page"}],"author":[{"embeddable":true,"href":"https:\/\/aura-istanbul.com\/index.php\/wp-json\/wp\/v2\/users\/11"}],"replies":[{"embeddable":true,"href":"https:\/\/aura-istanbul.com\/index.php\/wp-json\/wp\/v2\/comments?post=14765"}],"version-history":[{"count":4,"href":"https:\/\/aura-istanbul.com\/index.php\/wp-json\/wp\/v2\/pages\/14765\/revisions"}],"predecessor-version":[{"id":14769,"href":"https:\/\/aura-istanbul.com\/index.php\/wp-json\/wp\/v2\/pages\/14765\/revisions\/14769"}],"wp:attachment":[{"href":"https:\/\/aura-istanbul.com\/index.php\/wp-json\/wp\/v2\/media?parent=14765"}],"curies":[{"name":"wp","href":"https:\/\/api.w.org\/{rel}","templated":true}]}}