{"id":14878,"date":"2025-09-08T13:54:31","date_gmt":"2025-09-08T10:54:31","guid":{"rendered":"https:\/\/aura-istanbul.com\/?page_id=14878"},"modified":"2025-09-15T16:03:32","modified_gmt":"2025-09-15T13:03:32","slug":"aura-alumni-almira-endican","status":"publish","type":"page","link":"https:\/\/aura-istanbul.com\/index.php\/aura-alumni-almira-endican\/","title":{"rendered":"AURA Alumni: Almira Endican"},"content":{"rendered":"<div class=\"wpb-content-wrapper\"><p>[vc_section][vc_row][vc_column width=&#8221;1\/6&#8243;][vc_single_image image=&#8221;14713&#8243; img_size=&#8221;large&#8221; alignment=&#8221;center&#8221; css=&#8221;&#8221;][vc_empty_space][vc_column_text css=&#8221;&#8221;]<strong>Almira Endican<\/strong>[\/vc_column_text][vc_empty_space height=&#8221;16px&#8221;][vc_column_text css=&#8221;&#8221;]<span data-sheets-root=\"1\">Peyzaj Mimarl\u0131\u011f\u0131<br \/>\n\u0130stanbul Teknik \u00dcniversitesi<br \/>\n<\/span><\/p>\n<p>Bahar 2025<br \/>\nDan\u0131\u015fman: Deniz Aslan &#8211; Elif \u00c7elik[\/vc_column_text][vc_empty_space][vc_row_inner][vc_column_inner width=&#8221;1\/4&#8243;][\/vc_column_inner][vc_column_inner width=&#8221;1\/4&#8243;][\/vc_column_inner][vc_column_inner width=&#8221;1\/4&#8243;][\/vc_column_inner][vc_column_inner width=&#8221;1\/4&#8243;][\/vc_column_inner][\/vc_row_inner][vc_icon icon_fontawesome=&#8221;fa fa-brands fa-linkedin&#8221; color=&#8221;chino&#8221; size=&#8221;xs&#8221; css=&#8221;&#8221; link=&#8221;url:https%3A%2F%2Fwww.linkedin.com%2Fin%2Falmira-endican-09a4061ba%2F&#8221;][\/vc_column][vc_column width=&#8221;2\/3&#8243;][vc_empty_space][vc_column_text css=&#8221;&#8221;]<\/p>\n<p style=\"text-align: left;\"><strong>Add-On Pazar: Ferik\u00f6y Pazar Yerinin Par\u00e7alanmas\u0131<\/strong><\/p>\n<p>[\/vc_column_text][vc_empty_space][vc_column_text css=&#8221;&#8221;]Modern kentlerde kamusal alanlar giderek tekd\u00fczele\u015firken, baz\u0131 mek\u00e2nlar ritmik d\u00f6n\u00fc\u015f\u00fcmleri ve haf\u0131zayla kurduklar\u0131 ba\u011flarla bu<br \/>\nd\u00fczene alternatif sunar. Ferik\u00f6y Lala \u015eahin Pazar Yeri, ge\u00e7ici ve \u00e7ok i\u015flevli yap\u0131s\u0131yla bu \u00e7oklu\u011fun \u00f6zg\u00fcn bir \u00f6rne\u011fidir. Haftan\u0131n farkl\u0131 g\u00fcnlerinde d\u00f6n\u00fc\u015ferek yaln\u0131zca ticaret de\u011fil, sosyal ve k\u00fclt\u00fcrel kar\u015f\u0131la\u015fmalara da alan a\u00e7ar.<\/p>\n<p>Bu \u00e7al\u0131\u015fma, pazar\u0131 kolektif haf\u0131za, \u00fcretim- t\u00fcketim ili\u015fkileri ve g\u00fcndelik rit\u00fcellerin kesi\u015fti\u011fi dinamik bir yap\u0131 olarak ele al\u0131r. Eklemeli yap\u0131lar, g\u0131da kuleleri ve kamusal mutfaklarla alan, ge\u00e7mi\u015fin \u00fcretim belle\u011fiyle g\u00fcn\u00fcm\u00fcz\u00fcn ihtiya\u00e7lar\u0131n\u0131 bulu\u015fturan bir sistem \u00f6nerir.<\/p>\n<p>Heterotopya, norm d\u0131\u015f\u0131l\u0131k ve \u00e7oklu\u011fun mek\u00e2nda g\u00f6r\u00fcn\u00fcr oldu\u011fu, homojenli\u011fe kar\u015f\u0131 duran alanlard\u0131r. Mezarl\u0131klar, hamamlar ve tatil k\u00f6yleri gibi \u00f6rnekler, toplumsal normlar\u0131 ge\u00e7ici olarak ask\u0131ya al\u0131r. Ayasofya ve al\u0131\u015fveri\u015f merkezleri gibi yap\u0131lar da farkl\u0131 i\u015flevlerin bir aradal\u0131\u011f\u0131yla bu yap\u0131y\u0131 yans\u0131t\u0131r.<\/p>\n<p>Heterotopya ile \u00fc\u00e7\u00fcnc\u00fc mek\u00e2n kavramlar\u0131 farkl\u0131 teorik temellere dayansa da, her ikisi de mek\u00e2n\u0131n toplumsal \u00fcretimini vurgular. Pazar yerleri gibi alanlar, hem alternatif deneyimlere hem de g\u00fcndelik sosyal ba\u011flara ev sahipli\u011fi yapar.[\/vc_column_text][vc_empty_space][vc_gallery interval=&#8221;10&#8243; images=&#8221;14882,14883,14884,14885,14886&#8243; img_size=&#8221;full&#8221; css=&#8221;&#8221;][vc_empty_space][\/vc_column][vc_column width=&#8221;1\/6&#8243;][vc_single_image image=&#8221;14813&#8243; img_size=&#8221;FULL&#8221; alignment=&#8221;center&#8221; style=&#8221;vc_box_border&#8221; css=&#8221;&#8221;][vc_empty_space height=&#8221;16px&#8221;][vc_row_inner][vc_column_inner][vc_column_text][\/vc_column_text][vc_column_text][\/vc_column_text][\/vc_column_inner][\/vc_row_inner][vc_row_inner][vc_column_inner width=&#8221;2\/3&#8243;][\/vc_column_inner][vc_column_inner width=&#8221;1\/3&#8243;][\/vc_column_inner][\/vc_row_inner][\/vc_column][\/vc_row][\/vc_section]<\/p>\n<\/div>","protected":false},"excerpt":{"rendered":"<p>[vc_section][vc_row][vc_column width=&#8221;1\/6&#8243;][vc_single_image image=&#8221;14713&#8243; img_size=&#8221;large&#8221; alignment=&#8221;center&#8221; css=&#8221;&#8221;][vc_empty_space][vc_column_text css=&#8221;&#8221;]Almira Endican[\/vc_column_text][vc_empty_space height=&#8221;16px&#8221;][vc_column_text css=&#8221;&#8221;]Peyzaj Mimarl\u0131\u011f\u0131 \u0130stanbul Teknik \u00dcniversitesi Bahar 2025 Dan\u0131\u015fman: Deniz Aslan &#8211; Elif \u00c7elik[\/vc_column_text][vc_empty_space][vc_row_inner][vc_column_inner width=&#8221;1\/4&#8243;][\/vc_column_inner][vc_column_inner width=&#8221;1\/4&#8243;][\/vc_column_inner][vc_column_inner width=&#8221;1\/4&#8243;][\/vc_column_inner][vc_column_inner width=&#8221;1\/4&#8243;][\/vc_column_inner][\/vc_row_inner][vc_icon icon_fontawesome=&#8221;fa fa-brands fa-linkedin&#8221; color=&#8221;chino&#8221; [&hellip;]<\/p>\n","protected":false},"author":11,"featured_media":0,"parent":0,"menu_order":0,"comment_status":"closed","ping_status":"closed","template":"","meta":{"_acf_changed":false,"_seopress_robots_primary_cat":"","_seopress_titles_title":"AURA Alumni: Almira Endican","_seopress_titles_desc":"2025 Bahar Do\u0308nemi\u2019nde \u201cAras\u0327t\u0131rma Tabanl\u0131 Tasar\u0131m Stu\u0308dyosu\u201dnda, kat\u0131l\u0131mc\u0131lar\u0131m\u0131z, Deniz Aslan ve Elif \u00c7elik y\u00fcr\u00fct\u00fcc\u00fcl\u00fc\u011f\u00fcndeki st\u00fcdyoda Heterotopya: Bir Kentin Hikayesi temas\u0131na odakland\u0131.","_seopress_robots_index":"","_price":"","_stock":"","_tribe_ticket_header":"","_tribe_default_ticket_provider":"","_tribe_ticket_capacity":"0","_ticket_start_date":"","_ticket_end_date":"","_tribe_ticket_show_description":"","_tribe_ticket_show_not_going":false,"_tribe_ticket_use_global_stock":"","_tribe_ticket_global_stock_level":"","_global_stock_mode":"","_global_stock_cap":"","_tribe_rsvp_for_event":"","_tribe_ticket_going_count":"","_tribe_ticket_not_going_count":"","_tribe_tickets_list":"[]","_tribe_ticket_has_attendee_info_fields":false,"_EventAllDay":false,"_EventTimezone":"","_EventStartDate":"","_EventEndDate":"","_EventStartDateUTC":"","_EventEndDateUTC":"","_EventShowMap":false,"_EventShowMapLink":false,"_EventURL":"","_EventCost":"","_EventCostDescription":"","_EventCurrencySymbol":"","_EventCurrencyCode":"","_EventCurrencyPosition":"","_EventDateTimeSeparator":"","_EventTimeRangeSeparator":"","_EventOrganizerID":[],"_EventVenueID":[],"_OrganizerEmail":"","_OrganizerPhone":"","_OrganizerWebsite":"","_VenueAddress":"","_VenueCity":"","_VenueCountry":"","_VenueProvince":"","_VenueState":"","_VenueZip":"","_VenuePhone":"","_VenueURL":"","_VenueStateProvince":"","_VenueLat":"","_VenueLng":"","_VenueShowMap":false,"_VenueShowMapLink":false,"footnotes":"","_tec_slr_enabled":"","_tec_slr_layout":""},"class_list":["post-14878","page","type-page","status-publish","hentry"],"acf":[],"ticketed":false,"_links":{"self":[{"href":"https:\/\/aura-istanbul.com\/index.php\/wp-json\/wp\/v2\/pages\/14878","targetHints":{"allow":["GET"]}}],"collection":[{"href":"https:\/\/aura-istanbul.com\/index.php\/wp-json\/wp\/v2\/pages"}],"about":[{"href":"https:\/\/aura-istanbul.com\/index.php\/wp-json\/wp\/v2\/types\/page"}],"author":[{"embeddable":true,"href":"https:\/\/aura-istanbul.com\/index.php\/wp-json\/wp\/v2\/users\/11"}],"replies":[{"embeddable":true,"href":"https:\/\/aura-istanbul.com\/index.php\/wp-json\/wp\/v2\/comments?post=14878"}],"version-history":[{"count":11,"href":"https:\/\/aura-istanbul.com\/index.php\/wp-json\/wp\/v2\/pages\/14878\/revisions"}],"predecessor-version":[{"id":15100,"href":"https:\/\/aura-istanbul.com\/index.php\/wp-json\/wp\/v2\/pages\/14878\/revisions\/15100"}],"wp:attachment":[{"href":"https:\/\/aura-istanbul.com\/index.php\/wp-json\/wp\/v2\/media?parent=14878"}],"curies":[{"name":"wp","href":"https:\/\/api.w.org\/{rel}","templated":true}]}}