{"id":14930,"date":"2025-09-10T15:21:30","date_gmt":"2025-09-10T12:21:30","guid":{"rendered":"https:\/\/aura-istanbul.com\/?page_id=14930"},"modified":"2025-09-10T15:21:30","modified_gmt":"2025-09-10T12:21:30","slug":"aura-alumni-hande-demirel","status":"publish","type":"page","link":"https:\/\/aura-istanbul.com\/index.php\/aura-alumni-hande-demirel\/","title":{"rendered":"AURA Alumni: Hande Demirel"},"content":{"rendered":"<div class=\"wpb-content-wrapper\"><p>[vc_section][vc_row][vc_column width=&#8221;1\/6&#8243;][vc_single_image image=&#8221;14718&#8243; img_size=&#8221;large&#8221; alignment=&#8221;center&#8221; css=&#8221;&#8221;][vc_empty_space][vc_column_text css=&#8221;&#8221;]<strong>Hande Demirel<\/strong>[\/vc_column_text][vc_empty_space height=&#8221;16px&#8221;][vc_column_text css=&#8221;&#8221;]Mimarl\u0131k<br \/>\nKadir Has \u00dcniversitesi<\/p>\n<p><span data-sheets-root=\"1\">\u00a0<\/span><\/p>\n<p>Bahar 2025<br \/>\nDan\u0131\u015fman: Deniz Aslan &#8211; Elif \u00c7elik[\/vc_column_text][vc_empty_space][vc_row_inner][vc_column_inner width=&#8221;1\/4&#8243;][\/vc_column_inner][vc_column_inner width=&#8221;1\/4&#8243;][vc_icon icon_fontawesome=&#8221;fa fa-brands fa-linkedin&#8221; color=&#8221;chino&#8221; size=&#8221;xs&#8221; css=&#8221;&#8221; link=&#8221;url:https%3A%2F%2Fwww.linkedin.com%2Fin%2Fhande-demirel-b8816a2b4%2F&#8221;][\/vc_column_inner][vc_column_inner width=&#8221;1\/4&#8243;][\/vc_column_inner][vc_column_inner width=&#8221;1\/4&#8243;][\/vc_column_inner][\/vc_row_inner][\/vc_column][vc_column width=&#8221;2\/3&#8243;][vc_empty_space][vc_column_text css=&#8221;&#8221;]<\/p>\n<p style=\"text-align: left;\"><strong>Dert Objesi: K\u0131y\u0131 Aks\u0131<\/strong><\/p>\n<p>[\/vc_column_text][vc_empty_space][vc_column_text css=&#8221;&#8221;]\u0130stanbul\u2019da, Karak\u00f6y\u2019den Ortak\u00f6y\u2019e kadar olarak adland\u0131rabilece\u011fimiz k\u0131y\u0131 aks\u0131nda \u00e7e\u015fitli mimarl\u0131k ve \u015fehircilik problemleri mevcut. Bu problemlerin tespiti i\u00e7in elde edilen bilgilerin birlikte depolanabildikleri bir veri taban\u0131 eksikli\u011fi ve kullan\u0131c\u0131 deneyimlerine dair bir k\u00fct\u00fcphane olu\u015fturulmas\u0131 i\u00e7in toplu bir kayna\u011f\u0131n ula\u015f\u0131labilir olmamas\u0131 gibi problemler bu sorunlar\u0131n \u00e7\u00f6z\u00fcm a\u015famas\u0131na gelemeden dikkatten ka\u00e7mas\u0131na veya ahenksiz ve kentsel \u00f6l\u00e7ekte problemler yaratacak \u015fekilde \u00e7\u00f6z\u00fcmlenmesine neden oluyor. K\u0131y\u0131 aks\u0131nda al\u0131nan mimari kararlar\u0131n b\u00fct\u00fcnc\u00fcl olarak ele al\u0131nmas\u0131 ama\u00e7 oldu\u011funda orta bir perspektiften -veya \u00f6l\u00e7ekten- bu sorunlar\u0131n incelenmesi zorla\u015fm\u0131\u015ft\u0131r. K\u0131y\u0131 aks\u0131ndaki problemlerin \u00e7\u00f6z\u00fcmlenmesinde farkl\u0131 kullan\u0131c\u0131 profilleriyle, sorun tespiti ve \u00e7\u00f6z\u00fcmc\u00fclerini bir araya getirecek interaktif ve g\u00f6rsel duyular\u0131 t\u0131rmalayacak bir obje olu\u015fturmak ilk etapta problemlerin belirlenmesi, sonraki etapta da farkl\u0131 \u00e7\u00f6z\u00fcm \u00f6nerilerini bir araya getirerek \u201cDerdin Objesi\u201d \u2018ni olu\u015fturacakt\u0131r.<\/p>\n<p>Bu proje, bahsi ge\u00e7en aksta k\u0131y\u0131n\u0131n mimari ve kentsel karma\u015f\u0131kl\u0131klar\u0131n\u0131 ara\u015ft\u0131rmaktad\u0131r. Alan, \u201cdilimler\u201d olarak adland\u0131r\u0131lan farkl\u0131 b\u00f6l\u00fcmlere ayr\u0131larak, k\u0131y\u0131 boyunca yer alan mimari kararlar ile bu kararlar\u0131n kentsel altyap\u0131yla etkile\u015fimini incelemektedir. Bu ara\u015ft\u0131rman\u0131n as\u0131l merkezi de\u011feri heterotopya konseptidir \u2014 normlar\u0131n d\u0131\u015f\u0131nda var olan, ayn\u0131 anda hem ger\u00e7ek hem hayali olan, geleneksel mek\u00e2nsal ili\u015fkilerin bozuldu\u011fu alanlar\u0131n kentsel \u00f6l\u00e7ekte incelenmesi. Ar\u015fiv ara\u015ft\u0131rmas\u0131, insan \u00f6l\u00e7e\u011fi \u00fczerine okumalar ve mekansal analizler arac\u0131l\u0131\u011f\u0131yla, bu alan\u0131n farkl\u0131 noktalar\u0131ndaki deneyimlerin nas\u0131l farkl\u0131la\u015ft\u0131\u011f\u0131, k\u0131y\u0131 ile kesi\u015fen ya da paralel giden yollar\u0131n ek katmanlar olu\u015fturdu\u011fu ke\u015ffedilecektir. Her bir \u201cdilim\u201d, bu heterotopik alanlar\u0131n derinlemesine incelenmesi i\u00e7in bir odak noktas\u0131 olacak ve burada ortaya \u00e7\u0131kan \u00f6zg\u00fcn mimari problemleri ve toplumsal sonu\u00e7lar\u0131 a\u00e7\u0131\u011fa \u00e7\u0131karacakt\u0131r.[\/vc_column_text][vc_empty_space][vc_gallery interval=&#8221;10&#8243; images=&#8221;14931,14932,14933,14934,14935&#8243; img_size=&#8221;full&#8221; css=&#8221;&#8221;][vc_empty_space][\/vc_column][vc_column width=&#8221;1\/6&#8243;][vc_single_image image=&#8221;14818&#8243; img_size=&#8221;FULL&#8221; alignment=&#8221;center&#8221; style=&#8221;vc_box_border&#8221; css=&#8221;&#8221;][vc_empty_space height=&#8221;16px&#8221;][vc_row_inner][vc_column_inner][vc_column_text][\/vc_column_text][vc_column_text][\/vc_column_text][\/vc_column_inner][\/vc_row_inner][vc_row_inner][vc_column_inner width=&#8221;2\/3&#8243;][\/vc_column_inner][vc_column_inner width=&#8221;1\/3&#8243;][\/vc_column_inner][\/vc_row_inner][\/vc_column][\/vc_row][\/vc_section]<\/p>\n<\/div>","protected":false},"excerpt":{"rendered":"<p>[vc_section][vc_row][vc_column width=&#8221;1\/6&#8243;][vc_single_image image=&#8221;14718&#8243; img_size=&#8221;large&#8221; alignment=&#8221;center&#8221; css=&#8221;&#8221;][vc_empty_space][vc_column_text css=&#8221;&#8221;]Hande Demirel[\/vc_column_text][vc_empty_space height=&#8221;16px&#8221;][vc_column_text css=&#8221;&#8221;]Mimarl\u0131k Kadir Has \u00dcniversitesi \u00a0 Bahar 2025 Dan\u0131\u015fman: Deniz Aslan &#8211; Elif \u00c7elik[\/vc_column_text][vc_empty_space][vc_row_inner][vc_column_inner width=&#8221;1\/4&#8243;][\/vc_column_inner][vc_column_inner width=&#8221;1\/4&#8243;][vc_icon icon_fontawesome=&#8221;fa fa-brands fa-linkedin&#8221; color=&#8221;chino&#8221; size=&#8221;xs&#8221; css=&#8221;&#8221; [&hellip;]<\/p>\n","protected":false},"author":11,"featured_media":0,"parent":0,"menu_order":0,"comment_status":"closed","ping_status":"closed","template":"","meta":{"_acf_changed":false,"_seopress_robots_primary_cat":"","_seopress_titles_title":"AURA Alumni: Hande Demirel","_seopress_titles_desc":"2025 Bahar Do\u0308nemi\u2019nde \u201cAras\u0327t\u0131rma Tabanl\u0131 Tasar\u0131m Stu\u0308dyosu\u201dnda, kat\u0131l\u0131mc\u0131lar\u0131m\u0131z, Deniz Aslan ve Elif \u00c7elik y\u00fcr\u00fct\u00fcc\u00fcl\u00fc\u011f\u00fcndeki st\u00fcdyoda Heterotopya: Bir Kentin Hikayesi temas\u0131na odakland\u0131.","_seopress_robots_index":"","_price":"","_stock":"","_tribe_ticket_header":"","_tribe_default_ticket_provider":"","_tribe_ticket_capacity":"0","_ticket_start_date":"","_ticket_end_date":"","_tribe_ticket_show_description":"","_tribe_ticket_show_not_going":false,"_tribe_ticket_use_global_stock":"","_tribe_ticket_global_stock_level":"","_global_stock_mode":"","_global_stock_cap":"","_tribe_rsvp_for_event":"","_tribe_ticket_going_count":"","_tribe_ticket_not_going_count":"","_tribe_tickets_list":"[]","_tribe_ticket_has_attendee_info_fields":false,"_EventAllDay":false,"_EventTimezone":"","_EventStartDate":"","_EventEndDate":"","_EventStartDateUTC":"","_EventEndDateUTC":"","_EventShowMap":false,"_EventShowMapLink":false,"_EventURL":"","_EventCost":"","_EventCostDescription":"","_EventCurrencySymbol":"","_EventCurrencyCode":"","_EventCurrencyPosition":"","_EventDateTimeSeparator":"","_EventTimeRangeSeparator":"","_EventOrganizerID":[],"_EventVenueID":[],"_OrganizerEmail":"","_OrganizerPhone":"","_OrganizerWebsite":"","_VenueAddress":"","_VenueCity":"","_VenueCountry":"","_VenueProvince":"","_VenueState":"","_VenueZip":"","_VenuePhone":"","_VenueURL":"","_VenueStateProvince":"","_VenueLat":"","_VenueLng":"","_VenueShowMap":false,"_VenueShowMapLink":false,"footnotes":"","_tec_slr_enabled":"","_tec_slr_layout":""},"class_list":["post-14930","page","type-page","status-publish","hentry"],"acf":[],"ticketed":false,"_links":{"self":[{"href":"https:\/\/aura-istanbul.com\/index.php\/wp-json\/wp\/v2\/pages\/14930","targetHints":{"allow":["GET"]}}],"collection":[{"href":"https:\/\/aura-istanbul.com\/index.php\/wp-json\/wp\/v2\/pages"}],"about":[{"href":"https:\/\/aura-istanbul.com\/index.php\/wp-json\/wp\/v2\/types\/page"}],"author":[{"embeddable":true,"href":"https:\/\/aura-istanbul.com\/index.php\/wp-json\/wp\/v2\/users\/11"}],"replies":[{"embeddable":true,"href":"https:\/\/aura-istanbul.com\/index.php\/wp-json\/wp\/v2\/comments?post=14930"}],"version-history":[{"count":1,"href":"https:\/\/aura-istanbul.com\/index.php\/wp-json\/wp\/v2\/pages\/14930\/revisions"}],"predecessor-version":[{"id":14936,"href":"https:\/\/aura-istanbul.com\/index.php\/wp-json\/wp\/v2\/pages\/14930\/revisions\/14936"}],"wp:attachment":[{"href":"https:\/\/aura-istanbul.com\/index.php\/wp-json\/wp\/v2\/media?parent=14930"}],"curies":[{"name":"wp","href":"https:\/\/api.w.org\/{rel}","templated":true}]}}