{"id":14951,"date":"2025-09-10T16:12:09","date_gmt":"2025-09-10T13:12:09","guid":{"rendered":"https:\/\/aura-istanbul.com\/?page_id=14951"},"modified":"2025-09-15T15:16:58","modified_gmt":"2025-09-15T12:16:58","slug":"aura-alumni-jiyan-tas","status":"publish","type":"page","link":"https:\/\/aura-istanbul.com\/index.php\/aura-alumni-jiyan-tas\/","title":{"rendered":"AURA Alumni: Jiyan Ta\u015f"},"content":{"rendered":"<div class=\"wpb-content-wrapper\"><p>[vc_section][vc_row][vc_column width=&#8221;1\/6&#8243;][vc_single_image image=&#8221;14719&#8243; img_size=&#8221;large&#8221; alignment=&#8221;center&#8221; css=&#8221;&#8221;][vc_empty_space][vc_column_text css=&#8221;&#8221;]<strong>Jiyan Ta\u015f<\/strong>[\/vc_column_text][vc_empty_space height=&#8221;16px&#8221;][vc_column_text css=&#8221;&#8221;]Mimarl\u0131k<br \/>\nMimar Sinan G\u00fczel Sanatlar \u00dcniversitesi<\/p>\n<p><span data-sheets-root=\"1\">\u00a0<\/span><\/p>\n<p>Bahar 2025<br \/>\nDan\u0131\u015fman: Deniz Aslan &#8211; Elif \u00c7elik[\/vc_column_text][vc_empty_space][vc_row_inner][vc_column_inner width=&#8221;1\/4&#8243;][\/vc_column_inner][vc_column_inner width=&#8221;1\/4&#8243;][vc_icon icon_fontawesome=&#8221;fa fa-brands fa-linkedin&#8221; color=&#8221;chino&#8221; size=&#8221;xs&#8221; css=&#8221;&#8221; link=&#8221;url:https%3A%2F%2Fwww.linkedin.com%2Fin%2Fjiyan-ta%25C5%259F-b7aa9718a%2F&#8221;][\/vc_column_inner][vc_column_inner width=&#8221;1\/4&#8243;][\/vc_column_inner][vc_column_inner width=&#8221;1\/4&#8243;][\/vc_column_inner][\/vc_row_inner][\/vc_column][vc_column width=&#8221;2\/3&#8243;][vc_empty_space][vc_column_text css=&#8221;&#8221;]<\/p>\n<p style=\"text-align: left;\"><strong>Mekan&#8217;\u0131 Cennet Olsun\/ Kentsel \u00d6l\u00fcm\u00fcn Anatomisi <\/strong><\/p>\n<p>[\/vc_column_text][vc_empty_space][vc_column_text css=&#8221;&#8221;]Mezarl\u0131klar, Michel Foucault\u2019un da tan\u0131mlad\u0131\u011f\u0131 alt\u0131 ilkenin ve \u00f6rneklerin i\u00e7inde de bulunan kentsel heterotopyalar olu\u015fturan mekanlard\u0131r. Bu kentsel heterotopyalar kent \u00e7eperlerinde kurulup daha sonra kent taraf\u0131ndan yutulan mekanlard\u0131r. Kentin i\u00e7inde bulunan g\u00fcnl\u00fck ya\u015fant\u0131yla daha az ili\u015fkilenen bu mekanlar, varl\u0131\u011f\u0131yla ve kent a\u00e7\u0131s\u0131ndan yaratt\u0131\u011f\u0131 problemleriyle kan\u0131ksanan bir yap\u0131 kazanm\u0131\u015f ve birer heterotopya olarak g\u00f6r\u00fclm\u00fc\u015ft\u00fcr. Foucault\u2019un d\u00f6rd\u00fcnc\u00fc ilkesi olan ve \u2018\u2019\u00f6teki kent\u2019\u2019 olarak tan\u0131mlanan mezarl\u0131klar \u00f6l\u00fclerle, ya\u015fayanlar aras\u0131nda bir bulu\u015fma mekan\u0131 olarak tan\u0131mlanabilir. Bu \u00f6teki kentler Foucault\u2019un tan\u0131m\u0131yla Heterocronism: zaman\u0131n y\u0131\u011f\u0131ld\u0131\u011f\u0131, birikti\u011fi mekanlard\u0131r. Bu tan\u0131mdan yola \u00e7\u0131karak kent \u00e7eperlerine kurulan mezarl\u0131klar\u0131n zaman i\u00e7erisinde kentin i\u00e7inde kald\u0131\u011f\u0131 \u00f6teki kent heterotopyas\u0131ndan \u00e7\u0131karak ba\u015fka t\u00fcr bir sapma heterotopyas\u0131 olu\u015fturdu\u011funu s\u00f6ylemek m\u00fcmk\u00fcnd\u00fcr. Mezarl\u0131klar art\u0131k kentin kendi dokusunun i\u00e7erisinde kentsel problemlerin de oda\u011f\u0131na ge\u00e7mektedir. Tabi her ne kadar mezarl\u0131klara atfedilen kutsall\u0131\u011f\u0131n veya dokunulmazl\u0131\u011f\u0131n yaratt\u0131\u011f\u0131 bir t\u00fcr kan\u0131ksama refleksi olsa da mezarl\u0131klar\u0131n kent i\u00e7erisinde birer heterotopik( t\u0131ptaki tan\u0131m\u0131yla) mek\u00e2n tan\u0131mlad\u0131\u011f\u0131n\u0131; kentte pasif ye\u015filler olarak bar\u0131nmas\u0131, b\u00fcy\u00fck alanlar kaplayan ve \u00e7eperleriyle birer kale gibi korunan ge\u00e7irimsiz mekanlar olmas\u0131ndan anlayabiliriz.[\/vc_column_text][vc_empty_space][vc_gallery interval=&#8221;10&#8243; images=&#8221;14954,14956,14953,14952,14955&#8243; img_size=&#8221;full&#8221; css=&#8221;&#8221;][vc_empty_space][\/vc_column][vc_column width=&#8221;1\/6&#8243;][vc_single_image image=&#8221;14820&#8243; img_size=&#8221;FULL&#8221; alignment=&#8221;center&#8221; style=&#8221;vc_box_border&#8221; css=&#8221;&#8221;][vc_empty_space height=&#8221;16px&#8221;][vc_row_inner][vc_column_inner][vc_column_text][\/vc_column_text][vc_column_text][\/vc_column_text][\/vc_column_inner][\/vc_row_inner][vc_row_inner][vc_column_inner width=&#8221;2\/3&#8243;][\/vc_column_inner][vc_column_inner width=&#8221;1\/3&#8243;][\/vc_column_inner][\/vc_row_inner][\/vc_column][\/vc_row][\/vc_section]<\/p>\n<\/div>","protected":false},"excerpt":{"rendered":"<p>[vc_section][vc_row][vc_column width=&#8221;1\/6&#8243;][vc_single_image image=&#8221;14719&#8243; img_size=&#8221;large&#8221; alignment=&#8221;center&#8221; css=&#8221;&#8221;][vc_empty_space][vc_column_text css=&#8221;&#8221;]Jiyan Ta\u015f[\/vc_column_text][vc_empty_space height=&#8221;16px&#8221;][vc_column_text css=&#8221;&#8221;]Mimarl\u0131k Mimar Sinan G\u00fczel Sanatlar \u00dcniversitesi \u00a0 Bahar 2025 Dan\u0131\u015fman: Deniz Aslan &#8211; Elif \u00c7elik[\/vc_column_text][vc_empty_space][vc_row_inner][vc_column_inner width=&#8221;1\/4&#8243;][\/vc_column_inner][vc_column_inner width=&#8221;1\/4&#8243;][vc_icon icon_fontawesome=&#8221;fa fa-brands fa-linkedin&#8221; color=&#8221;chino&#8221; [&hellip;]<\/p>\n","protected":false},"author":11,"featured_media":0,"parent":0,"menu_order":0,"comment_status":"closed","ping_status":"closed","template":"","meta":{"_acf_changed":false,"_seopress_robots_primary_cat":"","_seopress_titles_title":"AURA Alumni: Jiyan Ta\u015f","_seopress_titles_desc":"2025 Bahar Do\u0308nemi\u2019nde \u201cAras\u0327t\u0131rma Tabanl\u0131 Tasar\u0131m Stu\u0308dyosu\u201dnda, kat\u0131l\u0131mc\u0131lar\u0131m\u0131z, Deniz Aslan ve Elif \u00c7elik y\u00fcr\u00fct\u00fcc\u00fcl\u00fc\u011f\u00fcndeki st\u00fcdyoda Heterotopya: Bir Kentin Hikayesi temas\u0131na odakland\u0131.","_seopress_robots_index":"","_price":"","_stock":"","_tribe_ticket_header":"","_tribe_default_ticket_provider":"","_tribe_ticket_capacity":"0","_ticket_start_date":"","_ticket_end_date":"","_tribe_ticket_show_description":"","_tribe_ticket_show_not_going":false,"_tribe_ticket_use_global_stock":"","_tribe_ticket_global_stock_level":"","_global_stock_mode":"","_global_stock_cap":"","_tribe_rsvp_for_event":"","_tribe_ticket_going_count":"","_tribe_ticket_not_going_count":"","_tribe_tickets_list":"[]","_tribe_ticket_has_attendee_info_fields":false,"_EventAllDay":false,"_EventTimezone":"","_EventStartDate":"","_EventEndDate":"","_EventStartDateUTC":"","_EventEndDateUTC":"","_EventShowMap":false,"_EventShowMapLink":false,"_EventURL":"","_EventCost":"","_EventCostDescription":"","_EventCurrencySymbol":"","_EventCurrencyCode":"","_EventCurrencyPosition":"","_EventDateTimeSeparator":"","_EventTimeRangeSeparator":"","_EventOrganizerID":[],"_EventVenueID":[],"_OrganizerEmail":"","_OrganizerPhone":"","_OrganizerWebsite":"","_VenueAddress":"","_VenueCity":"","_VenueCountry":"","_VenueProvince":"","_VenueState":"","_VenueZip":"","_VenuePhone":"","_VenueURL":"","_VenueStateProvince":"","_VenueLat":"","_VenueLng":"","_VenueShowMap":false,"_VenueShowMapLink":false,"footnotes":"","_tec_slr_enabled":"","_tec_slr_layout":""},"class_list":["post-14951","page","type-page","status-publish","hentry"],"acf":[],"ticketed":false,"_links":{"self":[{"href":"https:\/\/aura-istanbul.com\/index.php\/wp-json\/wp\/v2\/pages\/14951","targetHints":{"allow":["GET"]}}],"collection":[{"href":"https:\/\/aura-istanbul.com\/index.php\/wp-json\/wp\/v2\/pages"}],"about":[{"href":"https:\/\/aura-istanbul.com\/index.php\/wp-json\/wp\/v2\/types\/page"}],"author":[{"embeddable":true,"href":"https:\/\/aura-istanbul.com\/index.php\/wp-json\/wp\/v2\/users\/11"}],"replies":[{"embeddable":true,"href":"https:\/\/aura-istanbul.com\/index.php\/wp-json\/wp\/v2\/comments?post=14951"}],"version-history":[{"count":3,"href":"https:\/\/aura-istanbul.com\/index.php\/wp-json\/wp\/v2\/pages\/14951\/revisions"}],"predecessor-version":[{"id":15087,"href":"https:\/\/aura-istanbul.com\/index.php\/wp-json\/wp\/v2\/pages\/14951\/revisions\/15087"}],"wp:attachment":[{"href":"https:\/\/aura-istanbul.com\/index.php\/wp-json\/wp\/v2\/media?parent=14951"}],"curies":[{"name":"wp","href":"https:\/\/api.w.org\/{rel}","templated":true}]}}