{"id":14976,"date":"2025-09-10T17:12:34","date_gmt":"2025-09-10T14:12:34","guid":{"rendered":"https:\/\/aura-istanbul.com\/?page_id=14976"},"modified":"2025-09-10T17:12:34","modified_gmt":"2025-09-10T14:12:34","slug":"aura-alumni-ozge-altas","status":"publish","type":"page","link":"https:\/\/aura-istanbul.com\/index.php\/aura-alumni-ozge-altas\/","title":{"rendered":"AURA Alumni: \u00d6zge Alta\u015f"},"content":{"rendered":"<div class=\"wpb-content-wrapper\"><p>[vc_section][vc_row][vc_column width=&#8221;1\/6&#8243;][vc_single_image image=&#8221;14722&#8243; img_size=&#8221;large&#8221; alignment=&#8221;center&#8221; css=&#8221;&#8221;][vc_empty_space][vc_column_text css=&#8221;&#8221;]<strong>\u00d6zge Alta\u015f<\/strong>[\/vc_column_text][vc_empty_space height=&#8221;16px&#8221;][vc_column_text css=&#8221;&#8221;]Mimarl\u0131k<br \/>\nODT\u00dc<\/p>\n<p><span data-sheets-root=\"1\">\u00a0<\/span><\/p>\n<p>Bahar 2025<br \/>\nDan\u0131\u015fman: Deniz Aslan &#8211; Elif \u00c7elik[\/vc_column_text][vc_empty_space][vc_row_inner][vc_column_inner width=&#8221;1\/4&#8243;][\/vc_column_inner][vc_column_inner width=&#8221;1\/4&#8243;][vc_icon icon_fontawesome=&#8221;fa fa-brands fa-linkedin&#8221; color=&#8221;chino&#8221; size=&#8221;xs&#8221; css=&#8221;&#8221; link=&#8221;url:https%3A%2F%2Fwww.linkedin.com%2Fin%2F%25C3%25B6zge-alta%25C5%259F%2F&#8221;][\/vc_column_inner][vc_column_inner width=&#8221;1\/4&#8243;][\/vc_column_inner][vc_column_inner width=&#8221;1\/4&#8243;][\/vc_column_inner][\/vc_row_inner][\/vc_column][vc_column width=&#8221;2\/3&#8243;][vc_empty_space][vc_column_text css=&#8221;&#8221;]<\/p>\n<p style=\"text-align: left;\"><strong>T\u00fcketimin G\u00f6lgesinde: \u0130stanbul&#8217;da Kamusal Alan\u0131n Kayb\u0131 <\/strong><\/p>\n<p>[\/vc_column_text][vc_empty_space][vc_column_text css=&#8221;&#8221;]Bu \u00e7al\u0131\u015fma, \u0130stanbul\u2019un kamusal alanlar\u0131n\u0131n Cumhuriyet\u2019in ilan\u0131ndan g\u00fcn\u00fcm\u00fcze ge\u00e7irdi\u011fi mek\u00e2nsal ve ideolojik d\u00f6n\u00fc\u015f\u00fcmleri tarihsel bir s\u00fcreklilik i\u00e7inde analiz etmekte; ayn\u0131 zamanda bu d\u00f6n\u00fc\u015f\u00fcm\u00fcn gelecekte alabilece\u011fi bi\u00e7imleri spek\u00fclatif bir kurgu arac\u0131l\u0131\u011f\u0131yla tart\u0131\u015fmaktad\u0131r. Kamusal alanlar\u0131n, toplumsal kar\u015f\u0131la\u015fma ve kolektif deneyim mek\u00e2n\u0131 olma i\u015flevinden giderek uzakla\u015f\u0131p ticarile\u015fmi\u015f, denetim alt\u0131na al\u0131nm\u0131\u015f ve se\u00e7ici eri\u015fime tabi tutulmu\u015f y\u00fczeylere d\u00f6n\u00fc\u015ft\u00fc\u011f\u00fc savunulmaktad\u0131r.<\/p>\n<p>1950\u2019lerde Adnan Menderes d\u00f6neminde ba\u015flayan ara\u00e7 odakl\u0131 modernizasyon politikalar\u0131, tarih\u00ee dokulara m\u00fcdahalelerle kamusal mek\u00e2n\u0131n fiziksel d\u00f6n\u00fc\u015f\u00fcm\u00fcn\u00fc tetiklemi\u015f; yaya \u00f6ncelikli g\u00fcndelik ya\u015fam pratiklerini zay\u0131flatm\u0131\u015ft\u0131r. 1980\u2019li y\u0131llarda Turgut \u00d6zal liderli\u011finde uygulanan neoliberal politikalar, al\u0131\u015fveri\u015f merkezleri ve kapal\u0131 site gibi yar\u0131-kamusal mek\u00e2nlar\u0131n kentte yayg\u0131nla\u015fmas\u0131na neden olmu\u015f, geleneksel kamusal alanlar\u0131n yerini ekonomik sermayeye dayal\u0131 eri\u015fim bi\u00e7imlerine b\u0131rakm\u0131\u015ft\u0131r. 2000 sonras\u0131 AKP d\u00f6nemi ise mega projelerle birlikte kamusal alan\u0131 sermaye birikiminin nesnesi h\u00e2line getirmi\u015f; TOK\u0130 ve benzeri kurumlarla y\u00fcr\u00fct\u00fclen projelerde kamusal alan kendine yaln\u0131zca temsil d\u00fczeyinde yer bulmu\u015f, kontrol ve bask\u0131yla d\u00fczenlenmi\u015ftir. Bu d\u00f6n\u00fc\u015f\u00fcm, Harvey\u2019in ifade etti\u011fi \u00fczere, kapitalist \u015fehirde \u201cmek\u00e2n\u201d, sermaye birikiminin arac\u0131na d\u00f6n\u00fc\u015f\u00fcr; her bo\u015fluk, potansiyel bir yat\u0131r\u0131m nesnesidir.[\/vc_column_text][vc_empty_space][vc_gallery interval=&#8221;10&#8243; images=&#8221;14977,14978,14979,14980,14981&#8243; img_size=&#8221;full&#8221; css=&#8221;&#8221;][vc_empty_space][\/vc_column][vc_column width=&#8221;1\/6&#8243;][vc_single_image image=&#8221;14825&#8243; img_size=&#8221;FULL&#8221; alignment=&#8221;center&#8221; style=&#8221;vc_box_border&#8221; css=&#8221;&#8221;][vc_empty_space height=&#8221;16px&#8221;][vc_row_inner][vc_column_inner][vc_column_text][\/vc_column_text][vc_column_text][\/vc_column_text][\/vc_column_inner][\/vc_row_inner][vc_row_inner][vc_column_inner width=&#8221;2\/3&#8243;][\/vc_column_inner][vc_column_inner width=&#8221;1\/3&#8243;][\/vc_column_inner][\/vc_row_inner][\/vc_column][\/vc_row][\/vc_section]<\/p>\n<\/div>","protected":false},"excerpt":{"rendered":"<p>[vc_section][vc_row][vc_column width=&#8221;1\/6&#8243;][vc_single_image image=&#8221;14722&#8243; img_size=&#8221;large&#8221; alignment=&#8221;center&#8221; css=&#8221;&#8221;][vc_empty_space][vc_column_text css=&#8221;&#8221;]\u00d6zge Alta\u015f[\/vc_column_text][vc_empty_space height=&#8221;16px&#8221;][vc_column_text css=&#8221;&#8221;]Mimarl\u0131k ODT\u00dc \u00a0 Bahar 2025 Dan\u0131\u015fman: Deniz Aslan &#8211; Elif \u00c7elik[\/vc_column_text][vc_empty_space][vc_row_inner][vc_column_inner width=&#8221;1\/4&#8243;][\/vc_column_inner][vc_column_inner width=&#8221;1\/4&#8243;][vc_icon icon_fontawesome=&#8221;fa fa-brands fa-linkedin&#8221; color=&#8221;chino&#8221; size=&#8221;xs&#8221; css=&#8221;&#8221; link=&#8221;url:https%3A%2F%2Fwww.linkedin.com%2Fin%2F%25C3%25B6zge-alta%25C5%259F%2F&#8221;][\/vc_column_inner][vc_column_inner width=&#8221;1\/4&#8243;][\/vc_column_inner][vc_column_inner [&hellip;]<\/p>\n","protected":false},"author":11,"featured_media":0,"parent":0,"menu_order":0,"comment_status":"closed","ping_status":"closed","template":"","meta":{"_acf_changed":false,"_seopress_robots_primary_cat":"","_seopress_titles_title":"AURA Alumni: \u00d6zge Alta\u015f","_seopress_titles_desc":"2025 Bahar Do\u0308nemi\u2019nde \u201cAras\u0327t\u0131rma Tabanl\u0131 Tasar\u0131m Stu\u0308dyosu\u201dnda, kat\u0131l\u0131mc\u0131lar\u0131m\u0131z, Deniz Aslan ve Elif \u00c7elik y\u00fcr\u00fct\u00fcc\u00fcl\u00fc\u011f\u00fcndeki st\u00fcdyoda Heterotopya: Bir Kentin Hikayesi temas\u0131na odakland\u0131.","_seopress_robots_index":"","_price":"","_stock":"","_tribe_ticket_header":"","_tribe_default_ticket_provider":"","_tribe_ticket_capacity":"0","_ticket_start_date":"","_ticket_end_date":"","_tribe_ticket_show_description":"","_tribe_ticket_show_not_going":false,"_tribe_ticket_use_global_stock":"","_tribe_ticket_global_stock_level":"","_global_stock_mode":"","_global_stock_cap":"","_tribe_rsvp_for_event":"","_tribe_ticket_going_count":"","_tribe_ticket_not_going_count":"","_tribe_tickets_list":"[]","_tribe_ticket_has_attendee_info_fields":false,"_EventAllDay":false,"_EventTimezone":"","_EventStartDate":"","_EventEndDate":"","_EventStartDateUTC":"","_EventEndDateUTC":"","_EventShowMap":false,"_EventShowMapLink":false,"_EventURL":"","_EventCost":"","_EventCostDescription":"","_EventCurrencySymbol":"","_EventCurrencyCode":"","_EventCurrencyPosition":"","_EventDateTimeSeparator":"","_EventTimeRangeSeparator":"","_EventOrganizerID":[],"_EventVenueID":[],"_OrganizerEmail":"","_OrganizerPhone":"","_OrganizerWebsite":"","_VenueAddress":"","_VenueCity":"","_VenueCountry":"","_VenueProvince":"","_VenueState":"","_VenueZip":"","_VenuePhone":"","_VenueURL":"","_VenueStateProvince":"","_VenueLat":"","_VenueLng":"","_VenueShowMap":false,"_VenueShowMapLink":false,"footnotes":"","_tec_slr_enabled":"","_tec_slr_layout":""},"class_list":["post-14976","page","type-page","status-publish","hentry"],"acf":[],"ticketed":false,"_links":{"self":[{"href":"https:\/\/aura-istanbul.com\/index.php\/wp-json\/wp\/v2\/pages\/14976","targetHints":{"allow":["GET"]}}],"collection":[{"href":"https:\/\/aura-istanbul.com\/index.php\/wp-json\/wp\/v2\/pages"}],"about":[{"href":"https:\/\/aura-istanbul.com\/index.php\/wp-json\/wp\/v2\/types\/page"}],"author":[{"embeddable":true,"href":"https:\/\/aura-istanbul.com\/index.php\/wp-json\/wp\/v2\/users\/11"}],"replies":[{"embeddable":true,"href":"https:\/\/aura-istanbul.com\/index.php\/wp-json\/wp\/v2\/comments?post=14976"}],"version-history":[{"count":2,"href":"https:\/\/aura-istanbul.com\/index.php\/wp-json\/wp\/v2\/pages\/14976\/revisions"}],"predecessor-version":[{"id":14983,"href":"https:\/\/aura-istanbul.com\/index.php\/wp-json\/wp\/v2\/pages\/14976\/revisions\/14983"}],"wp:attachment":[{"href":"https:\/\/aura-istanbul.com\/index.php\/wp-json\/wp\/v2\/media?parent=14976"}],"curies":[{"name":"wp","href":"https:\/\/api.w.org\/{rel}","templated":true}]}}