{"id":14985,"date":"2025-09-10T17:23:35","date_gmt":"2025-09-10T14:23:35","guid":{"rendered":"https:\/\/aura-istanbul.com\/?page_id=14985"},"modified":"2025-09-10T17:23:35","modified_gmt":"2025-09-10T14:23:35","slug":"aura-alumni-seray-zik","status":"publish","type":"page","link":"https:\/\/aura-istanbul.com\/index.php\/aura-alumni-seray-zik\/","title":{"rendered":"AURA Alumni: Seray Z\u0131k"},"content":{"rendered":"<div class=\"wpb-content-wrapper\"><p>[vc_section][vc_row][vc_column width=&#8221;1\/6&#8243;][vc_single_image image=&#8221;14723&#8243; img_size=&#8221;large&#8221; alignment=&#8221;center&#8221; css=&#8221;&#8221;][vc_empty_space][vc_column_text css=&#8221;&#8221;]<strong>Seray Z\u0131k<\/strong>[\/vc_column_text][vc_empty_space height=&#8221;16px&#8221;][vc_column_text css=&#8221;&#8221;]Peyzaj Mimarl\u0131\u011f\u0131<br \/>\n\u0130stanbul Teknik \u00dcniversitesi<\/p>\n<p><span data-sheets-root=\"1\">\u00a0<\/span><\/p>\n<p>Bahar 2025<br \/>\nDan\u0131\u015fman: Deniz Aslan &#8211; Elif \u00c7elik[\/vc_column_text][vc_empty_space][vc_row_inner][vc_column_inner width=&#8221;1\/4&#8243;][\/vc_column_inner][vc_column_inner width=&#8221;1\/4&#8243;][vc_icon icon_fontawesome=&#8221;fa fa-brands fa-linkedin&#8221; color=&#8221;chino&#8221; size=&#8221;xs&#8221; css=&#8221;&#8221; link=&#8221;url:https%3A%2F%2Fwww.linkedin.com%2Fin%2Fseray-z%25C4%25B1k-b998ba25a%2F&#8221;][\/vc_column_inner][vc_column_inner width=&#8221;1\/4&#8243;][\/vc_column_inner][vc_column_inner width=&#8221;1\/4&#8243;][\/vc_column_inner][\/vc_row_inner][\/vc_column][vc_column width=&#8221;2\/3&#8243;][vc_empty_space][vc_column_text css=&#8221;&#8221;]<\/p>\n<p style=\"text-align: left;\"><strong>K\u0131y\u0131dan Kente<\/strong><\/p>\n<p>[\/vc_column_text][vc_empty_space][vc_column_text css=&#8221;&#8221;]Hayat suyun etraf\u0131nda ba\u015flar. Derelerin k\u0131y\u0131s\u0131na kurulur yerle\u015fimler. Su, yaln\u0131zca akt\u0131\u011f\u0131 bir kaynak de\u011fil; ya\u015fam\u0131n \u00f6rg\u00fcs\u00fcn\u00fc kuran, yerle\u015fmeyi bi\u00e7imlendiren bir damard\u0131r. Yerle\u015fmenin i\u00e7inden ge\u00e7en bu ak\u0131\u015f, hem y\u00f6n verir hem de birlikte ya\u015fam\u0131n mek\u00e2nlar\u0131n\u0131 tarif eder. \u0130stanbul\u2019un kurulu\u015fu ve yay\u0131lmas\u0131 da k\u0131y\u0131ya ba\u011fl\u0131d\u0131r.<\/p>\n<p>Suya yak\u0131nl\u0131k, tarih boyunca yerle\u015fim kararlar\u0131n\u0131 \u015fekillendirmi\u015ftir. Ancak bu ili\u015fki yaln\u0131zca fiziksel de\u011fil; toplumsal, mek\u00e2nsal ve k\u00fclt\u00fcrel bir haf\u0131zad\u0131r.<\/p>\n<p>Zamanla bu ak\u0131\u015flar bast\u0131r\u0131l\u0131r, yer alt\u0131na al\u0131n\u0131r, \u00fczerleri \u00f6rt\u00fcl\u00fcr. Su yollar\u0131, sarn\u0131\u00e7lar, dereler ve limanlar g\u00f6r\u00fcnmez h\u00e2le geldik\u00e7e, suyla kurulan ili\u015fki de sadece fiziksel de\u011fil, mek\u00e2nsal ve k\u00fclt\u00fcrel olarak kopar. \u00d6zellikle k\u0131y\u0131 \u00e7izgilerinde yap\u0131lan dolgu ve m\u00fcdahaleler, denizle olan ba\u011f\u0131n kesintiye u\u011framas\u0131na neden olur.<\/p>\n<p>\u201cK\u0131y\u0131dan Kente\u201d iz s\u00fcrerek, \u0130stanbul\u2019un bast\u0131r\u0131lm\u0131\u015f su belle\u011fini yeniden g\u00f6r\u00fcn\u00fcr k\u0131lmay\u0131 ama\u00e7lar. K\u0131y\u0131 yaln\u0131zca bir s\u0131n\u0131r de\u011fil; bir ge\u00e7i\u015f alan\u0131, bir e\u015fik ve ayn\u0131 zamanda bir d\u00f6n\u00fc\u015f\u00fcm mek\u00e2n\u0131d\u0131r. Su, ta\u015f\u0131yan bir kanal\u0131n \u00f6tesinde; kentin belle\u011fini, \u00fcretim bi\u00e7imini ve kamusal yap\u0131s\u0131n\u0131 \u015fekillendiren bir yap\u0131d\u0131r. Onun ge\u00e7ti\u011fi hatlar, ge\u00e7mi\u015ften bug\u00fcne uzanan birer haf\u0131za izi gibi okunabilir.<\/p>\n<p>Bu \u00e7al\u0131\u015fmada suya bast\u0131r\u0131lm\u0131\u015f anlamlar\u0131n izlerinin, mek\u00e2nda yeniden okunabilir h\u00e2le gelmesi ama\u00e7lan\u0131yor. Ge\u00e7mi\u015ften gelen su izleriyle bug\u00fcn\u00fcn d\u00f6n\u00fc\u015f\u00fcm potansiyelinin birlikte de\u011ferlendirilmesiyle, suyun yeniden mek\u00e2n kurucu bir unsur olarak ele al\u0131nmas\u0131 hedefleniyor.[\/vc_column_text][vc_empty_space][vc_gallery interval=&#8221;10&#8243; images=&#8221;14986,14987,14988,14989,14990&#8243; img_size=&#8221;full&#8221; css=&#8221;&#8221;][vc_empty_space][\/vc_column][vc_column width=&#8221;1\/6&#8243;][vc_single_image image=&#8221;14826&#8243; img_size=&#8221;FULL&#8221; alignment=&#8221;center&#8221; style=&#8221;vc_box_border&#8221; css=&#8221;&#8221;][vc_empty_space height=&#8221;16px&#8221;][vc_row_inner][vc_column_inner][vc_column_text][\/vc_column_text][vc_column_text][\/vc_column_text][\/vc_column_inner][\/vc_row_inner][vc_row_inner][vc_column_inner width=&#8221;2\/3&#8243;][\/vc_column_inner][vc_column_inner width=&#8221;1\/3&#8243;][\/vc_column_inner][\/vc_row_inner][\/vc_column][\/vc_row][\/vc_section]<\/p>\n<\/div>","protected":false},"excerpt":{"rendered":"<p>[vc_section][vc_row][vc_column width=&#8221;1\/6&#8243;][vc_single_image image=&#8221;14723&#8243; img_size=&#8221;large&#8221; alignment=&#8221;center&#8221; css=&#8221;&#8221;][vc_empty_space][vc_column_text css=&#8221;&#8221;]Seray Z\u0131k[\/vc_column_text][vc_empty_space height=&#8221;16px&#8221;][vc_column_text css=&#8221;&#8221;]Peyzaj Mimarl\u0131\u011f\u0131 \u0130stanbul Teknik \u00dcniversitesi \u00a0 Bahar 2025 Dan\u0131\u015fman: Deniz Aslan &#8211; Elif \u00c7elik[\/vc_column_text][vc_empty_space][vc_row_inner][vc_column_inner width=&#8221;1\/4&#8243;][\/vc_column_inner][vc_column_inner width=&#8221;1\/4&#8243;][vc_icon icon_fontawesome=&#8221;fa fa-brands fa-linkedin&#8221; color=&#8221;chino&#8221; size=&#8221;xs&#8221; [&hellip;]<\/p>\n","protected":false},"author":11,"featured_media":0,"parent":0,"menu_order":0,"comment_status":"closed","ping_status":"closed","template":"","meta":{"_acf_changed":false,"_seopress_robots_primary_cat":"","_seopress_titles_title":"AURA Alumni: Seray Z\u0131k","_seopress_titles_desc":"2025 Bahar Do\u0308nemi\u2019nde \u201cAras\u0327t\u0131rma Tabanl\u0131 Tasar\u0131m Stu\u0308dyosu\u201dnda, kat\u0131l\u0131mc\u0131lar\u0131m\u0131z, Deniz Aslan ve Elif \u00c7elik y\u00fcr\u00fct\u00fcc\u00fcl\u00fc\u011f\u00fcndeki st\u00fcdyoda Heterotopya: Bir Kentin Hikayesi temas\u0131na odakland\u0131.","_seopress_robots_index":"","_price":"","_stock":"","_tribe_ticket_header":"","_tribe_default_ticket_provider":"","_tribe_ticket_capacity":"0","_ticket_start_date":"","_ticket_end_date":"","_tribe_ticket_show_description":"","_tribe_ticket_show_not_going":false,"_tribe_ticket_use_global_stock":"","_tribe_ticket_global_stock_level":"","_global_stock_mode":"","_global_stock_cap":"","_tribe_rsvp_for_event":"","_tribe_ticket_going_count":"","_tribe_ticket_not_going_count":"","_tribe_tickets_list":"[]","_tribe_ticket_has_attendee_info_fields":false,"_EventAllDay":false,"_EventTimezone":"","_EventStartDate":"","_EventEndDate":"","_EventStartDateUTC":"","_EventEndDateUTC":"","_EventShowMap":false,"_EventShowMapLink":false,"_EventURL":"","_EventCost":"","_EventCostDescription":"","_EventCurrencySymbol":"","_EventCurrencyCode":"","_EventCurrencyPosition":"","_EventDateTimeSeparator":"","_EventTimeRangeSeparator":"","_EventOrganizerID":[],"_EventVenueID":[],"_OrganizerEmail":"","_OrganizerPhone":"","_OrganizerWebsite":"","_VenueAddress":"","_VenueCity":"","_VenueCountry":"","_VenueProvince":"","_VenueState":"","_VenueZip":"","_VenuePhone":"","_VenueURL":"","_VenueStateProvince":"","_VenueLat":"","_VenueLng":"","_VenueShowMap":false,"_VenueShowMapLink":false,"footnotes":"","_tec_slr_enabled":"","_tec_slr_layout":""},"class_list":["post-14985","page","type-page","status-publish","hentry"],"acf":[],"ticketed":false,"_links":{"self":[{"href":"https:\/\/aura-istanbul.com\/index.php\/wp-json\/wp\/v2\/pages\/14985","targetHints":{"allow":["GET"]}}],"collection":[{"href":"https:\/\/aura-istanbul.com\/index.php\/wp-json\/wp\/v2\/pages"}],"about":[{"href":"https:\/\/aura-istanbul.com\/index.php\/wp-json\/wp\/v2\/types\/page"}],"author":[{"embeddable":true,"href":"https:\/\/aura-istanbul.com\/index.php\/wp-json\/wp\/v2\/users\/11"}],"replies":[{"embeddable":true,"href":"https:\/\/aura-istanbul.com\/index.php\/wp-json\/wp\/v2\/comments?post=14985"}],"version-history":[{"count":1,"href":"https:\/\/aura-istanbul.com\/index.php\/wp-json\/wp\/v2\/pages\/14985\/revisions"}],"predecessor-version":[{"id":14991,"href":"https:\/\/aura-istanbul.com\/index.php\/wp-json\/wp\/v2\/pages\/14985\/revisions\/14991"}],"wp:attachment":[{"href":"https:\/\/aura-istanbul.com\/index.php\/wp-json\/wp\/v2\/media?parent=14985"}],"curies":[{"name":"wp","href":"https:\/\/api.w.org\/{rel}","templated":true}]}}