{"id":14993,"date":"2025-09-10T17:34:09","date_gmt":"2025-09-10T14:34:09","guid":{"rendered":"https:\/\/aura-istanbul.com\/?page_id=14993"},"modified":"2025-09-10T17:34:09","modified_gmt":"2025-09-10T14:34:09","slug":"aura-alumni-sude-naz-gun","status":"publish","type":"page","link":"https:\/\/aura-istanbul.com\/index.php\/aura-alumni-sude-naz-gun\/","title":{"rendered":"AURA Alumni: Sude Naz G\u00fcn"},"content":{"rendered":"<div class=\"wpb-content-wrapper\"><p>[vc_section][vc_row][vc_column width=&#8221;1\/6&#8243;][vc_single_image image=&#8221;14724&#8243; img_size=&#8221;large&#8221; alignment=&#8221;center&#8221; css=&#8221;&#8221;][vc_empty_space][vc_column_text css=&#8221;&#8221;]<strong>Sude Naz G\u00fcn<\/strong>[\/vc_column_text][vc_empty_space height=&#8221;16px&#8221;][vc_column_text css=&#8221;&#8221;]Mimarl\u0131k<br \/>\nPolitecnico di Torino<\/p>\n<p><span data-sheets-root=\"1\">\u00a0<\/span><\/p>\n<p>Bahar 2025<br \/>\nDan\u0131\u015fman: Deniz Aslan &#8211; Elif \u00c7elik[\/vc_column_text][vc_empty_space][vc_row_inner][vc_column_inner width=&#8221;1\/4&#8243;][\/vc_column_inner][vc_column_inner width=&#8221;1\/4&#8243;][vc_icon icon_fontawesome=&#8221;fa fa-brands fa-linkedin&#8221; color=&#8221;chino&#8221; size=&#8221;xs&#8221; css=&#8221;&#8221; link=&#8221;url:https%3A%2F%2Fwww.linkedin.com%2Fin%2Fsude-naz-g%25C3%25BCn-6668452a5%2F&#8221;][\/vc_column_inner][vc_column_inner width=&#8221;1\/4&#8243;][\/vc_column_inner][vc_column_inner width=&#8221;1\/4&#8243;][\/vc_column_inner][\/vc_row_inner][\/vc_column][vc_column width=&#8221;2\/3&#8243;][vc_empty_space][vc_column_text css=&#8221;&#8221;]<\/p>\n<p style=\"text-align: left;\"><strong>Heterotopya, Sim\u00fclasyon ve Direni\u015f: <\/strong><strong>Gelece\u011fin Fikirtepe\u2019sinde Mek\u00e2n\u0131n <\/strong><strong>Yeniden Kurgulan\u0131\u015f\u0131<\/strong><\/p>\n<p>[\/vc_column_text][vc_empty_space][vc_column_text css=&#8221;&#8221;]Bu \u00e7al\u0131\u015fma, Michel Foucault\u2019nun \u201cheterotopya\u201d kavram\u0131 ekseninde \u0130stanbul Fikirtepe\u2019deki kentsel d\u00f6n\u00fc\u015f\u00fcm s\u00fcrecini ele al\u0131r. Heterotopya; sistemin d\u0131\u015f\u0131nda ama ona biti\u015fik, \u201c\u00f6teki\u201d mek\u00e2nlar\u0131 tan\u0131mlar. Fikirtepe, uzun y\u0131llar boyunca gecekondu k\u00fclt\u00fcr\u00fc ve dayan\u0131\u015fmac\u0131 yap\u0131s\u0131yla bu tan\u0131m\u0131 kar\u015f\u0131lam\u0131\u015f; kendi toplumsal ve ekonomik dinamikleriyle var olmu\u015ftur.<\/p>\n<p>Ancak 2010\u2019lardan itibaren ba\u015flayan d\u00f6n\u00fc\u015f\u00fcmle, bu \u00f6zg\u00fcn yap\u0131 yerini izole, y\u00fcksek katl\u0131 ve g\u00fcvenlikli ya\u015fam alanlar\u0131na b\u0131rakm\u0131\u015f; kolektif haf\u0131za, kamusal alanlar ve mek\u00e2nsal adalet yok olmu\u015ftur. G\u00fcne\u015f \u0131\u015f\u0131\u011f\u0131, hava kalitesi ve kamusal mek\u00e2nlara eri\u015fim gibi unsurlar \u00fczerinden s\u0131n\u0131fsal farklar mek\u00e2nsal olarak yeniden \u00fcretilmi\u015ftir.<\/p>\n<p>2075\u2019e dair \u00f6ng\u00f6r\u00fclen gelecekte ise Fikirtepe; yapay zek\u00e2 kontroll\u00fc, veri odakl\u0131 ve biyosibernetik sistemlerle donat\u0131lm\u0131\u015f steril bir kente d\u00f6n\u00fc\u015f\u00fcr. Ancak bu d\u00fczene kar\u015f\u0131, ge\u00e7mi\u015fin haf\u0131zas\u0131n\u0131 sahiplenen siber-hacker gruplar yeni bir direni\u015f k\u00fclt\u00fcr\u00fc geli\u015ftirir. B\u00f6ylece mek\u00e2n, sadece \u00e7at\u0131\u015fman\u0131n de\u011fil, yeniden do\u011fu\u015fun da alan\u0131 haline gelir.<\/p>\n<p>Bu d\u00f6n\u00fc\u015f\u00fcm sadece fiziksel yap\u0131y\u0131 de\u011fil, ayn\u0131 zamanda Fikirtepe\u2019nin g\u00fcndelik ya\u015fam pratiklerini, aidiyet duygusunu ve kimli\u011fini de d\u00f6n\u00fc\u015ft\u00fcrm\u00fc\u015ft\u00fcr. Yeni in\u015fa edilen yap\u0131lar, ge\u00e7mi\u015fle ba\u011f kurmayan steril mimarileriyle mahalle k\u00fclt\u00fcr\u00fcn\u00fc silikle\u015ftirirken; eski sakinlerin \u00f6nemli bir k\u0131sm\u0131 yerinden edilmi\u015f, sosyo-k\u00fclt\u00fcrel s\u00fcreklilik kesintiye u\u011fram\u0131\u015ft\u0131r. Bu durum, sadece bir kentsel d\u00f6n\u00fc\u015f\u00fcm de\u011fil, ayn\u0131 zamanda bir haf\u0131za ve kimlik kayb\u0131 olarak da okunabilir. Dolay\u0131s\u0131yla Fikirtepe \u00f6rne\u011fi, mek\u00e2n\u0131n sadece fiziksel de\u011fil, ayn\u0131 zamanda politik ve duyusal bir m\u00fccadele alan\u0131 oldu\u011funu ortaya koyar.[\/vc_column_text][vc_empty_space][vc_gallery interval=&#8221;10&#8243; images=&#8221;14995,14996,14997,14998,14999&#8243; img_size=&#8221;full&#8221; css=&#8221;&#8221;][vc_empty_space][\/vc_column][vc_column width=&#8221;1\/6&#8243;][vc_single_image image=&#8221;14994&#8243; img_size=&#8221;FULL&#8221; alignment=&#8221;center&#8221; style=&#8221;vc_box_border&#8221; css=&#8221;&#8221;][vc_empty_space height=&#8221;16px&#8221;][vc_row_inner][vc_column_inner][vc_column_text][\/vc_column_text][vc_column_text][\/vc_column_text][\/vc_column_inner][\/vc_row_inner][vc_row_inner][vc_column_inner width=&#8221;2\/3&#8243;][\/vc_column_inner][vc_column_inner width=&#8221;1\/3&#8243;][\/vc_column_inner][\/vc_row_inner][\/vc_column][\/vc_row][\/vc_section]<\/p>\n<\/div>","protected":false},"excerpt":{"rendered":"<p>[vc_section][vc_row][vc_column width=&#8221;1\/6&#8243;][vc_single_image image=&#8221;14724&#8243; img_size=&#8221;large&#8221; alignment=&#8221;center&#8221; css=&#8221;&#8221;][vc_empty_space][vc_column_text css=&#8221;&#8221;]Sude Naz G\u00fcn[\/vc_column_text][vc_empty_space height=&#8221;16px&#8221;][vc_column_text css=&#8221;&#8221;]Mimarl\u0131k Politecnico di Torino \u00a0 Bahar 2025 Dan\u0131\u015fman: Deniz Aslan &#8211; Elif \u00c7elik[\/vc_column_text][vc_empty_space][vc_row_inner][vc_column_inner width=&#8221;1\/4&#8243;][\/vc_column_inner][vc_column_inner width=&#8221;1\/4&#8243;][vc_icon icon_fontawesome=&#8221;fa fa-brands fa-linkedin&#8221; color=&#8221;chino&#8221; size=&#8221;xs&#8221; [&hellip;]<\/p>\n","protected":false},"author":11,"featured_media":0,"parent":0,"menu_order":0,"comment_status":"closed","ping_status":"closed","template":"","meta":{"_acf_changed":false,"_seopress_robots_primary_cat":"","_seopress_titles_title":"AURA Alumni: Sude Naz G\u00fcn","_seopress_titles_desc":"2025 Bahar Do\u0308nemi\u2019nde \u201cAras\u0327t\u0131rma Tabanl\u0131 Tasar\u0131m Stu\u0308dyosu\u201dnda, kat\u0131l\u0131mc\u0131lar\u0131m\u0131z, Deniz Aslan ve Elif \u00c7elik y\u00fcr\u00fct\u00fcc\u00fcl\u00fc\u011f\u00fcndeki st\u00fcdyoda Heterotopya: Bir Kentin Hikayesi temas\u0131na odakland\u0131.","_seopress_robots_index":"","_price":"","_stock":"","_tribe_ticket_header":"","_tribe_default_ticket_provider":"","_tribe_ticket_capacity":"0","_ticket_start_date":"","_ticket_end_date":"","_tribe_ticket_show_description":"","_tribe_ticket_show_not_going":false,"_tribe_ticket_use_global_stock":"","_tribe_ticket_global_stock_level":"","_global_stock_mode":"","_global_stock_cap":"","_tribe_rsvp_for_event":"","_tribe_ticket_going_count":"","_tribe_ticket_not_going_count":"","_tribe_tickets_list":"[]","_tribe_ticket_has_attendee_info_fields":false,"_EventAllDay":false,"_EventTimezone":"","_EventStartDate":"","_EventEndDate":"","_EventStartDateUTC":"","_EventEndDateUTC":"","_EventShowMap":false,"_EventShowMapLink":false,"_EventURL":"","_EventCost":"","_EventCostDescription":"","_EventCurrencySymbol":"","_EventCurrencyCode":"","_EventCurrencyPosition":"","_EventDateTimeSeparator":"","_EventTimeRangeSeparator":"","_EventOrganizerID":[],"_EventVenueID":[],"_OrganizerEmail":"","_OrganizerPhone":"","_OrganizerWebsite":"","_VenueAddress":"","_VenueCity":"","_VenueCountry":"","_VenueProvince":"","_VenueState":"","_VenueZip":"","_VenuePhone":"","_VenueURL":"","_VenueStateProvince":"","_VenueLat":"","_VenueLng":"","_VenueShowMap":false,"_VenueShowMapLink":false,"footnotes":"","_tec_slr_enabled":"","_tec_slr_layout":""},"class_list":["post-14993","page","type-page","status-publish","hentry"],"acf":[],"ticketed":false,"_links":{"self":[{"href":"https:\/\/aura-istanbul.com\/index.php\/wp-json\/wp\/v2\/pages\/14993","targetHints":{"allow":["GET"]}}],"collection":[{"href":"https:\/\/aura-istanbul.com\/index.php\/wp-json\/wp\/v2\/pages"}],"about":[{"href":"https:\/\/aura-istanbul.com\/index.php\/wp-json\/wp\/v2\/types\/page"}],"author":[{"embeddable":true,"href":"https:\/\/aura-istanbul.com\/index.php\/wp-json\/wp\/v2\/users\/11"}],"replies":[{"embeddable":true,"href":"https:\/\/aura-istanbul.com\/index.php\/wp-json\/wp\/v2\/comments?post=14993"}],"version-history":[{"count":1,"href":"https:\/\/aura-istanbul.com\/index.php\/wp-json\/wp\/v2\/pages\/14993\/revisions"}],"predecessor-version":[{"id":15000,"href":"https:\/\/aura-istanbul.com\/index.php\/wp-json\/wp\/v2\/pages\/14993\/revisions\/15000"}],"wp:attachment":[{"href":"https:\/\/aura-istanbul.com\/index.php\/wp-json\/wp\/v2\/media?parent=14993"}],"curies":[{"name":"wp","href":"https:\/\/api.w.org\/{rel}","templated":true}]}}