{"id":15010,"date":"2025-09-12T16:06:30","date_gmt":"2025-09-12T13:06:30","guid":{"rendered":"https:\/\/aura-istanbul.com\/?page_id=15010"},"modified":"2025-09-12T16:06:30","modified_gmt":"2025-09-12T13:06:30","slug":"aura-alumni-tuba-buran","status":"publish","type":"page","link":"https:\/\/aura-istanbul.com\/index.php\/aura-alumni-tuba-buran\/","title":{"rendered":"AURA Alumni: Tuba Buran"},"content":{"rendered":"<div class=\"wpb-content-wrapper\"><p>[vc_section][vc_row][vc_column width=&#8221;1\/6&#8243;][vc_single_image image=&#8221;14726&#8243; img_size=&#8221;large&#8221; alignment=&#8221;center&#8221; css=&#8221;&#8221;][vc_empty_space][vc_column_text css=&#8221;&#8221;]<strong>Tuba Buran<\/strong>[\/vc_column_text][vc_empty_space height=&#8221;16px&#8221;][vc_column_text css=&#8221;&#8221;]Mimarl\u0131k<br \/>\n\u00d6zye\u011fin \u00dcniversitesi<\/p>\n<p><span data-sheets-root=\"1\">\u00a0<\/span><\/p>\n<p>Bahar 2025<br \/>\nDan\u0131\u015fman: Deniz Aslan &#8211; Elif \u00c7elik[\/vc_column_text][vc_empty_space][vc_row_inner][vc_column_inner width=&#8221;1\/4&#8243;][\/vc_column_inner][vc_column_inner width=&#8221;1\/4&#8243;][vc_icon icon_fontawesome=&#8221;fa fa-brands fa-linkedin&#8221; color=&#8221;chino&#8221; size=&#8221;xs&#8221; css=&#8221;&#8221; link=&#8221;url:https%3A%2F%2Fwww.linkedin.com%2Fin%2Ftuba-buran-370b10237%2F&#8221;][\/vc_column_inner][vc_column_inner width=&#8221;1\/4&#8243;][\/vc_column_inner][vc_column_inner width=&#8221;1\/4&#8243;][\/vc_column_inner][\/vc_row_inner][\/vc_column][vc_column width=&#8221;2\/3&#8243;][vc_empty_space][vc_column_text css=&#8221;&#8221;]<\/p>\n<p style=\"text-align: left;\"><strong>Kente Tutunmak: Atat\u00fcrk Oto Sanayi<\/strong><\/p>\n<p>[\/vc_column_text][vc_empty_space][vc_column_text css=&#8221;&#8221;]Bu \u00e7al\u0131\u015fma, \u0130stanbul\u2019un Maslak b\u00f6lgesinde yer alan Atat\u00fcrk Oto Sanayi Sitesi\u2019nin mevcut mek\u00e2nsal yap\u0131s\u0131, sosyal dinamikleri ve kentsel d\u00f6n\u00fc\u015f\u00fcm s\u00fcre\u00e7leri kar\u015f\u0131s\u0131ndaki potansiyelini ele alarak alana y\u00f6nelik tasar\u0131m temelli mek\u00e2nsal \u00f6neriler geli\u015ftirmeyi ama\u00e7lamaktad\u0131r. Proje s\u00fcrecinde alan\u0131n tarihsel geli\u015fimi, kullan\u0131c\u0131 profili ve mevcut i\u015flevsel \u00e7e\u015fitlili\u011fi dikkate al\u0131nm\u0131\u015f; \u00fcretim, sosyalle\u015fme, k\u00fclt\u00fcrel ve sanatsal faaliyetler, kolektiflik ve do\u011fayla i\u00e7 i\u00e7e olabilme odakl\u0131 mek\u00e2nsal stratejiler olu\u015fturulmu\u015ftur.<\/p>\n<p>Atat\u00fcrk Oto Sanayi, kuruldu\u011fu tarihten g\u00fcn\u00fcm\u00fcze kadar olan s\u00fcre\u00e7te yaln\u0131zca otomotiv sekt\u00f6r\u00fcne hizmet veren bir sanayi alan\u0131 olmaktan \u00e7\u0131km\u0131\u015f; farkl\u0131 \u00fcretim bi\u00e7imlerinin, k\u00fclt\u00fcrel faaliyetlerin ve sosyal etkile\u015fimlerin bir arada var oldu\u011fu \u00e7ok i\u015flevli ve \u00e7ok katmanl\u0131 bir mek\u00e2na d\u00f6n\u00fc\u015fm\u00fc\u015ft\u00fcr. Mevcut durumda oto tamir at\u00f6lyeleri, ara\u00e7 sat\u0131\u015f ve kiralama birimleri, motosiklet servisleri ve metal i\u015fleme at\u00f6lyeleri gibi \u00fcretime dayal\u0131 kullan\u0131mlar\u0131n yan\u0131 s\u0131ra; sanat galerileri, tasar\u0131m ve sanat at\u00f6lyeleri, film, foto\u011fraf ve m\u00fczik st\u00fcdyolar\u0131 ile kafe ve restoranlar gibi k\u00fclt\u00fcrel ve sosyal i\u015flevler de alanda yer almaktad\u0131r.<\/p>\n<p>\u00c7al\u0131\u015fma, Michel Foucault\u2019nun heterotopya kavram\u0131, Henri Lefebvre\u2019nin \u00dc\u00e7l\u00fc Mek\u00e2n Kuram\u0131 ile diren\u00e7li mek\u00e2n fikri ve Stavros Stavrides\u2019in ge\u00e7irgen mek\u00e2nlar yakla\u015f\u0131m\u0131 do\u011frultusunda kuramsal bir \u00e7er\u00e7eveye oturtulmu\u015ftur. Bu \u00e7er\u00e7eve, alan\u0131n \u00e7ok i\u015flevli yap\u0131s\u0131n\u0131, kullan\u0131c\u0131 pratiklerini ve mek\u00e2nsal potansiyellerini de\u011ferlendirme s\u00fcrecinde yol g\u00f6sterici olmu\u015ftur.<\/p>\n<p>Kentsel d\u00f6n\u00fc\u015f\u00fcm bask\u0131lar\u0131 ve mek\u00e2nsal tehditler kar\u015f\u0131s\u0131nda geli\u015ftirilen tasar\u0131m \u00f6nerileri; yerinde d\u00f6n\u00fc\u015f\u00fcm, \u00e7ok i\u015flevlilik, kolektif \u00fcretim, sosyal dayan\u0131\u015fma ve ekolojik b\u00fct\u00fcnle\u015fme ilkeleri do\u011frultusunda \u015fekillendirilmi\u015ftir. \u0130\u00e7erik bu ilkeler do\u011frultusunda \u00fcretilmi\u015f mek\u00e2nsal yakla\u015f\u0131mlar\u0131, tasar\u0131m stratejilerini ve \u00f6nerilen m\u00fcdahale alanlar\u0131n\u0131 kapsamaktad\u0131r.[\/vc_column_text][vc_empty_space][vc_gallery interval=&#8221;10&#8243; images=&#8221;15012,15013,15014,15015,15016,15017&#8243; img_size=&#8221;full&#8221; css=&#8221;&#8221;][vc_empty_space][\/vc_column][vc_column width=&#8221;1\/6&#8243;][vc_single_image image=&#8221;14847&#8243; img_size=&#8221;FULL&#8221; alignment=&#8221;center&#8221; style=&#8221;vc_box_border&#8221; css=&#8221;&#8221;][vc_empty_space height=&#8221;16px&#8221;][vc_row_inner][vc_column_inner][vc_column_text][\/vc_column_text][vc_column_text][\/vc_column_text][\/vc_column_inner][\/vc_row_inner][vc_row_inner][vc_column_inner width=&#8221;2\/3&#8243;][\/vc_column_inner][vc_column_inner width=&#8221;1\/3&#8243;][\/vc_column_inner][\/vc_row_inner][\/vc_column][\/vc_row][\/vc_section]<\/p>\n<\/div>","protected":false},"excerpt":{"rendered":"<p>[vc_section][vc_row][vc_column width=&#8221;1\/6&#8243;][vc_single_image image=&#8221;14726&#8243; img_size=&#8221;large&#8221; alignment=&#8221;center&#8221; css=&#8221;&#8221;][vc_empty_space][vc_column_text css=&#8221;&#8221;]Tuba Buran[\/vc_column_text][vc_empty_space height=&#8221;16px&#8221;][vc_column_text css=&#8221;&#8221;]Mimarl\u0131k \u00d6zye\u011fin \u00dcniversitesi \u00a0 Bahar 2025 Dan\u0131\u015fman: Deniz Aslan &#8211; Elif \u00c7elik[\/vc_column_text][vc_empty_space][vc_row_inner][vc_column_inner width=&#8221;1\/4&#8243;][\/vc_column_inner][vc_column_inner width=&#8221;1\/4&#8243;][vc_icon icon_fontawesome=&#8221;fa fa-brands fa-linkedin&#8221; color=&#8221;chino&#8221; size=&#8221;xs&#8221; css=&#8221;&#8221; link=&#8221;url:https%3A%2F%2Fwww.linkedin.com%2Fin%2Ftuba-buran-370b10237%2F&#8221;][\/vc_column_inner][vc_column_inner [&hellip;]<\/p>\n","protected":false},"author":11,"featured_media":0,"parent":0,"menu_order":0,"comment_status":"closed","ping_status":"closed","template":"","meta":{"_acf_changed":false,"_seopress_robots_primary_cat":"","_seopress_titles_title":"AURA Alumni: Tuba Buran","_seopress_titles_desc":"2025 Bahar Do\u0308nemi\u2019nde \u201cAras\u0327t\u0131rma Tabanl\u0131 Tasar\u0131m Stu\u0308dyosu\u201dnda, kat\u0131l\u0131mc\u0131lar\u0131m\u0131z, Deniz Aslan ve Elif \u00c7elik y\u00fcr\u00fct\u00fcc\u00fcl\u00fc\u011f\u00fcndeki st\u00fcdyoda Heterotopya: Bir Kentin Hikayesi temas\u0131na odakland\u0131.","_seopress_robots_index":"","_price":"","_stock":"","_tribe_ticket_header":"","_tribe_default_ticket_provider":"","_tribe_ticket_capacity":"0","_ticket_start_date":"","_ticket_end_date":"","_tribe_ticket_show_description":"","_tribe_ticket_show_not_going":false,"_tribe_ticket_use_global_stock":"","_tribe_ticket_global_stock_level":"","_global_stock_mode":"","_global_stock_cap":"","_tribe_rsvp_for_event":"","_tribe_ticket_going_count":"","_tribe_ticket_not_going_count":"","_tribe_tickets_list":"[]","_tribe_ticket_has_attendee_info_fields":false,"_EventAllDay":false,"_EventTimezone":"","_EventStartDate":"","_EventEndDate":"","_EventStartDateUTC":"","_EventEndDateUTC":"","_EventShowMap":false,"_EventShowMapLink":false,"_EventURL":"","_EventCost":"","_EventCostDescription":"","_EventCurrencySymbol":"","_EventCurrencyCode":"","_EventCurrencyPosition":"","_EventDateTimeSeparator":"","_EventTimeRangeSeparator":"","_EventOrganizerID":[],"_EventVenueID":[],"_OrganizerEmail":"","_OrganizerPhone":"","_OrganizerWebsite":"","_VenueAddress":"","_VenueCity":"","_VenueCountry":"","_VenueProvince":"","_VenueState":"","_VenueZip":"","_VenuePhone":"","_VenueURL":"","_VenueStateProvince":"","_VenueLat":"","_VenueLng":"","_VenueShowMap":false,"_VenueShowMapLink":false,"footnotes":"","_tec_slr_enabled":"","_tec_slr_layout":""},"class_list":["post-15010","page","type-page","status-publish","hentry"],"acf":[],"ticketed":false,"_links":{"self":[{"href":"https:\/\/aura-istanbul.com\/index.php\/wp-json\/wp\/v2\/pages\/15010","targetHints":{"allow":["GET"]}}],"collection":[{"href":"https:\/\/aura-istanbul.com\/index.php\/wp-json\/wp\/v2\/pages"}],"about":[{"href":"https:\/\/aura-istanbul.com\/index.php\/wp-json\/wp\/v2\/types\/page"}],"author":[{"embeddable":true,"href":"https:\/\/aura-istanbul.com\/index.php\/wp-json\/wp\/v2\/users\/11"}],"replies":[{"embeddable":true,"href":"https:\/\/aura-istanbul.com\/index.php\/wp-json\/wp\/v2\/comments?post=15010"}],"version-history":[{"count":2,"href":"https:\/\/aura-istanbul.com\/index.php\/wp-json\/wp\/v2\/pages\/15010\/revisions"}],"predecessor-version":[{"id":15018,"href":"https:\/\/aura-istanbul.com\/index.php\/wp-json\/wp\/v2\/pages\/15010\/revisions\/15018"}],"wp:attachment":[{"href":"https:\/\/aura-istanbul.com\/index.php\/wp-json\/wp\/v2\/media?parent=15010"}],"curies":[{"name":"wp","href":"https:\/\/api.w.org\/{rel}","templated":true}]}}