{"id":15028,"date":"2025-09-12T16:26:53","date_gmt":"2025-09-12T13:26:53","guid":{"rendered":"https:\/\/aura-istanbul.com\/?page_id=15028"},"modified":"2025-09-12T16:26:53","modified_gmt":"2025-09-12T13:26:53","slug":"aura-alumni-zubeyde-apdik","status":"publish","type":"page","link":"https:\/\/aura-istanbul.com\/index.php\/aura-alumni-zubeyde-apdik\/","title":{"rendered":"AURA Alumni: Z\u00fcbeyde Apdik"},"content":{"rendered":"<div class=\"wpb-content-wrapper\"><p>[vc_section][vc_row][vc_column width=&#8221;1\/6&#8243;][vc_single_image image=&#8221;14728&#8243; img_size=&#8221;large&#8221; alignment=&#8221;center&#8221; css=&#8221;&#8221;][vc_empty_space][vc_column_text css=&#8221;&#8221;]<strong>Z\u00fcbeyde Apdik<\/strong>[\/vc_column_text][vc_empty_space height=&#8221;16px&#8221;][vc_column_text css=&#8221;&#8221;]Mimarl\u0131k<br \/>\nDo\u011fu\u015f \u00dcniversitesi<\/p>\n<p><span data-sheets-root=\"1\">\u00a0<\/span><\/p>\n<p>Bahar 2025<br \/>\nDan\u0131\u015fman: Deniz Aslan &#8211; Elif \u00c7elik[\/vc_column_text][vc_empty_space][vc_row_inner][vc_column_inner width=&#8221;1\/4&#8243;][\/vc_column_inner][vc_column_inner width=&#8221;1\/4&#8243;][vc_icon icon_fontawesome=&#8221;fa fa-brands fa-linkedin&#8221; color=&#8221;chino&#8221; size=&#8221;xs&#8221; css=&#8221;&#8221; link=&#8221;url:https%3A%2F%2Fwww.linkedin.com%2Fin%2Fzubeydeapdik%2F&#8221;][\/vc_column_inner][vc_column_inner width=&#8221;1\/4&#8243;][\/vc_column_inner][vc_column_inner width=&#8221;1\/4&#8243;][\/vc_column_inner][\/vc_row_inner][\/vc_column][vc_column width=&#8221;2\/3&#8243;][vc_empty_space][vc_column_text css=&#8221;&#8221;]<\/p>\n<p style=\"text-align: left;\"><strong>Kopan S\u00fcreklilik \u00dczerine Bir Diki\u015f Denemesi: Kuzey Ormanlar\u0131<\/strong><\/p>\n<p>[\/vc_column_text][vc_empty_space][vc_column_text css=&#8221;&#8221;]\u201cYou and the tree in your backyard come from a common ancestor. A billion and a half years ago, the two of you parted ways. But even now, after an immense journey in separate directions, that tree and you still share a quarter of your genes&#8230;\u201d<\/p>\n<p>\u2014 Richard Powers, The Overstory<\/p>\n<p>Bu al\u0131nt\u0131, insanla do\u011fa aras\u0131ndaki eski ama unutulmu\u015f ba\u011f\u0131 hat\u0131rlat\u0131r. Farkl\u0131 y\u00f6nlere savrulmu\u015f olsak da, ortak ge\u00e7mi\u015fimiz bedenimizde h\u00e2l\u00e2 ya\u015famaktad\u0131r. Ancak do\u011fadan uzakla\u015ft\u0131k\u00e7a, \u00f6z\u00fcm\u00fczden de kopar\u0131z.<\/p>\n<p>Bug\u00fcn\u00fcn kentleri, k\u0131rsal\u0131 yutarak b\u00fcy\u00fcyor; altyap\u0131 projeleri ise do\u011fa dokusuna metastaz gibi yay\u0131l\u0131yor. Ba\u015fta \u00f6nemsiz g\u00f6r\u00fcnen bu m\u00fcdahaleler, zamanla ekolojik s\u0131n\u0131rlar\u0131 a\u015f\u0131nd\u0131r\u0131p do\u011fay\u0131 tan\u0131nmaz hale getiriyor. Kentin dokusu i\u00e7inde h\u0131zla \u00e7o\u011falan bu sistemler, ekosistemleri b\u00f6l\u00fcp dengeleri bozarken, mek\u00e2nsal s\u00fcreklili\u011fi de par\u00e7alayarak do\u011fay\u0131 g\u00f6r\u00fcnmezle\u015ftiriyor.<\/p>\n<p>Bu proje, \u00f6zellikle \u0130stanbul\u2019un kuzey ormanlar\u0131nda ya\u015fanan bu par\u00e7alanmay\u0131 merkezine al\u0131r. Kentin yay\u0131lmac\u0131 politikalar\u0131yla ba\u011flam\u0131ndan kopar\u0131lan bu alanlar, yaln\u0131zca fiziksel de\u011fil, ili\u015fkisel olarak da \u00f6tekile\u015fmi\u015ftir. Do\u011fayla kurulan ba\u011flar\u0131n zay\u0131flamas\u0131, insan\u0131n yerle kurdu\u011fu ili\u015fkiyi de silikle\u015ftirir. Bu \u00e7al\u0131\u015fma, bu k\u0131r\u0131lgan alanlar\u0131 yeniden d\u00fc\u015f\u00fcnmeyi, iyile\u015ftirmeyi ve do\u011fayla kent aras\u0131nda yeni ba\u011flar kurmay\u0131 ama\u00e7lar.[\/vc_column_text][vc_empty_space][vc_gallery interval=&#8221;10&#8243; images=&#8221;15031,15032,15033,15034,15035&#8243; img_size=&#8221;full&#8221; css=&#8221;&#8221;][vc_empty_space][\/vc_column][vc_column width=&#8221;1\/6&#8243;][vc_single_image image=&#8221;14851&#8243; img_size=&#8221;FULL&#8221; alignment=&#8221;center&#8221; style=&#8221;vc_box_border&#8221; css=&#8221;&#8221;][vc_empty_space height=&#8221;16px&#8221;][vc_row_inner][vc_column_inner][vc_column_text][\/vc_column_text][vc_column_text][\/vc_column_text][\/vc_column_inner][\/vc_row_inner][vc_row_inner][vc_column_inner width=&#8221;2\/3&#8243;][\/vc_column_inner][vc_column_inner width=&#8221;1\/3&#8243;][\/vc_column_inner][\/vc_row_inner][\/vc_column][\/vc_row][\/vc_section]<\/p>\n<\/div>","protected":false},"excerpt":{"rendered":"<p>[vc_section][vc_row][vc_column width=&#8221;1\/6&#8243;][vc_single_image image=&#8221;14728&#8243; img_size=&#8221;large&#8221; alignment=&#8221;center&#8221; css=&#8221;&#8221;][vc_empty_space][vc_column_text css=&#8221;&#8221;]Z\u00fcbeyde Apdik[\/vc_column_text][vc_empty_space height=&#8221;16px&#8221;][vc_column_text css=&#8221;&#8221;]Mimarl\u0131k Do\u011fu\u015f \u00dcniversitesi \u00a0 Bahar 2025 Dan\u0131\u015fman: Deniz Aslan &#8211; Elif \u00c7elik[\/vc_column_text][vc_empty_space][vc_row_inner][vc_column_inner width=&#8221;1\/4&#8243;][\/vc_column_inner][vc_column_inner width=&#8221;1\/4&#8243;][vc_icon icon_fontawesome=&#8221;fa fa-brands fa-linkedin&#8221; color=&#8221;chino&#8221; size=&#8221;xs&#8221; css=&#8221;&#8221; link=&#8221;url:https%3A%2F%2Fwww.linkedin.com%2Fin%2Fzubeydeapdik%2F&#8221;][\/vc_column_inner][vc_column_inner [&hellip;]<\/p>\n","protected":false},"author":11,"featured_media":0,"parent":0,"menu_order":0,"comment_status":"closed","ping_status":"closed","template":"","meta":{"_acf_changed":false,"_seopress_robots_primary_cat":"","_seopress_titles_title":"AURA Alumni: Z\u00fcbeyde Apdik","_seopress_titles_desc":"2025 Bahar Do\u0308nemi\u2019nde \u201cAras\u0327t\u0131rma Tabanl\u0131 Tasar\u0131m Stu\u0308dyosu\u201dnda, kat\u0131l\u0131mc\u0131lar\u0131m\u0131z, Deniz Aslan ve Elif \u00c7elik y\u00fcr\u00fct\u00fcc\u00fcl\u00fc\u011f\u00fcndeki st\u00fcdyoda Heterotopya: Bir Kentin Hikayesi temas\u0131na odakland\u0131.","_seopress_robots_index":"","_price":"","_stock":"","_tribe_ticket_header":"","_tribe_default_ticket_provider":"","_tribe_ticket_capacity":"0","_ticket_start_date":"","_ticket_end_date":"","_tribe_ticket_show_description":"","_tribe_ticket_show_not_going":false,"_tribe_ticket_use_global_stock":"","_tribe_ticket_global_stock_level":"","_global_stock_mode":"","_global_stock_cap":"","_tribe_rsvp_for_event":"","_tribe_ticket_going_count":"","_tribe_ticket_not_going_count":"","_tribe_tickets_list":"[]","_tribe_ticket_has_attendee_info_fields":false,"_EventAllDay":false,"_EventTimezone":"","_EventStartDate":"","_EventEndDate":"","_EventStartDateUTC":"","_EventEndDateUTC":"","_EventShowMap":false,"_EventShowMapLink":false,"_EventURL":"","_EventCost":"","_EventCostDescription":"","_EventCurrencySymbol":"","_EventCurrencyCode":"","_EventCurrencyPosition":"","_EventDateTimeSeparator":"","_EventTimeRangeSeparator":"","_EventOrganizerID":[],"_EventVenueID":[],"_OrganizerEmail":"","_OrganizerPhone":"","_OrganizerWebsite":"","_VenueAddress":"","_VenueCity":"","_VenueCountry":"","_VenueProvince":"","_VenueState":"","_VenueZip":"","_VenuePhone":"","_VenueURL":"","_VenueStateProvince":"","_VenueLat":"","_VenueLng":"","_VenueShowMap":false,"_VenueShowMapLink":false,"footnotes":"","_tec_slr_enabled":"","_tec_slr_layout":""},"class_list":["post-15028","page","type-page","status-publish","hentry"],"acf":[],"ticketed":false,"_links":{"self":[{"href":"https:\/\/aura-istanbul.com\/index.php\/wp-json\/wp\/v2\/pages\/15028","targetHints":{"allow":["GET"]}}],"collection":[{"href":"https:\/\/aura-istanbul.com\/index.php\/wp-json\/wp\/v2\/pages"}],"about":[{"href":"https:\/\/aura-istanbul.com\/index.php\/wp-json\/wp\/v2\/types\/page"}],"author":[{"embeddable":true,"href":"https:\/\/aura-istanbul.com\/index.php\/wp-json\/wp\/v2\/users\/11"}],"replies":[{"embeddable":true,"href":"https:\/\/aura-istanbul.com\/index.php\/wp-json\/wp\/v2\/comments?post=15028"}],"version-history":[{"count":1,"href":"https:\/\/aura-istanbul.com\/index.php\/wp-json\/wp\/v2\/pages\/15028\/revisions"}],"predecessor-version":[{"id":15036,"href":"https:\/\/aura-istanbul.com\/index.php\/wp-json\/wp\/v2\/pages\/15028\/revisions\/15036"}],"wp:attachment":[{"href":"https:\/\/aura-istanbul.com\/index.php\/wp-json\/wp\/v2\/media?parent=15028"}],"curies":[{"name":"wp","href":"https:\/\/api.w.org\/{rel}","templated":true}]}}