{"id":15248,"date":"2025-10-06T19:52:16","date_gmt":"2025-10-06T16:52:16","guid":{"rendered":"https:\/\/aura-istanbul.com\/?page_id=15248"},"modified":"2025-10-06T21:23:21","modified_gmt":"2025-10-06T18:23:21","slug":"private","status":"publish","type":"page","link":"https:\/\/aura-istanbul.com\/index.php\/private\/","title":{"rendered":"Private"},"content":{"rendered":"<ul class=\"ecs-event-list\"><li class=\"ecs-event\"><h4 class=\"entry-title summary\"><a href=\"https:\/\/aura-istanbul.com\/index.php\/event\/cumartesi-aurasi-omer-selcuk-baz-hayat-oruntuler-ve-olcekler\/\" rel=\"bookmark\">Cumartesi Auras\u0131: \u00d6mer Sel\u00e7uk Baz &#8220;Hayat, \u00d6r\u00fcnt\u00fcler ve \u00d6l\u00e7ekler&#8221;<\/a><\/h4><span class=\"duration time\"><span class=\"tribe-event-date-start\">Nisan 18 @ 14:00<\/span> - <span class=\"tribe-event-time\">16:00<\/span><\/span><\/li><\/ul><script type=\"application\/ld+json\">\r\n[{\"@context\":\"http:\/\/schema.org\",\"@type\":\"Event\",\"name\":\"Cumartesi Auras\\u0131: \\u00d6mer Sel\\u00e7uk Baz &#8220;Hayat, \\u00d6r\\u00fcnt\\u00fcler ve \\u00d6l\\u00e7ekler&#8221;\",\"description\":\"&lt;p&gt;\\u00d6mer Sel\\u00e7uk Baz, &quot;Hayat, \\u00d6r\\u00fcnt\\u00fcler ve \\u00d6l\\u00e7ekler&quot; ba\\u015fl\\u0131kl\\u0131 konu\\u015fmas\\u0131yla AURA \\u0130stanbul\\\\'da! 2017 y\\u0131l\\u0131ndan bu yana herkesin kat\\u0131l\\u0131m\\u0131na a\\u00e7\\u0131k ve \\u00fccretsiz olarak d\\u00fczenlenen Cumartesi Auras\\u0131 disiplinler aras\\u0131 konferans dizisi, 2026 Bahar [&hellip;]&lt;\/p&gt;\\\\n\",\"url\":\"https:\/\/aura-istanbul.com\/index.php\/event\/cumartesi-aurasi-omer-selcuk-baz-hayat-oruntuler-ve-olcekler\/\",\"eventAttendanceMode\":\"https:\/\/schema.org\/OfflineEventAttendanceMode\",\"eventStatus\":\"https:\/\/schema.org\/EventScheduled\",\"startDate\":\"2026-04-18T14:00:00+03:00\",\"endDate\":\"2026-04-18T16:00:00+03:00\",\"performer\":\"Organization\"}]\r\n<\/script><!--\n Event listing powered by The Events Calendar Shortcode\n https:\/\/eventcalendarnewsletter.com\/the-events-calendar-shortcode\/ \n-->\n\n\n\n<p><\/p>\n","protected":false},"excerpt":{"rendered":"\u00d6mer Sel\u00e7uk Baz, \"Hayat, \u00d6r\u00fcnt\u00fcler ve \u00d6l\u00e7ekler\" ba\u015fl\u0131kl\u0131 konu\u015fmas\u0131yla AURA \u0130stanbul'da! 2017 y\u0131l\u0131ndan bu yana herkesin kat\u0131l\u0131m\u0131na a\u00e7\u0131k ve \u00fccretsiz olarak d\u00fczenlenen Cumartesi Auras\u0131 disiplinler aras\u0131 konferans dizisi, 2026 Bahar [...]","protected":false},"author":1,"featured_media":0,"parent":0,"menu_order":0,"comment_status":"open","ping_status":"open","template":"","meta":{"_acf_changed":false,"_seopress_robots_primary_cat":"","_seopress_titles_title":"","_seopress_titles_desc":"","_seopress_robots_index":"","_price":"","_stock":"","_tribe_ticket_header":"","_tribe_default_ticket_provider":"","_tribe_ticket_capacity":"0","_ticket_start_date":"","_ticket_end_date":"","_tribe_ticket_show_description":"","_tribe_ticket_show_not_going":false,"_tribe_ticket_use_global_stock":"","_tribe_ticket_global_stock_level":"","_global_stock_mode":"","_global_stock_cap":"","_tribe_rsvp_for_event":"","_tribe_ticket_going_count":"","_tribe_ticket_not_going_count":"","_tribe_tickets_list":"[]","_tribe_ticket_has_attendee_info_fields":false,"_EventAllDay":false,"_EventTimezone":"","_EventStartDate":"","_EventEndDate":"","_EventStartDateUTC":"","_EventEndDateUTC":"","_EventShowMap":false,"_EventShowMapLink":false,"_EventURL":"","_EventCost":"","_EventCostDescription":"","_EventCurrencySymbol":"","_EventCurrencyCode":"","_EventCurrencyPosition":"","_EventDateTimeSeparator":"","_EventTimeRangeSeparator":"","_EventOrganizerID":[],"_EventVenueID":[],"_OrganizerEmail":"","_OrganizerPhone":"","_OrganizerWebsite":"","_VenueAddress":"","_VenueCity":"","_VenueCountry":"","_VenueProvince":"","_VenueState":"","_VenueZip":"","_VenuePhone":"","_VenueURL":"","_VenueStateProvince":"","_VenueLat":"","_VenueLng":"","_VenueShowMap":false,"_VenueShowMapLink":false,"footnotes":"","_tec_slr_enabled":"","_tec_slr_layout":""},"class_list":["post-15248","page","type-page","status-publish","hentry"],"acf":[],"ticketed":false,"_links":{"self":[{"href":"https:\/\/aura-istanbul.com\/index.php\/wp-json\/wp\/v2\/pages\/15248","targetHints":{"allow":["GET"]}}],"collection":[{"href":"https:\/\/aura-istanbul.com\/index.php\/wp-json\/wp\/v2\/pages"}],"about":[{"href":"https:\/\/aura-istanbul.com\/index.php\/wp-json\/wp\/v2\/types\/page"}],"author":[{"embeddable":true,"href":"https:\/\/aura-istanbul.com\/index.php\/wp-json\/wp\/v2\/users\/1"}],"replies":[{"embeddable":true,"href":"https:\/\/aura-istanbul.com\/index.php\/wp-json\/wp\/v2\/comments?post=15248"}],"version-history":[{"count":7,"href":"https:\/\/aura-istanbul.com\/index.php\/wp-json\/wp\/v2\/pages\/15248\/revisions"}],"predecessor-version":[{"id":15264,"href":"https:\/\/aura-istanbul.com\/index.php\/wp-json\/wp\/v2\/pages\/15248\/revisions\/15264"}],"wp:attachment":[{"href":"https:\/\/aura-istanbul.com\/index.php\/wp-json\/wp\/v2\/media?parent=15248"}],"curies":[{"name":"wp","href":"https:\/\/api.w.org\/{rel}","templated":true}]}}