{"id":15442,"date":"2025-12-09T16:25:12","date_gmt":"2025-12-09T13:25:12","guid":{"rendered":"https:\/\/aura-istanbul.com\/?page_id=15442"},"modified":"2026-01-30T12:52:13","modified_gmt":"2026-01-30T09:52:13","slug":"takvim","status":"publish","type":"page","link":"https:\/\/aura-istanbul.com\/index.php\/takvim\/","title":{"rendered":"Takvim"},"content":{"rendered":"<div class=\"wpb-content-wrapper\"><p>[vc_row][vc_column][vc_tta_tabs][vc_tta_section title=&#8221;Takvim&#8221; tab_id=&#8221;1765548029382-181e4424-e8f2&#8243;][vc_column_text css=&#8221;&#8221;]<\/p>\r\n<p><style scoped=\"\"> iframe[data-tec-events-ece-iframe=\"true\"] { width: 100%; height: calc( 100vw + 100px ); max-width: 100%; } @media screen and (min-width: 600px) { iframe[data-tec-events-ece-iframe=\"true\"] { height: 100vw; } } @media screen and (min-width: 853px) { iframe[data-tec-events-ece-iframe=\"true\"] { height: 1065px; } } <\/style><\/p>\r\n<p><iframe src=\"https:\/\/aura-istanbul.com\/index.php\/calendar-embed\/J32Td7cnG3Q\/embed\/\" frameborder=\"0\" data-tec-events-ece-iframe=\"true\"><\/iframe><\/p>\r\n<p><!-- \/wp:post-content -->\r\n\r\n<!-- wp:events-calendar-shortcode\/block {\"thumb\":\"true\",\"venue\":\"true\",\"excerpt\":\"1000\",\"contentorder\":[{\"value\":\"title\",\"label\":\"Title\",\"checked\":true},{\"value\":\"date\",\"label\":\"Date\",\"checked\":true},{\"value\":\"excerpt\",\"label\":\"Excerpt\",\"checked\":true,\"conditional\":{\"attribute\":\"excerpt\",\"comparison\":\"!==\",\"value\":\"false\"}},{\"value\":\"thumbnail\",\"label\":\"Thumbnail\",\"checked\":true,\"conditional\":{\"attribute\":\"thumb\",\"comparison\":\"!==\",\"value\":\"false\"}},{\"value\":\"venue\",\"label\":\"Venue\",\"checked\":true,\"conditional\":{\"attribute\":\"venue\",\"comparison\":\"===\",\"value\":\"true\"}}]} \/-->\r\n\r\n<!-- wp:columns --><\/p>\r\n<div class=\"wp-block-columns\"><!-- wp:column {\"width\":\"66.66%\"} -->\r\n<div class=\"wp-block-column\" style=\"flex-basis: 66.66%;\">\u00a0<\/div>\r\n<!-- \/wp:column --><\/div>\r\n<p><!-- \/wp:columns --><\/p>\r\n<p>&nbsp;<\/p>\r\n<p>[\/vc_column_text][\/vc_tta_section][vc_tta_section title=&#8221;Liste&#8221; tab_id=&#8221;1765548029387-f05e34cb-4a3a&#8221;][vc_column_text css=&#8221;&#8221;]<\/p>\r\n<ul class=\"ecs-event-list\"><li class=\"ecs-event\"><h4 class=\"entry-title summary\"><a href=\"https:\/\/aura-istanbul.com\/index.php\/event\/cumartesi-aurasi-cem-ilhan-tulin-hadi-kayip-mustereklerin-pesinde\/\" rel=\"bookmark\">Cumartesi Auras\u0131: Cem \u0130lhan &amp; T\u00fclin Hadi &#8220;Kay\u0131p M\u00fc\u015ftereklerin Pe\u015finde&#8221;<\/a><\/h4><a href=\"https:\/\/aura-istanbul.com\/index.php\/event\/cumartesi-aurasi-cem-ilhan-tulin-hadi-kayip-mustereklerin-pesinde\/\"><img loading=\"lazy\" decoding=\"async\" width=\"1200\" height=\"628\" src=\"https:\/\/aura-istanbul.com\/wp-content\/uploads\/2026\/05\/Cem-Ilhan-Tulin-Hadi3.jpg\" class=\"attachment-large size-large wp-post-image\" alt=\"\" srcset=\"https:\/\/aura-istanbul.com\/wp-content\/uploads\/2026\/05\/Cem-Ilhan-Tulin-Hadi3.jpg 1200w, https:\/\/aura-istanbul.com\/wp-content\/uploads\/2026\/05\/Cem-Ilhan-Tulin-Hadi3-1080x565.jpg 1080w, https:\/\/aura-istanbul.com\/wp-content\/uploads\/2026\/05\/Cem-Ilhan-Tulin-Hadi3-768x402.jpg 768w\" sizes=\"auto, (max-width: 1200px) 100vw, 1200px\" \/><\/a><span class=\"duration time\"><span class=\"tribe-event-date-start\">May\u0131s 16 @ 14:00<\/span> - <span class=\"tribe-event-time\">16:00<\/span><\/span><\/li><\/ul><script type=\"application\/ld+json\">\r\n[{\"@context\":\"http:\/\/schema.org\",\"@type\":\"Event\",\"name\":\"Cumartesi Auras\\u0131: Cem \\u0130lhan &amp; T\\u00fclin Hadi &#8220;Kay\\u0131p M\\u00fc\\u015ftereklerin Pe\\u015finde&#8221;\",\"description\":\"&lt;p&gt;Cem \\u0130lhan ve T\\u00fclin Hadi, &quot;Kay\\u0131p M\\u00fc\\u015ftereklerin Pe\\u015finde&quot; ba\\u015fl\\u0131kl\\u0131 konu\\u015fmas\\u0131yla AURA \\u0130stanbul\\\\'da! 2017 y\\u0131l\\u0131ndan bu yana herkesin kat\\u0131l\\u0131m\\u0131na a\\u00e7\\u0131k ve \\u00fccretsiz olarak d\\u00fczenlenen Cumartesi Auras\\u0131 disiplinler aras\\u0131 konferans dizisi, 2026 [&hellip;]&lt;\/p&gt;\\\\n\",\"image\":\"https:\/\/aura-istanbul.com\/wp-content\/uploads\/2026\/05\/Cem-Ilhan-Tulin-Hadi3.jpg\",\"url\":\"https:\/\/aura-istanbul.com\/index.php\/event\/cumartesi-aurasi-cem-ilhan-tulin-hadi-kayip-mustereklerin-pesinde\/\",\"eventAttendanceMode\":\"https:\/\/schema.org\/OfflineEventAttendanceMode\",\"eventStatus\":\"https:\/\/schema.org\/EventScheduled\",\"startDate\":\"2026-05-16T14:00:00+03:00\",\"endDate\":\"2026-05-16T16:00:00+03:00\",\"performer\":\"Organization\"}]\r\n<\/script><!--\n Event listing powered by The Events Calendar Shortcode\n https:\/\/eventcalendarnewsletter.com\/the-events-calendar-shortcode\/ \n-->\r\n<p>[\/vc_column_text][\/vc_tta_section][\/vc_tta_tabs][\/vc_column][\/vc_row]<\/p><\/div>","protected":false},"excerpt":{"rendered":"<p>[vc_row][vc_column][vc_tta_tabs][vc_tta_section title=&#8221;Takvim&#8221; tab_id=&#8221;1765548029382-181e4424-e8f2&#8243;][vc_column_text css=&#8221;&#8221;] \u00a0 &nbsp; [\/vc_column_text][\/vc_tta_section][vc_tta_section title=&#8221;Liste&#8221; tab_id=&#8221;1765548029387-f05e34cb-4a3a&#8221;][vc_column_text css=&#8221;&#8221;] [\/vc_column_text][\/vc_tta_section][\/vc_tta_tabs][\/vc_column][\/vc_row]<\/p>\n","protected":false},"author":1,"featured_media":0,"parent":0,"menu_order":0,"comment_status":"open","ping_status":"open","template":"","meta":{"_acf_changed":false,"_seopress_robots_primary_cat":"","_seopress_titles_title":"","_seopress_titles_desc":"","_seopress_robots_index":"","_price":"","_stock":"","_tribe_ticket_header":"","_tribe_default_ticket_provider":"","_tribe_ticket_capacity":"0","_ticket_start_date":"","_ticket_end_date":"","_tribe_ticket_show_description":"","_tribe_ticket_show_not_going":false,"_tribe_ticket_use_global_stock":"","_tribe_ticket_global_stock_level":"","_global_stock_mode":"","_global_stock_cap":"","_tribe_rsvp_for_event":"","_tribe_ticket_going_count":"","_tribe_ticket_not_going_count":"","_tribe_tickets_list":"[]","_tribe_ticket_has_attendee_info_fields":false,"_EventAllDay":false,"_EventTimezone":"","_EventStartDate":"","_EventEndDate":"","_EventStartDateUTC":"","_EventEndDateUTC":"","_EventShowMap":false,"_EventShowMapLink":false,"_EventURL":"","_EventCost":"","_EventCostDescription":"","_EventCurrencySymbol":"","_EventCurrencyCode":"","_EventCurrencyPosition":"","_EventDateTimeSeparator":"","_EventTimeRangeSeparator":"","_EventOrganizerID":[],"_EventVenueID":[],"_OrganizerEmail":"","_OrganizerPhone":"","_OrganizerWebsite":"","_VenueAddress":"","_VenueCity":"","_VenueCountry":"","_VenueProvince":"","_VenueState":"","_VenueZip":"","_VenuePhone":"","_VenueURL":"","_VenueStateProvince":"","_VenueLat":"","_VenueLng":"","_VenueShowMap":false,"_VenueShowMapLink":false,"footnotes":"","_tec_slr_enabled":"","_tec_slr_layout":""},"class_list":["post-15442","page","type-page","status-publish","hentry"],"acf":[],"ticketed":false,"_links":{"self":[{"href":"https:\/\/aura-istanbul.com\/index.php\/wp-json\/wp\/v2\/pages\/15442","targetHints":{"allow":["GET"]}}],"collection":[{"href":"https:\/\/aura-istanbul.com\/index.php\/wp-json\/wp\/v2\/pages"}],"about":[{"href":"https:\/\/aura-istanbul.com\/index.php\/wp-json\/wp\/v2\/types\/page"}],"author":[{"embeddable":true,"href":"https:\/\/aura-istanbul.com\/index.php\/wp-json\/wp\/v2\/users\/1"}],"replies":[{"embeddable":true,"href":"https:\/\/aura-istanbul.com\/index.php\/wp-json\/wp\/v2\/comments?post=15442"}],"version-history":[{"count":12,"href":"https:\/\/aura-istanbul.com\/index.php\/wp-json\/wp\/v2\/pages\/15442\/revisions"}],"predecessor-version":[{"id":15650,"href":"https:\/\/aura-istanbul.com\/index.php\/wp-json\/wp\/v2\/pages\/15442\/revisions\/15650"}],"wp:attachment":[{"href":"https:\/\/aura-istanbul.com\/index.php\/wp-json\/wp\/v2\/media?parent=15442"}],"curies":[{"name":"wp","href":"https:\/\/api.w.org\/{rel}","templated":true}]}}